{"id":8461,"date":"2025-02-10T09:49:02","date_gmt":"2025-02-10T09:49:02","guid":{"rendered":"https:\/\/funinthesundubai.com\/ueber-uns\/"},"modified":"2026-03-25T12:12:04","modified_gmt":"2026-03-25T12:12:04","slug":"ueber-uns","status":"publish","type":"page","link":"https:\/\/funinthesundubai.com\/de\/ueber-uns\/","title":{"rendered":"\u00dcber uns"},"content":{"rendered":"\t\t<div data-elementor-type=\"wp-page\" data-elementor-id=\"8461\" class=\"elementor elementor-8461 elementor-2\" data-elementor-post-type=\"page\">\n\t\t\t\t<div class=\"elementor-element elementor-element-11e76e4 e-flex e-con-boxed e-con e-parent\" data-id=\"11e76e4\" data-element_type=\"container\" data-e-type=\"container\" data-settings=\"{&quot;background_background&quot;:&quot;classic&quot;}\">\n\t\t\t\t\t<div class=\"e-con-inner\">\n\t\t\t\t<div class=\"elementor-element elementor-element-f622194 elementor-widget elementor-widget-heading\" data-id=\"f622194\" data-element_type=\"widget\" data-e-type=\"widget\" data-widget_type=\"heading.default\">\n\t\t\t\t<div class=\"elementor-widget-container\">\n\t\t\t\t\t<h1 class=\"elementor-heading-title elementor-size-xxl\">\u00dcber Fun in the Sun Dubai<\/h1>\t\t\t\t<\/div>\n\t\t\t\t<\/div>\n\t\t\t\t\t<\/div>\n\t\t\t\t<\/div>\n\t\t<div class=\"elementor-element elementor-element-f526820 e-flex e-con-boxed e-con e-parent\" data-id=\"f526820\" data-element_type=\"container\" data-e-type=\"container\">\n\t\t\t\t\t<div class=\"e-con-inner\">\n\t\t\t\t<div class=\"elementor-element elementor-element-d9f5f85 elementor-widget elementor-widget-text-editor\" data-id=\"d9f5f85\" data-element_type=\"widget\" data-e-type=\"widget\" data-widget_type=\"text-editor.default\">\n\t\t\t\t<div class=\"elementor-widget-container\">\n\t\t\t\t\t\t\t\t\t<p>Wir von <strong>Fun in the Sun Dubai<\/strong> glauben, dass Reisen au\u00dfergew\u00f6hnlich sein sollte. Unsere Mission ist einfach &#8211; unvergessliche Erlebnisse zu schaffen, die es Besuchern erm\u00f6glichen, das Beste von Dubai zu entdecken. <\/p><p>Von atemberaubenden W\u00fcstenabenteuern und aufregenden Outdoor-Aktivit\u00e4ten bis hin zu exklusiven Luxuserlebnissen und ikonischen Attraktionen stellen wir sorgf\u00e4ltig die aufregendsten Erlebnisse in einem der bemerkenswertesten Reiseziele der Welt zusammen.<\/p><p>Ganz gleich, ob Sie Dubai zum ersten Mal besuchen oder zur\u00fcckkehren, um noch mehr von der Magie der Stadt zu entdecken, unser Team ist bestrebt, Ihnen zu helfen, die Stadt auf die denkw\u00fcrdigste Weise zu erleben.<\/p>\t\t\t\t\t\t\t\t<\/div>\n\t\t\t\t<\/div>\n\t\t\t\t\t<\/div>\n\t\t\t\t<\/div>\n\t\t<div class=\"elementor-element elementor-element-71ce9f3 e-flex e-con-boxed e-con e-parent\" data-id=\"71ce9f3\" data-element_type=\"container\" data-e-type=\"container\" data-settings=\"{&quot;background_background&quot;:&quot;classic&quot;}\">\n\t\t\t\t\t<div class=\"e-con-inner\">\n\t\t\t\t<div class=\"elementor-element elementor-element-3a50ba1 elementor-widget elementor-widget-heading\" data-id=\"3a50ba1\" data-element_type=\"widget\" data-e-type=\"widget\" data-widget_type=\"heading.default\">\n\t\t\t\t<div class=\"elementor-widget-container\">\n\t\t\t\t\t<h2 class=\"elementor-heading-title elementor-size-default\">Unvergessliche Erlebnisse in Dubai schaffen<\/h2>\t\t\t\t<\/div>\n\t\t\t\t<\/div>\n\t\t\t\t<div class=\"elementor-element elementor-element-3cd6d2a elementor-widget elementor-widget-text-editor\" data-id=\"3cd6d2a\" data-element_type=\"widget\" data-e-type=\"widget\" data-widget_type=\"text-editor.default\">\n\t\t\t\t<div class=\"elementor-widget-container\">\n\t\t\t\t\t\t\t\t\t<p>Dubai ist eine Stadt, in der Innovation auf Tradition trifft. Sie bietet Besuchern eine einzigartige Mischung aus modernem Luxus und reichem Kulturerbe. Bei <strong>Fun in the Sun Dubai<\/strong> stellen wir die aufregendsten Touren, Attraktionen und Erlebnisse zusammen, damit Reisende die Stadt mit Leichtigkeit und Vertrauen erkunden k\u00f6nnen. <\/p><p><strong>Zu unseren sorgf\u00e4ltig ausgew\u00e4hlten Erlebnissen geh\u00f6ren:<\/strong><\/p><p>&#8211; Aufregende W\u00fcstensafari-Abenteuer<br>&#8211; D\u00fcnenbuggy- und Quad-Bike-Erlebnisse in der arabischen W\u00fcste<br>&#8211; Luxusyacht-Kreuzfahrten entlang der atemberaubenden K\u00fcste Dubais<br>&#8211; Hubschrauberfl\u00fcge \u00fcber die ikonische Skyline<br>&#8211; Weltber\u00fchmte Attraktionen und Freizeitangebote<\/p><p>Jedes Erlebnis wurde ausgew\u00e4hlt, um sicherzustellen, dass unsere G\u00e4ste das Beste genie\u00dfen, was Dubai zu bieten hat.<\/p>\t\t\t\t\t\t\t\t<\/div>\n\t\t\t\t<\/div>\n\t\t\t\t\t<\/div>\n\t\t\t\t<\/div>\n\t\t<div class=\"elementor-element elementor-element-7e5256c e-flex e-con-boxed e-con e-parent\" data-id=\"7e5256c\" data-element_type=\"container\" data-e-type=\"container\">\n\t\t\t\t\t<div class=\"e-con-inner\">\n\t\t\t\t<div class=\"elementor-element elementor-element-029b48f elementor-widget elementor-widget-heading\" data-id=\"029b48f\" data-element_type=\"widget\" data-e-type=\"widget\" data-widget_type=\"heading.default\">\n\t\t\t\t<div class=\"elementor-widget-container\">\n\t\t\t\t\t<h2 class=\"elementor-heading-title elementor-size-default\">Von Experten kuratierte Erlebnisse<\/h2>\t\t\t\t<\/div>\n\t\t\t\t<\/div>\n\t\t\t\t<div class=\"elementor-element elementor-element-4ad516f elementor-widget elementor-widget-text-editor\" data-id=\"4ad516f\" data-element_type=\"widget\" data-e-type=\"widget\" data-widget_type=\"text-editor.default\">\n\t\t\t\t<div class=\"elementor-widget-container\">\n\t\t\t\t\t\t\t\t\t<p>Wir wissen, dass jeder Reisende anders ist. Einige Besucher kommen nach Dubai, um Abenteuer zu erleben, w\u00e4hrend andere Luxus, Kultur oder familienfreundliche Attraktionen bevorzugen.   <\/p><p>Unser Team arbeitet eng mit vertrauensw\u00fcrdigen Partnern vor Ort zusammen, um Erlebnisse zusammenzustellen, die einer Vielzahl von Interessen und Reisestilen gerecht werden.<\/p><p>Ob es sich um ein adrenalingeladenes W\u00fcstenabenteuer, eine entspannende Luxuskreuzfahrt oder eine kulturelle Reise durch das kulturelle Erbe Dubais handelt, wir konzentrieren uns darauf, Erlebnisse zu bieten, die die Erwartungen \u00fcbertreffen.<\/p>\t\t\t\t\t\t\t\t<\/div>\n\t\t\t\t<\/div>\n\t\t\t\t\t<\/div>\n\t\t\t\t<\/div>\n\t\t<div class=\"elementor-element elementor-element-920996a e-flex e-con-boxed e-con e-parent\" data-id=\"920996a\" data-element_type=\"container\" data-e-type=\"container\" data-settings=\"{&quot;background_background&quot;:&quot;classic&quot;}\">\n\t\t\t\t\t<div class=\"e-con-inner\">\n\t\t\t\t<div class=\"elementor-element elementor-element-fd84689 elementor-widget elementor-widget-heading\" data-id=\"fd84689\" data-element_type=\"widget\" data-e-type=\"widget\" data-widget_type=\"heading.default\">\n\t\t\t\t<div class=\"elementor-widget-container\">\n\t\t\t\t\t<h2 class=\"elementor-heading-title elementor-size-default\">Warum Fun in the Sun Dubai w\u00e4hlen?<\/h2>\t\t\t\t<\/div>\n\t\t\t\t<\/div>\n\t\t\t\t<div class=\"elementor-element elementor-element-cd8253f elementor-widget elementor-widget-text-editor\" data-id=\"cd8253f\" data-element_type=\"widget\" data-e-type=\"widget\" data-widget_type=\"text-editor.default\">\n\t\t\t\t<div class=\"elementor-widget-container\">\n\t\t\t\t\t\t\t\t\t<p>Bei der Planung von Aktivit\u00e4ten an einem so dynamischen Reiseziel wie Dubai macht die Wahl des richtigen Erlebnisanbieters den Unterschied aus.<\/p><p>Wir von Fun in the Sun Dubai sind bestrebt, ein nahtloses und zuverl\u00e4ssiges Buchungserlebnis zu bieten und Reisende mit den besten verf\u00fcgbaren Touren und Aktivit\u00e4ten zu verbinden.<\/p><p><strong>Wenn Sie bei uns buchen, k\u00f6nnen Sie Folgendes erwarten:<\/strong><\/p><p>&#8211; Sorgf\u00e4ltig ausgew\u00e4hlte Erlebnisse von vertrauensw\u00fcrdigen Veranstaltern<br>&#8211; Sichere und einfache Online-Buchung<br>&#8211; Au\u00dfergew\u00f6hnlicher Kundenservice und Support<br>&#8211; Eine gro\u00dfe Auswahl an Aktivit\u00e4ten in ganz Dubai<br>&#8211; Unvergessliche Erlebnisse, die bleibende Erinnerungen schaffen<\/p><p>Unser Ziel ist es, jedem Gast ein au\u00dfergew\u00f6hnliches Erlebnis zu bieten, von dem Moment an, in dem er mit der Planung seines Abenteuers beginnt.<\/p>\t\t\t\t\t\t\t\t<\/div>\n\t\t\t\t<\/div>\n\t\t\t\t\t<\/div>\n\t\t\t\t<\/div>\n\t\t<div class=\"elementor-element elementor-element-049db00 e-flex e-con-boxed e-con e-parent\" data-id=\"049db00\" data-element_type=\"container\" data-e-type=\"container\">\n\t\t\t\t\t<div class=\"e-con-inner\">\n\t\t\t\t<div class=\"elementor-element elementor-element-82af320 elementor-widget elementor-widget-heading\" data-id=\"82af320\" data-element_type=\"widget\" data-e-type=\"widget\" data-widget_type=\"heading.default\">\n\t\t\t\t<div class=\"elementor-widget-container\">\n\t\t\t\t\t<h2 class=\"elementor-heading-title elementor-size-default\">Entdecken Sie Dubai mit Zuversicht<\/h2>\t\t\t\t<\/div>\n\t\t\t\t<\/div>\n\t\t\t\t<div class=\"elementor-element elementor-element-07fe125 elementor-widget elementor-widget-text-editor\" data-id=\"07fe125\" data-element_type=\"widget\" data-e-type=\"widget\" data-widget_type=\"text-editor.default\">\n\t\t\t\t<div class=\"elementor-widget-container\">\n\t\t\t\t\t\t\t\t\t<p>Dubai bietet eine au\u00dfergew\u00f6hnliche Vielfalt an Erlebnissen, von der Erkundung goldener W\u00fcstenlandschaften bis hin zur Entdeckung futuristischer Architektur und Weltklasse-Unterhaltung.<\/p><p>Mit <strong>Fun in the Sun Dubai<\/strong> k\u00f6nnen Besucher die aufregendsten Erlebnisse, die die Stadt zu bieten hat, leicht erreichen.<\/p><p>Ganz gleich, ob Sie auf der Suche nach aufregenden Abenteueraktivit\u00e4ten, luxuri\u00f6sen Erlebnissen oder ikonischen Attraktionen sind, unsere Plattform vereint die besten Touren und Aktivit\u00e4ten in ganz Dubai an einem praktischen Ort.<\/p>\t\t\t\t\t\t\t\t<\/div>\n\t\t\t\t<\/div>\n\t\t\t\t\t<\/div>\n\t\t\t\t<\/div>\n\t\t<div class=\"elementor-element elementor-element-b932e07 e-flex e-con-boxed e-con e-parent\" data-id=\"b932e07\" data-element_type=\"container\" data-e-type=\"container\" data-settings=\"{&quot;background_background&quot;:&quot;classic&quot;}\">\n\t\t\t\t\t<div class=\"e-con-inner\">\n\t\t\t\t<div class=\"elementor-element elementor-element-d466af9 elementor-widget elementor-widget-heading\" data-id=\"d466af9\" data-element_type=\"widget\" data-e-type=\"widget\" data-widget_type=\"heading.default\">\n\t\t\t\t<div class=\"elementor-widget-container\">\n\t\t\t\t\t<h2 class=\"elementor-heading-title elementor-size-default\">Beginnen Sie Ihr Dubai-Abenteuer<\/h2>\t\t\t\t<\/div>\n\t\t\t\t<\/div>\n\t\t\t\t<div class=\"elementor-element elementor-element-cd32778 elementor-widget elementor-widget-text-editor\" data-id=\"cd32778\" data-element_type=\"widget\" data-e-type=\"widget\" data-widget_type=\"text-editor.default\">\n\t\t\t\t<div class=\"elementor-widget-container\">\n\t\t\t\t\t\t\t\t\t<p>Ihr Dubai-Abenteuer beginnt hier.<\/p><p>Erkunden Sie unsere Sammlung unvergesslicher Erlebnisse und entdecken Sie, warum Dubai eines der aufregendsten Reiseziele der Welt ist.<\/p>\t\t\t\t\t\t\t\t<\/div>\n\t\t\t\t<\/div>\n\t\t\t\t<div class=\"elementor-element elementor-element-c842266 elementor-widget__width-auto elementor-align-center elementor-widget elementor-widget-button\" data-id=\"c842266\" data-element_type=\"widget\" data-e-type=\"widget\" data-widget_type=\"button.default\">\n\t\t\t\t<div class=\"elementor-widget-container\">\n\t\t\t\t\t\t\t\t\t<div class=\"elementor-button-wrapper\">\n\t\t\t\t\t<a class=\"elementor-button elementor-size-sm elementor-animation-grow\" role=\"button\">\n\t\t\t\t\t\t<span class=\"elementor-button-content-wrapper\">\n\t\t\t\t\t\t\t\t\t<span class=\"elementor-button-text\">Dubai Erlebnisse erkunden<\/span>\n\t\t\t\t\t<\/span>\n\t\t\t\t\t<\/a>\n\t\t\t\t<\/div>\n\t\t\t\t\t\t\t\t<\/div>\n\t\t\t\t<\/div>\n\t\t\t\t\t<\/div>\n\t\t\t\t<\/div>\n\t\t<div class=\"elementor-element elementor-element-e4e36b3 e-flex e-con-boxed e-con e-parent\" data-id=\"e4e36b3\" data-element_type=\"container\" data-e-type=\"container\">\n\t\t\t\t\t<div class=\"e-con-inner\">\n\t\t\t\t<div class=\"elementor-element elementor-element-4cb925d elementor-widget elementor-widget-heading\" data-id=\"4cb925d\" data-element_type=\"widget\" data-e-type=\"widget\" data-widget_type=\"heading.default\">\n\t\t\t\t<div class=\"elementor-widget-container\">\n\t\t\t\t\t<h2 class=\"elementor-heading-title elementor-size-default\">Warum Reisende uns vertrauen<\/h2>\t\t\t\t<\/div>\n\t\t\t\t<\/div>\n\t\t\t\t<div class=\"elementor-element elementor-element-de238ba elementor-widget elementor-widget-text-editor\" data-id=\"de238ba\" data-element_type=\"widget\" data-e-type=\"widget\" data-widget_type=\"text-editor.default\">\n\t\t\t\t<div class=\"elementor-widget-container\">\n\t\t\t\t\t\t\t\t\t<p><strong>\u22c5 <\/strong>Sorgf\u00e4ltig kuratierte Erlebnisse<br data-start=\"4264\" data-end=\"4267\"><strong>\u22c5 <\/strong>Vertrauensw\u00fcrdige lokale Anbieter<br data-start=\"4292\" data-end=\"4295\"><strong>\u22c5 <\/strong>Sicheres Buchungssystem<br data-start=\"4318\" data-end=\"4321\"><strong>\u22c5 <\/strong>Engagierter Kundensupport<br data-start=\"4349\" data-end=\"4352\"><strong>\u22c5 <\/strong>Unvergessliche Dubai-Abenteuer<\/p>\t\t\t\t\t\t\t\t<\/div>\n\t\t\t\t<\/div>\n\t\t\t\t\t<\/div>\n\t\t\t\t<\/div>\n\t\t\t\t<section class=\"elementor-section elementor-top-section elementor-element elementor-element-1461fcd6 elementor-hidden-desktop elementor-hidden-tablet elementor-hidden-mobile elementor-section-boxed elementor-section-height-default elementor-section-height-default\" data-id=\"1461fcd6\" data-element_type=\"section\" data-e-type=\"section\">\n\t\t\t\t\t\t<div class=\"elementor-container elementor-column-gap-default\">\n\t\t\t\t\t<div class=\"elementor-column elementor-col-100 elementor-top-column elementor-element elementor-element-2b15163f\" data-id=\"2b15163f\" data-element_type=\"column\" data-e-type=\"column\">\n\t\t\t<div class=\"elementor-widget-wrap elementor-element-populated\">\n\t\t\t\t\t\t<div class=\"elementor-element elementor-element-7a0ad30a elementor-widget elementor-widget-text-editor\" data-id=\"7a0ad30a\" data-element_type=\"widget\" data-e-type=\"widget\" data-widget_type=\"text-editor.default\">\n\t\t\t\t<div class=\"elementor-widget-container\">\n\t\t\t\t\t\t\t\t\t<p><big>Fun In The Sun Dubai ist ein f\u00fchrender Anbieter von Online-Aktivit\u00e4ten und Erlebnissen.  <br><\/big><\/p><p><a href=\"https:\/\/funinthesundubai.com\/de\/\">www.funinthesundubai.com<\/a> und alle damit verbundenen geistigen Rechte sind Eigentum von GDS (Global Digital Solutions &#8211; FZCO Dubai) und werden von ihr betrieben.<\/p><p>Mit mehr als 20 Jahren Erfahrung im Besitz und Betrieb erfolgreicher Freizeitunternehmen in Gro\u00dfbritannien und Spanien war es ein nat\u00fcrlicher \u00dcbergang, einen luxuri\u00f6sen und opulenten Service in Dubai anzubieten.<\/p><p>Unser junges, hochmotiviertes Team ist sehr stolz darauf, Ihnen einen pers\u00f6nlichen, professionellen und freundlichen Service zu bieten, um Ihnen den ultimativen, stressfreien Reiseplan vor Ihrem Besuch in Dubai zu organisieren und zu liefern.<\/p><p>Jedes einzelne Erlebnis und jede Aktivit\u00e4t wurde von unserem Team sorgf\u00e4ltig ausgew\u00e4hlt und getestet, um sicherzustellen, dass es die Erwartungen unserer Kunden \u00fcbertrifft.<\/p>\t\t\t\t\t\t\t\t<\/div>\n\t\t\t\t<\/div>\n\t\t\t\t\t<\/div>\n\t\t<\/div>\n\t\t\t\t\t<\/div>\n\t\t<\/section>\n\t\t\t\t<\/div>\n\t\t","protected":false},"excerpt":{"rendered":"<p>\u00dcber Fun in the Sun Dubai Wir von Fun in the Sun Dubai glauben, dass Reisen au\u00dfergew\u00f6hnlich sein sollte. Unsere Mission ist einfach &#8211; unvergessliche Erlebnisse zu schaffen, die es Besuchern erm\u00f6glichen, das Beste von Dubai zu entdecken. Von atemberaubenden W\u00fcstenabenteuern und aufregenden Outdoor-Aktivit\u00e4ten bis hin zu exklusiven Luxuserlebnissen und ikonischen Attraktionen stellen wir sorgf\u00e4ltig [&hellip;]<\/p>\n","protected":false},"author":1,"featured_media":0,"parent":0,"menu_order":0,"comment_status":"closed","ping_status":"closed","template":"","meta":{"footnotes":""},"class_list":["post-8461","page","type-page","status-publish","hentry"],"yoast_head":"<!-- This site is optimized with the Yoast SEO plugin v27.5 - https:\/\/yoast.com\/product\/yoast-seo-wordpress\/ -->\n<title>\u00dcber Fun in the Sun Dubai | Luxuri\u00f6se Touren &amp; Erlebnisse in Dubai<\/title>\n<meta name=\"description\" content=\"Erfahren Sie mehr \u00fcber Fun in the Sun Dubai, den Spezialisten f\u00fcr Premium-Touren, W\u00fcstensafaris und unvergessliche Luxus-Erlebnisse in Dubai.\" \/>\n<meta name=\"robots\" content=\"index, follow, max-snippet:-1, max-image-preview:large, max-video-preview:-1\" \/>\n<link rel=\"canonical\" href=\"https:\/\/funinthesundubai.com\/de\/ueber-uns\/\" \/>\n<meta property=\"og:locale\" content=\"de_DE\" \/>\n<meta property=\"og:type\" content=\"article\" \/>\n<meta property=\"og:title\" content=\"\u00dcber Fun in the Sun Dubai | Luxuri\u00f6se Touren &amp; Erlebnisse in Dubai\" \/>\n<meta property=\"og:description\" content=\"Erfahren Sie mehr \u00fcber Fun in the Sun Dubai, den Spezialisten f\u00fcr Premium-Touren, W\u00fcstensafaris und unvergessliche Luxus-Erlebnisse in Dubai.\" \/>\n<meta property=\"og:url\" content=\"https:\/\/funinthesundubai.com\/de\/ueber-uns\/\" \/>\n<meta property=\"og:site_name\" content=\"Fun in the Sun Dubai\" \/>\n<meta property=\"article:modified_time\" content=\"2026-03-25T12:12:04+00:00\" \/>\n<meta name=\"twitter:card\" content=\"summary_large_image\" \/>\n<meta name=\"twitter:label1\" content=\"Gesch\u00e4tzte Lesezeit\" \/>\n\t<meta name=\"twitter:data1\" content=\"3\u00a0Minuten\" \/>\n<script type=\"application\/ld+json\" class=\"yoast-schema-graph\">{\"@context\":\"https:\\\/\\\/schema.org\",\"@graph\":[{\"@type\":\"WebPage\",\"@id\":\"https:\\\/\\\/funinthesundubai.com\\\/de\\\/ueber-uns\\\/\",\"url\":\"https:\\\/\\\/funinthesundubai.com\\\/de\\\/ueber-uns\\\/\",\"name\":\"\u00dcber Fun in the Sun Dubai | Luxuri\u00f6se Touren & Erlebnisse in Dubai\",\"isPartOf\":{\"@id\":\"https:\\\/\\\/funinthesundubai.com\\\/de\\\/#website\"},\"datePublished\":\"2025-02-10T09:49:02+00:00\",\"dateModified\":\"2026-03-25T12:12:04+00:00\",\"description\":\"Erfahren Sie mehr \u00fcber Fun in the Sun Dubai, den Spezialisten f\u00fcr Premium-Touren, W\u00fcstensafaris und unvergessliche Luxus-Erlebnisse in Dubai.\",\"breadcrumb\":{\"@id\":\"https:\\\/\\\/funinthesundubai.com\\\/de\\\/ueber-uns\\\/#breadcrumb\"},\"inLanguage\":\"de\",\"potentialAction\":[{\"@type\":\"ReadAction\",\"target\":[\"https:\\\/\\\/funinthesundubai.com\\\/de\\\/ueber-uns\\\/\"]}]},{\"@type\":\"BreadcrumbList\",\"@id\":\"https:\\\/\\\/funinthesundubai.com\\\/de\\\/ueber-uns\\\/#breadcrumb\",\"itemListElement\":[{\"@type\":\"ListItem\",\"position\":1,\"name\":\"Home\",\"item\":\"https:\\\/\\\/funinthesundubai.com\\\/de\\\/\"},{\"@type\":\"ListItem\",\"position\":2,\"name\":\"\u00dcber uns\"}]},{\"@type\":\"WebSite\",\"@id\":\"https:\\\/\\\/funinthesundubai.com\\\/de\\\/#website\",\"url\":\"https:\\\/\\\/funinthesundubai.com\\\/de\\\/\",\"name\":\"Fun in the Sun Dubai\",\"description\":\"Dubai Activity and Dubai Excursion provider\",\"publisher\":{\"@id\":\"https:\\\/\\\/funinthesundubai.com\\\/de\\\/#organization\"},\"potentialAction\":[{\"@type\":\"SearchAction\",\"target\":{\"@type\":\"EntryPoint\",\"urlTemplate\":\"https:\\\/\\\/funinthesundubai.com\\\/de\\\/?s={search_term_string}\"},\"query-input\":{\"@type\":\"PropertyValueSpecification\",\"valueRequired\":true,\"valueName\":\"search_term_string\"}}],\"inLanguage\":\"de\"},{\"@type\":\"Organization\",\"@id\":\"https:\\\/\\\/funinthesundubai.com\\\/de\\\/#organization\",\"name\":\"Fun in the Sun Dubai\",\"url\":\"https:\\\/\\\/funinthesundubai.com\\\/de\\\/\",\"logo\":{\"@type\":\"ImageObject\",\"inLanguage\":\"de\",\"@id\":\"https:\\\/\\\/funinthesundubai.com\\\/de\\\/#\\\/schema\\\/logo\\\/image\\\/\",\"url\":\"https:\\\/\\\/funinthesundubai.com\\\/wp-content\\\/uploads\\\/2024\\\/11\\\/logo-final-white-dubai.png\",\"contentUrl\":\"https:\\\/\\\/funinthesundubai.com\\\/wp-content\\\/uploads\\\/2024\\\/11\\\/logo-final-white-dubai.png\",\"width\":745,\"height\":366,\"caption\":\"Fun in the Sun Dubai\"},\"image\":{\"@id\":\"https:\\\/\\\/funinthesundubai.com\\\/de\\\/#\\\/schema\\\/logo\\\/image\\\/\"}}]}<\/script>\n<!-- \/ Yoast SEO plugin. -->","yoast_head_json":{"title":"\u00dcber Fun in the Sun Dubai | Luxuri\u00f6se Touren & Erlebnisse in Dubai","description":"Erfahren Sie mehr \u00fcber Fun in the Sun Dubai, den Spezialisten f\u00fcr Premium-Touren, W\u00fcstensafaris und unvergessliche Luxus-Erlebnisse in Dubai.","robots":{"index":"index","follow":"follow","max-snippet":"max-snippet:-1","max-image-preview":"max-image-preview:large","max-video-preview":"max-video-preview:-1"},"canonical":"https:\/\/funinthesundubai.com\/de\/ueber-uns\/","og_locale":"de_DE","og_type":"article","og_title":"\u00dcber Fun in the Sun Dubai | Luxuri\u00f6se Touren & Erlebnisse in Dubai","og_description":"Erfahren Sie mehr \u00fcber Fun in the Sun Dubai, den Spezialisten f\u00fcr Premium-Touren, W\u00fcstensafaris und unvergessliche Luxus-Erlebnisse in Dubai.","og_url":"https:\/\/funinthesundubai.com\/de\/ueber-uns\/","og_site_name":"Fun in the Sun Dubai","article_modified_time":"2026-03-25T12:12:04+00:00","twitter_card":"summary_large_image","twitter_misc":{"Gesch\u00e4tzte Lesezeit":"3\u00a0Minuten"},"schema":{"@context":"https:\/\/schema.org","@graph":[{"@type":"WebPage","@id":"https:\/\/funinthesundubai.com\/de\/ueber-uns\/","url":"https:\/\/funinthesundubai.com\/de\/ueber-uns\/","name":"\u00dcber Fun in the Sun Dubai | Luxuri\u00f6se Touren & Erlebnisse in Dubai","isPartOf":{"@id":"https:\/\/funinthesundubai.com\/de\/#website"},"datePublished":"2025-02-10T09:49:02+00:00","dateModified":"2026-03-25T12:12:04+00:00","description":"Erfahren Sie mehr \u00fcber Fun in the Sun Dubai, den Spezialisten f\u00fcr Premium-Touren, W\u00fcstensafaris und unvergessliche Luxus-Erlebnisse in Dubai.","breadcrumb":{"@id":"https:\/\/funinthesundubai.com\/de\/ueber-uns\/#breadcrumb"},"inLanguage":"de","potentialAction":[{"@type":"ReadAction","target":["https:\/\/funinthesundubai.com\/de\/ueber-uns\/"]}]},{"@type":"BreadcrumbList","@id":"https:\/\/funinthesundubai.com\/de\/ueber-uns\/#breadcrumb","itemListElement":[{"@type":"ListItem","position":1,"name":"Home","item":"https:\/\/funinthesundubai.com\/de\/"},{"@type":"ListItem","position":2,"name":"\u00dcber uns"}]},{"@type":"WebSite","@id":"https:\/\/funinthesundubai.com\/de\/#website","url":"https:\/\/funinthesundubai.com\/de\/","name":"Fun in the Sun Dubai","description":"Dubai Activity and Dubai Excursion provider","publisher":{"@id":"https:\/\/funinthesundubai.com\/de\/#organization"},"potentialAction":[{"@type":"SearchAction","target":{"@type":"EntryPoint","urlTemplate":"https:\/\/funinthesundubai.com\/de\/?s={search_term_string}"},"query-input":{"@type":"PropertyValueSpecification","valueRequired":true,"valueName":"search_term_string"}}],"inLanguage":"de"},{"@type":"Organization","@id":"https:\/\/funinthesundubai.com\/de\/#organization","name":"Fun in the Sun Dubai","url":"https:\/\/funinthesundubai.com\/de\/","logo":{"@type":"ImageObject","inLanguage":"de","@id":"https:\/\/funinthesundubai.com\/de\/#\/schema\/logo\/image\/","url":"https:\/\/funinthesundubai.com\/wp-content\/uploads\/2024\/11\/logo-final-white-dubai.png","contentUrl":"https:\/\/funinthesundubai.com\/wp-content\/uploads\/2024\/11\/logo-final-white-dubai.png","width":745,"height":366,"caption":"Fun in the Sun Dubai"},"image":{"@id":"https:\/\/funinthesundubai.com\/de\/#\/schema\/logo\/image\/"}}]}},"_links":{"self":[{"href":"https:\/\/funinthesundubai.com\/de\/wp-json\/wp\/v2\/pages\/8461","targetHints":{"allow":["GET"]}}],"collection":[{"href":"https:\/\/funinthesundubai.com\/de\/wp-json\/wp\/v2\/pages"}],"about":[{"href":"https:\/\/funinthesundubai.com\/de\/wp-json\/wp\/v2\/types\/page"}],"author":[{"embeddable":true,"href":"https:\/\/funinthesundubai.com\/de\/wp-json\/wp\/v2\/users\/1"}],"replies":[{"embeddable":true,"href":"https:\/\/funinthesundubai.com\/de\/wp-json\/wp\/v2\/comments?post=8461"}],"version-history":[{"count":4,"href":"https:\/\/funinthesundubai.com\/de\/wp-json\/wp\/v2\/pages\/8461\/revisions"}],"predecessor-version":[{"id":11126,"href":"https:\/\/funinthesundubai.com\/de\/wp-json\/wp\/v2\/pages\/8461\/revisions\/11126"}],"wp:attachment":[{"href":"https:\/\/funinthesundubai.com\/de\/wp-json\/wp\/v2\/media?parent=8461"}],"curies":[{"name":"wp","href":"https:\/\/api.w.org\/{rel}","templated":true}]}}