{"id":8469,"date":"2025-02-10T10:02:22","date_gmt":"2025-02-10T10:02:22","guid":{"rendered":"https:\/\/funinthesundubai.com\/stornierungsbedingungen\/"},"modified":"2026-03-25T12:07:12","modified_gmt":"2026-03-25T12:07:12","slug":"stornierungsbedingungen","status":"publish","type":"page","link":"https:\/\/funinthesundubai.com\/de\/stornierungsbedingungen\/","title":{"rendered":"Stornierungsbedingungen"},"content":{"rendered":"\t\t<div data-elementor-type=\"wp-page\" data-elementor-id=\"8469\" class=\"elementor elementor-8469 elementor-983\" data-elementor-post-type=\"page\">\n\t\t\t\t\t\t<section class=\"elementor-section elementor-top-section elementor-element elementor-element-6531d46 elementor-section-full_width elementor-section-height-min-height elementor-section-stretched elementor-section-height-default elementor-section-items-middle\" data-id=\"6531d46\" data-element_type=\"section\" data-e-type=\"section\" data-settings=\"{&quot;background_background&quot;:&quot;classic&quot;,&quot;stretch_section&quot;:&quot;section-stretched&quot;}\">\n\t\t\t\t\t\t\t<div class=\"elementor-background-overlay\"><\/div>\n\t\t\t\t\t\t\t<div class=\"elementor-container elementor-column-gap-default\">\n\t\t\t\t\t<div class=\"elementor-column elementor-col-100 elementor-top-column elementor-element elementor-element-111d7cc\" data-id=\"111d7cc\" data-element_type=\"column\" data-e-type=\"column\">\n\t\t\t<div class=\"elementor-widget-wrap elementor-element-populated\">\n\t\t\t\t\t\t<div class=\"elementor-element elementor-element-74b468e elementor-widget elementor-widget-heading\" data-id=\"74b468e\" data-element_type=\"widget\" data-e-type=\"widget\" data-widget_type=\"heading.default\">\n\t\t\t\t<div class=\"elementor-widget-container\">\n\t\t\t\t\t<h1 class=\"elementor-heading-title elementor-size-default\">Stornierungsbedingungen<\/h1>\t\t\t\t<\/div>\n\t\t\t\t<\/div>\n\t\t\t\t\t<\/div>\n\t\t<\/div>\n\t\t\t\t\t<\/div>\n\t\t<\/section>\n\t\t\t\t<section class=\"elementor-section elementor-top-section elementor-element elementor-element-67cc070d elementor-section-boxed elementor-section-height-default elementor-section-height-default\" data-id=\"67cc070d\" data-element_type=\"section\" data-e-type=\"section\">\n\t\t\t\t\t\t<div class=\"elementor-container elementor-column-gap-default\">\n\t\t\t\t\t<div class=\"elementor-column elementor-col-100 elementor-top-column elementor-element elementor-element-43e18598\" data-id=\"43e18598\" data-element_type=\"column\" data-e-type=\"column\">\n\t\t\t<div class=\"elementor-widget-wrap elementor-element-populated\">\n\t\t\t\t\t\t<div class=\"elementor-element elementor-element-632e7f01 elementor-widget elementor-widget-text-editor\" data-id=\"632e7f01\" data-element_type=\"widget\" data-e-type=\"widget\" data-widget_type=\"text-editor.default\">\n\t\t\t\t<div class=\"elementor-widget-container\">\n\t\t\t\t\t\t\t\t\t<h2>\u00c4nderungen und Stornierungen durch den Anbieter  <\/h2><p>In seltenen F\u00e4llen kann es erforderlich sein, dass ein Anbieter bestimmte Arrangements oder Tickets \u00e4ndert oder storniert. Wir behalten uns das Recht vor, Arrangements oder Tickets jederzeit zu \u00e4ndern oder zu stornieren (oder dies im Namen eines Anbieters\/Partners zu tun). Unsere Verpflichtungen in Bezug auf \u00c4nderungen und Stornierungen unterscheiden sich je nach Art der von Ihnen get\u00e4tigten Buchung:<br>Da Ihr Vertrag \u00fcber die Erbringung von Aktivit\u00e4ts-\/Erlebnisdienstleistungen mit dem Anbieter\/Partner besteht, \u00fcbernehmen wir keine Haftung in Bezug auf \u00c4nderungen oder Stornierungen dieser Dienstleistungen, au\u00dfer dass wir Sie so schnell wie m\u00f6glich \u00fcber alle \u00c4nderungen oder Stornierungen informieren, die Sie betreffen k\u00f6nnten und die uns von dem betreffenden Anbieter\/Partner mitgeteilt werden. Wir werden auch die Verbindung zwischen Ihnen und dem Anbieter\/Partner in Bezug auf eine alternative Vereinbarung herstellen, die dieser m\u00f6glicherweise anbietet.<br>Die obigen Ausf\u00fchrungen stellen den maximalen Umfang unserer Haftung f\u00fcr \u00c4nderungen und Stornierungen dar, und wir bedauern, dass wir nicht f\u00fcr alle Kosten oder Verluste aufkommen k\u00f6nnen, die Ihnen infolge einer \u00c4nderung oder Stornierung entstehen. Die oben genannten Optionen stehen nicht zur Verf\u00fcgung, wenn wir eine geringf\u00fcgige \u00c4nderung vornehmen oder die Reise stornieren, weil Sie die Zahlung nicht rechtzeitig geleistet haben, oder wenn die \u00c4nderung(en) oder die Stornierung durch uns auf von Ihnen gew\u00fcnschte \u00c4nderungen der best\u00e4tigten Buchung zur\u00fcckzuf\u00fchren ist.<br>In sehr seltenen F\u00e4llen k\u00f6nnen wir oder Ihr(e) Anbieter nach Beginn Ihrer Reise durch h\u00f6here Gewalt gezwungen sein, Ihre Reise ganz oder teilweise zu \u00e4ndern oder zu stornieren. In diesem Fall bedauern wir, dass weder wir noch Ihr(e) Anbieter in der Lage sind, Ihnen eine R\u00fcckerstattung zu gew\u00e4hren, Ihnen eine Entsch\u00e4digung zu zahlen oder f\u00fcr etwaige Verluste oder Kosten aufzukommen, die Ihnen infolgedessen entstehen. Wir werden versuchen, Ihnen bei der Suche nach alternativen Arrangements behilflich zu sein, aber Sie m\u00fcssen alle damit verbundenen und\/oder zus\u00e4tzlichen Kosten tragen, die dadurch oder durch alternative Arrangements entstehen.      <\/p><h2>H\u00f6here Gewalt<\/h2><p>Sofern in den Buchungsbedingungen nicht ausdr\u00fccklich anders angegeben, sind wir nicht haftbar und zahlen Ihnen keine Entsch\u00e4digung, wenn unsere vertraglichen Verpflichtungen Ihnen gegen\u00fcber durch ein Ereignis beeintr\u00e4chtigt werden, das wir oder der betreffende Anbieter\/Partner auch bei aller Sorgfalt nicht vorhersehen oder vermeiden konnten. Zu diesen Ereignissen z\u00e4hlen unter anderem Krieg, Kriegsgefahr, Unruhen, terroristische Aktivit\u00e4ten und deren Folgen oder die Gefahr solcher Aktivit\u00e4ten, Aufruhr, Handlungen von Regierungen oder anderen nationalen oder lokalen Beh\u00f6rden einschlie\u00dflich Arbeitsk\u00e4mpfen, Natur- oder Atomkatastrophen, Feuer, chemische oder biologische Katastrophen und widrige Witterungsbedingungen sowie alle \u00e4hnlichen Ereignisse, die au\u00dferhalb unserer Kontrolle oder der des\/der betreffenden Lieferanten liegen. Sollte eine Schiffs- oder Flugaktivit\u00e4t aufgrund von schlechten Wetterbedingungen abgesagt werden, wird ein Ersatztermin angeboten.  <\/p><h2>Ihr Verhalten<\/h2><p>Wenn Ihr Verhalten nach Ansicht einer zust\u00e4ndigen Person eine Bedrohung, Gefahr, einen Schaden oder ein \u00c4rgernis f\u00fcr Dritte oder Eigentum darstellt oder eine Verz\u00f6gerung oder Umleitung des Transports verursacht, beh\u00e4lt sich der Anbieter das Recht vor, Ihre Vereinbarungen sofort zu beenden. Im Falle einer solchen Beendigung enden unsere Verpflichtungen Ihnen gegen\u00fcber und Sie m\u00fcssen die Aktivit\u00e4t\/das Erlebnis sofort verlassen. Wir haben keine weiteren Verpflichtungen Ihnen gegen\u00fcber und \u00fcbernehmen keine Ausgaben, Kosten oder Verluste, die infolgedessen entstehen. Sie k\u00f6nnen auch aufgefordert werden, f\u00fcr Verluste und\/oder Sch\u00e4den, die durch Ihre Handlungen verursacht wurden, direkt an den Anbieter zu zahlen, bevor Sie den Service verlassen. Wenn Sie dies nicht tun, m\u00fcssen Sie f\u00fcr alle Anspr\u00fcche und Kosten aufkommen, die in der Folge gegen uns geltend gemacht werden.    <\/p><h2>Versicherung<\/h2><p>Voraussetzung ist, dass Sie eine angemessene Reiseversicherung f\u00fcr Ihr Arrangement abgeschlossen haben. Diese Versicherung muss mindestens Ihre Verluste infolge von Stornierung, medizinischen Problemen und R\u00fccktransport im Falle eines Unfalls oder einer Krankheit abdecken. Wenn Sie sich f\u00fcr eine Reise ohne ausreichenden Versicherungsschutz entscheiden, haften wir nicht f\u00fcr Verluste, die Ihnen entstehen und f\u00fcr die ansonsten ein Versicherungsschutz bestanden h\u00e4tte.  <\/p><h2>Stornierungsbedingungen: Dauer &amp; Betr\u00e4ge<\/h2><p>Stornierung mit einer K\u00fcndigungsfrist von mehr als einem Monat: volle Erstattung.<br>Stornierung innerhalb eines Monats 50 % Erstattung<br>Stornierung mit einer K\u00fcndigungsfrist von 14 Tagen keine Erstattung.<\/p>\t\t\t\t\t\t\t\t<\/div>\n\t\t\t\t<\/div>\n\t\t\t\t\t<\/div>\n\t\t<\/div>\n\t\t\t\t\t<\/div>\n\t\t<\/section>\n\t\t\t\t<\/div>\n\t\t","protected":false},"excerpt":{"rendered":"<p>Stornierungsbedingungen \u00c4nderungen und Stornierungen durch den Anbieter In seltenen F\u00e4llen kann es erforderlich sein, dass ein Anbieter bestimmte Arrangements oder Tickets \u00e4ndert oder storniert. Wir behalten uns das Recht vor, Arrangements oder Tickets jederzeit zu \u00e4ndern oder zu stornieren (oder dies im Namen eines Anbieters\/Partners zu tun). Unsere Verpflichtungen in Bezug auf \u00c4nderungen und Stornierungen [&hellip;]<\/p>\n","protected":false},"author":1,"featured_media":0,"parent":0,"menu_order":0,"comment_status":"closed","ping_status":"closed","template":"","meta":{"footnotes":""},"class_list":["post-8469","page","type-page","status-publish","hentry"],"yoast_head":"<!-- This site is optimized with the Yoast SEO plugin v27.4 - https:\/\/yoast.com\/product\/yoast-seo-wordpress\/ -->\n<title>Stornierungsbedingungen | Dubai Tours &amp; Experiences - Fun in the Sun Dubai<\/title>\n<meta name=\"description\" content=\"Sehen Sie sich unsere Stornierungsbedingungen f\u00fcr Dubai-Touren und -Erlebnisse an, einschlie\u00dflich Buchungs\u00e4nderungen, Anbieterbedingungen und wichtige Informationen, bevor Sie reisen.\" \/>\n<meta name=\"robots\" content=\"index, follow, max-snippet:-1, max-image-preview:large, max-video-preview:-1\" \/>\n<link rel=\"canonical\" href=\"https:\/\/funinthesundubai.com\/de\/stornierungsbedingungen\/\" \/>\n<meta property=\"og:locale\" content=\"de_DE\" \/>\n<meta property=\"og:type\" content=\"article\" \/>\n<meta property=\"og:title\" content=\"Stornierungsbedingungen | Dubai Tours &amp; Experiences - Fun in the Sun Dubai\" \/>\n<meta property=\"og:description\" content=\"Sehen Sie sich unsere Stornierungsbedingungen f\u00fcr Dubai-Touren und -Erlebnisse an, einschlie\u00dflich Buchungs\u00e4nderungen, Anbieterbedingungen und wichtige Informationen, bevor Sie reisen.\" \/>\n<meta property=\"og:url\" content=\"https:\/\/funinthesundubai.com\/de\/stornierungsbedingungen\/\" \/>\n<meta property=\"og:site_name\" content=\"Fun in the Sun Dubai\" \/>\n<meta property=\"article:modified_time\" content=\"2026-03-25T12:07:12+00:00\" \/>\n<meta name=\"twitter:card\" content=\"summary_large_image\" \/>\n<meta name=\"twitter:label1\" content=\"Gesch\u00e4tzte Lesezeit\" \/>\n\t<meta name=\"twitter:data1\" content=\"4\u00a0Minuten\" \/>\n<script type=\"application\/ld+json\" class=\"yoast-schema-graph\">{\"@context\":\"https:\\\/\\\/schema.org\",\"@graph\":[{\"@type\":\"WebPage\",\"@id\":\"https:\\\/\\\/funinthesundubai.com\\\/de\\\/stornierungsbedingungen\\\/\",\"url\":\"https:\\\/\\\/funinthesundubai.com\\\/de\\\/stornierungsbedingungen\\\/\",\"name\":\"Stornierungsbedingungen | Dubai Tours & Experiences - Fun in the Sun Dubai\",\"isPartOf\":{\"@id\":\"https:\\\/\\\/funinthesundubai.com\\\/de\\\/#website\"},\"datePublished\":\"2025-02-10T10:02:22+00:00\",\"dateModified\":\"2026-03-25T12:07:12+00:00\",\"description\":\"Sehen Sie sich unsere Stornierungsbedingungen f\u00fcr Dubai-Touren und -Erlebnisse an, einschlie\u00dflich Buchungs\u00e4nderungen, Anbieterbedingungen und wichtige Informationen, bevor Sie reisen.\",\"breadcrumb\":{\"@id\":\"https:\\\/\\\/funinthesundubai.com\\\/de\\\/stornierungsbedingungen\\\/#breadcrumb\"},\"inLanguage\":\"de\",\"potentialAction\":[{\"@type\":\"ReadAction\",\"target\":[\"https:\\\/\\\/funinthesundubai.com\\\/de\\\/stornierungsbedingungen\\\/\"]}]},{\"@type\":\"BreadcrumbList\",\"@id\":\"https:\\\/\\\/funinthesundubai.com\\\/de\\\/stornierungsbedingungen\\\/#breadcrumb\",\"itemListElement\":[{\"@type\":\"ListItem\",\"position\":1,\"name\":\"Home\",\"item\":\"https:\\\/\\\/funinthesundubai.com\\\/de\\\/\"},{\"@type\":\"ListItem\",\"position\":2,\"name\":\"Stornierungsbedingungen\"}]},{\"@type\":\"WebSite\",\"@id\":\"https:\\\/\\\/funinthesundubai.com\\\/de\\\/#website\",\"url\":\"https:\\\/\\\/funinthesundubai.com\\\/de\\\/\",\"name\":\"Fun in the Sun Dubai\",\"description\":\"Dubai Activity and Dubai Excursion provider\",\"publisher\":{\"@id\":\"https:\\\/\\\/funinthesundubai.com\\\/de\\\/#organization\"},\"potentialAction\":[{\"@type\":\"SearchAction\",\"target\":{\"@type\":\"EntryPoint\",\"urlTemplate\":\"https:\\\/\\\/funinthesundubai.com\\\/de\\\/?s={search_term_string}\"},\"query-input\":{\"@type\":\"PropertyValueSpecification\",\"valueRequired\":true,\"valueName\":\"search_term_string\"}}],\"inLanguage\":\"de\"},{\"@type\":\"Organization\",\"@id\":\"https:\\\/\\\/funinthesundubai.com\\\/de\\\/#organization\",\"name\":\"Fun in the Sun Dubai\",\"url\":\"https:\\\/\\\/funinthesundubai.com\\\/de\\\/\",\"logo\":{\"@type\":\"ImageObject\",\"inLanguage\":\"de\",\"@id\":\"https:\\\/\\\/funinthesundubai.com\\\/de\\\/#\\\/schema\\\/logo\\\/image\\\/\",\"url\":\"https:\\\/\\\/funinthesundubai.com\\\/wp-content\\\/uploads\\\/2024\\\/11\\\/logo-final-white-dubai.png\",\"contentUrl\":\"https:\\\/\\\/funinthesundubai.com\\\/wp-content\\\/uploads\\\/2024\\\/11\\\/logo-final-white-dubai.png\",\"width\":745,\"height\":366,\"caption\":\"Fun in the Sun Dubai\"},\"image\":{\"@id\":\"https:\\\/\\\/funinthesundubai.com\\\/de\\\/#\\\/schema\\\/logo\\\/image\\\/\"}}]}<\/script>\n<!-- \/ Yoast SEO plugin. -->","yoast_head_json":{"title":"Stornierungsbedingungen | Dubai Tours & Experiences - Fun in the Sun Dubai","description":"Sehen Sie sich unsere Stornierungsbedingungen f\u00fcr Dubai-Touren und -Erlebnisse an, einschlie\u00dflich Buchungs\u00e4nderungen, Anbieterbedingungen und wichtige Informationen, bevor Sie reisen.","robots":{"index":"index","follow":"follow","max-snippet":"max-snippet:-1","max-image-preview":"max-image-preview:large","max-video-preview":"max-video-preview:-1"},"canonical":"https:\/\/funinthesundubai.com\/de\/stornierungsbedingungen\/","og_locale":"de_DE","og_type":"article","og_title":"Stornierungsbedingungen | Dubai Tours & Experiences - Fun in the Sun Dubai","og_description":"Sehen Sie sich unsere Stornierungsbedingungen f\u00fcr Dubai-Touren und -Erlebnisse an, einschlie\u00dflich Buchungs\u00e4nderungen, Anbieterbedingungen und wichtige Informationen, bevor Sie reisen.","og_url":"https:\/\/funinthesundubai.com\/de\/stornierungsbedingungen\/","og_site_name":"Fun in the Sun Dubai","article_modified_time":"2026-03-25T12:07:12+00:00","twitter_card":"summary_large_image","twitter_misc":{"Gesch\u00e4tzte Lesezeit":"4\u00a0Minuten"},"schema":{"@context":"https:\/\/schema.org","@graph":[{"@type":"WebPage","@id":"https:\/\/funinthesundubai.com\/de\/stornierungsbedingungen\/","url":"https:\/\/funinthesundubai.com\/de\/stornierungsbedingungen\/","name":"Stornierungsbedingungen | Dubai Tours & Experiences - Fun in the Sun Dubai","isPartOf":{"@id":"https:\/\/funinthesundubai.com\/de\/#website"},"datePublished":"2025-02-10T10:02:22+00:00","dateModified":"2026-03-25T12:07:12+00:00","description":"Sehen Sie sich unsere Stornierungsbedingungen f\u00fcr Dubai-Touren und -Erlebnisse an, einschlie\u00dflich Buchungs\u00e4nderungen, Anbieterbedingungen und wichtige Informationen, bevor Sie reisen.","breadcrumb":{"@id":"https:\/\/funinthesundubai.com\/de\/stornierungsbedingungen\/#breadcrumb"},"inLanguage":"de","potentialAction":[{"@type":"ReadAction","target":["https:\/\/funinthesundubai.com\/de\/stornierungsbedingungen\/"]}]},{"@type":"BreadcrumbList","@id":"https:\/\/funinthesundubai.com\/de\/stornierungsbedingungen\/#breadcrumb","itemListElement":[{"@type":"ListItem","position":1,"name":"Home","item":"https:\/\/funinthesundubai.com\/de\/"},{"@type":"ListItem","position":2,"name":"Stornierungsbedingungen"}]},{"@type":"WebSite","@id":"https:\/\/funinthesundubai.com\/de\/#website","url":"https:\/\/funinthesundubai.com\/de\/","name":"Fun in the Sun Dubai","description":"Dubai Activity and Dubai Excursion provider","publisher":{"@id":"https:\/\/funinthesundubai.com\/de\/#organization"},"potentialAction":[{"@type":"SearchAction","target":{"@type":"EntryPoint","urlTemplate":"https:\/\/funinthesundubai.com\/de\/?s={search_term_string}"},"query-input":{"@type":"PropertyValueSpecification","valueRequired":true,"valueName":"search_term_string"}}],"inLanguage":"de"},{"@type":"Organization","@id":"https:\/\/funinthesundubai.com\/de\/#organization","name":"Fun in the Sun Dubai","url":"https:\/\/funinthesundubai.com\/de\/","logo":{"@type":"ImageObject","inLanguage":"de","@id":"https:\/\/funinthesundubai.com\/de\/#\/schema\/logo\/image\/","url":"https:\/\/funinthesundubai.com\/wp-content\/uploads\/2024\/11\/logo-final-white-dubai.png","contentUrl":"https:\/\/funinthesundubai.com\/wp-content\/uploads\/2024\/11\/logo-final-white-dubai.png","width":745,"height":366,"caption":"Fun in the Sun Dubai"},"image":{"@id":"https:\/\/funinthesundubai.com\/de\/#\/schema\/logo\/image\/"}}]}},"_links":{"self":[{"href":"https:\/\/funinthesundubai.com\/de\/wp-json\/wp\/v2\/pages\/8469","targetHints":{"allow":["GET"]}}],"collection":[{"href":"https:\/\/funinthesundubai.com\/de\/wp-json\/wp\/v2\/pages"}],"about":[{"href":"https:\/\/funinthesundubai.com\/de\/wp-json\/wp\/v2\/types\/page"}],"author":[{"embeddable":true,"href":"https:\/\/funinthesundubai.com\/de\/wp-json\/wp\/v2\/users\/1"}],"replies":[{"embeddable":true,"href":"https:\/\/funinthesundubai.com\/de\/wp-json\/wp\/v2\/comments?post=8469"}],"version-history":[{"count":2,"href":"https:\/\/funinthesundubai.com\/de\/wp-json\/wp\/v2\/pages\/8469\/revisions"}],"predecessor-version":[{"id":11111,"href":"https:\/\/funinthesundubai.com\/de\/wp-json\/wp\/v2\/pages\/8469\/revisions\/11111"}],"wp:attachment":[{"href":"https:\/\/funinthesundubai.com\/de\/wp-json\/wp\/v2\/media?parent=8469"}],"curies":[{"name":"wp","href":"https:\/\/api.w.org\/{rel}","templated":true}]}}