{"id":8497,"date":"2025-02-10T10:08:39","date_gmt":"2025-02-10T10:08:39","guid":{"rendered":"https:\/\/funinthesundubai.com\/cookies-richtlinie\/"},"modified":"2026-03-25T12:05:54","modified_gmt":"2026-03-25T12:05:54","slug":"cookies-richtlinie","status":"publish","type":"page","link":"https:\/\/funinthesundubai.com\/de\/cookies-richtlinie\/","title":{"rendered":"Cookies-Richtlinie"},"content":{"rendered":"\t\t<div data-elementor-type=\"wp-page\" data-elementor-id=\"8497\" class=\"elementor elementor-8497 elementor-581\" data-elementor-post-type=\"page\">\n\t\t\t\t\t\t<section class=\"elementor-section elementor-top-section elementor-element elementor-element-05d3373 elementor-section-full_width elementor-section-height-min-height elementor-section-stretched elementor-section-height-default elementor-section-items-middle\" data-id=\"05d3373\" data-element_type=\"section\" data-e-type=\"section\" data-settings=\"{&quot;background_background&quot;:&quot;classic&quot;,&quot;stretch_section&quot;:&quot;section-stretched&quot;}\">\n\t\t\t\t\t\t\t<div class=\"elementor-background-overlay\"><\/div>\n\t\t\t\t\t\t\t<div class=\"elementor-container elementor-column-gap-default\">\n\t\t\t\t\t<div class=\"elementor-column elementor-col-100 elementor-top-column elementor-element elementor-element-0d430c3\" data-id=\"0d430c3\" data-element_type=\"column\" data-e-type=\"column\">\n\t\t\t<div class=\"elementor-widget-wrap elementor-element-populated\">\n\t\t\t\t\t\t<div class=\"elementor-element elementor-element-199bdb3 elementor-widget elementor-widget-heading\" data-id=\"199bdb3\" data-element_type=\"widget\" data-e-type=\"widget\" data-widget_type=\"heading.default\">\n\t\t\t\t<div class=\"elementor-widget-container\">\n\t\t\t\t\t<h1 class=\"elementor-heading-title elementor-size-default\">Cookies-Richtlinie<\/h1>\t\t\t\t<\/div>\n\t\t\t\t<\/div>\n\t\t\t\t\t<\/div>\n\t\t<\/div>\n\t\t\t\t\t<\/div>\n\t\t<\/section>\n\t\t\t\t<section class=\"elementor-section elementor-top-section elementor-element elementor-element-64a9bb11 elementor-section-boxed elementor-section-height-default elementor-section-height-default\" data-id=\"64a9bb11\" data-element_type=\"section\" data-e-type=\"section\">\n\t\t\t\t\t\t<div class=\"elementor-container elementor-column-gap-default\">\n\t\t\t\t\t<div class=\"elementor-column elementor-col-100 elementor-top-column elementor-element elementor-element-11f53cb7\" data-id=\"11f53cb7\" data-element_type=\"column\" data-e-type=\"column\">\n\t\t\t<div class=\"elementor-widget-wrap elementor-element-populated\">\n\t\t\t\t\t\t<div class=\"elementor-element elementor-element-77d729cf elementor-widget elementor-widget-text-editor\" data-id=\"77d729cf\" data-element_type=\"widget\" data-e-type=\"widget\" data-widget_type=\"text-editor.default\">\n\t\t\t\t<div class=\"elementor-widget-container\">\n\t\t\t\t\t\t\t\t\t<p>&#8222;Administrator&#8220; bedeutet Global Digital Solutions.<\/p><p>Die Website des Administrators verwendet Cookies, um Sie von anderen Nutzern der Website zu unterscheiden. Dies tr\u00e4gt dazu bei, Ihnen ein gutes Erlebnis zu bieten, wenn Sie auf der Website surfen, und erm\u00f6glicht au\u00dferdem die Verbesserung der Website. Wenn Sie auf der Website weitersurfen, erkl\u00e4ren Sie sich mit der Verwendung von Cookies einverstanden.  <\/p><p>Ein Cookie ist eine kleine Datei mit Buchstaben und Zahlen, die in Ihrem Browser oder auf der Festplatte Ihres Computers gespeichert wird, wenn Sie damit einverstanden sind. Cookies enthalten Informationen, die auf die Festplatte Ihres Computers \u00fcbertragen werden. <\/p><p>Die Website des Administrators verwendet die folgenden Cookies: (a) Streng notwendige Cookies &#8211; Dies sind Cookies, die f\u00fcr den Betrieb der Website erforderlich sind. Dazu geh\u00f6ren z.B. Cookies, die es Ihnen erm\u00f6glichen, sich in sichere Bereiche der Website einzuloggen. (b) Analyse-\/Leistungs-Cookies &#8211; Diese erm\u00f6glichen die Erkennung und Z\u00e4hlung der Besucherzahl und die Feststellung, wie sich die Besucher auf der Website bewegen, wenn sie sie nutzen. Dies erleichtert die Verbesserung der Funktionsweise der Website, z.B. indem sichergestellt wird, dass die Benutzer leicht finden, was sie suchen. (c) Funktionalit\u00e4ts-Cookies &#8211; Diese werden verwendet, um Sie zu erkennen, wenn Sie auf die Website zur\u00fcckkehren. Dies erm\u00f6glicht die Personalisierung von Inhalten f\u00fcr Sie, die Begr\u00fc\u00dfung mit Ihrem Namen und die Erinnerung an Ihre Pr\u00e4ferenzen. (d) Targeting-Cookies &#8211; Diese Cookies speichern Ihren Besuch auf der Website, die Seiten, die Sie besucht haben, und die Links, denen Sie gefolgt sind. Dies erm\u00f6glicht es, die Website und die darauf angezeigte Werbung besser auf Ihre Interessen abzustimmen. Diese Informationen k\u00f6nnen zu diesem Zweck an Dritte weitergegeben werden.         <\/p><p>Bitte beachten Sie, dass Dritte (z.B. Werbenetzwerke und Anbieter von externen Diensten wie Web-Traffic-Analysedienste) ebenfalls Cookies verwenden k\u00f6nnen, \u00fcber die der Administrator keine Kontrolle hat. Bei diesen Cookies handelt es sich wahrscheinlich um Analyse-\/Leistungs-Cookies oder Targeting-Cookies. <\/p><p>Sie blockieren Cookies, indem Sie die Einstellung Ihres Browsers aktivieren, die es Ihnen erlaubt, alle oder einige Cookies abzulehnen. Wenn Sie Ihre Browsereinstellungen jedoch so verwenden, dass alle Cookies (einschlie\u00dflich der essentiellen Cookies) blockiert werden, k\u00f6nnen Sie m\u00f6glicherweise nicht auf die gesamte oder Teile der Website des Administrators zugreifen. <\/p>\t\t\t\t\t\t\t\t<\/div>\n\t\t\t\t<\/div>\n\t\t\t\t\t<\/div>\n\t\t<\/div>\n\t\t\t\t\t<\/div>\n\t\t<\/section>\n\t\t\t\t<\/div>\n\t\t","protected":false},"excerpt":{"rendered":"<p>Cookies-Richtlinie &#8222;Administrator&#8220; bedeutet Global Digital Solutions. Die Website des Administrators verwendet Cookies, um Sie von anderen Nutzern der Website zu unterscheiden. Dies tr\u00e4gt dazu bei, Ihnen ein gutes Erlebnis zu bieten, wenn Sie auf der Website surfen, und erm\u00f6glicht au\u00dferdem die Verbesserung der Website. Wenn Sie auf der Website weitersurfen, erkl\u00e4ren Sie sich mit der [&hellip;]<\/p>\n","protected":false},"author":1,"featured_media":0,"parent":0,"menu_order":0,"comment_status":"closed","ping_status":"closed","template":"","meta":{"footnotes":""},"class_list":["post-8497","page","type-page","status-publish","hentry"],"yoast_head":"<!-- This site is optimized with the Yoast SEO plugin v27.4 - https:\/\/yoast.com\/product\/yoast-seo-wordpress\/ -->\n<title>Cookies-Richtlinie | Fun in the Sun Dubai<\/title>\n<meta name=\"description\" content=\"Verstehen Sie, wie Cookies auf unserer Website verwendet werden, um Ihr Surferlebnis zu verbessern, den Datenverkehr zu analysieren und Inhalte zu personalisieren.\" \/>\n<meta name=\"robots\" content=\"index, follow, max-snippet:-1, max-image-preview:large, max-video-preview:-1\" \/>\n<link rel=\"canonical\" href=\"https:\/\/funinthesundubai.com\/de\/cookies-richtlinie\/\" \/>\n<meta property=\"og:locale\" content=\"de_DE\" \/>\n<meta property=\"og:type\" content=\"article\" \/>\n<meta property=\"og:title\" content=\"Cookies-Richtlinie | Fun in the Sun Dubai\" \/>\n<meta property=\"og:description\" content=\"Verstehen Sie, wie Cookies auf unserer Website verwendet werden, um Ihr Surferlebnis zu verbessern, den Datenverkehr zu analysieren und Inhalte zu personalisieren.\" \/>\n<meta property=\"og:url\" content=\"https:\/\/funinthesundubai.com\/de\/cookies-richtlinie\/\" \/>\n<meta property=\"og:site_name\" content=\"Fun in the Sun Dubai\" \/>\n<meta property=\"article:modified_time\" content=\"2026-03-25T12:05:54+00:00\" \/>\n<meta name=\"twitter:card\" content=\"summary_large_image\" \/>\n<meta name=\"twitter:label1\" content=\"Gesch\u00e4tzte Lesezeit\" \/>\n\t<meta name=\"twitter:data1\" content=\"2\u00a0Minuten\" \/>\n<script type=\"application\/ld+json\" class=\"yoast-schema-graph\">{\"@context\":\"https:\\\/\\\/schema.org\",\"@graph\":[{\"@type\":\"WebPage\",\"@id\":\"https:\\\/\\\/funinthesundubai.com\\\/de\\\/cookies-richtlinie\\\/\",\"url\":\"https:\\\/\\\/funinthesundubai.com\\\/de\\\/cookies-richtlinie\\\/\",\"name\":\"Cookies-Richtlinie | Fun in the Sun Dubai\",\"isPartOf\":{\"@id\":\"https:\\\/\\\/funinthesundubai.com\\\/de\\\/#website\"},\"datePublished\":\"2025-02-10T10:08:39+00:00\",\"dateModified\":\"2026-03-25T12:05:54+00:00\",\"description\":\"Verstehen Sie, wie Cookies auf unserer Website verwendet werden, um Ihr Surferlebnis zu verbessern, den Datenverkehr zu analysieren und Inhalte zu personalisieren.\",\"breadcrumb\":{\"@id\":\"https:\\\/\\\/funinthesundubai.com\\\/de\\\/cookies-richtlinie\\\/#breadcrumb\"},\"inLanguage\":\"de\",\"potentialAction\":[{\"@type\":\"ReadAction\",\"target\":[\"https:\\\/\\\/funinthesundubai.com\\\/de\\\/cookies-richtlinie\\\/\"]}]},{\"@type\":\"BreadcrumbList\",\"@id\":\"https:\\\/\\\/funinthesundubai.com\\\/de\\\/cookies-richtlinie\\\/#breadcrumb\",\"itemListElement\":[{\"@type\":\"ListItem\",\"position\":1,\"name\":\"Home\",\"item\":\"https:\\\/\\\/funinthesundubai.com\\\/de\\\/\"},{\"@type\":\"ListItem\",\"position\":2,\"name\":\"Cookies-Richtlinie\"}]},{\"@type\":\"WebSite\",\"@id\":\"https:\\\/\\\/funinthesundubai.com\\\/de\\\/#website\",\"url\":\"https:\\\/\\\/funinthesundubai.com\\\/de\\\/\",\"name\":\"Fun in the Sun Dubai\",\"description\":\"Dubai Activity and Dubai Excursion provider\",\"publisher\":{\"@id\":\"https:\\\/\\\/funinthesundubai.com\\\/de\\\/#organization\"},\"potentialAction\":[{\"@type\":\"SearchAction\",\"target\":{\"@type\":\"EntryPoint\",\"urlTemplate\":\"https:\\\/\\\/funinthesundubai.com\\\/de\\\/?s={search_term_string}\"},\"query-input\":{\"@type\":\"PropertyValueSpecification\",\"valueRequired\":true,\"valueName\":\"search_term_string\"}}],\"inLanguage\":\"de\"},{\"@type\":\"Organization\",\"@id\":\"https:\\\/\\\/funinthesundubai.com\\\/de\\\/#organization\",\"name\":\"Fun in the Sun Dubai\",\"url\":\"https:\\\/\\\/funinthesundubai.com\\\/de\\\/\",\"logo\":{\"@type\":\"ImageObject\",\"inLanguage\":\"de\",\"@id\":\"https:\\\/\\\/funinthesundubai.com\\\/de\\\/#\\\/schema\\\/logo\\\/image\\\/\",\"url\":\"https:\\\/\\\/funinthesundubai.com\\\/wp-content\\\/uploads\\\/2024\\\/11\\\/logo-final-white-dubai.png\",\"contentUrl\":\"https:\\\/\\\/funinthesundubai.com\\\/wp-content\\\/uploads\\\/2024\\\/11\\\/logo-final-white-dubai.png\",\"width\":745,\"height\":366,\"caption\":\"Fun in the Sun Dubai\"},\"image\":{\"@id\":\"https:\\\/\\\/funinthesundubai.com\\\/de\\\/#\\\/schema\\\/logo\\\/image\\\/\"}}]}<\/script>\n<!-- \/ Yoast SEO plugin. -->","yoast_head_json":{"title":"Cookies-Richtlinie | Fun in the Sun Dubai","description":"Verstehen Sie, wie Cookies auf unserer Website verwendet werden, um Ihr Surferlebnis zu verbessern, den Datenverkehr zu analysieren und Inhalte zu personalisieren.","robots":{"index":"index","follow":"follow","max-snippet":"max-snippet:-1","max-image-preview":"max-image-preview:large","max-video-preview":"max-video-preview:-1"},"canonical":"https:\/\/funinthesundubai.com\/de\/cookies-richtlinie\/","og_locale":"de_DE","og_type":"article","og_title":"Cookies-Richtlinie | Fun in the Sun Dubai","og_description":"Verstehen Sie, wie Cookies auf unserer Website verwendet werden, um Ihr Surferlebnis zu verbessern, den Datenverkehr zu analysieren und Inhalte zu personalisieren.","og_url":"https:\/\/funinthesundubai.com\/de\/cookies-richtlinie\/","og_site_name":"Fun in the Sun Dubai","article_modified_time":"2026-03-25T12:05:54+00:00","twitter_card":"summary_large_image","twitter_misc":{"Gesch\u00e4tzte Lesezeit":"2\u00a0Minuten"},"schema":{"@context":"https:\/\/schema.org","@graph":[{"@type":"WebPage","@id":"https:\/\/funinthesundubai.com\/de\/cookies-richtlinie\/","url":"https:\/\/funinthesundubai.com\/de\/cookies-richtlinie\/","name":"Cookies-Richtlinie | Fun in the Sun Dubai","isPartOf":{"@id":"https:\/\/funinthesundubai.com\/de\/#website"},"datePublished":"2025-02-10T10:08:39+00:00","dateModified":"2026-03-25T12:05:54+00:00","description":"Verstehen Sie, wie Cookies auf unserer Website verwendet werden, um Ihr Surferlebnis zu verbessern, den Datenverkehr zu analysieren und Inhalte zu personalisieren.","breadcrumb":{"@id":"https:\/\/funinthesundubai.com\/de\/cookies-richtlinie\/#breadcrumb"},"inLanguage":"de","potentialAction":[{"@type":"ReadAction","target":["https:\/\/funinthesundubai.com\/de\/cookies-richtlinie\/"]}]},{"@type":"BreadcrumbList","@id":"https:\/\/funinthesundubai.com\/de\/cookies-richtlinie\/#breadcrumb","itemListElement":[{"@type":"ListItem","position":1,"name":"Home","item":"https:\/\/funinthesundubai.com\/de\/"},{"@type":"ListItem","position":2,"name":"Cookies-Richtlinie"}]},{"@type":"WebSite","@id":"https:\/\/funinthesundubai.com\/de\/#website","url":"https:\/\/funinthesundubai.com\/de\/","name":"Fun in the Sun Dubai","description":"Dubai Activity and Dubai Excursion provider","publisher":{"@id":"https:\/\/funinthesundubai.com\/de\/#organization"},"potentialAction":[{"@type":"SearchAction","target":{"@type":"EntryPoint","urlTemplate":"https:\/\/funinthesundubai.com\/de\/?s={search_term_string}"},"query-input":{"@type":"PropertyValueSpecification","valueRequired":true,"valueName":"search_term_string"}}],"inLanguage":"de"},{"@type":"Organization","@id":"https:\/\/funinthesundubai.com\/de\/#organization","name":"Fun in the Sun Dubai","url":"https:\/\/funinthesundubai.com\/de\/","logo":{"@type":"ImageObject","inLanguage":"de","@id":"https:\/\/funinthesundubai.com\/de\/#\/schema\/logo\/image\/","url":"https:\/\/funinthesundubai.com\/wp-content\/uploads\/2024\/11\/logo-final-white-dubai.png","contentUrl":"https:\/\/funinthesundubai.com\/wp-content\/uploads\/2024\/11\/logo-final-white-dubai.png","width":745,"height":366,"caption":"Fun in the Sun Dubai"},"image":{"@id":"https:\/\/funinthesundubai.com\/de\/#\/schema\/logo\/image\/"}}]}},"_links":{"self":[{"href":"https:\/\/funinthesundubai.com\/de\/wp-json\/wp\/v2\/pages\/8497","targetHints":{"allow":["GET"]}}],"collection":[{"href":"https:\/\/funinthesundubai.com\/de\/wp-json\/wp\/v2\/pages"}],"about":[{"href":"https:\/\/funinthesundubai.com\/de\/wp-json\/wp\/v2\/types\/page"}],"author":[{"embeddable":true,"href":"https:\/\/funinthesundubai.com\/de\/wp-json\/wp\/v2\/users\/1"}],"replies":[{"embeddable":true,"href":"https:\/\/funinthesundubai.com\/de\/wp-json\/wp\/v2\/comments?post=8497"}],"version-history":[{"count":2,"href":"https:\/\/funinthesundubai.com\/de\/wp-json\/wp\/v2\/pages\/8497\/revisions"}],"predecessor-version":[{"id":11101,"href":"https:\/\/funinthesundubai.com\/de\/wp-json\/wp\/v2\/pages\/8497\/revisions\/11101"}],"wp:attachment":[{"href":"https:\/\/funinthesundubai.com\/de\/wp-json\/wp\/v2\/media?parent=8497"}],"curies":[{"name":"wp","href":"https:\/\/api.w.org\/{rel}","templated":true}]}}