{"id":8601,"date":"2025-02-10T10:52:12","date_gmt":"2025-02-10T10:52:12","guid":{"rendered":"https:\/\/funinthesundubai.com\/zahlungen\/"},"modified":"2026-03-25T12:04:32","modified_gmt":"2026-03-25T12:04:32","slug":"zahlungen","status":"publish","type":"page","link":"https:\/\/funinthesundubai.com\/de\/zahlungen\/","title":{"rendered":"Zahlungen"},"content":{"rendered":"\t\t<div data-elementor-type=\"wp-page\" data-elementor-id=\"8601\" class=\"elementor elementor-8601 elementor-6616\" data-elementor-post-type=\"page\">\n\t\t\t\t\t\t<section class=\"elementor-section elementor-top-section elementor-element elementor-element-cf4fb75 elementor-section-full_width elementor-section-height-min-height elementor-section-stretched elementor-section-height-default elementor-section-items-middle\" data-id=\"cf4fb75\" data-element_type=\"section\" data-e-type=\"section\" data-settings=\"{&quot;stretch_section&quot;:&quot;section-stretched&quot;,&quot;background_background&quot;:&quot;classic&quot;}\">\n\t\t\t\t\t\t\t<div class=\"elementor-background-overlay\"><\/div>\n\t\t\t\t\t\t\t<div class=\"elementor-container elementor-column-gap-default\">\n\t\t\t\t\t<div class=\"elementor-column elementor-col-100 elementor-top-column elementor-element elementor-element-b860641\" data-id=\"b860641\" data-element_type=\"column\" data-e-type=\"column\">\n\t\t\t<div class=\"elementor-widget-wrap elementor-element-populated\">\n\t\t\t\t\t\t<div class=\"elementor-element elementor-element-99db0d8 elementor-widget elementor-widget-heading\" data-id=\"99db0d8\" data-element_type=\"widget\" data-e-type=\"widget\" data-widget_type=\"heading.default\">\n\t\t\t\t<div class=\"elementor-widget-container\">\n\t\t\t\t\t<h1 class=\"elementor-heading-title elementor-size-default\">Zahlungen<\/h1>\t\t\t\t<\/div>\n\t\t\t\t<\/div>\n\t\t\t\t\t<\/div>\n\t\t<\/div>\n\t\t\t\t\t<\/div>\n\t\t<\/section>\n\t\t\t\t<section class=\"elementor-section elementor-top-section elementor-element elementor-element-1461fcd6 elementor-section-boxed elementor-section-height-default elementor-section-height-default\" data-id=\"1461fcd6\" data-element_type=\"section\" data-e-type=\"section\">\n\t\t\t\t\t\t<div class=\"elementor-container elementor-column-gap-default\">\n\t\t\t\t\t<div class=\"elementor-column elementor-col-100 elementor-top-column elementor-element elementor-element-2b15163f\" data-id=\"2b15163f\" data-element_type=\"column\" data-e-type=\"column\">\n\t\t\t<div class=\"elementor-widget-wrap elementor-element-populated\">\n\t\t\t\t\t\t<div class=\"elementor-element elementor-element-7a0ad30a elementor-widget elementor-widget-text-editor\" data-id=\"7a0ad30a\" data-element_type=\"widget\" data-e-type=\"widget\" data-widget_type=\"text-editor.default\">\n\t\t\t\t<div class=\"elementor-widget-container\">\n\t\t\t\t\t\t\t\t\t<p>PAYMENTS<\/p><p>Wir akzeptieren Online-Zahlungen mit Visa und MasterCard Kredit-\/Debitkarten in AED. W\u00e4hrend des Bezahlvorgangs werden Sie \u00fcber den Wechselkurs zwischen Ihrer Landesw\u00e4hrung und AED informiert. <\/p><p>EINSCHR\u00c4NKUNGEN<\/p><p>Fun In The Sun (Global Digital Solutions) wird in \u00dcbereinstimmung mit den Gesetzen der Vereinigten Arabischen Emirate KEINE Dienstleistungen oder Produkte f\u00fcr L\u00e4nder anbieten, die vom OFAC (Office of Foreign Assets Control) sanktioniert werden.<\/p><p>R\u00dcCKZAHLUNGEN<\/p><p>Gem\u00e4\u00df den Stornierungsrichtlinien wird jeder Kunde, der Anspruch auf irgendeine Form der R\u00fcckerstattung hat, \u00fcber die urspr\u00fcngliche Zahlungsweise abgewickelt.<\/p>\t\t\t\t\t\t\t\t<\/div>\n\t\t\t\t<\/div>\n\t\t\t\t\t<\/div>\n\t\t<\/div>\n\t\t\t\t\t<\/div>\n\t\t<\/section>\n\t\t\t\t<section class=\"elementor-section elementor-top-section elementor-element elementor-element-07da010 elementor-section-boxed elementor-section-height-default elementor-section-height-default\" data-id=\"07da010\" data-element_type=\"section\" data-e-type=\"section\">\n\t\t\t\t\t\t<div class=\"elementor-container elementor-column-gap-default\">\n\t\t\t\t\t<div class=\"elementor-column elementor-col-25 elementor-top-column elementor-element elementor-element-ef92de7\" data-id=\"ef92de7\" data-element_type=\"column\" data-e-type=\"column\">\n\t\t\t<div class=\"elementor-widget-wrap elementor-element-populated\">\n\t\t\t\t\t\t<div class=\"elementor-element elementor-element-cda196c elementor-widget elementor-widget-image\" data-id=\"cda196c\" data-element_type=\"widget\" data-e-type=\"widget\" data-widget_type=\"image.default\">\n\t\t\t\t<div class=\"elementor-widget-container\">\n\t\t\t\t\t\t\t\t\t\t\t\t\t\t\t<img fetchpriority=\"high\" decoding=\"async\" width=\"540\" height=\"340\" src=\"https:\/\/funinthesundubai.com\/wp-content\/uploads\/2023\/05\/visa.png\" class=\"attachment-large size-large wp-image-9415\" alt=\"\" srcset=\"https:\/\/funinthesundubai.com\/wp-content\/uploads\/2023\/05\/visa.png 540w, https:\/\/funinthesundubai.com\/wp-content\/uploads\/2023\/05\/visa-300x189.png 300w\" sizes=\"(max-width: 540px) 100vw, 540px\" \/>\t\t\t\t\t\t\t\t\t\t\t\t\t\t\t<\/div>\n\t\t\t\t<\/div>\n\t\t\t\t\t<\/div>\n\t\t<\/div>\n\t\t\t\t<div class=\"elementor-column elementor-col-25 elementor-top-column elementor-element elementor-element-d78272c\" data-id=\"d78272c\" data-element_type=\"column\" data-e-type=\"column\">\n\t\t\t<div class=\"elementor-widget-wrap elementor-element-populated\">\n\t\t\t\t\t\t<div class=\"elementor-element elementor-element-a07597d elementor-widget elementor-widget-image\" data-id=\"a07597d\" data-element_type=\"widget\" data-e-type=\"widget\" data-widget_type=\"image.default\">\n\t\t\t\t<div class=\"elementor-widget-container\">\n\t\t\t\t\t\t\t\t\t\t\t\t\t\t\t<img decoding=\"async\" width=\"540\" height=\"340\" src=\"https:\/\/funinthesundubai.com\/wp-content\/uploads\/2023\/05\/mastercard.png\" class=\"attachment-large size-large wp-image-9418\" alt=\"\" srcset=\"https:\/\/funinthesundubai.com\/wp-content\/uploads\/2023\/05\/mastercard.png 540w, https:\/\/funinthesundubai.com\/wp-content\/uploads\/2023\/05\/mastercard-300x189.png 300w\" sizes=\"(max-width: 540px) 100vw, 540px\" \/>\t\t\t\t\t\t\t\t\t\t\t\t\t\t\t<\/div>\n\t\t\t\t<\/div>\n\t\t\t\t\t<\/div>\n\t\t<\/div>\n\t\t\t\t<div class=\"elementor-column elementor-col-25 elementor-top-column elementor-element elementor-element-0b9bf41\" data-id=\"0b9bf41\" data-element_type=\"column\" data-e-type=\"column\">\n\t\t\t<div class=\"elementor-widget-wrap elementor-element-populated\">\n\t\t\t\t\t\t<div class=\"elementor-element elementor-element-1dded05 elementor-widget elementor-widget-image\" data-id=\"1dded05\" data-element_type=\"widget\" data-e-type=\"widget\" data-widget_type=\"image.default\">\n\t\t\t\t<div class=\"elementor-widget-container\">\n\t\t\t\t\t\t\t\t\t\t\t\t\t\t\t<img decoding=\"async\" width=\"300\" height=\"189\" src=\"https:\/\/funinthesundubai.com\/wp-content\/uploads\/2023\/05\/verified-visa-300x189.png\" class=\"attachment-medium size-medium wp-image-9417\" alt=\"\" srcset=\"https:\/\/funinthesundubai.com\/wp-content\/uploads\/2023\/05\/verified-visa-300x189.png 300w, https:\/\/funinthesundubai.com\/wp-content\/uploads\/2023\/05\/verified-visa.png 540w\" sizes=\"(max-width: 300px) 100vw, 300px\" \/>\t\t\t\t\t\t\t\t\t\t\t\t\t\t\t<\/div>\n\t\t\t\t<\/div>\n\t\t\t\t\t<\/div>\n\t\t<\/div>\n\t\t\t\t<div class=\"elementor-column elementor-col-25 elementor-top-column elementor-element elementor-element-3f0a942\" data-id=\"3f0a942\" data-element_type=\"column\" data-e-type=\"column\">\n\t\t\t<div class=\"elementor-widget-wrap elementor-element-populated\">\n\t\t\t\t\t\t<div class=\"elementor-element elementor-element-3f7bfd5 elementor-widget elementor-widget-image\" data-id=\"3f7bfd5\" data-element_type=\"widget\" data-e-type=\"widget\" data-widget_type=\"image.default\">\n\t\t\t\t<div class=\"elementor-widget-container\">\n\t\t\t\t\t\t\t\t\t\t\t\t\t\t\t<img loading=\"lazy\" decoding=\"async\" width=\"300\" height=\"189\" src=\"https:\/\/funinthesundubai.com\/wp-content\/uploads\/2023\/05\/mastercard-code-300x189.png\" class=\"attachment-medium size-medium wp-image-9416\" alt=\"\" srcset=\"https:\/\/funinthesundubai.com\/wp-content\/uploads\/2023\/05\/mastercard-code-300x189.png 300w, https:\/\/funinthesundubai.com\/wp-content\/uploads\/2023\/05\/mastercard-code.png 540w\" sizes=\"(max-width: 300px) 100vw, 300px\" \/>\t\t\t\t\t\t\t\t\t\t\t\t\t\t\t<\/div>\n\t\t\t\t<\/div>\n\t\t\t\t\t<\/div>\n\t\t<\/div>\n\t\t\t\t\t<\/div>\n\t\t<\/section>\n\t\t\t\t<\/div>\n\t\t","protected":false},"excerpt":{"rendered":"<p>Zahlungen PAYMENTS Wir akzeptieren Online-Zahlungen mit Visa und MasterCard Kredit-\/Debitkarten in AED. W\u00e4hrend des Bezahlvorgangs werden Sie \u00fcber den Wechselkurs zwischen Ihrer Landesw\u00e4hrung und AED informiert. EINSCHR\u00c4NKUNGEN Fun In The Sun (Global Digital Solutions) wird in \u00dcbereinstimmung mit den Gesetzen der Vereinigten Arabischen Emirate KEINE Dienstleistungen oder Produkte f\u00fcr L\u00e4nder anbieten, die vom OFAC (Office [&hellip;]<\/p>\n","protected":false},"author":14,"featured_media":0,"parent":0,"menu_order":0,"comment_status":"closed","ping_status":"closed","template":"","meta":{"footnotes":""},"class_list":["post-8601","page","type-page","status-publish","hentry"],"yoast_head":"<!-- This site is optimized with the Yoast SEO plugin v27.5 - https:\/\/yoast.com\/product\/yoast-seo-wordpress\/ -->\n<title>Zahlungen &amp; Erstattungen | Dubai Buchungen - Fun in the Sun Dubai<\/title>\n<meta name=\"description\" content=\"Informieren Sie sich \u00fcber Zahlungsm\u00f6glichkeiten, Buchungsbest\u00e4tigungen und R\u00fcckerstattungsprozesse f\u00fcr Dubai-Erlebnisse, die Sie bei Fun in the Sun Dubai gebucht haben.\" \/>\n<meta name=\"robots\" content=\"index, follow, max-snippet:-1, max-image-preview:large, max-video-preview:-1\" \/>\n<link rel=\"canonical\" href=\"https:\/\/funinthesundubai.com\/de\/zahlungen\/\" \/>\n<meta property=\"og:locale\" content=\"de_DE\" \/>\n<meta property=\"og:type\" content=\"article\" \/>\n<meta property=\"og:title\" content=\"Zahlungen &amp; Erstattungen | Dubai Buchungen - Fun in the Sun Dubai\" \/>\n<meta property=\"og:description\" content=\"Informieren Sie sich \u00fcber Zahlungsm\u00f6glichkeiten, Buchungsbest\u00e4tigungen und R\u00fcckerstattungsprozesse f\u00fcr Dubai-Erlebnisse, die Sie bei Fun in the Sun Dubai gebucht haben.\" \/>\n<meta property=\"og:url\" content=\"https:\/\/funinthesundubai.com\/de\/zahlungen\/\" \/>\n<meta property=\"og:site_name\" content=\"Fun in the Sun Dubai\" \/>\n<meta property=\"article:modified_time\" content=\"2026-03-25T12:04:32+00:00\" \/>\n<meta property=\"og:image\" content=\"https:\/\/funinthesundubai.com\/wp-content\/uploads\/2023\/05\/visa.png\" \/>\n\t<meta property=\"og:image:width\" content=\"540\" \/>\n\t<meta property=\"og:image:height\" content=\"340\" \/>\n\t<meta property=\"og:image:type\" content=\"image\/png\" \/>\n<meta name=\"twitter:card\" content=\"summary_large_image\" \/>\n<script type=\"application\/ld+json\" class=\"yoast-schema-graph\">{\"@context\":\"https:\\\/\\\/schema.org\",\"@graph\":[{\"@type\":\"WebPage\",\"@id\":\"https:\\\/\\\/funinthesundubai.com\\\/de\\\/zahlungen\\\/\",\"url\":\"https:\\\/\\\/funinthesundubai.com\\\/de\\\/zahlungen\\\/\",\"name\":\"Zahlungen & Erstattungen | Dubai Buchungen - Fun in the Sun Dubai\",\"isPartOf\":{\"@id\":\"https:\\\/\\\/funinthesundubai.com\\\/de\\\/#website\"},\"primaryImageOfPage\":{\"@id\":\"https:\\\/\\\/funinthesundubai.com\\\/de\\\/zahlungen\\\/#primaryimage\"},\"image\":{\"@id\":\"https:\\\/\\\/funinthesundubai.com\\\/de\\\/zahlungen\\\/#primaryimage\"},\"thumbnailUrl\":\"https:\\\/\\\/funinthesundubai.com\\\/wp-content\\\/uploads\\\/2023\\\/05\\\/visa.png\",\"datePublished\":\"2025-02-10T10:52:12+00:00\",\"dateModified\":\"2026-03-25T12:04:32+00:00\",\"description\":\"Informieren Sie sich \u00fcber Zahlungsm\u00f6glichkeiten, Buchungsbest\u00e4tigungen und R\u00fcckerstattungsprozesse f\u00fcr Dubai-Erlebnisse, die Sie bei Fun in the Sun Dubai gebucht haben.\",\"breadcrumb\":{\"@id\":\"https:\\\/\\\/funinthesundubai.com\\\/de\\\/zahlungen\\\/#breadcrumb\"},\"inLanguage\":\"de\",\"potentialAction\":[{\"@type\":\"ReadAction\",\"target\":[\"https:\\\/\\\/funinthesundubai.com\\\/de\\\/zahlungen\\\/\"]}]},{\"@type\":\"ImageObject\",\"inLanguage\":\"de\",\"@id\":\"https:\\\/\\\/funinthesundubai.com\\\/de\\\/zahlungen\\\/#primaryimage\",\"url\":\"https:\\\/\\\/funinthesundubai.com\\\/wp-content\\\/uploads\\\/2023\\\/05\\\/visa.png\",\"contentUrl\":\"https:\\\/\\\/funinthesundubai.com\\\/wp-content\\\/uploads\\\/2023\\\/05\\\/visa.png\"},{\"@type\":\"BreadcrumbList\",\"@id\":\"https:\\\/\\\/funinthesundubai.com\\\/de\\\/zahlungen\\\/#breadcrumb\",\"itemListElement\":[{\"@type\":\"ListItem\",\"position\":1,\"name\":\"Home\",\"item\":\"https:\\\/\\\/funinthesundubai.com\\\/de\\\/\"},{\"@type\":\"ListItem\",\"position\":2,\"name\":\"Zahlungen\"}]},{\"@type\":\"WebSite\",\"@id\":\"https:\\\/\\\/funinthesundubai.com\\\/de\\\/#website\",\"url\":\"https:\\\/\\\/funinthesundubai.com\\\/de\\\/\",\"name\":\"Fun in the Sun Dubai\",\"description\":\"Dubai Activity and Dubai Excursion provider\",\"publisher\":{\"@id\":\"https:\\\/\\\/funinthesundubai.com\\\/de\\\/#organization\"},\"potentialAction\":[{\"@type\":\"SearchAction\",\"target\":{\"@type\":\"EntryPoint\",\"urlTemplate\":\"https:\\\/\\\/funinthesundubai.com\\\/de\\\/?s={search_term_string}\"},\"query-input\":{\"@type\":\"PropertyValueSpecification\",\"valueRequired\":true,\"valueName\":\"search_term_string\"}}],\"inLanguage\":\"de\"},{\"@type\":\"Organization\",\"@id\":\"https:\\\/\\\/funinthesundubai.com\\\/de\\\/#organization\",\"name\":\"Fun in the Sun Dubai\",\"url\":\"https:\\\/\\\/funinthesundubai.com\\\/de\\\/\",\"logo\":{\"@type\":\"ImageObject\",\"inLanguage\":\"de\",\"@id\":\"https:\\\/\\\/funinthesundubai.com\\\/de\\\/#\\\/schema\\\/logo\\\/image\\\/\",\"url\":\"https:\\\/\\\/funinthesundubai.com\\\/wp-content\\\/uploads\\\/2024\\\/11\\\/logo-final-white-dubai.png\",\"contentUrl\":\"https:\\\/\\\/funinthesundubai.com\\\/wp-content\\\/uploads\\\/2024\\\/11\\\/logo-final-white-dubai.png\",\"width\":745,\"height\":366,\"caption\":\"Fun in the Sun Dubai\"},\"image\":{\"@id\":\"https:\\\/\\\/funinthesundubai.com\\\/de\\\/#\\\/schema\\\/logo\\\/image\\\/\"}}]}<\/script>\n<!-- \/ Yoast SEO plugin. -->","yoast_head_json":{"title":"Zahlungen & Erstattungen | Dubai Buchungen - Fun in the Sun Dubai","description":"Informieren Sie sich \u00fcber Zahlungsm\u00f6glichkeiten, Buchungsbest\u00e4tigungen und R\u00fcckerstattungsprozesse f\u00fcr Dubai-Erlebnisse, die Sie bei Fun in the Sun Dubai gebucht haben.","robots":{"index":"index","follow":"follow","max-snippet":"max-snippet:-1","max-image-preview":"max-image-preview:large","max-video-preview":"max-video-preview:-1"},"canonical":"https:\/\/funinthesundubai.com\/de\/zahlungen\/","og_locale":"de_DE","og_type":"article","og_title":"Zahlungen & Erstattungen | Dubai Buchungen - Fun in the Sun Dubai","og_description":"Informieren Sie sich \u00fcber Zahlungsm\u00f6glichkeiten, Buchungsbest\u00e4tigungen und R\u00fcckerstattungsprozesse f\u00fcr Dubai-Erlebnisse, die Sie bei Fun in the Sun Dubai gebucht haben.","og_url":"https:\/\/funinthesundubai.com\/de\/zahlungen\/","og_site_name":"Fun in the Sun Dubai","article_modified_time":"2026-03-25T12:04:32+00:00","og_image":[{"width":540,"height":340,"url":"https:\/\/funinthesundubai.com\/wp-content\/uploads\/2023\/05\/visa.png","type":"image\/png"}],"twitter_card":"summary_large_image","schema":{"@context":"https:\/\/schema.org","@graph":[{"@type":"WebPage","@id":"https:\/\/funinthesundubai.com\/de\/zahlungen\/","url":"https:\/\/funinthesundubai.com\/de\/zahlungen\/","name":"Zahlungen & Erstattungen | Dubai Buchungen - Fun in the Sun Dubai","isPartOf":{"@id":"https:\/\/funinthesundubai.com\/de\/#website"},"primaryImageOfPage":{"@id":"https:\/\/funinthesundubai.com\/de\/zahlungen\/#primaryimage"},"image":{"@id":"https:\/\/funinthesundubai.com\/de\/zahlungen\/#primaryimage"},"thumbnailUrl":"https:\/\/funinthesundubai.com\/wp-content\/uploads\/2023\/05\/visa.png","datePublished":"2025-02-10T10:52:12+00:00","dateModified":"2026-03-25T12:04:32+00:00","description":"Informieren Sie sich \u00fcber Zahlungsm\u00f6glichkeiten, Buchungsbest\u00e4tigungen und R\u00fcckerstattungsprozesse f\u00fcr Dubai-Erlebnisse, die Sie bei Fun in the Sun Dubai gebucht haben.","breadcrumb":{"@id":"https:\/\/funinthesundubai.com\/de\/zahlungen\/#breadcrumb"},"inLanguage":"de","potentialAction":[{"@type":"ReadAction","target":["https:\/\/funinthesundubai.com\/de\/zahlungen\/"]}]},{"@type":"ImageObject","inLanguage":"de","@id":"https:\/\/funinthesundubai.com\/de\/zahlungen\/#primaryimage","url":"https:\/\/funinthesundubai.com\/wp-content\/uploads\/2023\/05\/visa.png","contentUrl":"https:\/\/funinthesundubai.com\/wp-content\/uploads\/2023\/05\/visa.png"},{"@type":"BreadcrumbList","@id":"https:\/\/funinthesundubai.com\/de\/zahlungen\/#breadcrumb","itemListElement":[{"@type":"ListItem","position":1,"name":"Home","item":"https:\/\/funinthesundubai.com\/de\/"},{"@type":"ListItem","position":2,"name":"Zahlungen"}]},{"@type":"WebSite","@id":"https:\/\/funinthesundubai.com\/de\/#website","url":"https:\/\/funinthesundubai.com\/de\/","name":"Fun in the Sun Dubai","description":"Dubai Activity and Dubai Excursion provider","publisher":{"@id":"https:\/\/funinthesundubai.com\/de\/#organization"},"potentialAction":[{"@type":"SearchAction","target":{"@type":"EntryPoint","urlTemplate":"https:\/\/funinthesundubai.com\/de\/?s={search_term_string}"},"query-input":{"@type":"PropertyValueSpecification","valueRequired":true,"valueName":"search_term_string"}}],"inLanguage":"de"},{"@type":"Organization","@id":"https:\/\/funinthesundubai.com\/de\/#organization","name":"Fun in the Sun Dubai","url":"https:\/\/funinthesundubai.com\/de\/","logo":{"@type":"ImageObject","inLanguage":"de","@id":"https:\/\/funinthesundubai.com\/de\/#\/schema\/logo\/image\/","url":"https:\/\/funinthesundubai.com\/wp-content\/uploads\/2024\/11\/logo-final-white-dubai.png","contentUrl":"https:\/\/funinthesundubai.com\/wp-content\/uploads\/2024\/11\/logo-final-white-dubai.png","width":745,"height":366,"caption":"Fun in the Sun Dubai"},"image":{"@id":"https:\/\/funinthesundubai.com\/de\/#\/schema\/logo\/image\/"}}]}},"_links":{"self":[{"href":"https:\/\/funinthesundubai.com\/de\/wp-json\/wp\/v2\/pages\/8601","targetHints":{"allow":["GET"]}}],"collection":[{"href":"https:\/\/funinthesundubai.com\/de\/wp-json\/wp\/v2\/pages"}],"about":[{"href":"https:\/\/funinthesundubai.com\/de\/wp-json\/wp\/v2\/types\/page"}],"author":[{"embeddable":true,"href":"https:\/\/funinthesundubai.com\/de\/wp-json\/wp\/v2\/users\/14"}],"replies":[{"embeddable":true,"href":"https:\/\/funinthesundubai.com\/de\/wp-json\/wp\/v2\/comments?post=8601"}],"version-history":[{"count":2,"href":"https:\/\/funinthesundubai.com\/de\/wp-json\/wp\/v2\/pages\/8601\/revisions"}],"predecessor-version":[{"id":11093,"href":"https:\/\/funinthesundubai.com\/de\/wp-json\/wp\/v2\/pages\/8601\/revisions\/11093"}],"wp:attachment":[{"href":"https:\/\/funinthesundubai.com\/de\/wp-json\/wp\/v2\/media?parent=8601"}],"curies":[{"name":"wp","href":"https:\/\/api.w.org\/{rel}","templated":true}]}}