{"id":8639,"date":"2025-02-10T11:06:41","date_gmt":"2025-02-10T11:06:41","guid":{"rendered":"https:\/\/funinthesundubai.com\/suche\/"},"modified":"2025-02-10T11:06:42","modified_gmt":"2025-02-10T11:06:42","slug":"suche","status":"publish","type":"page","link":"https:\/\/funinthesundubai.com\/de\/suche\/","title":{"rendered":"Suche"},"content":{"rendered":"\t\t<div data-elementor-type=\"wp-page\" data-elementor-id=\"8639\" class=\"elementor elementor-8639 elementor-4889\" data-elementor-post-type=\"page\">\n\t\t\t\t\t\t<section class=\"elementor-section elementor-top-section elementor-element elementor-element-1de96d9 elementor-section-full_width elementor-section-height-min-height elementor-section-stretched elementor-section-height-default elementor-section-items-middle\" data-id=\"1de96d9\" data-element_type=\"section\" data-e-type=\"section\" data-settings=\"{&quot;background_background&quot;:&quot;classic&quot;,&quot;stretch_section&quot;:&quot;section-stretched&quot;}\">\n\t\t\t\t\t\t\t<div class=\"elementor-background-overlay\"><\/div>\n\t\t\t\t\t\t\t<div class=\"elementor-container elementor-column-gap-default\">\n\t\t\t\t\t<div class=\"elementor-column elementor-col-100 elementor-top-column elementor-element elementor-element-f33c5af\" data-id=\"f33c5af\" data-element_type=\"column\" data-e-type=\"column\">\n\t\t\t<div class=\"elementor-widget-wrap elementor-element-populated\">\n\t\t\t\t\t\t<div class=\"elementor-element elementor-element-1fbd6f2 elementor-widget elementor-widget-heading\" data-id=\"1fbd6f2\" data-element_type=\"widget\" data-e-type=\"widget\" data-widget_type=\"heading.default\">\n\t\t\t\t<div class=\"elementor-widget-container\">\n\t\t\t\t\t<h1 class=\"elementor-heading-title elementor-size-default\">Unsere Website durchsuchen<\/h1>\t\t\t\t<\/div>\n\t\t\t\t<\/div>\n\t\t\t\t\t<\/div>\n\t\t<\/div>\n\t\t\t\t\t<\/div>\n\t\t<\/section>\n\t\t\t\t<section class=\"elementor-section elementor-top-section elementor-element elementor-element-1461fcd6 elementor-section-boxed elementor-section-height-default elementor-section-height-default\" data-id=\"1461fcd6\" data-element_type=\"section\" data-e-type=\"section\">\n\t\t\t\t\t\t<div class=\"elementor-container elementor-column-gap-default\">\n\t\t\t\t\t<div class=\"elementor-column elementor-col-100 elementor-top-column elementor-element elementor-element-2b15163f\" data-id=\"2b15163f\" data-element_type=\"column\" data-e-type=\"column\">\n\t\t\t<div class=\"elementor-widget-wrap elementor-element-populated\">\n\t\t\t\t\t\t<div class=\"elementor-element elementor-element-f8ca6ee elementor-widget elementor-widget-aws\" data-id=\"f8ca6ee\" data-element_type=\"widget\" data-e-type=\"widget\" data-widget_type=\"aws.default\">\n\t\t\t\t<div class=\"elementor-widget-container\">\n\t\t\t\t\t<div class=\"aws-container\" data-url=\"\/de\/?wc-ajax=aws_action\" data-siteurl=\"https:\/\/funinthesundubai.com\/de\/\" data-lang=\"de\" data-show-loader=\"true\" data-show-more=\"false\" data-show-page=\"false\" data-ajax-search=\"true\" data-show-clear=\"false\" data-mobile-screen=\"false\" data-use-analytics=\"false\" data-min-chars=\"1\" data-buttons-order=\"2\" data-timeout=\"300\" data-is-mobile=\"false\" data-page-id=\"0\" data-tax=\"\" ><form class=\"aws-search-form\" action=\"https:\/\/funinthesundubai.com\/de\/\" method=\"get\" role=\"search\" ><div class=\"aws-wrapper\"><label class=\"aws-search-label\" for=\"69e3412b8d16e\">Search our excursions, start typing...<\/label><input type=\"search\" name=\"s\" id=\"69e3412b8d16e\" value=\"\" class=\"aws-search-field\" placeholder=\"Search our excursions, start typing...\" autocomplete=\"off\" \/><input type=\"hidden\" name=\"post_type\" value=\"product\"><input type=\"hidden\" name=\"type_aws\" value=\"true\"><input type=\"hidden\" name=\"lang\" value=\"de\"><div class=\"aws-search-clear\"><span>\u00d7<\/span><\/div><div class=\"aws-loader\"><\/div><\/div><div class=\"aws-search-btn aws-form-btn\"><span class=\"aws-search-btn_icon\"><svg focusable=\"false\" xmlns=\"http:\/\/www.w3.org\/2000\/svg\" viewBox=\"0 0 24 24\" width=\"24px\"><path d=\"M15.5 14h-.79l-.28-.27C15.41 12.59 16 11.11 16 9.5 16 5.91 13.09 3 9.5 3S3 5.91 3 9.5 5.91 16 9.5 16c1.61 0 3.09-.59 4.23-1.57l.27.28v.79l5 4.99L20.49 19l-4.99-5zm-6 0C7.01 14 5 11.99 5 9.5S7.01 5 9.5 5 14 7.01 14 9.5 11.99 14 9.5 14z\"><\/path><\/svg><\/span><\/div><\/form><\/div>\t\t\t\t<\/div>\n\t\t\t\t<\/div>\n\t\t\t\t\t<\/div>\n\t\t<\/div>\n\t\t\t\t\t<\/div>\n\t\t<\/section>\n\t\t\t\t<section class=\"elementor-section elementor-top-section elementor-element elementor-element-3eeb34c elementor-section-boxed elementor-section-height-default elementor-section-height-default\" data-id=\"3eeb34c\" data-element_type=\"section\" data-e-type=\"section\">\n\t\t\t\t\t\t<div class=\"elementor-container elementor-column-gap-default\">\n\t\t\t\t\t<div class=\"elementor-column elementor-col-100 elementor-top-column elementor-element elementor-element-dc88254\" data-id=\"dc88254\" data-element_type=\"column\" data-e-type=\"column\">\n\t\t\t<div class=\"elementor-widget-wrap elementor-element-populated\">\n\t\t\t\t\t\t<div class=\"elementor-element elementor-element-29b0cf9 elementor-widget-divider--view-line elementor-widget elementor-widget-divider\" data-id=\"29b0cf9\" data-element_type=\"widget\" data-e-type=\"widget\" data-widget_type=\"divider.default\">\n\t\t\t\t<div class=\"elementor-widget-container\">\n\t\t\t\t\t\t\t<div class=\"elementor-divider\">\n\t\t\t<span class=\"elementor-divider-separator\">\n\t\t\t\t\t\t<\/span>\n\t\t<\/div>\n\t\t\t\t\t\t<\/div>\n\t\t\t\t<\/div>\n\t\t\t\t<div class=\"elementor-element elementor-element-f2c0e05 elementor-widget elementor-widget-heading\" data-id=\"f2c0e05\" data-element_type=\"widget\" data-e-type=\"widget\" data-widget_type=\"heading.default\">\n\t\t\t\t<div class=\"elementor-widget-container\">\n\t\t\t\t\t<h3 class=\"elementor-heading-title elementor-size-xl\">Wie Sie Ihre Tickets bestellen k\u00f6nnen<\/h3>\t\t\t\t<\/div>\n\t\t\t\t<\/div>\n\t\t\t\t<div class=\"elementor-element elementor-element-7ede948 elementor-widget elementor-widget-text-editor\" data-id=\"7ede948\" data-element_type=\"widget\" data-e-type=\"widget\" data-widget_type=\"text-editor.default\">\n\t\t\t\t<div class=\"elementor-widget-container\">\n\t\t\t\t\t\t\t\t\t<p>Folgen Sie den einfachen Schritten unten, um Ihre Tickets zu bestellen.<\/p>\t\t\t\t\t\t\t\t<\/div>\n\t\t\t\t<\/div>\n\t\t\t\t<section class=\"elementor-section elementor-inner-section elementor-element elementor-element-617acf4 elementor-section-boxed elementor-section-height-default elementor-section-height-default\" data-id=\"617acf4\" data-element_type=\"section\" data-e-type=\"section\">\n\t\t\t\t\t\t<div class=\"elementor-container elementor-column-gap-wider\">\n\t\t\t\t\t<div class=\"elementor-column elementor-col-33 elementor-inner-column elementor-element elementor-element-1bd909f elementor-invisible\" data-id=\"1bd909f\" data-element_type=\"column\" data-e-type=\"column\" data-settings=\"{&quot;animation&quot;:&quot;slideInLeft&quot;}\">\n\t\t\t<div class=\"elementor-widget-wrap elementor-element-populated\">\n\t\t\t\t\t\t<div class=\"elementor-element elementor-element-5a553c4 elementor-view-default elementor-position-block-start elementor-mobile-position-block-start elementor-widget elementor-widget-icon-box\" data-id=\"5a553c4\" data-element_type=\"widget\" data-e-type=\"widget\" data-widget_type=\"icon-box.default\">\n\t\t\t\t<div class=\"elementor-widget-container\">\n\t\t\t\t\t\t\t<div class=\"elementor-icon-box-wrapper\">\n\n\t\t\t\t\t\t<div class=\"elementor-icon-box-icon\">\n\t\t\t\t<span  class=\"elementor-icon\">\n\t\t\t\t<i aria-hidden=\"true\" class=\"far fa-calendar-alt\"><\/i>\t\t\t\t<\/span>\n\t\t\t<\/div>\n\t\t\t\n\t\t\t\t\t\t<div class=\"elementor-icon-box-content\">\n\n\t\t\t\t\t\t\t\t\t<h3 class=\"elementor-icon-box-title\">\n\t\t\t\t\t\t<span  >\n\t\t\t\t\t\t\tFinden Sie Ihre Aktivit\u00e4ten\t\t\t\t\t\t<\/span>\n\t\t\t\t\t<\/h3>\n\t\t\t\t\n\t\t\t\t\t\t\t\t\t<p class=\"elementor-icon-box-description\">\n\t\t\t\t\t\tFinden Sie die Tickets, die Sie kaufen m\u00f6chten, und eine Zeit, die Ihnen passt.  \t\t\t\t\t<\/p>\n\t\t\t\t\n\t\t\t<\/div>\n\t\t\t\n\t\t<\/div>\n\t\t\t\t\t\t<\/div>\n\t\t\t\t<\/div>\n\t\t\t\t\t<\/div>\n\t\t<\/div>\n\t\t\t\t<div class=\"elementor-column elementor-col-33 elementor-inner-column elementor-element elementor-element-3b1f691 elementor-invisible\" data-id=\"3b1f691\" data-element_type=\"column\" data-e-type=\"column\" data-settings=\"{&quot;animation&quot;:&quot;slideInUp&quot;}\">\n\t\t\t<div class=\"elementor-widget-wrap elementor-element-populated\">\n\t\t\t\t\t\t<div class=\"elementor-element elementor-element-3e60b6d elementor-view-default elementor-position-block-start elementor-mobile-position-block-start elementor-widget elementor-widget-icon-box\" data-id=\"3e60b6d\" data-element_type=\"widget\" data-e-type=\"widget\" data-widget_type=\"icon-box.default\">\n\t\t\t\t<div class=\"elementor-widget-container\">\n\t\t\t\t\t\t\t<div class=\"elementor-icon-box-wrapper\">\n\n\t\t\t\t\t\t<div class=\"elementor-icon-box-icon\">\n\t\t\t\t<span  class=\"elementor-icon\">\n\t\t\t\t<i aria-hidden=\"true\" class=\"fas fa-shopping-cart\"><\/i>\t\t\t\t<\/span>\n\t\t\t<\/div>\n\t\t\t\n\t\t\t\t\t\t<div class=\"elementor-icon-box-content\">\n\n\t\t\t\t\t\t\t\t\t<h3 class=\"elementor-icon-box-title\">\n\t\t\t\t\t\t<span  >\n\t\t\t\t\t\t\tKaufen Sie Ihre Tickets\t\t\t\t\t\t<\/span>\n\t\t\t\t\t<\/h3>\n\t\t\t\t\n\t\t\t\t\t\t\t\t\t<p class=\"elementor-icon-box-description\">\n\t\t\t\t\t\tLegen Sie Ihre gew\u00fcnschten Tickets in den Einkaufswagen und fahren Sie mit unserer sicheren Kasse fort.  \t\t\t\t\t<\/p>\n\t\t\t\t\n\t\t\t<\/div>\n\t\t\t\n\t\t<\/div>\n\t\t\t\t\t\t<\/div>\n\t\t\t\t<\/div>\n\t\t\t\t\t<\/div>\n\t\t<\/div>\n\t\t\t\t<div class=\"elementor-column elementor-col-33 elementor-inner-column elementor-element elementor-element-75b54de elementor-invisible\" data-id=\"75b54de\" data-element_type=\"column\" data-e-type=\"column\" data-settings=\"{&quot;animation&quot;:&quot;slideInRight&quot;}\">\n\t\t\t<div class=\"elementor-widget-wrap elementor-element-populated\">\n\t\t\t\t\t\t<div class=\"elementor-element elementor-element-da58940 elementor-view-default elementor-position-block-start elementor-mobile-position-block-start elementor-widget elementor-widget-icon-box\" data-id=\"da58940\" data-element_type=\"widget\" data-e-type=\"widget\" data-widget_type=\"icon-box.default\">\n\t\t\t\t<div class=\"elementor-widget-container\">\n\t\t\t\t\t\t\t<div class=\"elementor-icon-box-wrapper\">\n\n\t\t\t\t\t\t<div class=\"elementor-icon-box-icon\">\n\t\t\t\t<span  class=\"elementor-icon\">\n\t\t\t\t<i aria-hidden=\"true\" class=\"fas fa-ticket-alt\"><\/i>\t\t\t\t<\/span>\n\t\t\t<\/div>\n\t\t\t\n\t\t\t\t\t\t<div class=\"elementor-icon-box-content\">\n\n\t\t\t\t\t\t\t\t\t<h3 class=\"elementor-icon-box-title\">\n\t\t\t\t\t\t<span  >\n\t\t\t\t\t\t\tHolen Sie sich Ihre Tickets\t\t\t\t\t\t<\/span>\n\t\t\t\t\t<\/h3>\n\t\t\t\t\n\t\t\t\t\t\t\t\t\t<p class=\"elementor-icon-box-description\">\n\t\t\t\t\t\tErstellen Sie an der Kasse ein Konto und erhalten Sie Ihre Tickets im Bereich 'Meine Tickets' auf unserer Website. Sie erhalten auch eine Kopie Ihrer Tickets per E-Mail.   \t\t\t\t\t<\/p>\n\t\t\t\t\n\t\t\t<\/div>\n\t\t\t\n\t\t<\/div>\n\t\t\t\t\t\t<\/div>\n\t\t\t\t<\/div>\n\t\t\t\t\t<\/div>\n\t\t<\/div>\n\t\t\t\t\t<\/div>\n\t\t<\/section>\n\t\t\t\t\t<\/div>\n\t\t<\/div>\n\t\t\t\t\t<\/div>\n\t\t<\/section>\n\t\t\t\t<\/div>\n\t\t","protected":false},"excerpt":{"rendered":"<p>Unsere Website durchsuchen Search our excursions, start typing&#8230;\u00d7 Wie Sie Ihre Tickets bestellen k\u00f6nnen Folgen Sie den einfachen Schritten unten, um Ihre Tickets zu bestellen. Finden Sie Ihre Aktivit\u00e4ten Finden Sie die Tickets, die Sie kaufen m\u00f6chten, und eine Zeit, die Ihnen passt. Kaufen Sie Ihre Tickets Legen Sie Ihre gew\u00fcnschten Tickets in den Einkaufswagen [&hellip;]<\/p>\n","protected":false},"author":1,"featured_media":0,"parent":0,"menu_order":0,"comment_status":"closed","ping_status":"closed","template":"","meta":{"footnotes":""},"class_list":["post-8639","page","type-page","status-publish","hentry"],"yoast_head":"<!-- This site is optimized with the Yoast SEO plugin v27.4 - https:\/\/yoast.com\/product\/yoast-seo-wordpress\/ -->\n<title>Suche - Fun in the Sun Dubai<\/title>\n<meta name=\"robots\" content=\"index, follow, max-snippet:-1, max-image-preview:large, max-video-preview:-1\" \/>\n<link rel=\"canonical\" href=\"https:\/\/funinthesundubai.com\/de\/suche\/\" \/>\n<meta property=\"og:locale\" content=\"de_DE\" \/>\n<meta property=\"og:type\" content=\"article\" \/>\n<meta property=\"og:title\" content=\"Suche - Fun in the Sun Dubai\" \/>\n<meta property=\"og:description\" content=\"Unsere Website durchsuchen Search our excursions, start typing&#8230;\u00d7 Wie Sie Ihre Tickets bestellen k\u00f6nnen Folgen Sie den einfachen Schritten unten, um Ihre Tickets zu bestellen. Finden Sie Ihre Aktivit\u00e4ten Finden Sie die Tickets, die Sie kaufen m\u00f6chten, und eine Zeit, die Ihnen passt. Kaufen Sie Ihre Tickets Legen Sie Ihre gew\u00fcnschten Tickets in den Einkaufswagen [&hellip;]\" \/>\n<meta property=\"og:url\" content=\"https:\/\/funinthesundubai.com\/de\/suche\/\" \/>\n<meta property=\"og:site_name\" content=\"Fun in the Sun Dubai\" \/>\n<meta property=\"article:modified_time\" content=\"2025-02-10T11:06:42+00:00\" \/>\n<meta name=\"twitter:card\" content=\"summary_large_image\" \/>\n<meta name=\"twitter:label1\" content=\"Gesch\u00e4tzte Lesezeit\" \/>\n\t<meta name=\"twitter:data1\" content=\"1\u00a0Minute\" \/>\n<script type=\"application\/ld+json\" class=\"yoast-schema-graph\">{\"@context\":\"https:\\\/\\\/schema.org\",\"@graph\":[{\"@type\":\"WebPage\",\"@id\":\"https:\\\/\\\/funinthesundubai.com\\\/de\\\/suche\\\/\",\"url\":\"https:\\\/\\\/funinthesundubai.com\\\/de\\\/suche\\\/\",\"name\":\"Suche - Fun in the Sun Dubai\",\"isPartOf\":{\"@id\":\"https:\\\/\\\/funinthesundubai.com\\\/de\\\/#website\"},\"datePublished\":\"2025-02-10T11:06:41+00:00\",\"dateModified\":\"2025-02-10T11:06:42+00:00\",\"breadcrumb\":{\"@id\":\"https:\\\/\\\/funinthesundubai.com\\\/de\\\/suche\\\/#breadcrumb\"},\"inLanguage\":\"de\",\"potentialAction\":[{\"@type\":\"ReadAction\",\"target\":[\"https:\\\/\\\/funinthesundubai.com\\\/de\\\/suche\\\/\"]}]},{\"@type\":\"BreadcrumbList\",\"@id\":\"https:\\\/\\\/funinthesundubai.com\\\/de\\\/suche\\\/#breadcrumb\",\"itemListElement\":[{\"@type\":\"ListItem\",\"position\":1,\"name\":\"Home\",\"item\":\"https:\\\/\\\/funinthesundubai.com\\\/de\\\/\"},{\"@type\":\"ListItem\",\"position\":2,\"name\":\"Suche\"}]},{\"@type\":\"WebSite\",\"@id\":\"https:\\\/\\\/funinthesundubai.com\\\/de\\\/#website\",\"url\":\"https:\\\/\\\/funinthesundubai.com\\\/de\\\/\",\"name\":\"Fun in the Sun Dubai\",\"description\":\"Dubai Activity and Dubai Excursion provider\",\"publisher\":{\"@id\":\"https:\\\/\\\/funinthesundubai.com\\\/de\\\/#organization\"},\"potentialAction\":[{\"@type\":\"SearchAction\",\"target\":{\"@type\":\"EntryPoint\",\"urlTemplate\":\"https:\\\/\\\/funinthesundubai.com\\\/de\\\/?s={search_term_string}\"},\"query-input\":{\"@type\":\"PropertyValueSpecification\",\"valueRequired\":true,\"valueName\":\"search_term_string\"}}],\"inLanguage\":\"de\"},{\"@type\":\"Organization\",\"@id\":\"https:\\\/\\\/funinthesundubai.com\\\/de\\\/#organization\",\"name\":\"Fun in the Sun Dubai\",\"url\":\"https:\\\/\\\/funinthesundubai.com\\\/de\\\/\",\"logo\":{\"@type\":\"ImageObject\",\"inLanguage\":\"de\",\"@id\":\"https:\\\/\\\/funinthesundubai.com\\\/de\\\/#\\\/schema\\\/logo\\\/image\\\/\",\"url\":\"https:\\\/\\\/funinthesundubai.com\\\/wp-content\\\/uploads\\\/2024\\\/11\\\/logo-final-white-dubai.png\",\"contentUrl\":\"https:\\\/\\\/funinthesundubai.com\\\/wp-content\\\/uploads\\\/2024\\\/11\\\/logo-final-white-dubai.png\",\"width\":745,\"height\":366,\"caption\":\"Fun in the Sun Dubai\"},\"image\":{\"@id\":\"https:\\\/\\\/funinthesundubai.com\\\/de\\\/#\\\/schema\\\/logo\\\/image\\\/\"}}]}<\/script>\n<!-- \/ Yoast SEO plugin. -->","yoast_head_json":{"title":"Suche - Fun in the Sun Dubai","robots":{"index":"index","follow":"follow","max-snippet":"max-snippet:-1","max-image-preview":"max-image-preview:large","max-video-preview":"max-video-preview:-1"},"canonical":"https:\/\/funinthesundubai.com\/de\/suche\/","og_locale":"de_DE","og_type":"article","og_title":"Suche - Fun in the Sun Dubai","og_description":"Unsere Website durchsuchen Search our excursions, start typing&#8230;\u00d7 Wie Sie Ihre Tickets bestellen k\u00f6nnen Folgen Sie den einfachen Schritten unten, um Ihre Tickets zu bestellen. Finden Sie Ihre Aktivit\u00e4ten Finden Sie die Tickets, die Sie kaufen m\u00f6chten, und eine Zeit, die Ihnen passt. Kaufen Sie Ihre Tickets Legen Sie Ihre gew\u00fcnschten Tickets in den Einkaufswagen [&hellip;]","og_url":"https:\/\/funinthesundubai.com\/de\/suche\/","og_site_name":"Fun in the Sun Dubai","article_modified_time":"2025-02-10T11:06:42+00:00","twitter_card":"summary_large_image","twitter_misc":{"Gesch\u00e4tzte Lesezeit":"1\u00a0Minute"},"schema":{"@context":"https:\/\/schema.org","@graph":[{"@type":"WebPage","@id":"https:\/\/funinthesundubai.com\/de\/suche\/","url":"https:\/\/funinthesundubai.com\/de\/suche\/","name":"Suche - Fun in the Sun Dubai","isPartOf":{"@id":"https:\/\/funinthesundubai.com\/de\/#website"},"datePublished":"2025-02-10T11:06:41+00:00","dateModified":"2025-02-10T11:06:42+00:00","breadcrumb":{"@id":"https:\/\/funinthesundubai.com\/de\/suche\/#breadcrumb"},"inLanguage":"de","potentialAction":[{"@type":"ReadAction","target":["https:\/\/funinthesundubai.com\/de\/suche\/"]}]},{"@type":"BreadcrumbList","@id":"https:\/\/funinthesundubai.com\/de\/suche\/#breadcrumb","itemListElement":[{"@type":"ListItem","position":1,"name":"Home","item":"https:\/\/funinthesundubai.com\/de\/"},{"@type":"ListItem","position":2,"name":"Suche"}]},{"@type":"WebSite","@id":"https:\/\/funinthesundubai.com\/de\/#website","url":"https:\/\/funinthesundubai.com\/de\/","name":"Fun in the Sun Dubai","description":"Dubai Activity and Dubai Excursion provider","publisher":{"@id":"https:\/\/funinthesundubai.com\/de\/#organization"},"potentialAction":[{"@type":"SearchAction","target":{"@type":"EntryPoint","urlTemplate":"https:\/\/funinthesundubai.com\/de\/?s={search_term_string}"},"query-input":{"@type":"PropertyValueSpecification","valueRequired":true,"valueName":"search_term_string"}}],"inLanguage":"de"},{"@type":"Organization","@id":"https:\/\/funinthesundubai.com\/de\/#organization","name":"Fun in the Sun Dubai","url":"https:\/\/funinthesundubai.com\/de\/","logo":{"@type":"ImageObject","inLanguage":"de","@id":"https:\/\/funinthesundubai.com\/de\/#\/schema\/logo\/image\/","url":"https:\/\/funinthesundubai.com\/wp-content\/uploads\/2024\/11\/logo-final-white-dubai.png","contentUrl":"https:\/\/funinthesundubai.com\/wp-content\/uploads\/2024\/11\/logo-final-white-dubai.png","width":745,"height":366,"caption":"Fun in the Sun Dubai"},"image":{"@id":"https:\/\/funinthesundubai.com\/de\/#\/schema\/logo\/image\/"}}]}},"_links":{"self":[{"href":"https:\/\/funinthesundubai.com\/de\/wp-json\/wp\/v2\/pages\/8639","targetHints":{"allow":["GET"]}}],"collection":[{"href":"https:\/\/funinthesundubai.com\/de\/wp-json\/wp\/v2\/pages"}],"about":[{"href":"https:\/\/funinthesundubai.com\/de\/wp-json\/wp\/v2\/types\/page"}],"author":[{"embeddable":true,"href":"https:\/\/funinthesundubai.com\/de\/wp-json\/wp\/v2\/users\/1"}],"replies":[{"embeddable":true,"href":"https:\/\/funinthesundubai.com\/de\/wp-json\/wp\/v2\/comments?post=8639"}],"version-history":[{"count":1,"href":"https:\/\/funinthesundubai.com\/de\/wp-json\/wp\/v2\/pages\/8639\/revisions"}],"predecessor-version":[{"id":8643,"href":"https:\/\/funinthesundubai.com\/de\/wp-json\/wp\/v2\/pages\/8639\/revisions\/8643"}],"wp:attachment":[{"href":"https:\/\/funinthesundubai.com\/de\/wp-json\/wp\/v2\/media?parent=8639"}],"curies":[{"name":"wp","href":"https:\/\/api.w.org\/{rel}","templated":true}]}}