{"id":8941,"date":"2024-12-12T10:52:36","date_gmt":"2025-02-10T11:13:35","guid":{"rendered":"https:\/\/funinthesundubai.com\/shop\/unkategorisiert\/burja-khalifa-lounge\/"},"modified":"2025-02-12T11:22:15","modified_gmt":"2025-02-12T11:22:15","slug":"burja-khalifa-lounge","status":"publish","type":"product","link":"https:\/\/funinthesundubai.com\/de\/shop\/luxus\/burja-khalifa-lounge\/","title":{"rendered":"Burja Khalifa Lounge"},"content":{"rendered":"<p>Bereiten Sie sich auf eine wirklich au\u00dfergew\u00f6hnliche Reise vor, wenn Sie in die luftigen H\u00f6hen des Burj Khalifa aufsteigen, wo einige der exklusivsten Lounges der Welt auf Sie warten. Dieses Ticket gew\u00e4hrt Ihnen privilegierten Zugang zur 152., 153. und 154. Etage, von wo aus Sie einen unvergleichlichen Blick auf die Skyline von Dubai haben. Der Blick \u00fcber die Stadt und dar\u00fcber hinaus wird Sie in seinen Bann ziehen und Sie mit einem Gef\u00fchl der Ehrfurcht und des Staunens \u00fcber die Sch\u00f6nheit dieser ikonischen Metropole zur\u00fccklassen.<\/p>\n<p>Wenn Sie die weitl\u00e4ufige Au\u00dfenterrasse in 585 Metern H\u00f6he betreten, werden Sie sich f\u00fchlen, als w\u00fcrden Sie auf einer Wolke schweben, umh\u00fcllt von einem atemberaubenden Panorama. Die frische Luft und der weite Blick auf die Stadt werden Ihnen das Gef\u00fchl geben, dass Sie sich an der Spitze der Welt befinden und Dubai aus einer Perspektive erleben, die nur wenige haben.<\/p>\n<p>Genie\u00dfen Sie eine Auswahl exquisiter Gourmet-Canap\u00e9s, die perfekt zu einem Glas Champagner passen, oder probieren Sie eine Auswahl der besten Tees und Kaffees, w\u00e4hrend Sie sich in dieser au\u00dfergew\u00f6hnlichen Umgebung entspannen. Dieses Ticket beinhaltet auch den Zugang zu den Aussichtsplattformen in der 124., 125. und 148. Etage, von wo aus Sie die atemberaubende Skyline Dubais noch besser bewundern k\u00f6nnen. Dieses Erlebnis ist ausschlie\u00dflich f\u00fcr Erwachsene zwischen 15:00 und 19:00 Uhr erh\u00e4ltlich und verspricht einen unvergesslichen Luxus.<\/p>\n","protected":false},"excerpt":{"rendered":"<ul>\n<li>Exklusive VIP-Erlebnisse mit Panoramablick.<\/li>\n<li>Luxuri\u00f6ses Ambiente und Weltklasse-Service.<\/li>\n<li>Erh\u00f6htes Esszimmer mit atemberaubender Aussicht.<\/li>\n<li>Privater Zugang zu den Premium-Lounges.<\/li>\n<li>Perfekt f\u00fcr besondere Momente<\/li>\n<li>Un\u00fcbertroffene Skyline-Aussichten von den Lounges aus.<\/li>\n<\/ul>\n","protected":false},"featured_media":8942,"comment_status":"closed","ping_status":"closed","template":"","meta":[],"product_brand":[],"product_cat":[171],"product_tag":[],"class_list":{"0":"post-8941","1":"product","2":"type-product","3":"status-publish","4":"has-post-thumbnail","6":"product_cat-luxus","8":"first","9":"instock","10":"virtual","11":"sold-individually","12":"purchasable","13":"product-type-turitop"},"yoast_head":"<!-- This site is optimized with the Yoast SEO plugin v27.4 - https:\/\/yoast.com\/product\/yoast-seo-wordpress\/ -->\n<title>Burja Khalifa Lounge - Fun in the Sun Dubai<\/title>\n<meta name=\"robots\" content=\"index, follow, max-snippet:-1, max-image-preview:large, max-video-preview:-1\" \/>\n<link rel=\"canonical\" href=\"https:\/\/funinthesundubai.com\/de\/shop\/luxus\/burja-khalifa-lounge\/\" \/>\n<meta property=\"og:locale\" content=\"de_DE\" \/>\n<meta property=\"og:type\" content=\"article\" \/>\n<meta property=\"og:title\" content=\"Burja Khalifa Lounge - Fun in the Sun Dubai\" \/>\n<meta property=\"og:description\" content=\"Exklusive VIP-Erlebnisse mit Panoramablick.  Luxuri\u00f6ses Ambiente und Weltklasse-Service.  Erh\u00f6htes Esszimmer mit atemberaubender Aussicht.  Privater Zugang zu den Premium-Lounges.  Perfekt f\u00fcr besondere Momente  Un\u00fcbertroffene Skyline-Aussichten von den Lounges aus.\" \/>\n<meta property=\"og:url\" content=\"https:\/\/funinthesundubai.com\/de\/shop\/luxus\/burja-khalifa-lounge\/\" \/>\n<meta property=\"og:site_name\" content=\"Fun in the Sun Dubai\" \/>\n<meta property=\"article:modified_time\" content=\"2025-02-12T11:22:15+00:00\" \/>\n<meta property=\"og:image\" content=\"https:\/\/funinthesundubai.com\/wp-content\/uploads\/2024\/12\/burj4-opt.jpg\" \/>\n\t<meta property=\"og:image:width\" content=\"800\" \/>\n\t<meta property=\"og:image:height\" content=\"533\" \/>\n\t<meta property=\"og:image:type\" content=\"image\/jpeg\" \/>\n<meta name=\"twitter:card\" content=\"summary_large_image\" \/>\n<meta name=\"twitter:label1\" content=\"Gesch\u00e4tzte Lesezeit\" \/>\n\t<meta name=\"twitter:data1\" content=\"2\u00a0Minuten\" \/>\n<script type=\"application\/ld+json\" class=\"yoast-schema-graph\">{\"@context\":\"https:\\\/\\\/schema.org\",\"@graph\":[{\"@type\":\"WebPage\",\"@id\":\"https:\\\/\\\/funinthesundubai.com\\\/de\\\/shop\\\/luxus\\\/burja-khalifa-lounge\\\/\",\"url\":\"https:\\\/\\\/funinthesundubai.com\\\/de\\\/shop\\\/luxus\\\/burja-khalifa-lounge\\\/\",\"name\":\"Burja Khalifa Lounge - Fun in the Sun Dubai\",\"isPartOf\":{\"@id\":\"https:\\\/\\\/funinthesundubai.com\\\/de\\\/#website\"},\"primaryImageOfPage\":{\"@id\":\"https:\\\/\\\/funinthesundubai.com\\\/de\\\/shop\\\/luxus\\\/burja-khalifa-lounge\\\/#primaryimage\"},\"image\":{\"@id\":\"https:\\\/\\\/funinthesundubai.com\\\/de\\\/shop\\\/luxus\\\/burja-khalifa-lounge\\\/#primaryimage\"},\"thumbnailUrl\":\"https:\\\/\\\/funinthesundubai.com\\\/wp-content\\\/uploads\\\/2024\\\/12\\\/burj4-opt.jpg\",\"datePublished\":\"2025-02-10T11:13:35+00:00\",\"dateModified\":\"2025-02-12T11:22:15+00:00\",\"breadcrumb\":{\"@id\":\"https:\\\/\\\/funinthesundubai.com\\\/de\\\/shop\\\/luxus\\\/burja-khalifa-lounge\\\/#breadcrumb\"},\"inLanguage\":\"de\",\"potentialAction\":[{\"@type\":\"ReadAction\",\"target\":[\"https:\\\/\\\/funinthesundubai.com\\\/de\\\/shop\\\/luxus\\\/burja-khalifa-lounge\\\/\"]}]},{\"@type\":\"ImageObject\",\"inLanguage\":\"de\",\"@id\":\"https:\\\/\\\/funinthesundubai.com\\\/de\\\/shop\\\/luxus\\\/burja-khalifa-lounge\\\/#primaryimage\",\"url\":\"https:\\\/\\\/funinthesundubai.com\\\/wp-content\\\/uploads\\\/2024\\\/12\\\/burj4-opt.jpg\",\"contentUrl\":\"https:\\\/\\\/funinthesundubai.com\\\/wp-content\\\/uploads\\\/2024\\\/12\\\/burj4-opt.jpg\",\"width\":800,\"height\":533},{\"@type\":\"BreadcrumbList\",\"@id\":\"https:\\\/\\\/funinthesundubai.com\\\/de\\\/shop\\\/luxus\\\/burja-khalifa-lounge\\\/#breadcrumb\",\"itemListElement\":[{\"@type\":\"ListItem\",\"position\":1,\"name\":\"Home\",\"item\":\"https:\\\/\\\/funinthesundubai.com\\\/de\\\/\"},{\"@type\":\"ListItem\",\"position\":2,\"name\":\"Shop\",\"item\":\"https:\\\/\\\/funinthesundubai.com\\\/de\\\/shop\\\/\"},{\"@type\":\"ListItem\",\"position\":3,\"name\":\"Burja Khalifa Lounge\"}]},{\"@type\":\"WebSite\",\"@id\":\"https:\\\/\\\/funinthesundubai.com\\\/de\\\/#website\",\"url\":\"https:\\\/\\\/funinthesundubai.com\\\/de\\\/\",\"name\":\"Fun in the Sun Dubai\",\"description\":\"Dubai Activity and Dubai Excursion provider\",\"publisher\":{\"@id\":\"https:\\\/\\\/funinthesundubai.com\\\/de\\\/#organization\"},\"potentialAction\":[{\"@type\":\"SearchAction\",\"target\":{\"@type\":\"EntryPoint\",\"urlTemplate\":\"https:\\\/\\\/funinthesundubai.com\\\/de\\\/?s={search_term_string}\"},\"query-input\":{\"@type\":\"PropertyValueSpecification\",\"valueRequired\":true,\"valueName\":\"search_term_string\"}}],\"inLanguage\":\"de\"},{\"@type\":\"Organization\",\"@id\":\"https:\\\/\\\/funinthesundubai.com\\\/de\\\/#organization\",\"name\":\"Fun in the Sun Dubai\",\"url\":\"https:\\\/\\\/funinthesundubai.com\\\/de\\\/\",\"logo\":{\"@type\":\"ImageObject\",\"inLanguage\":\"de\",\"@id\":\"https:\\\/\\\/funinthesundubai.com\\\/de\\\/#\\\/schema\\\/logo\\\/image\\\/\",\"url\":\"https:\\\/\\\/funinthesundubai.com\\\/wp-content\\\/uploads\\\/2024\\\/11\\\/logo-final-white-dubai.png\",\"contentUrl\":\"https:\\\/\\\/funinthesundubai.com\\\/wp-content\\\/uploads\\\/2024\\\/11\\\/logo-final-white-dubai.png\",\"width\":745,\"height\":366,\"caption\":\"Fun in the Sun Dubai\"},\"image\":{\"@id\":\"https:\\\/\\\/funinthesundubai.com\\\/de\\\/#\\\/schema\\\/logo\\\/image\\\/\"}}]}<\/script>\n<!-- \/ Yoast SEO plugin. -->","yoast_head_json":{"title":"Burja Khalifa Lounge - Fun in the Sun Dubai","robots":{"index":"index","follow":"follow","max-snippet":"max-snippet:-1","max-image-preview":"max-image-preview:large","max-video-preview":"max-video-preview:-1"},"canonical":"https:\/\/funinthesundubai.com\/de\/shop\/luxus\/burja-khalifa-lounge\/","og_locale":"de_DE","og_type":"article","og_title":"Burja Khalifa Lounge - Fun in the Sun Dubai","og_description":"Exklusive VIP-Erlebnisse mit Panoramablick.  Luxuri\u00f6ses Ambiente und Weltklasse-Service.  Erh\u00f6htes Esszimmer mit atemberaubender Aussicht.  Privater Zugang zu den Premium-Lounges.  Perfekt f\u00fcr besondere Momente  Un\u00fcbertroffene Skyline-Aussichten von den Lounges aus.","og_url":"https:\/\/funinthesundubai.com\/de\/shop\/luxus\/burja-khalifa-lounge\/","og_site_name":"Fun in the Sun Dubai","article_modified_time":"2025-02-12T11:22:15+00:00","og_image":[{"width":800,"height":533,"url":"https:\/\/funinthesundubai.com\/wp-content\/uploads\/2024\/12\/burj4-opt.jpg","type":"image\/jpeg"}],"twitter_card":"summary_large_image","twitter_misc":{"Gesch\u00e4tzte Lesezeit":"2\u00a0Minuten"},"schema":{"@context":"https:\/\/schema.org","@graph":[{"@type":"WebPage","@id":"https:\/\/funinthesundubai.com\/de\/shop\/luxus\/burja-khalifa-lounge\/","url":"https:\/\/funinthesundubai.com\/de\/shop\/luxus\/burja-khalifa-lounge\/","name":"Burja Khalifa Lounge - Fun in the Sun Dubai","isPartOf":{"@id":"https:\/\/funinthesundubai.com\/de\/#website"},"primaryImageOfPage":{"@id":"https:\/\/funinthesundubai.com\/de\/shop\/luxus\/burja-khalifa-lounge\/#primaryimage"},"image":{"@id":"https:\/\/funinthesundubai.com\/de\/shop\/luxus\/burja-khalifa-lounge\/#primaryimage"},"thumbnailUrl":"https:\/\/funinthesundubai.com\/wp-content\/uploads\/2024\/12\/burj4-opt.jpg","datePublished":"2025-02-10T11:13:35+00:00","dateModified":"2025-02-12T11:22:15+00:00","breadcrumb":{"@id":"https:\/\/funinthesundubai.com\/de\/shop\/luxus\/burja-khalifa-lounge\/#breadcrumb"},"inLanguage":"de","potentialAction":[{"@type":"ReadAction","target":["https:\/\/funinthesundubai.com\/de\/shop\/luxus\/burja-khalifa-lounge\/"]}]},{"@type":"ImageObject","inLanguage":"de","@id":"https:\/\/funinthesundubai.com\/de\/shop\/luxus\/burja-khalifa-lounge\/#primaryimage","url":"https:\/\/funinthesundubai.com\/wp-content\/uploads\/2024\/12\/burj4-opt.jpg","contentUrl":"https:\/\/funinthesundubai.com\/wp-content\/uploads\/2024\/12\/burj4-opt.jpg","width":800,"height":533},{"@type":"BreadcrumbList","@id":"https:\/\/funinthesundubai.com\/de\/shop\/luxus\/burja-khalifa-lounge\/#breadcrumb","itemListElement":[{"@type":"ListItem","position":1,"name":"Home","item":"https:\/\/funinthesundubai.com\/de\/"},{"@type":"ListItem","position":2,"name":"Shop","item":"https:\/\/funinthesundubai.com\/de\/shop\/"},{"@type":"ListItem","position":3,"name":"Burja Khalifa Lounge"}]},{"@type":"WebSite","@id":"https:\/\/funinthesundubai.com\/de\/#website","url":"https:\/\/funinthesundubai.com\/de\/","name":"Fun in the Sun Dubai","description":"Dubai Activity and Dubai Excursion provider","publisher":{"@id":"https:\/\/funinthesundubai.com\/de\/#organization"},"potentialAction":[{"@type":"SearchAction","target":{"@type":"EntryPoint","urlTemplate":"https:\/\/funinthesundubai.com\/de\/?s={search_term_string}"},"query-input":{"@type":"PropertyValueSpecification","valueRequired":true,"valueName":"search_term_string"}}],"inLanguage":"de"},{"@type":"Organization","@id":"https:\/\/funinthesundubai.com\/de\/#organization","name":"Fun in the Sun Dubai","url":"https:\/\/funinthesundubai.com\/de\/","logo":{"@type":"ImageObject","inLanguage":"de","@id":"https:\/\/funinthesundubai.com\/de\/#\/schema\/logo\/image\/","url":"https:\/\/funinthesundubai.com\/wp-content\/uploads\/2024\/11\/logo-final-white-dubai.png","contentUrl":"https:\/\/funinthesundubai.com\/wp-content\/uploads\/2024\/11\/logo-final-white-dubai.png","width":745,"height":366,"caption":"Fun in the Sun Dubai"},"image":{"@id":"https:\/\/funinthesundubai.com\/de\/#\/schema\/logo\/image\/"}}]}},"_links":{"self":[{"href":"https:\/\/funinthesundubai.com\/de\/wp-json\/wp\/v2\/product\/8941","targetHints":{"allow":["GET"]}}],"collection":[{"href":"https:\/\/funinthesundubai.com\/de\/wp-json\/wp\/v2\/product"}],"about":[{"href":"https:\/\/funinthesundubai.com\/de\/wp-json\/wp\/v2\/types\/product"}],"replies":[{"embeddable":true,"href":"https:\/\/funinthesundubai.com\/de\/wp-json\/wp\/v2\/comments?post=8941"}],"wp:featuredmedia":[{"embeddable":true,"href":"https:\/\/funinthesundubai.com\/de\/wp-json\/wp\/v2\/media\/8942"}],"wp:attachment":[{"href":"https:\/\/funinthesundubai.com\/de\/wp-json\/wp\/v2\/media?parent=8941"}],"wp:term":[{"taxonomy":"product_brand","embeddable":true,"href":"https:\/\/funinthesundubai.com\/de\/wp-json\/wp\/v2\/product_brand?post=8941"},{"taxonomy":"product_cat","embeddable":true,"href":"https:\/\/funinthesundubai.com\/de\/wp-json\/wp\/v2\/product_cat?post=8941"},{"taxonomy":"product_tag","embeddable":true,"href":"https:\/\/funinthesundubai.com\/de\/wp-json\/wp\/v2\/product_tag?post=8941"}],"curies":[{"name":"wp","href":"https:\/\/api.w.org\/{rel}","templated":true}]}}