{"id":8948,"date":"2024-12-12T10:54:30","date_gmt":"2024-12-12T10:54:30","guid":{"rendered":"https:\/\/funinthesundubai.com\/shop\/unkategorisiert\/aura-sky-pool\/"},"modified":"2026-03-25T13:23:05","modified_gmt":"2026-03-25T13:23:05","slug":"aura-sky-pool","status":"publish","type":"product","link":"https:\/\/funinthesundubai.com\/de\/shop\/luxus\/aura-sky-pool\/","title":{"rendered":"Aura Sky Pool"},"content":{"rendered":"<p>Der Aura Sky Pool in Dubai ist ein wahres Zeugnis architektonischer Brillanz und luxuri\u00f6ser Freizeitgestaltung. Er ist der h\u00f6chste 360-Grad-Infinity-Pool der Welt. Er befindet sich im 50. Stock des The Palm Tower in einer beeindruckenden H\u00f6he von 200 Metern und bietet einen unvergleichlichen Blick auf die ber\u00fchmtesten Wahrzeichen der Stadt. Von diesem hochgelegenen Paradies aus haben Sie einen atemberaubenden Blick auf die Palm Jumeirah, den Burj Al Arab, den Burj Khalifa und die schimmernde Weite des Arabischen Golfs, die alle von der atemberaubenden Infinity-Kante des Pools eingerahmt werden. Mit einer gro\u00dfz\u00fcgigen Fl\u00e4che von 750 Quadratmetern ist der Poolbereich ein Refugium der Ruhe, umgeben von opulenten Loungebereichen und \u00fcppigem Gr\u00fcn, die der Atmosph\u00e4re einen Hauch von Eleganz verleihen.   <\/p>\n<p>Der Aura Sky Pool ist mehr als nur ein Pool, er ist ein exklusives Ziel, das Freizeit und Raffinesse nahtlos miteinander verbindet. Der Raum verf\u00fcgt \u00fcber eine schicke Lounge im Innenbereich und eine stilvolle Terrasse, die einen perfekten Rahmen f\u00fcr Entspannung und Genuss bieten. Die G\u00e4ste sind eingeladen, eine ausgew\u00e4hlte Auswahl an internationalen Gourmetgerichten, fachm\u00e4nnisch zubereitete Cocktails und die bezaubernden Kl\u00e4nge von Live-Musik zu genie\u00dfen, w\u00e4hrend sie die ruhige Umgebung genie\u00dfen. Egal, ob Sie hier wohnen oder zu Besuch sind, Aura bietet eine Reihe von ma\u00dfgeschneiderten Paketen an, die vom Schwimmen am fr\u00fchen Morgen bis zum Sonnenuntergang reichen und daf\u00fcr sorgen, dass jeder Moment, den Sie hier verbringen, etwas ganz Besonderes ist.   <\/p>\n<p>Der Aura Sky Pool ist nicht nur ein Ort zum Schwimmen, sondern auch ein Ort, an dem Sie die Essenz der Opulenz Dubais erleben k\u00f6nnen. Mit seiner faszinierenden Aussicht, den erstklassigen Annehmlichkeiten und dem tadellosen Service ist es ein unverzichtbarer Ort f\u00fcr alle, die den ultimativen Luxus und Entspannung suchen. Ganz gleich, ob Sie einen besonderen Anlass feiern, einen ruhigen R\u00fcckzugsort genie\u00dfen oder einfach nur die pulsierende Energie der Stadt auf sich wirken lassen m\u00f6chten, das Aura bietet ein unvergessliches Erlebnis, das Dubais unvergleichliche Pracht verk\u00f6rpert.  <\/p>\n<p>Bei dieser Buchung handelt es sich nur um eine Reservierung. Teilen Sie uns Ihre bevorzugte Uhrzeit und Ihren bevorzugten Sitzplatz mit, und wir werden die Verf\u00fcgbarkeit pr\u00fcfen und Ihnen per E-Mail einen Preis mitteilen. Bitte senden Sie eine E-Mail an das Team von <a href=\"mailto:info@funinthesundubai.com\">info@funinthesundubai.com<\/a> <\/p>\n<p><em><strong>Verf\u00fcgbare Zeitfenster:<br \/>\n<\/strong><\/em><br \/>\n<strong>SUNRISE POOL EXPERIENCE &#8211; 6AM TO 9AM (Tues, Wed, Thur, Fri, Sun)<\/strong><br \/>\n<strong>MORNING POOL EXPERIENCE &#8211; 10AM TO 2PM (die ganze Woche)<\/strong><br \/>\n<strong>POOL-ERLEBNIS AM NACHMITTAG &#8211; 15:00 BIS 19:00 UHR<\/strong><br \/>\n<strong>ABENDLICHES POOLERLEBNIS &#8211; 20 UHR BIS 23 UHR (Di, Mi, Fr, Sa)<\/strong><\/p>\n<p><em><strong>W\u00e4hlen Sie nun, wo Sie sich niederlassen m\u00f6chten:<br \/>\n<\/strong><\/em><br \/>\n<strong>Palm View (Hoher Hocker und Tisch)<\/strong><br \/>\n<strong>Palmenblick (Barbestuhlung)<\/strong><br \/>\n<strong>Palmenblick 1. Reihe (Bett)<\/strong><br \/>\n<strong>Palmenblick 2. Reihe (Bett)<\/strong><br \/>\n<strong>Palm View 3. Reihe (Sofa)<\/strong><\/p>\n<p><strong>Blick auf das Burj Al Arab (Sofa mit Sitzgelegenheiten)<\/strong><br \/>\n<strong>Blick auf das Burj Al Arab (Hoher Hocker und hoher Tisch)<\/strong><br \/>\n<strong>Burj Al Arab Blick 1. Reihe (Bett)<\/strong><br \/>\n<strong>Burj Al Arab Blick 1. Reihe (Cabana)<\/strong><\/p>\n<p><strong>Blick auf die Skyline der Stadt 1.<\/strong><br \/>\n<strong>Blick auf die Skyline der Stadt 1. Reihe (Cabana)  <\/strong><br \/>\n<strong>City Sky Line 2. Reihe (Bett)<\/strong><br \/>\n<strong>Blick auf die Skyline der Stadt 3. Reihe (Cabana)  <\/strong><\/p>\n<p><strong>Blick auf den Yachthafen 1. Reihe (Bett)<\/strong><br \/>\n<strong>Blick auf den Yachthafen 2. Reihe (Bett)<\/strong><br \/>\n<strong>Blick auf den Yachthafen 2. Reihe (Sofasitz)<\/strong><br \/>\n<strong>Blick auf den Yachthafen (Schlafsofa)<\/strong><br \/>\n<strong>Marina View (Hoher Hocker und hoher Tisch)<\/strong><\/p>\n","protected":false},"excerpt":{"rendered":"<ul>\n<li>Dubais h\u00f6chster Infinity-Pool<\/li>\n<li>Atemberaubende Aussicht auf die Skyline<\/li>\n<li>Einzigartige Luftperspektive aus 200 Metern H\u00f6he<\/li>\n<li>Exklusiver Luxus mit VIP-Zugang<\/li>\n<li>Hochmodernes Design und Architektur<\/li>\n<li>Perfekt f\u00fcr Sonnenunterg\u00e4nge<\/li>\n<\/ul>\n","protected":false},"featured_media":8951,"comment_status":"closed","ping_status":"closed","template":"","meta":[],"product_brand":[],"product_cat":[171],"product_tag":[],"class_list":{"0":"post-8948","1":"product","2":"type-product","3":"status-publish","4":"has-post-thumbnail","6":"product_cat-luxus","8":"first","9":"instock","10":"virtual","11":"sold-individually","12":"purchasable","13":"product-type-turitop"},"yoast_head":"<!-- This site is optimized with the Yoast SEO plugin v27.4 - https:\/\/yoast.com\/product\/yoast-seo-wordpress\/ -->\n<title>Aura Sky Pool - Fun in the Sun Dubai<\/title>\n<meta name=\"robots\" content=\"index, follow, max-snippet:-1, max-image-preview:large, max-video-preview:-1\" \/>\n<link rel=\"canonical\" href=\"https:\/\/funinthesundubai.com\/de\/shop\/luxus\/aura-sky-pool\/\" \/>\n<meta property=\"og:locale\" content=\"de_DE\" \/>\n<meta property=\"og:type\" content=\"article\" \/>\n<meta property=\"og:title\" content=\"Aura Sky Pool - Fun in the Sun Dubai\" \/>\n<meta property=\"og:description\" content=\"Dubais h\u00f6chster Infinity-Pool  Atemberaubende Aussicht auf die Skyline  Einzigartige Luftperspektive aus 200 Metern H\u00f6he  Exklusiver Luxus mit VIP-Zugang  Hochmodernes Design und Architektur  Perfekt f\u00fcr Sonnenunterg\u00e4nge\" \/>\n<meta property=\"og:url\" content=\"https:\/\/funinthesundubai.com\/de\/shop\/luxus\/aura-sky-pool\/\" \/>\n<meta property=\"og:site_name\" content=\"Fun in the Sun Dubai\" \/>\n<meta property=\"article:modified_time\" content=\"2026-03-25T13:23:05+00:00\" \/>\n<meta property=\"og:image\" content=\"https:\/\/funinthesundubai.com\/wp-content\/uploads\/2024\/12\/aura4.jpg\" \/>\n\t<meta property=\"og:image:width\" content=\"650\" \/>\n\t<meta property=\"og:image:height\" content=\"400\" \/>\n\t<meta property=\"og:image:type\" content=\"image\/jpeg\" \/>\n<meta name=\"twitter:card\" content=\"summary_large_image\" \/>\n<meta name=\"twitter:label1\" content=\"Gesch\u00e4tzte Lesezeit\" \/>\n\t<meta name=\"twitter:data1\" content=\"2\u00a0Minuten\" \/>\n<script type=\"application\/ld+json\" class=\"yoast-schema-graph\">{\"@context\":\"https:\\\/\\\/schema.org\",\"@graph\":[{\"@type\":\"WebPage\",\"@id\":\"https:\\\/\\\/funinthesundubai.com\\\/de\\\/shop\\\/luxus\\\/aura-sky-pool\\\/\",\"url\":\"https:\\\/\\\/funinthesundubai.com\\\/de\\\/shop\\\/luxus\\\/aura-sky-pool\\\/\",\"name\":\"Aura Sky Pool - Fun in the Sun Dubai\",\"isPartOf\":{\"@id\":\"https:\\\/\\\/funinthesundubai.com\\\/de\\\/#website\"},\"primaryImageOfPage\":{\"@id\":\"https:\\\/\\\/funinthesundubai.com\\\/de\\\/shop\\\/luxus\\\/aura-sky-pool\\\/#primaryimage\"},\"image\":{\"@id\":\"https:\\\/\\\/funinthesundubai.com\\\/de\\\/shop\\\/luxus\\\/aura-sky-pool\\\/#primaryimage\"},\"thumbnailUrl\":\"https:\\\/\\\/funinthesundubai.com\\\/wp-content\\\/uploads\\\/2024\\\/12\\\/aura4.jpg\",\"datePublished\":\"2024-12-12T10:54:30+00:00\",\"dateModified\":\"2026-03-25T13:23:05+00:00\",\"breadcrumb\":{\"@id\":\"https:\\\/\\\/funinthesundubai.com\\\/de\\\/shop\\\/luxus\\\/aura-sky-pool\\\/#breadcrumb\"},\"inLanguage\":\"de\",\"potentialAction\":[{\"@type\":\"ReadAction\",\"target\":[\"https:\\\/\\\/funinthesundubai.com\\\/de\\\/shop\\\/luxus\\\/aura-sky-pool\\\/\"]}]},{\"@type\":\"ImageObject\",\"inLanguage\":\"de\",\"@id\":\"https:\\\/\\\/funinthesundubai.com\\\/de\\\/shop\\\/luxus\\\/aura-sky-pool\\\/#primaryimage\",\"url\":\"https:\\\/\\\/funinthesundubai.com\\\/wp-content\\\/uploads\\\/2024\\\/12\\\/aura4.jpg\",\"contentUrl\":\"https:\\\/\\\/funinthesundubai.com\\\/wp-content\\\/uploads\\\/2024\\\/12\\\/aura4.jpg\",\"width\":650,\"height\":400},{\"@type\":\"BreadcrumbList\",\"@id\":\"https:\\\/\\\/funinthesundubai.com\\\/de\\\/shop\\\/luxus\\\/aura-sky-pool\\\/#breadcrumb\",\"itemListElement\":[{\"@type\":\"ListItem\",\"position\":1,\"name\":\"Home\",\"item\":\"https:\\\/\\\/funinthesundubai.com\\\/de\\\/\"},{\"@type\":\"ListItem\",\"position\":2,\"name\":\"Shop\",\"item\":\"https:\\\/\\\/funinthesundubai.com\\\/de\\\/shop\\\/\"},{\"@type\":\"ListItem\",\"position\":3,\"name\":\"Aura Sky Pool\"}]},{\"@type\":\"WebSite\",\"@id\":\"https:\\\/\\\/funinthesundubai.com\\\/de\\\/#website\",\"url\":\"https:\\\/\\\/funinthesundubai.com\\\/de\\\/\",\"name\":\"Fun in the Sun Dubai\",\"description\":\"Dubai Activity and Dubai Excursion provider\",\"publisher\":{\"@id\":\"https:\\\/\\\/funinthesundubai.com\\\/de\\\/#organization\"},\"potentialAction\":[{\"@type\":\"SearchAction\",\"target\":{\"@type\":\"EntryPoint\",\"urlTemplate\":\"https:\\\/\\\/funinthesundubai.com\\\/de\\\/?s={search_term_string}\"},\"query-input\":{\"@type\":\"PropertyValueSpecification\",\"valueRequired\":true,\"valueName\":\"search_term_string\"}}],\"inLanguage\":\"de\"},{\"@type\":\"Organization\",\"@id\":\"https:\\\/\\\/funinthesundubai.com\\\/de\\\/#organization\",\"name\":\"Fun in the Sun Dubai\",\"url\":\"https:\\\/\\\/funinthesundubai.com\\\/de\\\/\",\"logo\":{\"@type\":\"ImageObject\",\"inLanguage\":\"de\",\"@id\":\"https:\\\/\\\/funinthesundubai.com\\\/de\\\/#\\\/schema\\\/logo\\\/image\\\/\",\"url\":\"https:\\\/\\\/funinthesundubai.com\\\/wp-content\\\/uploads\\\/2024\\\/11\\\/logo-final-white-dubai.png\",\"contentUrl\":\"https:\\\/\\\/funinthesundubai.com\\\/wp-content\\\/uploads\\\/2024\\\/11\\\/logo-final-white-dubai.png\",\"width\":745,\"height\":366,\"caption\":\"Fun in the Sun Dubai\"},\"image\":{\"@id\":\"https:\\\/\\\/funinthesundubai.com\\\/de\\\/#\\\/schema\\\/logo\\\/image\\\/\"}}]}<\/script>\n<!-- \/ Yoast SEO plugin. -->","yoast_head_json":{"title":"Aura Sky Pool - Fun in the Sun Dubai","robots":{"index":"index","follow":"follow","max-snippet":"max-snippet:-1","max-image-preview":"max-image-preview:large","max-video-preview":"max-video-preview:-1"},"canonical":"https:\/\/funinthesundubai.com\/de\/shop\/luxus\/aura-sky-pool\/","og_locale":"de_DE","og_type":"article","og_title":"Aura Sky Pool - Fun in the Sun Dubai","og_description":"Dubais h\u00f6chster Infinity-Pool  Atemberaubende Aussicht auf die Skyline  Einzigartige Luftperspektive aus 200 Metern H\u00f6he  Exklusiver Luxus mit VIP-Zugang  Hochmodernes Design und Architektur  Perfekt f\u00fcr Sonnenunterg\u00e4nge","og_url":"https:\/\/funinthesundubai.com\/de\/shop\/luxus\/aura-sky-pool\/","og_site_name":"Fun in the Sun Dubai","article_modified_time":"2026-03-25T13:23:05+00:00","og_image":[{"width":650,"height":400,"url":"https:\/\/funinthesundubai.com\/wp-content\/uploads\/2024\/12\/aura4.jpg","type":"image\/jpeg"}],"twitter_card":"summary_large_image","twitter_misc":{"Gesch\u00e4tzte Lesezeit":"2\u00a0Minuten"},"schema":{"@context":"https:\/\/schema.org","@graph":[{"@type":"WebPage","@id":"https:\/\/funinthesundubai.com\/de\/shop\/luxus\/aura-sky-pool\/","url":"https:\/\/funinthesundubai.com\/de\/shop\/luxus\/aura-sky-pool\/","name":"Aura Sky Pool - Fun in the Sun Dubai","isPartOf":{"@id":"https:\/\/funinthesundubai.com\/de\/#website"},"primaryImageOfPage":{"@id":"https:\/\/funinthesundubai.com\/de\/shop\/luxus\/aura-sky-pool\/#primaryimage"},"image":{"@id":"https:\/\/funinthesundubai.com\/de\/shop\/luxus\/aura-sky-pool\/#primaryimage"},"thumbnailUrl":"https:\/\/funinthesundubai.com\/wp-content\/uploads\/2024\/12\/aura4.jpg","datePublished":"2024-12-12T10:54:30+00:00","dateModified":"2026-03-25T13:23:05+00:00","breadcrumb":{"@id":"https:\/\/funinthesundubai.com\/de\/shop\/luxus\/aura-sky-pool\/#breadcrumb"},"inLanguage":"de","potentialAction":[{"@type":"ReadAction","target":["https:\/\/funinthesundubai.com\/de\/shop\/luxus\/aura-sky-pool\/"]}]},{"@type":"ImageObject","inLanguage":"de","@id":"https:\/\/funinthesundubai.com\/de\/shop\/luxus\/aura-sky-pool\/#primaryimage","url":"https:\/\/funinthesundubai.com\/wp-content\/uploads\/2024\/12\/aura4.jpg","contentUrl":"https:\/\/funinthesundubai.com\/wp-content\/uploads\/2024\/12\/aura4.jpg","width":650,"height":400},{"@type":"BreadcrumbList","@id":"https:\/\/funinthesundubai.com\/de\/shop\/luxus\/aura-sky-pool\/#breadcrumb","itemListElement":[{"@type":"ListItem","position":1,"name":"Home","item":"https:\/\/funinthesundubai.com\/de\/"},{"@type":"ListItem","position":2,"name":"Shop","item":"https:\/\/funinthesundubai.com\/de\/shop\/"},{"@type":"ListItem","position":3,"name":"Aura Sky Pool"}]},{"@type":"WebSite","@id":"https:\/\/funinthesundubai.com\/de\/#website","url":"https:\/\/funinthesundubai.com\/de\/","name":"Fun in the Sun Dubai","description":"Dubai Activity and Dubai Excursion provider","publisher":{"@id":"https:\/\/funinthesundubai.com\/de\/#organization"},"potentialAction":[{"@type":"SearchAction","target":{"@type":"EntryPoint","urlTemplate":"https:\/\/funinthesundubai.com\/de\/?s={search_term_string}"},"query-input":{"@type":"PropertyValueSpecification","valueRequired":true,"valueName":"search_term_string"}}],"inLanguage":"de"},{"@type":"Organization","@id":"https:\/\/funinthesundubai.com\/de\/#organization","name":"Fun in the Sun Dubai","url":"https:\/\/funinthesundubai.com\/de\/","logo":{"@type":"ImageObject","inLanguage":"de","@id":"https:\/\/funinthesundubai.com\/de\/#\/schema\/logo\/image\/","url":"https:\/\/funinthesundubai.com\/wp-content\/uploads\/2024\/11\/logo-final-white-dubai.png","contentUrl":"https:\/\/funinthesundubai.com\/wp-content\/uploads\/2024\/11\/logo-final-white-dubai.png","width":745,"height":366,"caption":"Fun in the Sun Dubai"},"image":{"@id":"https:\/\/funinthesundubai.com\/de\/#\/schema\/logo\/image\/"}}]}},"_links":{"self":[{"href":"https:\/\/funinthesundubai.com\/de\/wp-json\/wp\/v2\/product\/8948","targetHints":{"allow":["GET"]}}],"collection":[{"href":"https:\/\/funinthesundubai.com\/de\/wp-json\/wp\/v2\/product"}],"about":[{"href":"https:\/\/funinthesundubai.com\/de\/wp-json\/wp\/v2\/types\/product"}],"replies":[{"embeddable":true,"href":"https:\/\/funinthesundubai.com\/de\/wp-json\/wp\/v2\/comments?post=8948"}],"wp:featuredmedia":[{"embeddable":true,"href":"https:\/\/funinthesundubai.com\/de\/wp-json\/wp\/v2\/media\/8951"}],"wp:attachment":[{"href":"https:\/\/funinthesundubai.com\/de\/wp-json\/wp\/v2\/media?parent=8948"}],"wp:term":[{"taxonomy":"product_brand","embeddable":true,"href":"https:\/\/funinthesundubai.com\/de\/wp-json\/wp\/v2\/product_brand?post=8948"},{"taxonomy":"product_cat","embeddable":true,"href":"https:\/\/funinthesundubai.com\/de\/wp-json\/wp\/v2\/product_cat?post=8948"},{"taxonomy":"product_tag","embeddable":true,"href":"https:\/\/funinthesundubai.com\/de\/wp-json\/wp\/v2\/product_tag?post=8948"}],"curies":[{"name":"wp","href":"https:\/\/api.w.org\/{rel}","templated":true}]}}