{"id":8973,"date":"2024-12-12T10:53:36","date_gmt":"2025-02-10T11:13:40","guid":{"rendered":"https:\/\/funinthesundubai.com\/shop\/unkategorisiert\/palmenblick-prime\/"},"modified":"2025-02-12T11:21:40","modified_gmt":"2025-02-12T11:21:40","slug":"palmenblick-prime","status":"publish","type":"product","link":"https:\/\/funinthesundubai.com\/de\/shop\/luxus\/palmenblick-prime\/","title":{"rendered":"Palmenblick Prime"},"content":{"rendered":"<p>Die Palm Jumeirah hat schon immer spektakul\u00e4re Aussichten geboten, aber jetzt ist sie auf eine v\u00f6llig neue Ebene aufgestiegen &#8211; im wahrsten Sinne des Wortes. In der 54. Etage, der h\u00f6chsten Aussichtsplattform auf dieser ikonischen Insel, k\u00f6nnen G\u00e4ste Dubai in seiner ganzen Pracht betrachten. Mit ungehindertem Panoramablick entfaltet sich die pulsierende Stadt unter Ihnen und bietet eine seltene Gelegenheit, die frische Luft zu sp\u00fcren und in den Puls der Metropole einzutauchen. Dies ist eine Aussicht wie keine andere, hoch \u00fcber der belebten Skyline, was sie zum ultimativen Aussichtspunkt in Dubai macht.<\/p>\n<p>Als VIP-Gast umgehen Sie die Menschenmassen und werden direkt zum Aufzug gebracht, der Sie im Eiltempo in die 52. Etage bef\u00f6rdert &#8211; schon der rasante Aufstieg ist ein aufregendes Erlebnis. Dort angekommen, finden Sie sich auf einer gem\u00fctlichen, gl\u00e4sernen Aussichtsplattform 240 Meter \u00fcber dem Boden wieder. Von diesem Aussichtspunkt aus haben Sie einen atemberaubenden Blick auf die Skyline von Dubai Marina und Blue Waters Island. Nehmen Sie sich Zeit, um die interaktiven Ausstellungen zu genie\u00dfen, die faszinierende Einblicke in die Entstehung und Geschichte der Palm Jumeirah bieten.<\/p>\n<p>Wenn Sie bereit sind, Ihr Erlebnis noch weiter zu steigern, erklimmen Sie die letzten zwei Treppenstufen zu &#8222;The Next Level&#8220;. Die Anstrengung lohnt sich, denn oben angekommen, werden Sie mit einem unvergleichlichen, ununterbrochenen Ausblick belohnt. Das Gef\u00fchl, auf diesem hohen Gipfel zu stehen und auf die sich ausbreitende Stadt unter Ihnen zu blicken, ist wirklich atemberaubend &#8211; ein Moment, der die Essenz von Dubais Luxus und Pracht einf\u00e4ngt.<\/p>\n","protected":false},"excerpt":{"rendered":"<ul>\n<li>Atemberaubender Panoramablick auf Dubai.<\/li>\n<li>Die Aussichtsplattform bietet atemberaubende Ausblicke.<\/li>\n<li>Das Hotel liegt auf dem Wolkenkratzer von Palm Jumeirah.<\/li>\n<li>Ein idealer Ort f\u00fcr unvergessliche Fotos.<\/li>\n<li>Erleben Sie eine luxuri\u00f6se und malerische Umgebung.<\/li>\n<li>Perfekt f\u00fcr den Blick auf den Sonnenuntergang und die Skyline.<\/li>\n<\/ul>\n","protected":false},"featured_media":8975,"comment_status":"closed","ping_status":"closed","template":"","meta":[],"product_brand":[],"product_cat":[171],"product_tag":[],"class_list":{"0":"post-8973","1":"product","2":"type-product","3":"status-publish","4":"has-post-thumbnail","6":"product_cat-luxus","8":"first","9":"instock","10":"virtual","11":"sold-individually","12":"purchasable","13":"product-type-turitop"},"yoast_head":"<!-- This site is optimized with the Yoast SEO plugin v27.4 - https:\/\/yoast.com\/product\/yoast-seo-wordpress\/ -->\n<title>Palmenblick Prime - Fun in the Sun Dubai<\/title>\n<meta name=\"robots\" content=\"index, follow, max-snippet:-1, max-image-preview:large, max-video-preview:-1\" \/>\n<link rel=\"canonical\" href=\"https:\/\/funinthesundubai.com\/de\/shop\/luxus\/palmenblick-prime\/\" \/>\n<meta property=\"og:locale\" content=\"de_DE\" \/>\n<meta property=\"og:type\" content=\"article\" \/>\n<meta property=\"og:title\" content=\"Palmenblick Prime - Fun in the Sun Dubai\" \/>\n<meta property=\"og:description\" content=\"Atemberaubender Panoramablick auf Dubai.  Die Aussichtsplattform bietet atemberaubende Ausblicke.  Das Hotel liegt auf dem Wolkenkratzer von Palm Jumeirah.  Ein idealer Ort f\u00fcr unvergessliche Fotos.  Erleben Sie eine luxuri\u00f6se und malerische Umgebung.  Perfekt f\u00fcr den Blick auf den Sonnenuntergang und die Skyline.\" \/>\n<meta property=\"og:url\" content=\"https:\/\/funinthesundubai.com\/de\/shop\/luxus\/palmenblick-prime\/\" \/>\n<meta property=\"og:site_name\" content=\"Fun in the Sun Dubai\" \/>\n<meta property=\"article:modified_time\" content=\"2025-02-12T11:21:40+00:00\" \/>\n<meta property=\"og:image\" content=\"https:\/\/funinthesundubai.com\/wp-content\/uploads\/2024\/12\/palm-view-1-opt.jpg\" \/>\n\t<meta property=\"og:image:width\" content=\"800\" \/>\n\t<meta property=\"og:image:height\" content=\"533\" \/>\n\t<meta property=\"og:image:type\" content=\"image\/jpeg\" \/>\n<meta name=\"twitter:card\" content=\"summary_large_image\" \/>\n<meta name=\"twitter:label1\" content=\"Gesch\u00e4tzte Lesezeit\" \/>\n\t<meta name=\"twitter:data1\" content=\"2\u00a0Minuten\" \/>\n<script type=\"application\/ld+json\" class=\"yoast-schema-graph\">{\"@context\":\"https:\\\/\\\/schema.org\",\"@graph\":[{\"@type\":\"WebPage\",\"@id\":\"https:\\\/\\\/funinthesundubai.com\\\/de\\\/shop\\\/luxus\\\/palmenblick-prime\\\/\",\"url\":\"https:\\\/\\\/funinthesundubai.com\\\/de\\\/shop\\\/luxus\\\/palmenblick-prime\\\/\",\"name\":\"Palmenblick Prime - Fun in the Sun Dubai\",\"isPartOf\":{\"@id\":\"https:\\\/\\\/funinthesundubai.com\\\/de\\\/#website\"},\"primaryImageOfPage\":{\"@id\":\"https:\\\/\\\/funinthesundubai.com\\\/de\\\/shop\\\/luxus\\\/palmenblick-prime\\\/#primaryimage\"},\"image\":{\"@id\":\"https:\\\/\\\/funinthesundubai.com\\\/de\\\/shop\\\/luxus\\\/palmenblick-prime\\\/#primaryimage\"},\"thumbnailUrl\":\"https:\\\/\\\/funinthesundubai.com\\\/wp-content\\\/uploads\\\/2024\\\/12\\\/palm-view-1-opt.jpg\",\"datePublished\":\"2025-02-10T11:13:40+00:00\",\"dateModified\":\"2025-02-12T11:21:40+00:00\",\"breadcrumb\":{\"@id\":\"https:\\\/\\\/funinthesundubai.com\\\/de\\\/shop\\\/luxus\\\/palmenblick-prime\\\/#breadcrumb\"},\"inLanguage\":\"de\",\"potentialAction\":[{\"@type\":\"ReadAction\",\"target\":[\"https:\\\/\\\/funinthesundubai.com\\\/de\\\/shop\\\/luxus\\\/palmenblick-prime\\\/\"]}]},{\"@type\":\"ImageObject\",\"inLanguage\":\"de\",\"@id\":\"https:\\\/\\\/funinthesundubai.com\\\/de\\\/shop\\\/luxus\\\/palmenblick-prime\\\/#primaryimage\",\"url\":\"https:\\\/\\\/funinthesundubai.com\\\/wp-content\\\/uploads\\\/2024\\\/12\\\/palm-view-1-opt.jpg\",\"contentUrl\":\"https:\\\/\\\/funinthesundubai.com\\\/wp-content\\\/uploads\\\/2024\\\/12\\\/palm-view-1-opt.jpg\",\"width\":800,\"height\":533},{\"@type\":\"BreadcrumbList\",\"@id\":\"https:\\\/\\\/funinthesundubai.com\\\/de\\\/shop\\\/luxus\\\/palmenblick-prime\\\/#breadcrumb\",\"itemListElement\":[{\"@type\":\"ListItem\",\"position\":1,\"name\":\"Home\",\"item\":\"https:\\\/\\\/funinthesundubai.com\\\/de\\\/\"},{\"@type\":\"ListItem\",\"position\":2,\"name\":\"Shop\",\"item\":\"https:\\\/\\\/funinthesundubai.com\\\/de\\\/shop\\\/\"},{\"@type\":\"ListItem\",\"position\":3,\"name\":\"Palmenblick Prime\"}]},{\"@type\":\"WebSite\",\"@id\":\"https:\\\/\\\/funinthesundubai.com\\\/de\\\/#website\",\"url\":\"https:\\\/\\\/funinthesundubai.com\\\/de\\\/\",\"name\":\"Fun in the Sun Dubai\",\"description\":\"Dubai Activity and Dubai Excursion provider\",\"publisher\":{\"@id\":\"https:\\\/\\\/funinthesundubai.com\\\/de\\\/#organization\"},\"potentialAction\":[{\"@type\":\"SearchAction\",\"target\":{\"@type\":\"EntryPoint\",\"urlTemplate\":\"https:\\\/\\\/funinthesundubai.com\\\/de\\\/?s={search_term_string}\"},\"query-input\":{\"@type\":\"PropertyValueSpecification\",\"valueRequired\":true,\"valueName\":\"search_term_string\"}}],\"inLanguage\":\"de\"},{\"@type\":\"Organization\",\"@id\":\"https:\\\/\\\/funinthesundubai.com\\\/de\\\/#organization\",\"name\":\"Fun in the Sun Dubai\",\"url\":\"https:\\\/\\\/funinthesundubai.com\\\/de\\\/\",\"logo\":{\"@type\":\"ImageObject\",\"inLanguage\":\"de\",\"@id\":\"https:\\\/\\\/funinthesundubai.com\\\/de\\\/#\\\/schema\\\/logo\\\/image\\\/\",\"url\":\"https:\\\/\\\/funinthesundubai.com\\\/wp-content\\\/uploads\\\/2024\\\/11\\\/logo-final-white-dubai.png\",\"contentUrl\":\"https:\\\/\\\/funinthesundubai.com\\\/wp-content\\\/uploads\\\/2024\\\/11\\\/logo-final-white-dubai.png\",\"width\":745,\"height\":366,\"caption\":\"Fun in the Sun Dubai\"},\"image\":{\"@id\":\"https:\\\/\\\/funinthesundubai.com\\\/de\\\/#\\\/schema\\\/logo\\\/image\\\/\"}}]}<\/script>\n<!-- \/ Yoast SEO plugin. -->","yoast_head_json":{"title":"Palmenblick Prime - Fun in the Sun Dubai","robots":{"index":"index","follow":"follow","max-snippet":"max-snippet:-1","max-image-preview":"max-image-preview:large","max-video-preview":"max-video-preview:-1"},"canonical":"https:\/\/funinthesundubai.com\/de\/shop\/luxus\/palmenblick-prime\/","og_locale":"de_DE","og_type":"article","og_title":"Palmenblick Prime - Fun in the Sun Dubai","og_description":"Atemberaubender Panoramablick auf Dubai.  Die Aussichtsplattform bietet atemberaubende Ausblicke.  Das Hotel liegt auf dem Wolkenkratzer von Palm Jumeirah.  Ein idealer Ort f\u00fcr unvergessliche Fotos.  Erleben Sie eine luxuri\u00f6se und malerische Umgebung.  Perfekt f\u00fcr den Blick auf den Sonnenuntergang und die Skyline.","og_url":"https:\/\/funinthesundubai.com\/de\/shop\/luxus\/palmenblick-prime\/","og_site_name":"Fun in the Sun Dubai","article_modified_time":"2025-02-12T11:21:40+00:00","og_image":[{"width":800,"height":533,"url":"https:\/\/funinthesundubai.com\/wp-content\/uploads\/2024\/12\/palm-view-1-opt.jpg","type":"image\/jpeg"}],"twitter_card":"summary_large_image","twitter_misc":{"Gesch\u00e4tzte Lesezeit":"2\u00a0Minuten"},"schema":{"@context":"https:\/\/schema.org","@graph":[{"@type":"WebPage","@id":"https:\/\/funinthesundubai.com\/de\/shop\/luxus\/palmenblick-prime\/","url":"https:\/\/funinthesundubai.com\/de\/shop\/luxus\/palmenblick-prime\/","name":"Palmenblick Prime - Fun in the Sun Dubai","isPartOf":{"@id":"https:\/\/funinthesundubai.com\/de\/#website"},"primaryImageOfPage":{"@id":"https:\/\/funinthesundubai.com\/de\/shop\/luxus\/palmenblick-prime\/#primaryimage"},"image":{"@id":"https:\/\/funinthesundubai.com\/de\/shop\/luxus\/palmenblick-prime\/#primaryimage"},"thumbnailUrl":"https:\/\/funinthesundubai.com\/wp-content\/uploads\/2024\/12\/palm-view-1-opt.jpg","datePublished":"2025-02-10T11:13:40+00:00","dateModified":"2025-02-12T11:21:40+00:00","breadcrumb":{"@id":"https:\/\/funinthesundubai.com\/de\/shop\/luxus\/palmenblick-prime\/#breadcrumb"},"inLanguage":"de","potentialAction":[{"@type":"ReadAction","target":["https:\/\/funinthesundubai.com\/de\/shop\/luxus\/palmenblick-prime\/"]}]},{"@type":"ImageObject","inLanguage":"de","@id":"https:\/\/funinthesundubai.com\/de\/shop\/luxus\/palmenblick-prime\/#primaryimage","url":"https:\/\/funinthesundubai.com\/wp-content\/uploads\/2024\/12\/palm-view-1-opt.jpg","contentUrl":"https:\/\/funinthesundubai.com\/wp-content\/uploads\/2024\/12\/palm-view-1-opt.jpg","width":800,"height":533},{"@type":"BreadcrumbList","@id":"https:\/\/funinthesundubai.com\/de\/shop\/luxus\/palmenblick-prime\/#breadcrumb","itemListElement":[{"@type":"ListItem","position":1,"name":"Home","item":"https:\/\/funinthesundubai.com\/de\/"},{"@type":"ListItem","position":2,"name":"Shop","item":"https:\/\/funinthesundubai.com\/de\/shop\/"},{"@type":"ListItem","position":3,"name":"Palmenblick Prime"}]},{"@type":"WebSite","@id":"https:\/\/funinthesundubai.com\/de\/#website","url":"https:\/\/funinthesundubai.com\/de\/","name":"Fun in the Sun Dubai","description":"Dubai Activity and Dubai Excursion provider","publisher":{"@id":"https:\/\/funinthesundubai.com\/de\/#organization"},"potentialAction":[{"@type":"SearchAction","target":{"@type":"EntryPoint","urlTemplate":"https:\/\/funinthesundubai.com\/de\/?s={search_term_string}"},"query-input":{"@type":"PropertyValueSpecification","valueRequired":true,"valueName":"search_term_string"}}],"inLanguage":"de"},{"@type":"Organization","@id":"https:\/\/funinthesundubai.com\/de\/#organization","name":"Fun in the Sun Dubai","url":"https:\/\/funinthesundubai.com\/de\/","logo":{"@type":"ImageObject","inLanguage":"de","@id":"https:\/\/funinthesundubai.com\/de\/#\/schema\/logo\/image\/","url":"https:\/\/funinthesundubai.com\/wp-content\/uploads\/2024\/11\/logo-final-white-dubai.png","contentUrl":"https:\/\/funinthesundubai.com\/wp-content\/uploads\/2024\/11\/logo-final-white-dubai.png","width":745,"height":366,"caption":"Fun in the Sun Dubai"},"image":{"@id":"https:\/\/funinthesundubai.com\/de\/#\/schema\/logo\/image\/"}}]}},"_links":{"self":[{"href":"https:\/\/funinthesundubai.com\/de\/wp-json\/wp\/v2\/product\/8973","targetHints":{"allow":["GET"]}}],"collection":[{"href":"https:\/\/funinthesundubai.com\/de\/wp-json\/wp\/v2\/product"}],"about":[{"href":"https:\/\/funinthesundubai.com\/de\/wp-json\/wp\/v2\/types\/product"}],"replies":[{"embeddable":true,"href":"https:\/\/funinthesundubai.com\/de\/wp-json\/wp\/v2\/comments?post=8973"}],"wp:featuredmedia":[{"embeddable":true,"href":"https:\/\/funinthesundubai.com\/de\/wp-json\/wp\/v2\/media\/8975"}],"wp:attachment":[{"href":"https:\/\/funinthesundubai.com\/de\/wp-json\/wp\/v2\/media?parent=8973"}],"wp:term":[{"taxonomy":"product_brand","embeddable":true,"href":"https:\/\/funinthesundubai.com\/de\/wp-json\/wp\/v2\/product_brand?post=8973"},{"taxonomy":"product_cat","embeddable":true,"href":"https:\/\/funinthesundubai.com\/de\/wp-json\/wp\/v2\/product_cat?post=8973"},{"taxonomy":"product_tag","embeddable":true,"href":"https:\/\/funinthesundubai.com\/de\/wp-json\/wp\/v2\/product_tag?post=8973"}],"curies":[{"name":"wp","href":"https:\/\/api.w.org\/{rel}","templated":true}]}}