{"id":9082,"date":"2025-01-03T17:49:09","date_gmt":"2025-02-10T11:13:47","guid":{"rendered":"https:\/\/funinthesundubai.com\/shop\/unkategorisiert\/azimut-luxusyacht\/"},"modified":"2025-02-12T11:20:03","modified_gmt":"2025-02-12T11:20:03","slug":"azimut-luxusyacht","status":"publish","type":"product","link":"https:\/\/funinthesundubai.com\/de\/shop\/luxus\/azimut-luxusyacht\/","title":{"rendered":"Azimut Luxusyacht"},"content":{"rendered":"<p class=\"p1\"><b>Erleben Sie den Gipfel der Eleganz mit unseren Yachttouren<\/b><b><\/b><\/p>\n<p class=\"p1\">Machen Sie Ihren Dubai-Urlaub mit unserer exklusiven Luxusyacht zu einer gro\u00dfen Angelegenheit. Segeln Sie durch die ruhigen Gew\u00e4sser des Arabischen Golfs und genie\u00dfen Sie dabei den atemberaubenden Blick auf die ikonische Skyline von Dubai. Ganz gleich, ob Sie einen besonderen Anlass feiern oder sich einen luxuri\u00f6sen R\u00fcckzugsort g\u00f6nnen m\u00f6chten, diese Tour verleiht Ihrer Reise eine perfekte Mischung aus Raffinesse und Gelassenheit. Genie\u00dfen Sie die Sch\u00f6nheit Dubais in einer Umgebung, die Opulenz neu definiert und Ihnen ein wahrhaft unvergessliches Erlebnis bietet.<\/p>\n<p class=\"p1\">Unsere 48 Fu\u00df lange Luxusyacht ist f\u00fcr ultimativen Komfort und Stil konzipiert und bietet Platz f\u00fcr bis zu 16 G\u00e4ste. Gleiten Sie durch die unber\u00fchrten Gew\u00e4sser der Stadt und genie\u00dfen Sie die gut ausgestatteten Annehmlichkeiten, darunter eine komplett eingerichtete Kabine, eine ger\u00e4umige Master-Suite, ein VIP-Zimmer und zwei moderne Toiletten. Mit einem professionellen Kapit\u00e4n und zwei aufmerksamen Besatzungsmitgliedern, die Ihnen zu Diensten stehen, werden Sie w\u00e4hrend der gesamten Reise nahtlose Gastfreundschaft genie\u00dfen. Von einer Grillanlage bis hin zu einem erstklassigen Soundsystem ist alles auf einen au\u00dfergew\u00f6hnlichen Ausflug zugeschnitten.<\/p>\n<p class=\"p1\">Der 4-st\u00fcndige Standardcharter zum Preis von 3.600 AED beinhaltet kostenloses Wasser, Softdrinks, Chips, N\u00fcsse und frisches Obst. M\u00f6chten Sie die Party fortsetzen? Zus\u00e4tzliche Stunden sind f\u00fcr jeweils 900 AED erh\u00e4ltlich, so dass Sie die schillernde Sch\u00f6nheit der K\u00fcste Dubais voll auskosten k\u00f6nnen. Ob es sich um ein Familientreffen oder einen romantischen Ausflug handelt, unsere Yachttour verspricht ein luxuri\u00f6ses, aufregendes und unvergessliches Erlebnis.<\/p>\n","protected":false},"excerpt":{"rendered":"<ul>\n<li>Hochwertige professionelle Dienstleistungen f\u00fcr Yachten<\/li>\n<li>Ehrlichkeit, gute Preise, bestes Timing<\/li>\n<li>Pakete f\u00fcr unvergessliche Jachterlebnisse<\/li>\n<li>Atemberaubende Landschaften und Privatsph\u00e4re<\/li>\n<li>Intime und einzigartige Erlebnisse an Bord<\/li>\n<li>Der Kundenzufriedenheit gewidmet<\/li>\n<\/ul>\n","protected":false},"featured_media":9815,"comment_status":"closed","ping_status":"closed","template":"","meta":[],"product_brand":[],"product_cat":[171],"product_tag":[],"class_list":{"0":"post-9082","1":"product","2":"type-product","3":"status-publish","4":"has-post-thumbnail","6":"product_cat-luxus","8":"first","9":"instock","10":"virtual","11":"sold-individually","12":"purchasable","13":"product-type-turitop"},"yoast_head":"<!-- This site is optimized with the Yoast SEO plugin v27.4 - https:\/\/yoast.com\/product\/yoast-seo-wordpress\/ -->\n<title>Azimut Luxusyacht - Fun in the Sun Dubai<\/title>\n<meta name=\"robots\" content=\"index, follow, max-snippet:-1, max-image-preview:large, max-video-preview:-1\" \/>\n<link rel=\"canonical\" href=\"https:\/\/funinthesundubai.com\/de\/shop\/luxus\/azimut-luxusyacht\/\" \/>\n<meta property=\"og:locale\" content=\"de_DE\" \/>\n<meta property=\"og:type\" content=\"article\" \/>\n<meta property=\"og:title\" content=\"Azimut Luxusyacht - Fun in the Sun Dubai\" \/>\n<meta property=\"og:description\" content=\"Hochwertige professionelle Dienstleistungen f\u00fcr Yachten  Ehrlichkeit, gute Preise, bestes Timing  Pakete f\u00fcr unvergessliche Jachterlebnisse  Atemberaubende Landschaften und Privatsph\u00e4re  Intime und einzigartige Erlebnisse an Bord  Der Kundenzufriedenheit gewidmet\" \/>\n<meta property=\"og:url\" content=\"https:\/\/funinthesundubai.com\/de\/shop\/luxus\/azimut-luxusyacht\/\" \/>\n<meta property=\"og:site_name\" content=\"Fun in the Sun Dubai\" \/>\n<meta property=\"article:modified_time\" content=\"2025-02-12T11:20:03+00:00\" \/>\n<meta property=\"og:image\" content=\"https:\/\/funinthesundubai.com\/wp-content\/uploads\/2025\/01\/6.jpg\" \/>\n\t<meta property=\"og:image:width\" content=\"1500\" \/>\n\t<meta property=\"og:image:height\" content=\"1000\" \/>\n\t<meta property=\"og:image:type\" content=\"image\/jpeg\" \/>\n<meta name=\"twitter:card\" content=\"summary_large_image\" \/>\n<meta name=\"twitter:label1\" content=\"Gesch\u00e4tzte Lesezeit\" \/>\n\t<meta name=\"twitter:data1\" content=\"2\u00a0Minuten\" \/>\n<script type=\"application\/ld+json\" class=\"yoast-schema-graph\">{\"@context\":\"https:\\\/\\\/schema.org\",\"@graph\":[{\"@type\":\"WebPage\",\"@id\":\"https:\\\/\\\/funinthesundubai.com\\\/de\\\/shop\\\/luxus\\\/azimut-luxusyacht\\\/\",\"url\":\"https:\\\/\\\/funinthesundubai.com\\\/de\\\/shop\\\/luxus\\\/azimut-luxusyacht\\\/\",\"name\":\"Azimut Luxusyacht - Fun in the Sun Dubai\",\"isPartOf\":{\"@id\":\"https:\\\/\\\/funinthesundubai.com\\\/de\\\/#website\"},\"primaryImageOfPage\":{\"@id\":\"https:\\\/\\\/funinthesundubai.com\\\/de\\\/shop\\\/luxus\\\/azimut-luxusyacht\\\/#primaryimage\"},\"image\":{\"@id\":\"https:\\\/\\\/funinthesundubai.com\\\/de\\\/shop\\\/luxus\\\/azimut-luxusyacht\\\/#primaryimage\"},\"thumbnailUrl\":\"https:\\\/\\\/funinthesundubai.com\\\/wp-content\\\/uploads\\\/2025\\\/01\\\/6.jpg\",\"datePublished\":\"2025-02-10T11:13:47+00:00\",\"dateModified\":\"2025-02-12T11:20:03+00:00\",\"breadcrumb\":{\"@id\":\"https:\\\/\\\/funinthesundubai.com\\\/de\\\/shop\\\/luxus\\\/azimut-luxusyacht\\\/#breadcrumb\"},\"inLanguage\":\"de\",\"potentialAction\":[{\"@type\":\"ReadAction\",\"target\":[\"https:\\\/\\\/funinthesundubai.com\\\/de\\\/shop\\\/luxus\\\/azimut-luxusyacht\\\/\"]}]},{\"@type\":\"ImageObject\",\"inLanguage\":\"de\",\"@id\":\"https:\\\/\\\/funinthesundubai.com\\\/de\\\/shop\\\/luxus\\\/azimut-luxusyacht\\\/#primaryimage\",\"url\":\"https:\\\/\\\/funinthesundubai.com\\\/wp-content\\\/uploads\\\/2025\\\/01\\\/6.jpg\",\"contentUrl\":\"https:\\\/\\\/funinthesundubai.com\\\/wp-content\\\/uploads\\\/2025\\\/01\\\/6.jpg\",\"width\":1500,\"height\":1000},{\"@type\":\"BreadcrumbList\",\"@id\":\"https:\\\/\\\/funinthesundubai.com\\\/de\\\/shop\\\/luxus\\\/azimut-luxusyacht\\\/#breadcrumb\",\"itemListElement\":[{\"@type\":\"ListItem\",\"position\":1,\"name\":\"Home\",\"item\":\"https:\\\/\\\/funinthesundubai.com\\\/de\\\/\"},{\"@type\":\"ListItem\",\"position\":2,\"name\":\"Shop\",\"item\":\"https:\\\/\\\/funinthesundubai.com\\\/de\\\/shop\\\/\"},{\"@type\":\"ListItem\",\"position\":3,\"name\":\"Azimut Luxusyacht\"}]},{\"@type\":\"WebSite\",\"@id\":\"https:\\\/\\\/funinthesundubai.com\\\/de\\\/#website\",\"url\":\"https:\\\/\\\/funinthesundubai.com\\\/de\\\/\",\"name\":\"Fun in the Sun Dubai\",\"description\":\"Dubai Activity and Dubai Excursion provider\",\"publisher\":{\"@id\":\"https:\\\/\\\/funinthesundubai.com\\\/de\\\/#organization\"},\"potentialAction\":[{\"@type\":\"SearchAction\",\"target\":{\"@type\":\"EntryPoint\",\"urlTemplate\":\"https:\\\/\\\/funinthesundubai.com\\\/de\\\/?s={search_term_string}\"},\"query-input\":{\"@type\":\"PropertyValueSpecification\",\"valueRequired\":true,\"valueName\":\"search_term_string\"}}],\"inLanguage\":\"de\"},{\"@type\":\"Organization\",\"@id\":\"https:\\\/\\\/funinthesundubai.com\\\/de\\\/#organization\",\"name\":\"Fun in the Sun Dubai\",\"url\":\"https:\\\/\\\/funinthesundubai.com\\\/de\\\/\",\"logo\":{\"@type\":\"ImageObject\",\"inLanguage\":\"de\",\"@id\":\"https:\\\/\\\/funinthesundubai.com\\\/de\\\/#\\\/schema\\\/logo\\\/image\\\/\",\"url\":\"https:\\\/\\\/funinthesundubai.com\\\/wp-content\\\/uploads\\\/2024\\\/11\\\/logo-final-white-dubai.png\",\"contentUrl\":\"https:\\\/\\\/funinthesundubai.com\\\/wp-content\\\/uploads\\\/2024\\\/11\\\/logo-final-white-dubai.png\",\"width\":745,\"height\":366,\"caption\":\"Fun in the Sun Dubai\"},\"image\":{\"@id\":\"https:\\\/\\\/funinthesundubai.com\\\/de\\\/#\\\/schema\\\/logo\\\/image\\\/\"}}]}<\/script>\n<!-- \/ Yoast SEO plugin. -->","yoast_head_json":{"title":"Azimut Luxusyacht - Fun in the Sun Dubai","robots":{"index":"index","follow":"follow","max-snippet":"max-snippet:-1","max-image-preview":"max-image-preview:large","max-video-preview":"max-video-preview:-1"},"canonical":"https:\/\/funinthesundubai.com\/de\/shop\/luxus\/azimut-luxusyacht\/","og_locale":"de_DE","og_type":"article","og_title":"Azimut Luxusyacht - Fun in the Sun Dubai","og_description":"Hochwertige professionelle Dienstleistungen f\u00fcr Yachten  Ehrlichkeit, gute Preise, bestes Timing  Pakete f\u00fcr unvergessliche Jachterlebnisse  Atemberaubende Landschaften und Privatsph\u00e4re  Intime und einzigartige Erlebnisse an Bord  Der Kundenzufriedenheit gewidmet","og_url":"https:\/\/funinthesundubai.com\/de\/shop\/luxus\/azimut-luxusyacht\/","og_site_name":"Fun in the Sun Dubai","article_modified_time":"2025-02-12T11:20:03+00:00","og_image":[{"width":1500,"height":1000,"url":"https:\/\/funinthesundubai.com\/wp-content\/uploads\/2025\/01\/6.jpg","type":"image\/jpeg"}],"twitter_card":"summary_large_image","twitter_misc":{"Gesch\u00e4tzte Lesezeit":"2\u00a0Minuten"},"schema":{"@context":"https:\/\/schema.org","@graph":[{"@type":"WebPage","@id":"https:\/\/funinthesundubai.com\/de\/shop\/luxus\/azimut-luxusyacht\/","url":"https:\/\/funinthesundubai.com\/de\/shop\/luxus\/azimut-luxusyacht\/","name":"Azimut Luxusyacht - Fun in the Sun Dubai","isPartOf":{"@id":"https:\/\/funinthesundubai.com\/de\/#website"},"primaryImageOfPage":{"@id":"https:\/\/funinthesundubai.com\/de\/shop\/luxus\/azimut-luxusyacht\/#primaryimage"},"image":{"@id":"https:\/\/funinthesundubai.com\/de\/shop\/luxus\/azimut-luxusyacht\/#primaryimage"},"thumbnailUrl":"https:\/\/funinthesundubai.com\/wp-content\/uploads\/2025\/01\/6.jpg","datePublished":"2025-02-10T11:13:47+00:00","dateModified":"2025-02-12T11:20:03+00:00","breadcrumb":{"@id":"https:\/\/funinthesundubai.com\/de\/shop\/luxus\/azimut-luxusyacht\/#breadcrumb"},"inLanguage":"de","potentialAction":[{"@type":"ReadAction","target":["https:\/\/funinthesundubai.com\/de\/shop\/luxus\/azimut-luxusyacht\/"]}]},{"@type":"ImageObject","inLanguage":"de","@id":"https:\/\/funinthesundubai.com\/de\/shop\/luxus\/azimut-luxusyacht\/#primaryimage","url":"https:\/\/funinthesundubai.com\/wp-content\/uploads\/2025\/01\/6.jpg","contentUrl":"https:\/\/funinthesundubai.com\/wp-content\/uploads\/2025\/01\/6.jpg","width":1500,"height":1000},{"@type":"BreadcrumbList","@id":"https:\/\/funinthesundubai.com\/de\/shop\/luxus\/azimut-luxusyacht\/#breadcrumb","itemListElement":[{"@type":"ListItem","position":1,"name":"Home","item":"https:\/\/funinthesundubai.com\/de\/"},{"@type":"ListItem","position":2,"name":"Shop","item":"https:\/\/funinthesundubai.com\/de\/shop\/"},{"@type":"ListItem","position":3,"name":"Azimut Luxusyacht"}]},{"@type":"WebSite","@id":"https:\/\/funinthesundubai.com\/de\/#website","url":"https:\/\/funinthesundubai.com\/de\/","name":"Fun in the Sun Dubai","description":"Dubai Activity and Dubai Excursion provider","publisher":{"@id":"https:\/\/funinthesundubai.com\/de\/#organization"},"potentialAction":[{"@type":"SearchAction","target":{"@type":"EntryPoint","urlTemplate":"https:\/\/funinthesundubai.com\/de\/?s={search_term_string}"},"query-input":{"@type":"PropertyValueSpecification","valueRequired":true,"valueName":"search_term_string"}}],"inLanguage":"de"},{"@type":"Organization","@id":"https:\/\/funinthesundubai.com\/de\/#organization","name":"Fun in the Sun Dubai","url":"https:\/\/funinthesundubai.com\/de\/","logo":{"@type":"ImageObject","inLanguage":"de","@id":"https:\/\/funinthesundubai.com\/de\/#\/schema\/logo\/image\/","url":"https:\/\/funinthesundubai.com\/wp-content\/uploads\/2024\/11\/logo-final-white-dubai.png","contentUrl":"https:\/\/funinthesundubai.com\/wp-content\/uploads\/2024\/11\/logo-final-white-dubai.png","width":745,"height":366,"caption":"Fun in the Sun Dubai"},"image":{"@id":"https:\/\/funinthesundubai.com\/de\/#\/schema\/logo\/image\/"}}]}},"_links":{"self":[{"href":"https:\/\/funinthesundubai.com\/de\/wp-json\/wp\/v2\/product\/9082","targetHints":{"allow":["GET"]}}],"collection":[{"href":"https:\/\/funinthesundubai.com\/de\/wp-json\/wp\/v2\/product"}],"about":[{"href":"https:\/\/funinthesundubai.com\/de\/wp-json\/wp\/v2\/types\/product"}],"replies":[{"embeddable":true,"href":"https:\/\/funinthesundubai.com\/de\/wp-json\/wp\/v2\/comments?post=9082"}],"wp:featuredmedia":[{"embeddable":true,"href":"https:\/\/funinthesundubai.com\/de\/wp-json\/wp\/v2\/media\/9815"}],"wp:attachment":[{"href":"https:\/\/funinthesundubai.com\/de\/wp-json\/wp\/v2\/media?parent=9082"}],"wp:term":[{"taxonomy":"product_brand","embeddable":true,"href":"https:\/\/funinthesundubai.com\/de\/wp-json\/wp\/v2\/product_brand?post=9082"},{"taxonomy":"product_cat","embeddable":true,"href":"https:\/\/funinthesundubai.com\/de\/wp-json\/wp\/v2\/product_cat?post=9082"},{"taxonomy":"product_tag","embeddable":true,"href":"https:\/\/funinthesundubai.com\/de\/wp-json\/wp\/v2\/product_tag?post=9082"}],"curies":[{"name":"wp","href":"https:\/\/api.w.org\/{rel}","templated":true}]}}