{"id":9093,"date":"2025-02-07T11:25:14","date_gmt":"2025-02-07T11:25:14","guid":{"rendered":"https:\/\/funinthesundubai.com\/shop\/unkategorisiert\/wueste-dash-private-safari\/"},"modified":"2026-03-25T13:09:54","modified_gmt":"2026-03-25T13:09:54","slug":"wueste-dash-private-safari","status":"publish","type":"product","link":"https:\/\/funinthesundubai.com\/de\/shop\/safari-de\/wueste-dash-private-safari\/","title":{"rendered":"W\u00fcste Dash Private Safari"},"content":{"rendered":"<div class=\"gdlr-core-pbf-element\">\n<div class=\"gdlr-core-title-item gdlr-core-item-pdb clearfix gdlr-core-left-align gdlr-core-title-item-caption-bottom gdlr-core-item-pdlr\">\n<p class=\"p1\">Begeben Sie sich auf das ultimative W\u00fcstenabenteuer mit unserer exklusiven 4-st\u00fcndigen Privatsafari, bei der jedes Detail auf ein unvergessliches Erlebnis ausgerichtet ist. Ihre Reise beginnt mit einer reibungslosen Abholung in einem luxuri\u00f6sen 4&#215;4-Fahrzeug, das den Ton f\u00fcr eine au\u00dfergew\u00f6hnliche Flucht in die atemberaubenden D\u00fcnen angibt. Ob Sie den goldenen Schein des Sonnenaufgangs oder die magische Atmosph\u00e4re einer Nachmittags-\/Abendsafari bevorzugen, unsere flexiblen Optionen sorgen daf\u00fcr, dass Sie die W\u00fcste von ihrer sch\u00f6nsten Seite erleben k\u00f6nnen. Dieser sorgf\u00e4ltig zusammengestellte Ausflug bietet die perfekte Mischung aus adrenalingeladenem Nervenkitzel und ruhigen Momenten und ist damit ideal f\u00fcr Abenteurer und Naturliebhaber gleicherma\u00dfen.   <\/p>\n<p class=\"p1\">Sp\u00fcren Sie den Rausch, wenn unsere erfahrenen Fahrer Sie auf eine atemberaubende Fahrt \u00fcber die sanften D\u00fcnen mitnehmen und mit Pr\u00e4zision und Geschick durch die weite Sandlandschaft navigieren. Erleben Sie den Nervenkitzel beim Sandboarding, wenn Sie die hoch aufragenden D\u00fcnen hinuntergleiten und den puren Nervenkitzel des Gleitens \u00fcber den weichen W\u00fcstensand genie\u00dfen. F\u00fcr diejenigen, die eine traditionellere Begegnung suchen, bietet ein friedlicher Kamelritt einen Einblick in das reiche Erbe der Region. Halten Sie diese unglaublichen Momente mit atemberaubenden Fotom\u00f6glichkeiten fest und sorgen Sie daf\u00fcr, dass Sie Erinnerungen mit nach Hause nehmen, die so lebendig sind wie die W\u00fcste selbst.   <\/p>\n<p class=\"p1\">W\u00e4hrend Ihrer Reise k\u00f6nnen Sie sich mit Getr\u00e4nken erfrischen und neue Energie tanken, w\u00e4hrend Sie jeden aufregenden Moment genie\u00dfen. Ob Sie nun das Abenteuer suchen oder in die ruhige Sch\u00f6nheit der arabischen W\u00fcste eintauchen m\u00f6chten, diese private Safari verspricht ein unvergleichliches Erlebnis. Buchen Sie jetzt und bereiten Sie sich auf eine au\u00dfergew\u00f6hnliche Reise vor, von der Sie noch lange erz\u00e4hlen werden und die Ihnen unvergessliche Erinnerungen bescheren wird.  <\/p>\n<p class=\"p1\">\n<\/div>\n<\/div>\n","protected":false},"excerpt":{"rendered":"<ul>\n<li>Hotel Transfers<\/li>\n<li>D\u00fcnenbashing<\/li>\n<li>Sand Boarding<\/li>\n<li>Erlebnis Kamelreiten<\/li>\n<li>Unvergessliche Fotogelegenheit<\/li>\n<li>Unbegrenzte Erfrischungen<\/li>\n<li>Vormittags-, Nachmittags- oder Abendoptionen<\/li>\n<\/ul>\n","protected":false},"featured_media":9625,"comment_status":"closed","ping_status":"closed","template":"","meta":[],"product_brand":[],"product_cat":[175],"product_tag":[],"class_list":{"0":"post-9093","1":"product","2":"type-product","3":"status-publish","4":"has-post-thumbnail","6":"product_cat-safari-de","8":"first","9":"instock","10":"virtual","11":"sold-individually","12":"purchasable","13":"product-type-turitop"},"yoast_head":"<!-- This site is optimized with the Yoast SEO plugin v27.4 - https:\/\/yoast.com\/product\/yoast-seo-wordpress\/ -->\n<title>W\u00fcste Dash Private Safari - Fun in the Sun Dubai<\/title>\n<meta name=\"robots\" content=\"index, follow, max-snippet:-1, max-image-preview:large, max-video-preview:-1\" \/>\n<link rel=\"canonical\" href=\"https:\/\/funinthesundubai.com\/de\/shop\/safari-de\/wueste-dash-private-safari\/\" \/>\n<meta property=\"og:locale\" content=\"de_DE\" \/>\n<meta property=\"og:type\" content=\"article\" \/>\n<meta property=\"og:title\" content=\"W\u00fcste Dash Private Safari - Fun in the Sun Dubai\" \/>\n<meta property=\"og:description\" content=\"Hotel Transfers  D\u00fcnenbashing  Sand Boarding  Erlebnis Kamelreiten  Unvergessliche Fotogelegenheit  Unbegrenzte Erfrischungen  Vormittags-, Nachmittags- oder Abendoptionen\" \/>\n<meta property=\"og:url\" content=\"https:\/\/funinthesundubai.com\/de\/shop\/safari-de\/wueste-dash-private-safari\/\" \/>\n<meta property=\"og:site_name\" content=\"Fun in the Sun Dubai\" \/>\n<meta property=\"article:modified_time\" content=\"2026-03-25T13:09:54+00:00\" \/>\n<meta property=\"og:image\" content=\"https:\/\/funinthesundubai.com\/wp-content\/uploads\/2025\/02\/11.jpg\" \/>\n\t<meta property=\"og:image:width\" content=\"1500\" \/>\n\t<meta property=\"og:image:height\" content=\"1000\" \/>\n\t<meta property=\"og:image:type\" content=\"image\/jpeg\" \/>\n<meta name=\"twitter:card\" content=\"summary_large_image\" \/>\n<meta name=\"twitter:label1\" content=\"Gesch\u00e4tzte Lesezeit\" \/>\n\t<meta name=\"twitter:data1\" content=\"2\u00a0Minuten\" \/>\n<script type=\"application\/ld+json\" class=\"yoast-schema-graph\">{\"@context\":\"https:\\\/\\\/schema.org\",\"@graph\":[{\"@type\":\"WebPage\",\"@id\":\"https:\\\/\\\/funinthesundubai.com\\\/de\\\/shop\\\/safari-de\\\/wueste-dash-private-safari\\\/\",\"url\":\"https:\\\/\\\/funinthesundubai.com\\\/de\\\/shop\\\/safari-de\\\/wueste-dash-private-safari\\\/\",\"name\":\"W\u00fcste Dash Private Safari - Fun in the Sun Dubai\",\"isPartOf\":{\"@id\":\"https:\\\/\\\/funinthesundubai.com\\\/de\\\/#website\"},\"primaryImageOfPage\":{\"@id\":\"https:\\\/\\\/funinthesundubai.com\\\/de\\\/shop\\\/safari-de\\\/wueste-dash-private-safari\\\/#primaryimage\"},\"image\":{\"@id\":\"https:\\\/\\\/funinthesundubai.com\\\/de\\\/shop\\\/safari-de\\\/wueste-dash-private-safari\\\/#primaryimage\"},\"thumbnailUrl\":\"https:\\\/\\\/funinthesundubai.com\\\/wp-content\\\/uploads\\\/2025\\\/02\\\/11.jpg\",\"datePublished\":\"2025-02-07T11:25:14+00:00\",\"dateModified\":\"2026-03-25T13:09:54+00:00\",\"breadcrumb\":{\"@id\":\"https:\\\/\\\/funinthesundubai.com\\\/de\\\/shop\\\/safari-de\\\/wueste-dash-private-safari\\\/#breadcrumb\"},\"inLanguage\":\"de\",\"potentialAction\":[{\"@type\":\"ReadAction\",\"target\":[\"https:\\\/\\\/funinthesundubai.com\\\/de\\\/shop\\\/safari-de\\\/wueste-dash-private-safari\\\/\"]}]},{\"@type\":\"ImageObject\",\"inLanguage\":\"de\",\"@id\":\"https:\\\/\\\/funinthesundubai.com\\\/de\\\/shop\\\/safari-de\\\/wueste-dash-private-safari\\\/#primaryimage\",\"url\":\"https:\\\/\\\/funinthesundubai.com\\\/wp-content\\\/uploads\\\/2025\\\/02\\\/11.jpg\",\"contentUrl\":\"https:\\\/\\\/funinthesundubai.com\\\/wp-content\\\/uploads\\\/2025\\\/02\\\/11.jpg\",\"width\":1500,\"height\":1000},{\"@type\":\"BreadcrumbList\",\"@id\":\"https:\\\/\\\/funinthesundubai.com\\\/de\\\/shop\\\/safari-de\\\/wueste-dash-private-safari\\\/#breadcrumb\",\"itemListElement\":[{\"@type\":\"ListItem\",\"position\":1,\"name\":\"Home\",\"item\":\"https:\\\/\\\/funinthesundubai.com\\\/de\\\/\"},{\"@type\":\"ListItem\",\"position\":2,\"name\":\"Shop\",\"item\":\"https:\\\/\\\/funinthesundubai.com\\\/de\\\/shop\\\/\"},{\"@type\":\"ListItem\",\"position\":3,\"name\":\"W\u00fcste Dash Private Safari\"}]},{\"@type\":\"WebSite\",\"@id\":\"https:\\\/\\\/funinthesundubai.com\\\/de\\\/#website\",\"url\":\"https:\\\/\\\/funinthesundubai.com\\\/de\\\/\",\"name\":\"Fun in the Sun Dubai\",\"description\":\"Dubai Activity and Dubai Excursion provider\",\"publisher\":{\"@id\":\"https:\\\/\\\/funinthesundubai.com\\\/de\\\/#organization\"},\"potentialAction\":[{\"@type\":\"SearchAction\",\"target\":{\"@type\":\"EntryPoint\",\"urlTemplate\":\"https:\\\/\\\/funinthesundubai.com\\\/de\\\/?s={search_term_string}\"},\"query-input\":{\"@type\":\"PropertyValueSpecification\",\"valueRequired\":true,\"valueName\":\"search_term_string\"}}],\"inLanguage\":\"de\"},{\"@type\":\"Organization\",\"@id\":\"https:\\\/\\\/funinthesundubai.com\\\/de\\\/#organization\",\"name\":\"Fun in the Sun Dubai\",\"url\":\"https:\\\/\\\/funinthesundubai.com\\\/de\\\/\",\"logo\":{\"@type\":\"ImageObject\",\"inLanguage\":\"de\",\"@id\":\"https:\\\/\\\/funinthesundubai.com\\\/de\\\/#\\\/schema\\\/logo\\\/image\\\/\",\"url\":\"https:\\\/\\\/funinthesundubai.com\\\/wp-content\\\/uploads\\\/2024\\\/11\\\/logo-final-white-dubai.png\",\"contentUrl\":\"https:\\\/\\\/funinthesundubai.com\\\/wp-content\\\/uploads\\\/2024\\\/11\\\/logo-final-white-dubai.png\",\"width\":745,\"height\":366,\"caption\":\"Fun in the Sun Dubai\"},\"image\":{\"@id\":\"https:\\\/\\\/funinthesundubai.com\\\/de\\\/#\\\/schema\\\/logo\\\/image\\\/\"}}]}<\/script>\n<!-- \/ Yoast SEO plugin. -->","yoast_head_json":{"title":"W\u00fcste Dash Private Safari - Fun in the Sun Dubai","robots":{"index":"index","follow":"follow","max-snippet":"max-snippet:-1","max-image-preview":"max-image-preview:large","max-video-preview":"max-video-preview:-1"},"canonical":"https:\/\/funinthesundubai.com\/de\/shop\/safari-de\/wueste-dash-private-safari\/","og_locale":"de_DE","og_type":"article","og_title":"W\u00fcste Dash Private Safari - Fun in the Sun Dubai","og_description":"Hotel Transfers  D\u00fcnenbashing  Sand Boarding  Erlebnis Kamelreiten  Unvergessliche Fotogelegenheit  Unbegrenzte Erfrischungen  Vormittags-, Nachmittags- oder Abendoptionen","og_url":"https:\/\/funinthesundubai.com\/de\/shop\/safari-de\/wueste-dash-private-safari\/","og_site_name":"Fun in the Sun Dubai","article_modified_time":"2026-03-25T13:09:54+00:00","og_image":[{"width":1500,"height":1000,"url":"https:\/\/funinthesundubai.com\/wp-content\/uploads\/2025\/02\/11.jpg","type":"image\/jpeg"}],"twitter_card":"summary_large_image","twitter_misc":{"Gesch\u00e4tzte Lesezeit":"2\u00a0Minuten"},"schema":{"@context":"https:\/\/schema.org","@graph":[{"@type":"WebPage","@id":"https:\/\/funinthesundubai.com\/de\/shop\/safari-de\/wueste-dash-private-safari\/","url":"https:\/\/funinthesundubai.com\/de\/shop\/safari-de\/wueste-dash-private-safari\/","name":"W\u00fcste Dash Private Safari - Fun in the Sun Dubai","isPartOf":{"@id":"https:\/\/funinthesundubai.com\/de\/#website"},"primaryImageOfPage":{"@id":"https:\/\/funinthesundubai.com\/de\/shop\/safari-de\/wueste-dash-private-safari\/#primaryimage"},"image":{"@id":"https:\/\/funinthesundubai.com\/de\/shop\/safari-de\/wueste-dash-private-safari\/#primaryimage"},"thumbnailUrl":"https:\/\/funinthesundubai.com\/wp-content\/uploads\/2025\/02\/11.jpg","datePublished":"2025-02-07T11:25:14+00:00","dateModified":"2026-03-25T13:09:54+00:00","breadcrumb":{"@id":"https:\/\/funinthesundubai.com\/de\/shop\/safari-de\/wueste-dash-private-safari\/#breadcrumb"},"inLanguage":"de","potentialAction":[{"@type":"ReadAction","target":["https:\/\/funinthesundubai.com\/de\/shop\/safari-de\/wueste-dash-private-safari\/"]}]},{"@type":"ImageObject","inLanguage":"de","@id":"https:\/\/funinthesundubai.com\/de\/shop\/safari-de\/wueste-dash-private-safari\/#primaryimage","url":"https:\/\/funinthesundubai.com\/wp-content\/uploads\/2025\/02\/11.jpg","contentUrl":"https:\/\/funinthesundubai.com\/wp-content\/uploads\/2025\/02\/11.jpg","width":1500,"height":1000},{"@type":"BreadcrumbList","@id":"https:\/\/funinthesundubai.com\/de\/shop\/safari-de\/wueste-dash-private-safari\/#breadcrumb","itemListElement":[{"@type":"ListItem","position":1,"name":"Home","item":"https:\/\/funinthesundubai.com\/de\/"},{"@type":"ListItem","position":2,"name":"Shop","item":"https:\/\/funinthesundubai.com\/de\/shop\/"},{"@type":"ListItem","position":3,"name":"W\u00fcste Dash Private Safari"}]},{"@type":"WebSite","@id":"https:\/\/funinthesundubai.com\/de\/#website","url":"https:\/\/funinthesundubai.com\/de\/","name":"Fun in the Sun Dubai","description":"Dubai Activity and Dubai Excursion provider","publisher":{"@id":"https:\/\/funinthesundubai.com\/de\/#organization"},"potentialAction":[{"@type":"SearchAction","target":{"@type":"EntryPoint","urlTemplate":"https:\/\/funinthesundubai.com\/de\/?s={search_term_string}"},"query-input":{"@type":"PropertyValueSpecification","valueRequired":true,"valueName":"search_term_string"}}],"inLanguage":"de"},{"@type":"Organization","@id":"https:\/\/funinthesundubai.com\/de\/#organization","name":"Fun in the Sun Dubai","url":"https:\/\/funinthesundubai.com\/de\/","logo":{"@type":"ImageObject","inLanguage":"de","@id":"https:\/\/funinthesundubai.com\/de\/#\/schema\/logo\/image\/","url":"https:\/\/funinthesundubai.com\/wp-content\/uploads\/2024\/11\/logo-final-white-dubai.png","contentUrl":"https:\/\/funinthesundubai.com\/wp-content\/uploads\/2024\/11\/logo-final-white-dubai.png","width":745,"height":366,"caption":"Fun in the Sun Dubai"},"image":{"@id":"https:\/\/funinthesundubai.com\/de\/#\/schema\/logo\/image\/"}}]}},"_links":{"self":[{"href":"https:\/\/funinthesundubai.com\/de\/wp-json\/wp\/v2\/product\/9093","targetHints":{"allow":["GET"]}}],"collection":[{"href":"https:\/\/funinthesundubai.com\/de\/wp-json\/wp\/v2\/product"}],"about":[{"href":"https:\/\/funinthesundubai.com\/de\/wp-json\/wp\/v2\/types\/product"}],"replies":[{"embeddable":true,"href":"https:\/\/funinthesundubai.com\/de\/wp-json\/wp\/v2\/comments?post=9093"}],"wp:featuredmedia":[{"embeddable":true,"href":"https:\/\/funinthesundubai.com\/de\/wp-json\/wp\/v2\/media\/9625"}],"wp:attachment":[{"href":"https:\/\/funinthesundubai.com\/de\/wp-json\/wp\/v2\/media?parent=9093"}],"wp:term":[{"taxonomy":"product_brand","embeddable":true,"href":"https:\/\/funinthesundubai.com\/de\/wp-json\/wp\/v2\/product_brand?post=9093"},{"taxonomy":"product_cat","embeddable":true,"href":"https:\/\/funinthesundubai.com\/de\/wp-json\/wp\/v2\/product_cat?post=9093"},{"taxonomy":"product_tag","embeddable":true,"href":"https:\/\/funinthesundubai.com\/de\/wp-json\/wp\/v2\/product_tag?post=9093"}],"curies":[{"name":"wp","href":"https:\/\/api.w.org\/{rel}","templated":true}]}}