{"id":9319,"date":"2024-11-20T14:04:18","date_gmt":"2025-02-10T11:36:48","guid":{"rendered":"https:\/\/funinthesundubai.com\/shop\/unkategorisiert\/ras-al-khamimah-vip-tour\/"},"modified":"2025-02-12T11:31:56","modified_gmt":"2025-02-12T11:31:56","slug":"ras-al-khamimah-vip-tour","status":"publish","type":"product","link":"https:\/\/funinthesundubai.com\/de\/shop\/freizeit\/ras-al-khamimah-vip-tour\/","title":{"rendered":"Ras Al Khamimah VIP Tour"},"content":{"rendered":"<div class=\"gdlr-core-pbf-element\">\n<div class=\"gdlr-core-title-item gdlr-core-item-pdb clearfix gdlr-core-left-align gdlr-core-title-item-caption-bottom gdlr-core-item-pdlr\">\n<div class=\"gdlr-core-title-item-title-wrap\">\n<p>Begeben Sie sich auf eine zauberhafte Reise durch Ras Al Khaimah, ein Reiseziel, an dem Geschichte, Sch\u00f6nheit und Kultur nahtlos ineinander \u00fcbergehen. Dieses pulsierende Emirat, das auf eine mehr als sieben Jahrtausende alte Geschichte zur\u00fcckblicken kann, war einst ein pulsierendes Zentrum des Handels. Im 13. und 14. Jahrhundert florierte es als wohlhabender Hafen unter dem Namen Julfar und etablierte sich als wichtiger Handelsknotenpunkt am Arabischen Golf. Ras Al Khaimah ist bekannt f\u00fcr seine exquisiten Perlen und fasziniert seine Besucher auch heute noch mit seinem reichen kulturellen Erbe und seinem zeitlosen Charme.<\/p>\n<p>Diese faszinierende Region, die nur 130 Kilometer nord\u00f6stlich von Dubai liegt, gewinnt schnell an Anerkennung als erstklassiger Touristenort. Die Landschaft von Ras Al Khaimah ist ein atemberaubender Wandteppich verschiedener Naturwunder, von riesigen Sandd\u00fcnen \u00fcber die unber\u00fchrte K\u00fcste bis hin zu ausgedehnten Salzebenen und beeindruckenden Bergketten. Die ruhigen Schwefelquellen und die reiche Tierwelt, darunter Hunderte von Vogelarten und W\u00fcstentiere wie F\u00fcchse und Jerboas, machen den Reiz dieses au\u00dfergew\u00f6hnlichen Reiseziels aus. Eines der kr\u00f6nenden Juwelen, Jebel Jais, ist beeindruckende 1.934 Meter hoch und beherbergt die l\u00e4ngste Zipline der Welt, die von Guinness World Records zertifiziert wurde.<\/p>\n<p>Ihre luxuri\u00f6se Tour beinhaltet einen bequemen Abhol- und Bringservice, der eine nahtlose Reise gew\u00e4hrleistet. Auf Ihrem Weg zum majest\u00e4tischen Jebel Jais-Gebirge passieren Sie das atemberaubende Hajjar-Gebirge, das Ihnen malerische Ausblicke bietet. Obwohl die Tickets f\u00fcr die Jais-Schlittenfahrt nicht inbegriffen sind, werden Ihnen Wasserflaschen und erfrischende Softdrinks zur Verf\u00fcgung gestellt, damit Sie sich bei diesem unvergesslichen Erlebnis wohl f\u00fchlen. Lassen Sie die zeitlose Sch\u00f6nheit und den historischen Reichtum von Ras Al Khaimah Erinnerungen schaffen, die ein Leben lang halten werden.<\/p>\n<\/div>\n<\/div>\n<\/div>\n","protected":false},"excerpt":{"rendered":"<ul>\n<li class=\" gdlr-core-skin-divider clearfix\">\n<div class=\"gdlr-core-icon-list-content-wrap\"><span class=\"gdlr-core-icon-list-content\">Abholung und R\u00fcckgabe<\/span><\/div>\n<\/li>\n<li class=\" gdlr-core-skin-divider clearfix\">\n<div class=\"gdlr-core-icon-list-content-wrap\"><span class=\"gdlr-core-icon-list-content\">Fahrt zum Jebel Jais Gebirge<\/span><\/div>\n<\/li>\n<li class=\" gdlr-core-skin-divider clearfix\"><span class=\"gdlr-core-icon-list-content\">Passieren Sie das Hajjar-Gebirge<\/span><\/li>\n<li class=\" gdlr-core-skin-divider clearfix\"><span class=\"gdlr-core-icon-list-content\">Jais Sledder- Tickets nicht inbegriffen<\/span><\/li>\n<li class=\" gdlr-core-skin-divider clearfix\"><span class=\"gdlr-core-icon-list-content\">Wasser und Softdrinks in Flaschen<\/span><\/li>\n<\/ul>\n","protected":false},"featured_media":9323,"comment_status":"closed","ping_status":"closed","template":"","meta":[],"product_brand":[],"product_cat":[167],"product_tag":[],"class_list":{"0":"post-9319","1":"product","2":"type-product","3":"status-publish","4":"has-post-thumbnail","6":"product_cat-freizeit","8":"first","9":"instock","10":"virtual","11":"sold-individually","12":"purchasable","13":"product-type-turitop"},"yoast_head":"<!-- This site is optimized with the Yoast SEO plugin v27.4 - https:\/\/yoast.com\/product\/yoast-seo-wordpress\/ -->\n<title>Ras Al Khamimah VIP Tour - Fun in the Sun Dubai<\/title>\n<meta name=\"robots\" content=\"index, follow, max-snippet:-1, max-image-preview:large, max-video-preview:-1\" \/>\n<link rel=\"canonical\" href=\"https:\/\/funinthesundubai.com\/de\/shop\/freizeit\/ras-al-khamimah-vip-tour\/\" \/>\n<meta property=\"og:locale\" content=\"de_DE\" \/>\n<meta property=\"og:type\" content=\"article\" \/>\n<meta property=\"og:title\" content=\"Ras Al Khamimah VIP Tour - Fun in the Sun Dubai\" \/>\n<meta property=\"og:description\" content=\"Abholung und R\u00fcckgabe   Fahrt zum Jebel Jais Gebirge  Passieren Sie das Hajjar-Gebirge  Jais Sledder- Tickets nicht inbegriffen  Wasser und Softdrinks in Flaschen\" \/>\n<meta property=\"og:url\" content=\"https:\/\/funinthesundubai.com\/de\/shop\/freizeit\/ras-al-khamimah-vip-tour\/\" \/>\n<meta property=\"og:site_name\" content=\"Fun in the Sun Dubai\" \/>\n<meta property=\"article:modified_time\" content=\"2025-02-12T11:31:56+00:00\" \/>\n<meta property=\"og:image\" content=\"https:\/\/funinthesundubai.com\/wp-content\/uploads\/2024\/11\/3-1-opt.jpg\" \/>\n\t<meta property=\"og:image:width\" content=\"1500\" \/>\n\t<meta property=\"og:image:height\" content=\"1000\" \/>\n\t<meta property=\"og:image:type\" content=\"image\/jpeg\" \/>\n<meta name=\"twitter:card\" content=\"summary_large_image\" \/>\n<meta name=\"twitter:label1\" content=\"Gesch\u00e4tzte Lesezeit\" \/>\n\t<meta name=\"twitter:data1\" content=\"2\u00a0Minuten\" \/>\n<script type=\"application\/ld+json\" class=\"yoast-schema-graph\">{\"@context\":\"https:\\\/\\\/schema.org\",\"@graph\":[{\"@type\":\"WebPage\",\"@id\":\"https:\\\/\\\/funinthesundubai.com\\\/de\\\/shop\\\/freizeit\\\/ras-al-khamimah-vip-tour\\\/\",\"url\":\"https:\\\/\\\/funinthesundubai.com\\\/de\\\/shop\\\/freizeit\\\/ras-al-khamimah-vip-tour\\\/\",\"name\":\"Ras Al Khamimah VIP Tour - Fun in the Sun Dubai\",\"isPartOf\":{\"@id\":\"https:\\\/\\\/funinthesundubai.com\\\/de\\\/#website\"},\"primaryImageOfPage\":{\"@id\":\"https:\\\/\\\/funinthesundubai.com\\\/de\\\/shop\\\/freizeit\\\/ras-al-khamimah-vip-tour\\\/#primaryimage\"},\"image\":{\"@id\":\"https:\\\/\\\/funinthesundubai.com\\\/de\\\/shop\\\/freizeit\\\/ras-al-khamimah-vip-tour\\\/#primaryimage\"},\"thumbnailUrl\":\"https:\\\/\\\/funinthesundubai.com\\\/wp-content\\\/uploads\\\/2024\\\/11\\\/3-1-opt.jpg\",\"datePublished\":\"2025-02-10T11:36:48+00:00\",\"dateModified\":\"2025-02-12T11:31:56+00:00\",\"breadcrumb\":{\"@id\":\"https:\\\/\\\/funinthesundubai.com\\\/de\\\/shop\\\/freizeit\\\/ras-al-khamimah-vip-tour\\\/#breadcrumb\"},\"inLanguage\":\"de\",\"potentialAction\":[{\"@type\":\"ReadAction\",\"target\":[\"https:\\\/\\\/funinthesundubai.com\\\/de\\\/shop\\\/freizeit\\\/ras-al-khamimah-vip-tour\\\/\"]}]},{\"@type\":\"ImageObject\",\"inLanguage\":\"de\",\"@id\":\"https:\\\/\\\/funinthesundubai.com\\\/de\\\/shop\\\/freizeit\\\/ras-al-khamimah-vip-tour\\\/#primaryimage\",\"url\":\"https:\\\/\\\/funinthesundubai.com\\\/wp-content\\\/uploads\\\/2024\\\/11\\\/3-1-opt.jpg\",\"contentUrl\":\"https:\\\/\\\/funinthesundubai.com\\\/wp-content\\\/uploads\\\/2024\\\/11\\\/3-1-opt.jpg\",\"width\":1500,\"height\":1000},{\"@type\":\"BreadcrumbList\",\"@id\":\"https:\\\/\\\/funinthesundubai.com\\\/de\\\/shop\\\/freizeit\\\/ras-al-khamimah-vip-tour\\\/#breadcrumb\",\"itemListElement\":[{\"@type\":\"ListItem\",\"position\":1,\"name\":\"Home\",\"item\":\"https:\\\/\\\/funinthesundubai.com\\\/de\\\/\"},{\"@type\":\"ListItem\",\"position\":2,\"name\":\"Shop\",\"item\":\"https:\\\/\\\/funinthesundubai.com\\\/de\\\/shop\\\/\"},{\"@type\":\"ListItem\",\"position\":3,\"name\":\"Ras Al Khamimah VIP Tour\"}]},{\"@type\":\"WebSite\",\"@id\":\"https:\\\/\\\/funinthesundubai.com\\\/de\\\/#website\",\"url\":\"https:\\\/\\\/funinthesundubai.com\\\/de\\\/\",\"name\":\"Fun in the Sun Dubai\",\"description\":\"Dubai Activity and Dubai Excursion provider\",\"publisher\":{\"@id\":\"https:\\\/\\\/funinthesundubai.com\\\/de\\\/#organization\"},\"potentialAction\":[{\"@type\":\"SearchAction\",\"target\":{\"@type\":\"EntryPoint\",\"urlTemplate\":\"https:\\\/\\\/funinthesundubai.com\\\/de\\\/?s={search_term_string}\"},\"query-input\":{\"@type\":\"PropertyValueSpecification\",\"valueRequired\":true,\"valueName\":\"search_term_string\"}}],\"inLanguage\":\"de\"},{\"@type\":\"Organization\",\"@id\":\"https:\\\/\\\/funinthesundubai.com\\\/de\\\/#organization\",\"name\":\"Fun in the Sun Dubai\",\"url\":\"https:\\\/\\\/funinthesundubai.com\\\/de\\\/\",\"logo\":{\"@type\":\"ImageObject\",\"inLanguage\":\"de\",\"@id\":\"https:\\\/\\\/funinthesundubai.com\\\/de\\\/#\\\/schema\\\/logo\\\/image\\\/\",\"url\":\"https:\\\/\\\/funinthesundubai.com\\\/wp-content\\\/uploads\\\/2024\\\/11\\\/logo-final-white-dubai.png\",\"contentUrl\":\"https:\\\/\\\/funinthesundubai.com\\\/wp-content\\\/uploads\\\/2024\\\/11\\\/logo-final-white-dubai.png\",\"width\":745,\"height\":366,\"caption\":\"Fun in the Sun Dubai\"},\"image\":{\"@id\":\"https:\\\/\\\/funinthesundubai.com\\\/de\\\/#\\\/schema\\\/logo\\\/image\\\/\"}}]}<\/script>\n<!-- \/ Yoast SEO plugin. -->","yoast_head_json":{"title":"Ras Al Khamimah VIP Tour - Fun in the Sun Dubai","robots":{"index":"index","follow":"follow","max-snippet":"max-snippet:-1","max-image-preview":"max-image-preview:large","max-video-preview":"max-video-preview:-1"},"canonical":"https:\/\/funinthesundubai.com\/de\/shop\/freizeit\/ras-al-khamimah-vip-tour\/","og_locale":"de_DE","og_type":"article","og_title":"Ras Al Khamimah VIP Tour - Fun in the Sun Dubai","og_description":"Abholung und R\u00fcckgabe   Fahrt zum Jebel Jais Gebirge  Passieren Sie das Hajjar-Gebirge  Jais Sledder- Tickets nicht inbegriffen  Wasser und Softdrinks in Flaschen","og_url":"https:\/\/funinthesundubai.com\/de\/shop\/freizeit\/ras-al-khamimah-vip-tour\/","og_site_name":"Fun in the Sun Dubai","article_modified_time":"2025-02-12T11:31:56+00:00","og_image":[{"width":1500,"height":1000,"url":"https:\/\/funinthesundubai.com\/wp-content\/uploads\/2024\/11\/3-1-opt.jpg","type":"image\/jpeg"}],"twitter_card":"summary_large_image","twitter_misc":{"Gesch\u00e4tzte Lesezeit":"2\u00a0Minuten"},"schema":{"@context":"https:\/\/schema.org","@graph":[{"@type":"WebPage","@id":"https:\/\/funinthesundubai.com\/de\/shop\/freizeit\/ras-al-khamimah-vip-tour\/","url":"https:\/\/funinthesundubai.com\/de\/shop\/freizeit\/ras-al-khamimah-vip-tour\/","name":"Ras Al Khamimah VIP Tour - Fun in the Sun Dubai","isPartOf":{"@id":"https:\/\/funinthesundubai.com\/de\/#website"},"primaryImageOfPage":{"@id":"https:\/\/funinthesundubai.com\/de\/shop\/freizeit\/ras-al-khamimah-vip-tour\/#primaryimage"},"image":{"@id":"https:\/\/funinthesundubai.com\/de\/shop\/freizeit\/ras-al-khamimah-vip-tour\/#primaryimage"},"thumbnailUrl":"https:\/\/funinthesundubai.com\/wp-content\/uploads\/2024\/11\/3-1-opt.jpg","datePublished":"2025-02-10T11:36:48+00:00","dateModified":"2025-02-12T11:31:56+00:00","breadcrumb":{"@id":"https:\/\/funinthesundubai.com\/de\/shop\/freizeit\/ras-al-khamimah-vip-tour\/#breadcrumb"},"inLanguage":"de","potentialAction":[{"@type":"ReadAction","target":["https:\/\/funinthesundubai.com\/de\/shop\/freizeit\/ras-al-khamimah-vip-tour\/"]}]},{"@type":"ImageObject","inLanguage":"de","@id":"https:\/\/funinthesundubai.com\/de\/shop\/freizeit\/ras-al-khamimah-vip-tour\/#primaryimage","url":"https:\/\/funinthesundubai.com\/wp-content\/uploads\/2024\/11\/3-1-opt.jpg","contentUrl":"https:\/\/funinthesundubai.com\/wp-content\/uploads\/2024\/11\/3-1-opt.jpg","width":1500,"height":1000},{"@type":"BreadcrumbList","@id":"https:\/\/funinthesundubai.com\/de\/shop\/freizeit\/ras-al-khamimah-vip-tour\/#breadcrumb","itemListElement":[{"@type":"ListItem","position":1,"name":"Home","item":"https:\/\/funinthesundubai.com\/de\/"},{"@type":"ListItem","position":2,"name":"Shop","item":"https:\/\/funinthesundubai.com\/de\/shop\/"},{"@type":"ListItem","position":3,"name":"Ras Al Khamimah VIP Tour"}]},{"@type":"WebSite","@id":"https:\/\/funinthesundubai.com\/de\/#website","url":"https:\/\/funinthesundubai.com\/de\/","name":"Fun in the Sun Dubai","description":"Dubai Activity and Dubai Excursion provider","publisher":{"@id":"https:\/\/funinthesundubai.com\/de\/#organization"},"potentialAction":[{"@type":"SearchAction","target":{"@type":"EntryPoint","urlTemplate":"https:\/\/funinthesundubai.com\/de\/?s={search_term_string}"},"query-input":{"@type":"PropertyValueSpecification","valueRequired":true,"valueName":"search_term_string"}}],"inLanguage":"de"},{"@type":"Organization","@id":"https:\/\/funinthesundubai.com\/de\/#organization","name":"Fun in the Sun Dubai","url":"https:\/\/funinthesundubai.com\/de\/","logo":{"@type":"ImageObject","inLanguage":"de","@id":"https:\/\/funinthesundubai.com\/de\/#\/schema\/logo\/image\/","url":"https:\/\/funinthesundubai.com\/wp-content\/uploads\/2024\/11\/logo-final-white-dubai.png","contentUrl":"https:\/\/funinthesundubai.com\/wp-content\/uploads\/2024\/11\/logo-final-white-dubai.png","width":745,"height":366,"caption":"Fun in the Sun Dubai"},"image":{"@id":"https:\/\/funinthesundubai.com\/de\/#\/schema\/logo\/image\/"}}]}},"_links":{"self":[{"href":"https:\/\/funinthesundubai.com\/de\/wp-json\/wp\/v2\/product\/9319","targetHints":{"allow":["GET"]}}],"collection":[{"href":"https:\/\/funinthesundubai.com\/de\/wp-json\/wp\/v2\/product"}],"about":[{"href":"https:\/\/funinthesundubai.com\/de\/wp-json\/wp\/v2\/types\/product"}],"replies":[{"embeddable":true,"href":"https:\/\/funinthesundubai.com\/de\/wp-json\/wp\/v2\/comments?post=9319"}],"wp:featuredmedia":[{"embeddable":true,"href":"https:\/\/funinthesundubai.com\/de\/wp-json\/wp\/v2\/media\/9323"}],"wp:attachment":[{"href":"https:\/\/funinthesundubai.com\/de\/wp-json\/wp\/v2\/media?parent=9319"}],"wp:term":[{"taxonomy":"product_brand","embeddable":true,"href":"https:\/\/funinthesundubai.com\/de\/wp-json\/wp\/v2\/product_brand?post=9319"},{"taxonomy":"product_cat","embeddable":true,"href":"https:\/\/funinthesundubai.com\/de\/wp-json\/wp\/v2\/product_cat?post=9319"},{"taxonomy":"product_tag","embeddable":true,"href":"https:\/\/funinthesundubai.com\/de\/wp-json\/wp\/v2\/product_tag?post=9319"}],"curies":[{"name":"wp","href":"https:\/\/api.w.org\/{rel}","templated":true}]}}