{"id":9391,"date":"2024-11-21T10:01:27","date_gmt":"2025-02-10T11:36:58","guid":{"rendered":"https:\/\/funinthesundubai.com\/shop\/unkategorisiert\/vip-abendsafari-quad-erlebnis-geteilt\/"},"modified":"2025-02-12T11:29:42","modified_gmt":"2025-02-12T11:29:42","slug":"vip-abendsafari-quad-erlebnis-geteilt","status":"publish","type":"product","link":"https:\/\/funinthesundubai.com\/de\/shop\/safari-de\/vip-abendsafari-quad-erlebnis-geteilt\/","title":{"rendered":"VIP-Abendsafari + Quad-Erlebnis (geteilt)"},"content":{"rendered":"<div class=\"gdlr-core-pbf-element\">\n<div class=\"gdlr-core-title-item gdlr-core-item-pdb clearfix gdlr-core-left-align gdlr-core-title-item-caption-bottom gdlr-core-item-pdlr\">\n<p class=\"p1\">G\u00f6nnen Sie sich eine au\u00dfergew\u00f6hnliche VIP-Abend-W\u00fcstensafari, bei der Luxus und Abenteuer auf einer unvergesslichen gemeinsamen Tour aufeinandertreffen. Ihr Erlebnis beginnt um ca. 13:00 Uhr mit einer nahtlosen Abholung in einem privaten, opulenten Gel\u00e4ndewagen mit Allradantrieb, der an einem Ort Ihrer Wahl steht. Genie\u00dfen Sie eine ruhige und stilvolle Fahrt in das Herz der W\u00fcste, bis Sie in einem exklusiven W\u00fcstencamp ankommen, wo Sie mit einem herzlichen VIP-Empfang begr\u00fc\u00dft werden.<\/p>\n<p class=\"p1\">Verw\u00f6hnen Sie sich mit einem Wir verlassen den Komfort des W\u00fcstencamps und begeben uns auf ein aufregendes 30-min\u00fctiges Buggy-Abenteuer. Nach einer Sicherheitseinweisung und der Ausstattung mit der notwendigen Ausr\u00fcstung begeben Sie sich auf eine adrenalingeladene Fahrt durch die goldenen D\u00fcnen. Egal, ob Sie ein Anf\u00e4nger oder ein erfahrener Fahrer sind, diese einfach zu bedienenden Quads versprechen eine aufregende Fahrt durch das wechselnde W\u00fcstengel\u00e4nde. Unter der F\u00fchrung unserer professionellen Guides genie\u00dfen Sie den Fahrtwind im Gesicht und den Nervenkitzel beim Navigieren durch die D\u00fcnen, w\u00e4hrend Sie gleichzeitig Ihre Sicherheit gew\u00e4hrleisten und Ihre Fahrk\u00fcnste verbessern. Diese Kombination aus energiegeladenem Abenteuer und der Ruhe der W\u00fcste garantiert einen unvergesslichen Abend, an dem sich Luxus mit dem Geist der wilden W\u00fcste verbindet.<\/p>\n<p class=\"p1\">Auf dem R\u00fcckweg zum Camp beginnt der Abend mit traditioneller arabischer Gastfreundschaft, bei der Ihnen aromatischer arabischer Kaffee und s\u00fc\u00dfe Datteln angeboten werden, w\u00e4hrend Sie sich in Ihrer privaten Lounge niederlassen, die f\u00fcr Komfort und Entspannung ausgelegt ist. W\u00e4hrend des ganzen Abends sorgt der pers\u00f6nliche Service daf\u00fcr, dass alle Ihre W\u00fcnsche erf\u00fcllt werden, so dass Sie sich wie ein K\u00f6nig f\u00fchlen.<\/p>\n<p class=\"p1\">Im Laufe des Abends tauchen Sie in die exquisiten Aromen der W\u00fcste ein, w\u00e4hrend an Ihrem privaten Tisch ein Gourmet-Dinner serviert wird, das eine perfekte Mischung aus arabischen und internationalen K\u00f6stlichkeiten bietet. W\u00e4hrend Sie speisen, verzaubert das Live-Entertainment Ihre Sinne mit hypnotisierenden Bauchtanzvorf\u00fchrungen, den fesselnden Rhythmen der Tanoura-T\u00e4nzerinnen und einer aufregenden Feuershow, die von traditioneller arabischer Musik untermalt wird. Wenn die Sonne untergeht, verwandelt sich die W\u00fcstenlandschaft und wirft einen goldenen Schein \u00fcber die riesigen D\u00fcnen. So entsteht ein magisches Ambiente, das den perfekten Rahmen f\u00fcr atemberaubende Fotos bietet. Lassen Sie sich von einer erfahrenen K\u00fcnstlerin die H\u00e4nde mit kunstvollen Henna-Motiven verzieren und verleihen Sie Ihrem luxuri\u00f6sen W\u00fcstenerlebnis eine pers\u00f6nliche Note.<\/p>\n<p>Dieser Ausflug dauert etwa 7 bis 8 Stunden<\/p>\n<\/div>\n<\/div>\n<div class=\"gdlr-core-pbf-column gdlr-core-column-30\">\n<div class=\"gdlr-core-pbf-column-content-margin gdlr-core-js \">\n<div class=\"gdlr-core-pbf-column-content clearfix gdlr-core-js \">\n<div class=\"gdlr-core-pbf-element\">\n<div class=\"gdlr-core-icon-list-item gdlr-core-item-pdlr gdlr-core-item-pdb clearfix gdlr-core-left-align gdlr-core-style-1\">\n<div class=\"gdlr-core-pbf-element\">\n<div class=\"gdlr-core-title-item gdlr-core-item-pdb clearfix gdlr-core-left-align gdlr-core-title-item-caption-bottom gdlr-core-item-pdlr\">\n<div class=\"gdlr-core-title-item-title-wrap\"><\/div>\n<\/div>\n<\/div>\n<\/div>\n<\/div>\n<\/div>\n<\/div>\n<\/div>\n","protected":false},"excerpt":{"rendered":"<ul>\n<li>\n<div>Abholung vom Hotel und R\u00fccktransport<\/div>\n<\/li>\n<li>\n<div>D\u00fcnenbashing<\/div>\n<\/li>\n<li>\n<div>Sand Boarding<\/div>\n<\/li>\n<li>\n<div>Erlebnis Kamelreiten<\/div>\n<\/li>\n<li>\n<div>Unvergessliche Fotogelegenheiten<\/div>\n<\/li>\n<li>\n<div>VIP-Dinner als Standard<\/div>\n<\/li>\n<li>\n<div>Exklusiver VIP-Speisebereich mit Tischservice<\/div>\n<\/li>\n<li>\n<div>Henna Malerei<\/div>\n<\/li>\n<li>\n<div>Bauchtanz<\/div>\n<\/li>\n<li>\n<div>Feuer zeigt<\/div>\n<\/li>\n<li>\n<div>Genie\u00dfen Sie eine Shisha oder ein Glas Sekt<\/div>\n<\/li>\n<li>\n<div>Unbegrenzte Erfrischungen den ganzen Abend<\/div>\n<\/li>\n<li>Safari-Tour + 30 Minuten Quad-Erlebnis<\/li>\n<\/ul>\n","protected":false},"featured_media":10045,"comment_status":"closed","ping_status":"closed","template":"","meta":[],"product_brand":[],"product_cat":[175],"product_tag":[],"class_list":{"0":"post-9391","1":"product","2":"type-product","3":"status-publish","4":"has-post-thumbnail","6":"product_cat-safari-de","8":"first","9":"instock","10":"virtual","11":"sold-individually","12":"purchasable","13":"product-type-turitop"},"yoast_head":"<!-- This site is optimized with the Yoast SEO plugin v27.4 - https:\/\/yoast.com\/product\/yoast-seo-wordpress\/ -->\n<title>VIP-Abendsafari + Quad-Erlebnis (geteilt) - Fun in the Sun Dubai<\/title>\n<meta name=\"robots\" content=\"index, follow, max-snippet:-1, max-image-preview:large, max-video-preview:-1\" \/>\n<link rel=\"canonical\" href=\"https:\/\/funinthesundubai.com\/de\/shop\/safari-de\/vip-abendsafari-quad-erlebnis-geteilt\/\" \/>\n<meta property=\"og:locale\" content=\"de_DE\" \/>\n<meta property=\"og:type\" content=\"article\" \/>\n<meta property=\"og:title\" content=\"VIP-Abendsafari + Quad-Erlebnis (geteilt) - Fun in the Sun Dubai\" \/>\n<meta property=\"og:description\" content=\"Abholung vom Hotel und R\u00fccktransport   D\u00fcnenbashing   Sand Boarding   Erlebnis Kamelreiten   Unvergessliche Fotogelegenheiten   VIP-Dinner als Standard   Exklusiver VIP-Speisebereich mit Tischservice   Henna Malerei   Bauchtanz   Feuer zeigt   Genie\u00dfen Sie eine Shisha oder ein Glas Sekt   Unbegrenzte Erfrischungen den ganzen Abend  Safari-Tour + 30 Minuten Quad-Erlebnis\" \/>\n<meta property=\"og:url\" content=\"https:\/\/funinthesundubai.com\/de\/shop\/safari-de\/vip-abendsafari-quad-erlebnis-geteilt\/\" \/>\n<meta property=\"og:site_name\" content=\"Fun in the Sun Dubai\" \/>\n<meta property=\"article:modified_time\" content=\"2025-02-12T11:29:42+00:00\" \/>\n<meta property=\"og:image\" content=\"https:\/\/funinthesundubai.com\/wp-content\/uploads\/2024\/11\/7.jpg\" \/>\n\t<meta property=\"og:image:width\" content=\"1500\" \/>\n\t<meta property=\"og:image:height\" content=\"1000\" \/>\n\t<meta property=\"og:image:type\" content=\"image\/jpeg\" \/>\n<meta name=\"twitter:card\" content=\"summary_large_image\" \/>\n<meta name=\"twitter:label1\" content=\"Gesch\u00e4tzte Lesezeit\" \/>\n\t<meta name=\"twitter:data1\" content=\"2\u00a0Minuten\" \/>\n<script type=\"application\/ld+json\" class=\"yoast-schema-graph\">{\"@context\":\"https:\\\/\\\/schema.org\",\"@graph\":[{\"@type\":\"WebPage\",\"@id\":\"https:\\\/\\\/funinthesundubai.com\\\/de\\\/shop\\\/safari-de\\\/vip-abendsafari-quad-erlebnis-geteilt\\\/\",\"url\":\"https:\\\/\\\/funinthesundubai.com\\\/de\\\/shop\\\/safari-de\\\/vip-abendsafari-quad-erlebnis-geteilt\\\/\",\"name\":\"VIP-Abendsafari + Quad-Erlebnis (geteilt) - Fun in the Sun Dubai\",\"isPartOf\":{\"@id\":\"https:\\\/\\\/funinthesundubai.com\\\/de\\\/#website\"},\"primaryImageOfPage\":{\"@id\":\"https:\\\/\\\/funinthesundubai.com\\\/de\\\/shop\\\/safari-de\\\/vip-abendsafari-quad-erlebnis-geteilt\\\/#primaryimage\"},\"image\":{\"@id\":\"https:\\\/\\\/funinthesundubai.com\\\/de\\\/shop\\\/safari-de\\\/vip-abendsafari-quad-erlebnis-geteilt\\\/#primaryimage\"},\"thumbnailUrl\":\"https:\\\/\\\/funinthesundubai.com\\\/wp-content\\\/uploads\\\/2024\\\/11\\\/7.jpg\",\"datePublished\":\"2025-02-10T11:36:58+00:00\",\"dateModified\":\"2025-02-12T11:29:42+00:00\",\"breadcrumb\":{\"@id\":\"https:\\\/\\\/funinthesundubai.com\\\/de\\\/shop\\\/safari-de\\\/vip-abendsafari-quad-erlebnis-geteilt\\\/#breadcrumb\"},\"inLanguage\":\"de\",\"potentialAction\":[{\"@type\":\"ReadAction\",\"target\":[\"https:\\\/\\\/funinthesundubai.com\\\/de\\\/shop\\\/safari-de\\\/vip-abendsafari-quad-erlebnis-geteilt\\\/\"]}]},{\"@type\":\"ImageObject\",\"inLanguage\":\"de\",\"@id\":\"https:\\\/\\\/funinthesundubai.com\\\/de\\\/shop\\\/safari-de\\\/vip-abendsafari-quad-erlebnis-geteilt\\\/#primaryimage\",\"url\":\"https:\\\/\\\/funinthesundubai.com\\\/wp-content\\\/uploads\\\/2024\\\/11\\\/7.jpg\",\"contentUrl\":\"https:\\\/\\\/funinthesundubai.com\\\/wp-content\\\/uploads\\\/2024\\\/11\\\/7.jpg\",\"width\":1500,\"height\":1000},{\"@type\":\"BreadcrumbList\",\"@id\":\"https:\\\/\\\/funinthesundubai.com\\\/de\\\/shop\\\/safari-de\\\/vip-abendsafari-quad-erlebnis-geteilt\\\/#breadcrumb\",\"itemListElement\":[{\"@type\":\"ListItem\",\"position\":1,\"name\":\"Home\",\"item\":\"https:\\\/\\\/funinthesundubai.com\\\/de\\\/\"},{\"@type\":\"ListItem\",\"position\":2,\"name\":\"Shop\",\"item\":\"https:\\\/\\\/funinthesundubai.com\\\/de\\\/shop\\\/\"},{\"@type\":\"ListItem\",\"position\":3,\"name\":\"VIP-Abendsafari + Quad-Erlebnis (geteilt)\"}]},{\"@type\":\"WebSite\",\"@id\":\"https:\\\/\\\/funinthesundubai.com\\\/de\\\/#website\",\"url\":\"https:\\\/\\\/funinthesundubai.com\\\/de\\\/\",\"name\":\"Fun in the Sun Dubai\",\"description\":\"Dubai Activity and Dubai Excursion provider\",\"publisher\":{\"@id\":\"https:\\\/\\\/funinthesundubai.com\\\/de\\\/#organization\"},\"potentialAction\":[{\"@type\":\"SearchAction\",\"target\":{\"@type\":\"EntryPoint\",\"urlTemplate\":\"https:\\\/\\\/funinthesundubai.com\\\/de\\\/?s={search_term_string}\"},\"query-input\":{\"@type\":\"PropertyValueSpecification\",\"valueRequired\":true,\"valueName\":\"search_term_string\"}}],\"inLanguage\":\"de\"},{\"@type\":\"Organization\",\"@id\":\"https:\\\/\\\/funinthesundubai.com\\\/de\\\/#organization\",\"name\":\"Fun in the Sun Dubai\",\"url\":\"https:\\\/\\\/funinthesundubai.com\\\/de\\\/\",\"logo\":{\"@type\":\"ImageObject\",\"inLanguage\":\"de\",\"@id\":\"https:\\\/\\\/funinthesundubai.com\\\/de\\\/#\\\/schema\\\/logo\\\/image\\\/\",\"url\":\"https:\\\/\\\/funinthesundubai.com\\\/wp-content\\\/uploads\\\/2024\\\/11\\\/logo-final-white-dubai.png\",\"contentUrl\":\"https:\\\/\\\/funinthesundubai.com\\\/wp-content\\\/uploads\\\/2024\\\/11\\\/logo-final-white-dubai.png\",\"width\":745,\"height\":366,\"caption\":\"Fun in the Sun Dubai\"},\"image\":{\"@id\":\"https:\\\/\\\/funinthesundubai.com\\\/de\\\/#\\\/schema\\\/logo\\\/image\\\/\"}}]}<\/script>\n<!-- \/ Yoast SEO plugin. -->","yoast_head_json":{"title":"VIP-Abendsafari + Quad-Erlebnis (geteilt) - Fun in the Sun Dubai","robots":{"index":"index","follow":"follow","max-snippet":"max-snippet:-1","max-image-preview":"max-image-preview:large","max-video-preview":"max-video-preview:-1"},"canonical":"https:\/\/funinthesundubai.com\/de\/shop\/safari-de\/vip-abendsafari-quad-erlebnis-geteilt\/","og_locale":"de_DE","og_type":"article","og_title":"VIP-Abendsafari + Quad-Erlebnis (geteilt) - Fun in the Sun Dubai","og_description":"Abholung vom Hotel und R\u00fccktransport   D\u00fcnenbashing   Sand Boarding   Erlebnis Kamelreiten   Unvergessliche Fotogelegenheiten   VIP-Dinner als Standard   Exklusiver VIP-Speisebereich mit Tischservice   Henna Malerei   Bauchtanz   Feuer zeigt   Genie\u00dfen Sie eine Shisha oder ein Glas Sekt   Unbegrenzte Erfrischungen den ganzen Abend  Safari-Tour + 30 Minuten Quad-Erlebnis","og_url":"https:\/\/funinthesundubai.com\/de\/shop\/safari-de\/vip-abendsafari-quad-erlebnis-geteilt\/","og_site_name":"Fun in the Sun Dubai","article_modified_time":"2025-02-12T11:29:42+00:00","og_image":[{"width":1500,"height":1000,"url":"https:\/\/funinthesundubai.com\/wp-content\/uploads\/2024\/11\/7.jpg","type":"image\/jpeg"}],"twitter_card":"summary_large_image","twitter_misc":{"Gesch\u00e4tzte Lesezeit":"2\u00a0Minuten"},"schema":{"@context":"https:\/\/schema.org","@graph":[{"@type":"WebPage","@id":"https:\/\/funinthesundubai.com\/de\/shop\/safari-de\/vip-abendsafari-quad-erlebnis-geteilt\/","url":"https:\/\/funinthesundubai.com\/de\/shop\/safari-de\/vip-abendsafari-quad-erlebnis-geteilt\/","name":"VIP-Abendsafari + Quad-Erlebnis (geteilt) - Fun in the Sun Dubai","isPartOf":{"@id":"https:\/\/funinthesundubai.com\/de\/#website"},"primaryImageOfPage":{"@id":"https:\/\/funinthesundubai.com\/de\/shop\/safari-de\/vip-abendsafari-quad-erlebnis-geteilt\/#primaryimage"},"image":{"@id":"https:\/\/funinthesundubai.com\/de\/shop\/safari-de\/vip-abendsafari-quad-erlebnis-geteilt\/#primaryimage"},"thumbnailUrl":"https:\/\/funinthesundubai.com\/wp-content\/uploads\/2024\/11\/7.jpg","datePublished":"2025-02-10T11:36:58+00:00","dateModified":"2025-02-12T11:29:42+00:00","breadcrumb":{"@id":"https:\/\/funinthesundubai.com\/de\/shop\/safari-de\/vip-abendsafari-quad-erlebnis-geteilt\/#breadcrumb"},"inLanguage":"de","potentialAction":[{"@type":"ReadAction","target":["https:\/\/funinthesundubai.com\/de\/shop\/safari-de\/vip-abendsafari-quad-erlebnis-geteilt\/"]}]},{"@type":"ImageObject","inLanguage":"de","@id":"https:\/\/funinthesundubai.com\/de\/shop\/safari-de\/vip-abendsafari-quad-erlebnis-geteilt\/#primaryimage","url":"https:\/\/funinthesundubai.com\/wp-content\/uploads\/2024\/11\/7.jpg","contentUrl":"https:\/\/funinthesundubai.com\/wp-content\/uploads\/2024\/11\/7.jpg","width":1500,"height":1000},{"@type":"BreadcrumbList","@id":"https:\/\/funinthesundubai.com\/de\/shop\/safari-de\/vip-abendsafari-quad-erlebnis-geteilt\/#breadcrumb","itemListElement":[{"@type":"ListItem","position":1,"name":"Home","item":"https:\/\/funinthesundubai.com\/de\/"},{"@type":"ListItem","position":2,"name":"Shop","item":"https:\/\/funinthesundubai.com\/de\/shop\/"},{"@type":"ListItem","position":3,"name":"VIP-Abendsafari + Quad-Erlebnis (geteilt)"}]},{"@type":"WebSite","@id":"https:\/\/funinthesundubai.com\/de\/#website","url":"https:\/\/funinthesundubai.com\/de\/","name":"Fun in the Sun Dubai","description":"Dubai Activity and Dubai Excursion provider","publisher":{"@id":"https:\/\/funinthesundubai.com\/de\/#organization"},"potentialAction":[{"@type":"SearchAction","target":{"@type":"EntryPoint","urlTemplate":"https:\/\/funinthesundubai.com\/de\/?s={search_term_string}"},"query-input":{"@type":"PropertyValueSpecification","valueRequired":true,"valueName":"search_term_string"}}],"inLanguage":"de"},{"@type":"Organization","@id":"https:\/\/funinthesundubai.com\/de\/#organization","name":"Fun in the Sun Dubai","url":"https:\/\/funinthesundubai.com\/de\/","logo":{"@type":"ImageObject","inLanguage":"de","@id":"https:\/\/funinthesundubai.com\/de\/#\/schema\/logo\/image\/","url":"https:\/\/funinthesundubai.com\/wp-content\/uploads\/2024\/11\/logo-final-white-dubai.png","contentUrl":"https:\/\/funinthesundubai.com\/wp-content\/uploads\/2024\/11\/logo-final-white-dubai.png","width":745,"height":366,"caption":"Fun in the Sun Dubai"},"image":{"@id":"https:\/\/funinthesundubai.com\/de\/#\/schema\/logo\/image\/"}}]}},"_links":{"self":[{"href":"https:\/\/funinthesundubai.com\/de\/wp-json\/wp\/v2\/product\/9391","targetHints":{"allow":["GET"]}}],"collection":[{"href":"https:\/\/funinthesundubai.com\/de\/wp-json\/wp\/v2\/product"}],"about":[{"href":"https:\/\/funinthesundubai.com\/de\/wp-json\/wp\/v2\/types\/product"}],"replies":[{"embeddable":true,"href":"https:\/\/funinthesundubai.com\/de\/wp-json\/wp\/v2\/comments?post=9391"}],"wp:featuredmedia":[{"embeddable":true,"href":"https:\/\/funinthesundubai.com\/de\/wp-json\/wp\/v2\/media\/10045"}],"wp:attachment":[{"href":"https:\/\/funinthesundubai.com\/de\/wp-json\/wp\/v2\/media?parent=9391"}],"wp:term":[{"taxonomy":"product_brand","embeddable":true,"href":"https:\/\/funinthesundubai.com\/de\/wp-json\/wp\/v2\/product_brand?post=9391"},{"taxonomy":"product_cat","embeddable":true,"href":"https:\/\/funinthesundubai.com\/de\/wp-json\/wp\/v2\/product_cat?post=9391"},{"taxonomy":"product_tag","embeddable":true,"href":"https:\/\/funinthesundubai.com\/de\/wp-json\/wp\/v2\/product_tag?post=9391"}],"curies":[{"name":"wp","href":"https:\/\/api.w.org\/{rel}","templated":true}]}}