{"id":7657,"date":"2025-02-05T09:51:16","date_gmt":"2025-02-05T09:51:16","guid":{"rendered":"https:\/\/funinthesundubai.com\/a-propos-de-nous\/"},"modified":"2026-03-25T12:11:27","modified_gmt":"2026-03-25T12:11:27","slug":"a-propos-de-nous","status":"publish","type":"page","link":"https:\/\/funinthesundubai.com\/fr\/a-propos-de-nous\/","title":{"rendered":"A propos de nous"},"content":{"rendered":"\t\t<div data-elementor-type=\"wp-page\" data-elementor-id=\"7657\" class=\"elementor elementor-7657 elementor-2\" data-elementor-post-type=\"page\">\n\t\t\t\t<div class=\"elementor-element elementor-element-11e76e4 e-flex e-con-boxed e-con e-parent\" data-id=\"11e76e4\" data-element_type=\"container\" data-e-type=\"container\" data-settings=\"{&quot;background_background&quot;:&quot;classic&quot;}\">\n\t\t\t\t\t<div class=\"e-con-inner\">\n\t\t\t\t<div class=\"elementor-element elementor-element-f622194 elementor-widget elementor-widget-heading\" data-id=\"f622194\" data-element_type=\"widget\" data-e-type=\"widget\" data-widget_type=\"heading.default\">\n\t\t\t\t<div class=\"elementor-widget-container\">\n\t\t\t\t\t<h1 class=\"elementor-heading-title elementor-size-xxl\">\u00c0 propos de Fun in the Sun Dubai<\/h1>\t\t\t\t<\/div>\n\t\t\t\t<\/div>\n\t\t\t\t\t<\/div>\n\t\t\t\t<\/div>\n\t\t<div class=\"elementor-element elementor-element-f526820 e-flex e-con-boxed e-con e-parent\" data-id=\"f526820\" data-element_type=\"container\" data-e-type=\"container\">\n\t\t\t\t\t<div class=\"e-con-inner\">\n\t\t\t\t<div class=\"elementor-element elementor-element-d9f5f85 elementor-widget elementor-widget-text-editor\" data-id=\"d9f5f85\" data-element_type=\"widget\" data-e-type=\"widget\" data-widget_type=\"text-editor.default\">\n\t\t\t\t<div class=\"elementor-widget-container\">\n\t\t\t\t\t\t\t\t\t<p>\u00c0 <strong>Fun in the Sun Dubai<\/strong>, nous pensons que les voyages doivent \u00eatre extraordinaires. Notre mission est simple : cr\u00e9er des exp\u00e9riences inoubliables qui permettent aux visiteurs de d\u00e9couvrir le meilleur de Duba\u00ef. <\/p><p>Des aventures \u00e0 couper le souffle dans le d\u00e9sert et des activit\u00e9s de plein air palpitantes aux exp\u00e9riences de luxe exclusives et aux attractions embl\u00e9matiques, nous s\u00e9lectionnons avec soin les activit\u00e9s les plus passionnantes \u00e0 faire dans l&rsquo;une des destinations les plus remarquables au monde.<\/p><p>Que vous visitiez Duba\u00ef pour la premi\u00e8re fois ou que vous y reveniez pour en d\u00e9couvrir encore plus la magie, notre \u00e9quipe est l\u00e0 pour vous aider \u00e0 vivre la ville de la mani\u00e8re la plus m\u00e9morable qui soit.<\/p>\t\t\t\t\t\t\t\t<\/div>\n\t\t\t\t<\/div>\n\t\t\t\t\t<\/div>\n\t\t\t\t<\/div>\n\t\t<div class=\"elementor-element elementor-element-71ce9f3 e-flex e-con-boxed e-con e-parent\" data-id=\"71ce9f3\" data-element_type=\"container\" data-e-type=\"container\" data-settings=\"{&quot;background_background&quot;:&quot;classic&quot;}\">\n\t\t\t\t\t<div class=\"e-con-inner\">\n\t\t\t\t<div class=\"elementor-element elementor-element-3a50ba1 elementor-widget elementor-widget-heading\" data-id=\"3a50ba1\" data-element_type=\"widget\" data-e-type=\"widget\" data-widget_type=\"heading.default\">\n\t\t\t\t<div class=\"elementor-widget-container\">\n\t\t\t\t\t<h2 class=\"elementor-heading-title elementor-size-default\">Cr\u00e9er des exp\u00e9riences inoubliables \u00e0 Duba\u00ef<\/h2>\t\t\t\t<\/div>\n\t\t\t\t<\/div>\n\t\t\t\t<div class=\"elementor-element elementor-element-3cd6d2a elementor-widget elementor-widget-text-editor\" data-id=\"3cd6d2a\" data-element_type=\"widget\" data-e-type=\"widget\" data-widget_type=\"text-editor.default\">\n\t\t\t\t<div class=\"elementor-widget-container\">\n\t\t\t\t\t\t\t\t\t<p>Duba\u00ef est une ville o\u00f9 l&rsquo;innovation rencontre la tradition, offrant aux visiteurs un m\u00e9lange unique de luxe moderne et de riche patrimoine culturel. \u00c0 <strong>Fun in the Sun Dubai<\/strong>, nous rassemblons les circuits, les attractions et les exp\u00e9riences les plus passionnants afin que les voyageurs puissent explorer la ville avec facilit\u00e9 et confiance. <\/p><p><strong>Nos exp\u00e9riences soigneusement s\u00e9lectionn\u00e9es comprennent<\/strong><\/p><p>&#8211; Aventures palpitantes en safari dans le d\u00e9sert<br>&#8211; Exp\u00e9riences en buggy des dunes et en quad dans le d\u00e9sert d&rsquo;Arabie<br>&#8211; Croisi\u00e8res en yacht de luxe le long de la superbe c\u00f4te de Duba\u00ef<br>&#8211; Vols en h\u00e9licopt\u00e8re au-dessus de la ligne d&rsquo;horizon embl\u00e9matique<br>&#8211; Attractions et exp\u00e9riences de loisirs de renomm\u00e9e mondiale<\/p><p>Chaque exp\u00e9rience a \u00e9t\u00e9 choisie pour que nos clients profitent du meilleur de ce que Duba\u00ef a \u00e0 offrir.<\/p>\t\t\t\t\t\t\t\t<\/div>\n\t\t\t\t<\/div>\n\t\t\t\t\t<\/div>\n\t\t\t\t<\/div>\n\t\t<div class=\"elementor-element elementor-element-7e5256c e-flex e-con-boxed e-con e-parent\" data-id=\"7e5256c\" data-element_type=\"container\" data-e-type=\"container\">\n\t\t\t\t\t<div class=\"e-con-inner\">\n\t\t\t\t<div class=\"elementor-element elementor-element-029b48f elementor-widget elementor-widget-heading\" data-id=\"029b48f\" data-element_type=\"widget\" data-e-type=\"widget\" data-widget_type=\"heading.default\">\n\t\t\t\t<div class=\"elementor-widget-container\">\n\t\t\t\t\t<h2 class=\"elementor-heading-title elementor-size-default\">Des exp\u00e9riences choisies par des experts<\/h2>\t\t\t\t<\/div>\n\t\t\t\t<\/div>\n\t\t\t\t<div class=\"elementor-element elementor-element-4ad516f elementor-widget elementor-widget-text-editor\" data-id=\"4ad516f\" data-element_type=\"widget\" data-e-type=\"widget\" data-widget_type=\"text-editor.default\">\n\t\t\t\t<div class=\"elementor-widget-container\">\n\t\t\t\t\t\t\t\t\t<p>Nous savons que chaque voyageur est diff\u00e9rent. Certains visiteurs viennent \u00e0 Duba\u00ef en qu\u00eate d&rsquo;aventure, tandis que d&rsquo;autres pr\u00e9f\u00e8rent le luxe, la culture ou les attractions familiales.   <\/p><p>Notre \u00e9quipe travaille en \u00e9troite collaboration avec des partenaires locaux de confiance afin de proposer des exp\u00e9riences qui r\u00e9pondent \u00e0 une grande vari\u00e9t\u00e9 d&rsquo;int\u00e9r\u00eats et de styles de voyage.<\/p><p>Qu&rsquo;il s&rsquo;agisse d&rsquo;une aventure dans le d\u00e9sert remplie d&rsquo;adr\u00e9naline, d&rsquo;une croisi\u00e8re de luxe relaxante ou d&rsquo;un voyage culturel \u00e0 travers le patrimoine de Duba\u00ef, nous nous attachons \u00e0 offrir des exp\u00e9riences qui d\u00e9passent les attentes.<\/p>\t\t\t\t\t\t\t\t<\/div>\n\t\t\t\t<\/div>\n\t\t\t\t\t<\/div>\n\t\t\t\t<\/div>\n\t\t<div class=\"elementor-element elementor-element-920996a e-flex e-con-boxed e-con e-parent\" data-id=\"920996a\" data-element_type=\"container\" data-e-type=\"container\" data-settings=\"{&quot;background_background&quot;:&quot;classic&quot;}\">\n\t\t\t\t\t<div class=\"e-con-inner\">\n\t\t\t\t<div class=\"elementor-element elementor-element-fd84689 elementor-widget elementor-widget-heading\" data-id=\"fd84689\" data-element_type=\"widget\" data-e-type=\"widget\" data-widget_type=\"heading.default\">\n\t\t\t\t<div class=\"elementor-widget-container\">\n\t\t\t\t\t<h2 class=\"elementor-heading-title elementor-size-default\">Pourquoi choisir Fun in the Sun Dubai ?<\/h2>\t\t\t\t<\/div>\n\t\t\t\t<\/div>\n\t\t\t\t<div class=\"elementor-element elementor-element-cd8253f elementor-widget elementor-widget-text-editor\" data-id=\"cd8253f\" data-element_type=\"widget\" data-e-type=\"widget\" data-widget_type=\"text-editor.default\">\n\t\t\t\t<div class=\"elementor-widget-container\">\n\t\t\t\t\t\t\t\t\t<p>Lorsque vous planifiez des activit\u00e9s dans une destination aussi dynamique que Duba\u00ef, le choix du bon prestataire fait toute la diff\u00e9rence.<\/p><p>\u00c0 Fun in the Sun Dubai, nous nous engageons \u00e0 fournir une exp\u00e9rience de r\u00e9servation transparente et fiable tout en mettant les voyageurs en contact avec les meilleurs circuits et activit\u00e9s disponibles.<\/p><p><strong>Lorsque vous r\u00e9servez avec nous, vous pouvez vous attendre \u00e0.. :<\/strong><\/p><p>&#8211; Des exp\u00e9riences soigneusement s\u00e9lectionn\u00e9es par des op\u00e9rateurs de confiance<br>&#8211; Une r\u00e9servation en ligne simple et s\u00e9curis\u00e9e<br>&#8211; Un service client\u00e8le et une assistance exceptionnels<br>&#8211; Un large \u00e9ventail d&rsquo;activit\u00e9s \u00e0 Duba\u00ef<br>&#8211; Des exp\u00e9riences inoubliables con\u00e7ues pour cr\u00e9er des souvenirs imp\u00e9rissables<\/p><p>Notre objectif est de faire en sorte que chaque client vive une exp\u00e9rience exceptionnelle d\u00e8s le moment o\u00f9 il commence \u00e0 planifier son aventure.<\/p>\t\t\t\t\t\t\t\t<\/div>\n\t\t\t\t<\/div>\n\t\t\t\t\t<\/div>\n\t\t\t\t<\/div>\n\t\t<div class=\"elementor-element elementor-element-049db00 e-flex e-con-boxed e-con e-parent\" data-id=\"049db00\" data-element_type=\"container\" data-e-type=\"container\">\n\t\t\t\t\t<div class=\"e-con-inner\">\n\t\t\t\t<div class=\"elementor-element elementor-element-82af320 elementor-widget elementor-widget-heading\" data-id=\"82af320\" data-element_type=\"widget\" data-e-type=\"widget\" data-widget_type=\"heading.default\">\n\t\t\t\t<div class=\"elementor-widget-container\">\n\t\t\t\t\t<h2 class=\"elementor-heading-title elementor-size-default\">D\u00e9couvrez Duba\u00ef en toute confiance<\/h2>\t\t\t\t<\/div>\n\t\t\t\t<\/div>\n\t\t\t\t<div class=\"elementor-element elementor-element-07fe125 elementor-widget elementor-widget-text-editor\" data-id=\"07fe125\" data-element_type=\"widget\" data-e-type=\"widget\" data-widget_type=\"text-editor.default\">\n\t\t\t\t<div class=\"elementor-widget-container\">\n\t\t\t\t\t\t\t\t\t<p>Duba\u00ef offre une extraordinaire vari\u00e9t\u00e9 d&rsquo;exp\u00e9riences, de l&rsquo;exploration de paysages d\u00e9sertiques dor\u00e9s \u00e0 la d\u00e9couverte d&rsquo;une architecture futuriste et de divertissements de classe mondiale.<\/p><p>Avec <strong>Fun in the Sun Dubai<\/strong>, les visiteurs peuvent facilement acc\u00e9der aux exp\u00e9riences les plus excitantes que la ville a \u00e0 offrir.<\/p><p>Que vous soyez \u00e0 la recherche d&rsquo;activit\u00e9s d&rsquo;aventure palpitantes, d&rsquo;exp\u00e9riences de luxe ou d&rsquo;attractions embl\u00e9matiques, notre plateforme rassemble les meilleurs circuits et activit\u00e9s de Duba\u00ef en un seul endroit pratique.<\/p>\t\t\t\t\t\t\t\t<\/div>\n\t\t\t\t<\/div>\n\t\t\t\t\t<\/div>\n\t\t\t\t<\/div>\n\t\t<div class=\"elementor-element elementor-element-b932e07 e-flex e-con-boxed e-con e-parent\" data-id=\"b932e07\" data-element_type=\"container\" data-e-type=\"container\" data-settings=\"{&quot;background_background&quot;:&quot;classic&quot;}\">\n\t\t\t\t\t<div class=\"e-con-inner\">\n\t\t\t\t<div class=\"elementor-element elementor-element-d466af9 elementor-widget elementor-widget-heading\" data-id=\"d466af9\" data-element_type=\"widget\" data-e-type=\"widget\" data-widget_type=\"heading.default\">\n\t\t\t\t<div class=\"elementor-widget-container\">\n\t\t\t\t\t<h2 class=\"elementor-heading-title elementor-size-default\">Commencez votre aventure \u00e0 Duba\u00ef<\/h2>\t\t\t\t<\/div>\n\t\t\t\t<\/div>\n\t\t\t\t<div class=\"elementor-element elementor-element-cd32778 elementor-widget elementor-widget-text-editor\" data-id=\"cd32778\" data-element_type=\"widget\" data-e-type=\"widget\" data-widget_type=\"text-editor.default\">\n\t\t\t\t<div class=\"elementor-widget-container\">\n\t\t\t\t\t\t\t\t\t<p>Votre aventure \u00e0 Duba\u00ef commence ici.<\/p><p>Explorez notre collection d&rsquo;exp\u00e9riences inoubliables et d\u00e9couvrez pourquoi Duba\u00ef est l&rsquo;une des destinations les plus excitantes au monde.<\/p>\t\t\t\t\t\t\t\t<\/div>\n\t\t\t\t<\/div>\n\t\t\t\t<div class=\"elementor-element elementor-element-c842266 elementor-widget__width-auto elementor-align-center elementor-widget elementor-widget-button\" data-id=\"c842266\" data-element_type=\"widget\" data-e-type=\"widget\" data-widget_type=\"button.default\">\n\t\t\t\t<div class=\"elementor-widget-container\">\n\t\t\t\t\t\t\t\t\t<div class=\"elementor-button-wrapper\">\n\t\t\t\t\t<a class=\"elementor-button elementor-size-sm elementor-animation-grow\" role=\"button\">\n\t\t\t\t\t\t<span class=\"elementor-button-content-wrapper\">\n\t\t\t\t\t\t\t\t\t<span class=\"elementor-button-text\">Explorez les exp\u00e9riences de Duba\u00ef<\/span>\n\t\t\t\t\t<\/span>\n\t\t\t\t\t<\/a>\n\t\t\t\t<\/div>\n\t\t\t\t\t\t\t\t<\/div>\n\t\t\t\t<\/div>\n\t\t\t\t\t<\/div>\n\t\t\t\t<\/div>\n\t\t<div class=\"elementor-element elementor-element-e4e36b3 e-flex e-con-boxed e-con e-parent\" data-id=\"e4e36b3\" data-element_type=\"container\" data-e-type=\"container\">\n\t\t\t\t\t<div class=\"e-con-inner\">\n\t\t\t\t<div class=\"elementor-element elementor-element-4cb925d elementor-widget elementor-widget-heading\" data-id=\"4cb925d\" data-element_type=\"widget\" data-e-type=\"widget\" data-widget_type=\"heading.default\">\n\t\t\t\t<div class=\"elementor-widget-container\">\n\t\t\t\t\t<h2 class=\"elementor-heading-title elementor-size-default\">Pourquoi les voyageurs nous font confiance<\/h2>\t\t\t\t<\/div>\n\t\t\t\t<\/div>\n\t\t\t\t<div class=\"elementor-element elementor-element-de238ba elementor-widget elementor-widget-text-editor\" data-id=\"de238ba\" data-element_type=\"widget\" data-e-type=\"widget\" data-widget_type=\"text-editor.default\">\n\t\t\t\t<div class=\"elementor-widget-container\">\n\t\t\t\t\t\t\t\t\t<p><strong>\u22c5 <\/strong>Exp\u00e9riences soigneusement s\u00e9lectionn\u00e9es<br data-start=\"4264\" data-end=\"4267\"><strong>\u22c5 <\/strong>Op\u00e9rateurs locaux de confiance<br data-start=\"4292\" data-end=\"4295\"><strong>\u22c5 <\/strong>Syst\u00e8me de r\u00e9servation s\u00e9curis\u00e9<br data-start=\"4318\" data-end=\"4321\"><strong>\u22c5 <\/strong>Service client\u00e8le d\u00e9di\u00e9<br data-start=\"4349\" data-end=\"4352\"><strong>\u22c5 <\/strong>Aventures inoubliables \u00e0 Duba\u00ef<\/p>\t\t\t\t\t\t\t\t<\/div>\n\t\t\t\t<\/div>\n\t\t\t\t\t<\/div>\n\t\t\t\t<\/div>\n\t\t\t\t<section class=\"elementor-section elementor-top-section elementor-element elementor-element-1461fcd6 elementor-hidden-desktop elementor-hidden-tablet elementor-hidden-mobile elementor-section-boxed elementor-section-height-default elementor-section-height-default\" data-id=\"1461fcd6\" data-element_type=\"section\" data-e-type=\"section\">\n\t\t\t\t\t\t<div class=\"elementor-container elementor-column-gap-default\">\n\t\t\t\t\t<div class=\"elementor-column elementor-col-100 elementor-top-column elementor-element elementor-element-2b15163f\" data-id=\"2b15163f\" data-element_type=\"column\" data-e-type=\"column\">\n\t\t\t<div class=\"elementor-widget-wrap elementor-element-populated\">\n\t\t\t\t\t\t<div class=\"elementor-element elementor-element-7a0ad30a elementor-widget elementor-widget-text-editor\" data-id=\"7a0ad30a\" data-element_type=\"widget\" data-e-type=\"widget\" data-widget_type=\"text-editor.default\">\n\t\t\t\t<div class=\"elementor-widget-container\">\n\t\t\t\t\t\t\t\t\t<p><big>Fun In The Sun Dubai est le premier fournisseur d&rsquo;activit\u00e9s et d&rsquo;exp\u00e9riences en ligne.  <br><\/big><\/p><p><a href=\"https:\/\/funinthesundubai.com\/fr\/\">www.funinthesundubai.com<\/a> et tous les droits intellectuels associ\u00e9s sont d\u00e9tenus et exploit\u00e9s par GDS (Global Digital Solutions &#8211; FZCO Dubai).<\/p><p>Avec plus de 20 ans d&rsquo;exp\u00e9rience dans la propri\u00e9t\u00e9 et l&rsquo;exploitation d&rsquo;entreprises de loisirs prosp\u00e8res au Royaume-Uni et en Espagne, la transition vers la fourniture d&rsquo;un service luxueux et opulent \u00e0 Duba\u00ef s&rsquo;est faite naturellement.<\/p><p>Notre \u00e9quipe jeune et motiv\u00e9e est tr\u00e8s fi\u00e8re de fournir un service personnel, professionnel et amical afin d&rsquo;organiser et d&rsquo;offrir un itin\u00e9raire de vacances sans stress avant votre visite \u00e0 Duba\u00ef.<\/p><p>Chaque exp\u00e9rience et activit\u00e9 a \u00e9t\u00e9 soigneusement s\u00e9lectionn\u00e9e et exp\u00e9riment\u00e9e par notre \u00e9quipe afin de s&rsquo;assurer qu&rsquo;elle d\u00e9passe toutes les attentes de nos clients.<\/p>\t\t\t\t\t\t\t\t<\/div>\n\t\t\t\t<\/div>\n\t\t\t\t\t<\/div>\n\t\t<\/div>\n\t\t\t\t\t<\/div>\n\t\t<\/section>\n\t\t\t\t<\/div>\n\t\t","protected":false},"excerpt":{"rendered":"<p>\u00c0 propos de Fun in the Sun Dubai \u00c0 Fun in the Sun Dubai, nous pensons que les voyages doivent \u00eatre extraordinaires. Notre mission est simple : cr\u00e9er des exp\u00e9riences inoubliables qui permettent aux visiteurs de d\u00e9couvrir le meilleur de Duba\u00ef. Des aventures \u00e0 couper le souffle dans le d\u00e9sert et des activit\u00e9s de plein [&hellip;]<\/p>\n","protected":false},"author":1,"featured_media":0,"parent":0,"menu_order":0,"comment_status":"closed","ping_status":"closed","template":"","meta":{"footnotes":""},"class_list":["post-7657","page","type-page","status-publish","hentry"],"yoast_head":"<!-- This site is optimized with the Yoast SEO plugin v27.5 - https:\/\/yoast.com\/product\/yoast-seo-wordpress\/ -->\n<title>A propos de Fun in the Sun Dubai | Luxury Tours &amp; Experiences in Dubai<\/title>\n<meta name=\"description\" content=\"En savoir plus sur Fun in the Sun Dubai, sp\u00e9cialiste des circuits haut de gamme, des safaris dans le d\u00e9sert et des exp\u00e9riences de luxe inoubliables \u00e0 Duba\u00ef.\" \/>\n<meta name=\"robots\" content=\"index, follow, max-snippet:-1, max-image-preview:large, max-video-preview:-1\" \/>\n<link rel=\"canonical\" href=\"https:\/\/funinthesundubai.com\/fr\/a-propos-de-nous\/\" \/>\n<meta property=\"og:locale\" content=\"fr_FR\" \/>\n<meta property=\"og:type\" content=\"article\" \/>\n<meta property=\"og:title\" content=\"A propos de Fun in the Sun Dubai | Luxury Tours &amp; Experiences in Dubai\" \/>\n<meta property=\"og:description\" content=\"En savoir plus sur Fun in the Sun Dubai, sp\u00e9cialiste des circuits haut de gamme, des safaris dans le d\u00e9sert et des exp\u00e9riences de luxe inoubliables \u00e0 Duba\u00ef.\" \/>\n<meta property=\"og:url\" content=\"https:\/\/funinthesundubai.com\/fr\/a-propos-de-nous\/\" \/>\n<meta property=\"og:site_name\" content=\"Fun in the Sun Dubai\" \/>\n<meta property=\"article:modified_time\" content=\"2026-03-25T12:11:27+00:00\" \/>\n<meta name=\"twitter:card\" content=\"summary_large_image\" \/>\n<meta name=\"twitter:label1\" content=\"Dur\u00e9e de lecture estim\u00e9e\" \/>\n\t<meta name=\"twitter:data1\" content=\"4 minutes\" \/>\n<script type=\"application\/ld+json\" class=\"yoast-schema-graph\">{\"@context\":\"https:\\\/\\\/schema.org\",\"@graph\":[{\"@type\":\"WebPage\",\"@id\":\"https:\\\/\\\/funinthesundubai.com\\\/fr\\\/a-propos-de-nous\\\/\",\"url\":\"https:\\\/\\\/funinthesundubai.com\\\/fr\\\/a-propos-de-nous\\\/\",\"name\":\"A propos de Fun in the Sun Dubai | Luxury Tours & Experiences in Dubai\",\"isPartOf\":{\"@id\":\"https:\\\/\\\/funinthesundubai.com\\\/fr\\\/#website\"},\"datePublished\":\"2025-02-05T09:51:16+00:00\",\"dateModified\":\"2026-03-25T12:11:27+00:00\",\"description\":\"En savoir plus sur Fun in the Sun Dubai, sp\u00e9cialiste des circuits haut de gamme, des safaris dans le d\u00e9sert et des exp\u00e9riences de luxe inoubliables \u00e0 Duba\u00ef.\",\"breadcrumb\":{\"@id\":\"https:\\\/\\\/funinthesundubai.com\\\/fr\\\/a-propos-de-nous\\\/#breadcrumb\"},\"inLanguage\":\"fr-FR\",\"potentialAction\":[{\"@type\":\"ReadAction\",\"target\":[\"https:\\\/\\\/funinthesundubai.com\\\/fr\\\/a-propos-de-nous\\\/\"]}]},{\"@type\":\"BreadcrumbList\",\"@id\":\"https:\\\/\\\/funinthesundubai.com\\\/fr\\\/a-propos-de-nous\\\/#breadcrumb\",\"itemListElement\":[{\"@type\":\"ListItem\",\"position\":1,\"name\":\"Home\",\"item\":\"https:\\\/\\\/funinthesundubai.com\\\/fr\\\/\"},{\"@type\":\"ListItem\",\"position\":2,\"name\":\"A propos de nous\"}]},{\"@type\":\"WebSite\",\"@id\":\"https:\\\/\\\/funinthesundubai.com\\\/fr\\\/#website\",\"url\":\"https:\\\/\\\/funinthesundubai.com\\\/fr\\\/\",\"name\":\"Fun in the Sun Dubai\",\"description\":\"Dubai Activity and Dubai Excursion provider\",\"publisher\":{\"@id\":\"https:\\\/\\\/funinthesundubai.com\\\/fr\\\/#organization\"},\"potentialAction\":[{\"@type\":\"SearchAction\",\"target\":{\"@type\":\"EntryPoint\",\"urlTemplate\":\"https:\\\/\\\/funinthesundubai.com\\\/fr\\\/?s={search_term_string}\"},\"query-input\":{\"@type\":\"PropertyValueSpecification\",\"valueRequired\":true,\"valueName\":\"search_term_string\"}}],\"inLanguage\":\"fr-FR\"},{\"@type\":\"Organization\",\"@id\":\"https:\\\/\\\/funinthesundubai.com\\\/fr\\\/#organization\",\"name\":\"Fun in the Sun Dubai\",\"url\":\"https:\\\/\\\/funinthesundubai.com\\\/fr\\\/\",\"logo\":{\"@type\":\"ImageObject\",\"inLanguage\":\"fr-FR\",\"@id\":\"https:\\\/\\\/funinthesundubai.com\\\/fr\\\/#\\\/schema\\\/logo\\\/image\\\/\",\"url\":\"https:\\\/\\\/funinthesundubai.com\\\/wp-content\\\/uploads\\\/2024\\\/11\\\/logo-final-white-dubai.png\",\"contentUrl\":\"https:\\\/\\\/funinthesundubai.com\\\/wp-content\\\/uploads\\\/2024\\\/11\\\/logo-final-white-dubai.png\",\"width\":745,\"height\":366,\"caption\":\"Fun in the Sun Dubai\"},\"image\":{\"@id\":\"https:\\\/\\\/funinthesundubai.com\\\/fr\\\/#\\\/schema\\\/logo\\\/image\\\/\"}}]}<\/script>\n<!-- \/ Yoast SEO plugin. -->","yoast_head_json":{"title":"A propos de Fun in the Sun Dubai | Luxury Tours & Experiences in Dubai","description":"En savoir plus sur Fun in the Sun Dubai, sp\u00e9cialiste des circuits haut de gamme, des safaris dans le d\u00e9sert et des exp\u00e9riences de luxe inoubliables \u00e0 Duba\u00ef.","robots":{"index":"index","follow":"follow","max-snippet":"max-snippet:-1","max-image-preview":"max-image-preview:large","max-video-preview":"max-video-preview:-1"},"canonical":"https:\/\/funinthesundubai.com\/fr\/a-propos-de-nous\/","og_locale":"fr_FR","og_type":"article","og_title":"A propos de Fun in the Sun Dubai | Luxury Tours & Experiences in Dubai","og_description":"En savoir plus sur Fun in the Sun Dubai, sp\u00e9cialiste des circuits haut de gamme, des safaris dans le d\u00e9sert et des exp\u00e9riences de luxe inoubliables \u00e0 Duba\u00ef.","og_url":"https:\/\/funinthesundubai.com\/fr\/a-propos-de-nous\/","og_site_name":"Fun in the Sun Dubai","article_modified_time":"2026-03-25T12:11:27+00:00","twitter_card":"summary_large_image","twitter_misc":{"Dur\u00e9e de lecture estim\u00e9e":"4 minutes"},"schema":{"@context":"https:\/\/schema.org","@graph":[{"@type":"WebPage","@id":"https:\/\/funinthesundubai.com\/fr\/a-propos-de-nous\/","url":"https:\/\/funinthesundubai.com\/fr\/a-propos-de-nous\/","name":"A propos de Fun in the Sun Dubai | Luxury Tours & Experiences in Dubai","isPartOf":{"@id":"https:\/\/funinthesundubai.com\/fr\/#website"},"datePublished":"2025-02-05T09:51:16+00:00","dateModified":"2026-03-25T12:11:27+00:00","description":"En savoir plus sur Fun in the Sun Dubai, sp\u00e9cialiste des circuits haut de gamme, des safaris dans le d\u00e9sert et des exp\u00e9riences de luxe inoubliables \u00e0 Duba\u00ef.","breadcrumb":{"@id":"https:\/\/funinthesundubai.com\/fr\/a-propos-de-nous\/#breadcrumb"},"inLanguage":"fr-FR","potentialAction":[{"@type":"ReadAction","target":["https:\/\/funinthesundubai.com\/fr\/a-propos-de-nous\/"]}]},{"@type":"BreadcrumbList","@id":"https:\/\/funinthesundubai.com\/fr\/a-propos-de-nous\/#breadcrumb","itemListElement":[{"@type":"ListItem","position":1,"name":"Home","item":"https:\/\/funinthesundubai.com\/fr\/"},{"@type":"ListItem","position":2,"name":"A propos de nous"}]},{"@type":"WebSite","@id":"https:\/\/funinthesundubai.com\/fr\/#website","url":"https:\/\/funinthesundubai.com\/fr\/","name":"Fun in the Sun Dubai","description":"Dubai Activity and Dubai Excursion provider","publisher":{"@id":"https:\/\/funinthesundubai.com\/fr\/#organization"},"potentialAction":[{"@type":"SearchAction","target":{"@type":"EntryPoint","urlTemplate":"https:\/\/funinthesundubai.com\/fr\/?s={search_term_string}"},"query-input":{"@type":"PropertyValueSpecification","valueRequired":true,"valueName":"search_term_string"}}],"inLanguage":"fr-FR"},{"@type":"Organization","@id":"https:\/\/funinthesundubai.com\/fr\/#organization","name":"Fun in the Sun Dubai","url":"https:\/\/funinthesundubai.com\/fr\/","logo":{"@type":"ImageObject","inLanguage":"fr-FR","@id":"https:\/\/funinthesundubai.com\/fr\/#\/schema\/logo\/image\/","url":"https:\/\/funinthesundubai.com\/wp-content\/uploads\/2024\/11\/logo-final-white-dubai.png","contentUrl":"https:\/\/funinthesundubai.com\/wp-content\/uploads\/2024\/11\/logo-final-white-dubai.png","width":745,"height":366,"caption":"Fun in the Sun Dubai"},"image":{"@id":"https:\/\/funinthesundubai.com\/fr\/#\/schema\/logo\/image\/"}}]}},"_links":{"self":[{"href":"https:\/\/funinthesundubai.com\/fr\/wp-json\/wp\/v2\/pages\/7657","targetHints":{"allow":["GET"]}}],"collection":[{"href":"https:\/\/funinthesundubai.com\/fr\/wp-json\/wp\/v2\/pages"}],"about":[{"href":"https:\/\/funinthesundubai.com\/fr\/wp-json\/wp\/v2\/types\/page"}],"author":[{"embeddable":true,"href":"https:\/\/funinthesundubai.com\/fr\/wp-json\/wp\/v2\/users\/1"}],"replies":[{"embeddable":true,"href":"https:\/\/funinthesundubai.com\/fr\/wp-json\/wp\/v2\/comments?post=7657"}],"version-history":[{"count":4,"href":"https:\/\/funinthesundubai.com\/fr\/wp-json\/wp\/v2\/pages\/7657\/revisions"}],"predecessor-version":[{"id":11122,"href":"https:\/\/funinthesundubai.com\/fr\/wp-json\/wp\/v2\/pages\/7657\/revisions\/11122"}],"wp:attachment":[{"href":"https:\/\/funinthesundubai.com\/fr\/wp-json\/wp\/v2\/media?parent=7657"}],"curies":[{"name":"wp","href":"https:\/\/api.w.org\/{rel}","templated":true}]}}