{"id":7659,"date":"2025-02-05T09:51:39","date_gmt":"2025-02-05T09:51:39","guid":{"rendered":"https:\/\/funinthesundubai.com\/politique-dannulation\/"},"modified":"2026-03-25T12:06:56","modified_gmt":"2026-03-25T12:06:56","slug":"politique-dannulation","status":"publish","type":"page","link":"https:\/\/funinthesundubai.com\/fr\/politique-dannulation\/","title":{"rendered":"Politique d&rsquo;annulation"},"content":{"rendered":"\t\t<div data-elementor-type=\"wp-page\" data-elementor-id=\"7659\" class=\"elementor elementor-7659 elementor-983\" data-elementor-post-type=\"page\">\n\t\t\t\t\t\t<section class=\"elementor-section elementor-top-section elementor-element elementor-element-6531d46 elementor-section-full_width elementor-section-height-min-height elementor-section-stretched elementor-section-height-default elementor-section-items-middle\" data-id=\"6531d46\" data-element_type=\"section\" data-e-type=\"section\" data-settings=\"{&quot;background_background&quot;:&quot;classic&quot;,&quot;stretch_section&quot;:&quot;section-stretched&quot;}\">\n\t\t\t\t\t\t\t<div class=\"elementor-background-overlay\"><\/div>\n\t\t\t\t\t\t\t<div class=\"elementor-container elementor-column-gap-default\">\n\t\t\t\t\t<div class=\"elementor-column elementor-col-100 elementor-top-column elementor-element elementor-element-111d7cc\" data-id=\"111d7cc\" data-element_type=\"column\" data-e-type=\"column\">\n\t\t\t<div class=\"elementor-widget-wrap elementor-element-populated\">\n\t\t\t\t\t\t<div class=\"elementor-element elementor-element-74b468e elementor-widget elementor-widget-heading\" data-id=\"74b468e\" data-element_type=\"widget\" data-e-type=\"widget\" data-widget_type=\"heading.default\">\n\t\t\t\t<div class=\"elementor-widget-container\">\n\t\t\t\t\t<h1 class=\"elementor-heading-title elementor-size-default\">Politique d'annulation<\/h1>\t\t\t\t<\/div>\n\t\t\t\t<\/div>\n\t\t\t\t\t<\/div>\n\t\t<\/div>\n\t\t\t\t\t<\/div>\n\t\t<\/section>\n\t\t\t\t<section class=\"elementor-section elementor-top-section elementor-element elementor-element-67cc070d elementor-section-boxed elementor-section-height-default elementor-section-height-default\" data-id=\"67cc070d\" data-element_type=\"section\" data-e-type=\"section\">\n\t\t\t\t\t\t<div class=\"elementor-container elementor-column-gap-default\">\n\t\t\t\t\t<div class=\"elementor-column elementor-col-100 elementor-top-column elementor-element elementor-element-43e18598\" data-id=\"43e18598\" data-element_type=\"column\" data-e-type=\"column\">\n\t\t\t<div class=\"elementor-widget-wrap elementor-element-populated\">\n\t\t\t\t\t\t<div class=\"elementor-element elementor-element-632e7f01 elementor-widget elementor-widget-text-editor\" data-id=\"632e7f01\" data-element_type=\"widget\" data-e-type=\"widget\" data-widget_type=\"text-editor.default\">\n\t\t\t\t<div class=\"elementor-widget-container\">\n\t\t\t\t\t\t\t\t\t<h2>Modifications et annulations par le fournisseur  <\/h2><p>En de rares occasions, il peut \u00eatre n\u00e9cessaire pour un fournisseur de modifier certains arrangements ou billets ou de les annuler. Nous nous r\u00e9servons le droit de modifier ou d&rsquo;annuler des arrangements ou des billets (ou de le faire au nom d&rsquo;un fournisseur\/partenaire) \u00e0 tout moment. Nos obligations concernant les modifications et les annulations diff\u00e8rent selon le type de r\u00e9servation que vous avez effectu\u00e9 :<br>Comme votre contrat pour la fourniture de services d&rsquo;activit\u00e9s\/exp\u00e9riences est conclu avec le fournisseur\/partenaire, nous n&rsquo;aurons aucune responsabilit\u00e9 en ce qui concerne les modifications ou les annulations de ces services, si ce n&rsquo;est celle de vous informer d\u00e8s que possible de toute modification ou annulation susceptible de vous affecter et qui nous est notifi\u00e9e par le fournisseur\/partenaire en question. Nous assurerons \u00e9galement la liaison entre vous et le fournisseur\/partenaire en ce qui concerne tout arrangement alternatif qu&rsquo;il pourrait proposer.<br>Ce qui pr\u00e9c\u00e8de d\u00e9finit l&rsquo;\u00e9tendue maximale de notre responsabilit\u00e9 en mati\u00e8re de changements et d&rsquo;annulations et nous regrettons de ne pas pouvoir prendre en charge les d\u00e9penses ou les pertes que vous pourriez subir \u00e0 la suite d&rsquo;un changement ou d&rsquo;une annulation. Les options ci-dessus ne sont pas disponibles si nous apportons une modification mineure ou si nous annulons le contrat parce que vous n&rsquo;avez pas effectu\u00e9 le paiement int\u00e9gral dans les d\u00e9lais ou si la modification ou l&rsquo;annulation de notre part r\u00e9sulte d&rsquo;une modification de la r\u00e9servation confirm\u00e9e que vous avez demand\u00e9e.<br>Dans de tr\u00e8s rares cas, apr\u00e8s le d\u00e9but de vos arrangements, nous ou votre (vos) fournisseur(s) pouvons \u00eatre contraints, pour des raisons de force majeure, de modifier ou d&rsquo;annuler une partie ou la totalit\u00e9 de vos arrangements. Dans ce cas, nous regrettons de ne pouvoir, ni nous ni votre (vos) fournisseur(s), proc\u00e9der \u00e0 un quelconque remboursement, vous verser une quelconque compensation ou prendre en charge les pertes ou les d\u00e9penses que vous aurez subies de ce fait. Nous essaierons de vous aider \u00e0 trouver d&rsquo;autres arrangements, mais vous devrez payer tous les co\u00fbts associ\u00e9s et\/ou suppl\u00e9mentaires li\u00e9s \u00e0 ces arrangements.      <\/p><h2>Force Majeure<\/h2><p>Sauf indication contraire expresse dans les conditions de r\u00e9servation, nous ne serons pas responsables et ne vous verserons pas de compensation si nos obligations contractuelles \u00e0 votre \u00e9gard sont affect\u00e9es par un \u00e9v\u00e9nement que nous ou le fournisseur\/partenaire en question ne pouvions pas, m\u00eame avec toute la diligence requise, pr\u00e9voir ou \u00e9viter. Ces \u00e9v\u00e9nements peuvent inclure, sans s&rsquo;y limiter, la guerre, la menace de guerre, les troubles civils, les activit\u00e9s terroristes et leurs cons\u00e9quences ou la menace de telles activit\u00e9s, les \u00e9meutes, les actes de tout gouvernement ou de toute autre autorit\u00e9 nationale ou locale, y compris les conflits sociaux, les catastrophes naturelles ou nucl\u00e9aires, les incendies, les catastrophes chimiques ou biologiques et les conditions m\u00e9t\u00e9orologiques d\u00e9favorables, ainsi que tous les \u00e9v\u00e9nements similaires \u00e9chappant \u00e0 notre contr\u00f4le ou \u00e0 celui du (des) fournisseur(s) concern\u00e9(s). En cas d&rsquo;annulation d&rsquo;une activit\u00e9 maritime ou a\u00e9rienne en raison de conditions m\u00e9t\u00e9orologiques d\u00e9favorables, une autre date et un autre horaire vous seront propos\u00e9s.  <\/p><h2>Votre comportement<\/h2><p>Si, de l&rsquo;avis de toute personne en autorit\u00e9, votre comportement cause ou est susceptible de causer de la d\u00e9tresse, du danger, des dommages ou des d\u00e9sagr\u00e9ments \u00e0 un tiers ou \u00e0 des biens, ou de causer un retard ou un d\u00e9tournement de transport, le fournisseur se r\u00e9serve le droit de mettre fin \u00e0 vos arrangements imm\u00e9diatement. Dans le cas d&rsquo;une telle r\u00e9siliation, nos responsabilit\u00e9s envers vous cesseront et vous devrez quitter l&rsquo;activit\u00e9\/exp\u00e9rience imm\u00e9diatement. Nous n&rsquo;aurons plus aucune obligation envers vous et ne prendrons pas en charge les d\u00e9penses, co\u00fbts ou pertes encourus de ce fait. Vous pouvez \u00e9galement \u00eatre tenu de payer les pertes et\/ou les dommages caus\u00e9s par vos actions directement au fournisseur avant de quitter le service. Si vous ne le faites pas, vous serez tenu de r\u00e9pondre \u00e0 toute r\u00e9clamation et \u00e0 tous les co\u00fbts qui nous seront r\u00e9clam\u00e9s par la suite.    <\/p><h2>Assurance<\/h2><p>Il est indispensable que vous soyez couvert par une assurance voyage ad\u00e9quate pour vos arrangements. Cette assurance doit au minimum couvrir les pertes subies en cas d&rsquo;annulation, de probl\u00e8mes m\u00e9dicaux et de rapatriement en cas d&rsquo;accident ou de maladie. Si vous choisissez de voyager sans \u00eatre couvert par une assurance ad\u00e9quate, nous ne serons pas responsables de vos pertes, quelle qu&rsquo;en soit l&rsquo;origine, pour lesquelles vous auriez pu b\u00e9n\u00e9ficier d&rsquo;une couverture d&rsquo;assurance.  <\/p><h2>Politique d&rsquo;annulation : Dur\u00e9e et montants<\/h2><p>Annulation avec un pr\u00e9avis de plus d&rsquo;un mois : remboursement int\u00e9gral.<br>Annulation avec un pr\u00e9avis de moins d&rsquo;un mois : remboursement de 50 %<br>Annulation avec un pr\u00e9avis de 14 jours : pas de remboursement.<\/p>\t\t\t\t\t\t\t\t<\/div>\n\t\t\t\t<\/div>\n\t\t\t\t\t<\/div>\n\t\t<\/div>\n\t\t\t\t\t<\/div>\n\t\t<\/section>\n\t\t\t\t<\/div>\n\t\t","protected":false},"excerpt":{"rendered":"<p>Politique d&rsquo;annulation Modifications et annulations par le fournisseur En de rares occasions, il peut \u00eatre n\u00e9cessaire pour un fournisseur de modifier certains arrangements ou billets ou de les annuler. Nous nous r\u00e9servons le droit de modifier ou d&rsquo;annuler des arrangements ou des billets (ou de le faire au nom d&rsquo;un fournisseur\/partenaire) \u00e0 tout moment. Nos [&hellip;]<\/p>\n","protected":false},"author":1,"featured_media":0,"parent":0,"menu_order":0,"comment_status":"closed","ping_status":"closed","template":"","meta":{"footnotes":""},"class_list":["post-7659","page","type-page","status-publish","hentry"],"yoast_head":"<!-- This site is optimized with the Yoast SEO plugin v27.5 - https:\/\/yoast.com\/product\/yoast-seo-wordpress\/ -->\n<title>Politique d&#039;annulation - Dubai Tours &amp; Experiences - Fun in the Sun Dubai<\/title>\n<meta name=\"description\" content=\"Consultez notre politique d&#039;annulation pour les circuits et exp\u00e9riences \u00e0 Duba\u00ef, y compris les changements de r\u00e9servation, les conditions du fournisseur et les informations importantes avant votre voyage.\" \/>\n<meta name=\"robots\" content=\"index, follow, max-snippet:-1, max-image-preview:large, max-video-preview:-1\" \/>\n<link rel=\"canonical\" href=\"https:\/\/funinthesundubai.com\/fr\/politique-dannulation\/\" \/>\n<meta property=\"og:locale\" content=\"fr_FR\" \/>\n<meta property=\"og:type\" content=\"article\" \/>\n<meta property=\"og:title\" content=\"Politique d&#039;annulation - Dubai Tours &amp; Experiences - Fun in the Sun Dubai\" \/>\n<meta property=\"og:description\" content=\"Consultez notre politique d&#039;annulation pour les circuits et exp\u00e9riences \u00e0 Duba\u00ef, y compris les changements de r\u00e9servation, les conditions du fournisseur et les informations importantes avant votre voyage.\" \/>\n<meta property=\"og:url\" content=\"https:\/\/funinthesundubai.com\/fr\/politique-dannulation\/\" \/>\n<meta property=\"og:site_name\" content=\"Fun in the Sun Dubai\" \/>\n<meta property=\"article:modified_time\" content=\"2026-03-25T12:06:56+00:00\" \/>\n<meta name=\"twitter:card\" content=\"summary_large_image\" \/>\n<meta name=\"twitter:label1\" content=\"Dur\u00e9e de lecture estim\u00e9e\" \/>\n\t<meta name=\"twitter:data1\" content=\"4 minutes\" \/>\n<script type=\"application\/ld+json\" class=\"yoast-schema-graph\">{\"@context\":\"https:\\\/\\\/schema.org\",\"@graph\":[{\"@type\":\"WebPage\",\"@id\":\"https:\\\/\\\/funinthesundubai.com\\\/fr\\\/politique-dannulation\\\/\",\"url\":\"https:\\\/\\\/funinthesundubai.com\\\/fr\\\/politique-dannulation\\\/\",\"name\":\"Politique d'annulation - Dubai Tours & Experiences - Fun in the Sun Dubai\",\"isPartOf\":{\"@id\":\"https:\\\/\\\/funinthesundubai.com\\\/fr\\\/#website\"},\"datePublished\":\"2025-02-05T09:51:39+00:00\",\"dateModified\":\"2026-03-25T12:06:56+00:00\",\"description\":\"Consultez notre politique d'annulation pour les circuits et exp\u00e9riences \u00e0 Duba\u00ef, y compris les changements de r\u00e9servation, les conditions du fournisseur et les informations importantes avant votre voyage.\",\"breadcrumb\":{\"@id\":\"https:\\\/\\\/funinthesundubai.com\\\/fr\\\/politique-dannulation\\\/#breadcrumb\"},\"inLanguage\":\"fr-FR\",\"potentialAction\":[{\"@type\":\"ReadAction\",\"target\":[\"https:\\\/\\\/funinthesundubai.com\\\/fr\\\/politique-dannulation\\\/\"]}]},{\"@type\":\"BreadcrumbList\",\"@id\":\"https:\\\/\\\/funinthesundubai.com\\\/fr\\\/politique-dannulation\\\/#breadcrumb\",\"itemListElement\":[{\"@type\":\"ListItem\",\"position\":1,\"name\":\"Home\",\"item\":\"https:\\\/\\\/funinthesundubai.com\\\/fr\\\/\"},{\"@type\":\"ListItem\",\"position\":2,\"name\":\"Politique d&rsquo;annulation\"}]},{\"@type\":\"WebSite\",\"@id\":\"https:\\\/\\\/funinthesundubai.com\\\/fr\\\/#website\",\"url\":\"https:\\\/\\\/funinthesundubai.com\\\/fr\\\/\",\"name\":\"Fun in the Sun Dubai\",\"description\":\"Dubai Activity and Dubai Excursion provider\",\"publisher\":{\"@id\":\"https:\\\/\\\/funinthesundubai.com\\\/fr\\\/#organization\"},\"potentialAction\":[{\"@type\":\"SearchAction\",\"target\":{\"@type\":\"EntryPoint\",\"urlTemplate\":\"https:\\\/\\\/funinthesundubai.com\\\/fr\\\/?s={search_term_string}\"},\"query-input\":{\"@type\":\"PropertyValueSpecification\",\"valueRequired\":true,\"valueName\":\"search_term_string\"}}],\"inLanguage\":\"fr-FR\"},{\"@type\":\"Organization\",\"@id\":\"https:\\\/\\\/funinthesundubai.com\\\/fr\\\/#organization\",\"name\":\"Fun in the Sun Dubai\",\"url\":\"https:\\\/\\\/funinthesundubai.com\\\/fr\\\/\",\"logo\":{\"@type\":\"ImageObject\",\"inLanguage\":\"fr-FR\",\"@id\":\"https:\\\/\\\/funinthesundubai.com\\\/fr\\\/#\\\/schema\\\/logo\\\/image\\\/\",\"url\":\"https:\\\/\\\/funinthesundubai.com\\\/wp-content\\\/uploads\\\/2024\\\/11\\\/logo-final-white-dubai.png\",\"contentUrl\":\"https:\\\/\\\/funinthesundubai.com\\\/wp-content\\\/uploads\\\/2024\\\/11\\\/logo-final-white-dubai.png\",\"width\":745,\"height\":366,\"caption\":\"Fun in the Sun Dubai\"},\"image\":{\"@id\":\"https:\\\/\\\/funinthesundubai.com\\\/fr\\\/#\\\/schema\\\/logo\\\/image\\\/\"}}]}<\/script>\n<!-- \/ Yoast SEO plugin. -->","yoast_head_json":{"title":"Politique d'annulation - Dubai Tours & Experiences - Fun in the Sun Dubai","description":"Consultez notre politique d'annulation pour les circuits et exp\u00e9riences \u00e0 Duba\u00ef, y compris les changements de r\u00e9servation, les conditions du fournisseur et les informations importantes avant votre voyage.","robots":{"index":"index","follow":"follow","max-snippet":"max-snippet:-1","max-image-preview":"max-image-preview:large","max-video-preview":"max-video-preview:-1"},"canonical":"https:\/\/funinthesundubai.com\/fr\/politique-dannulation\/","og_locale":"fr_FR","og_type":"article","og_title":"Politique d'annulation - Dubai Tours & Experiences - Fun in the Sun Dubai","og_description":"Consultez notre politique d'annulation pour les circuits et exp\u00e9riences \u00e0 Duba\u00ef, y compris les changements de r\u00e9servation, les conditions du fournisseur et les informations importantes avant votre voyage.","og_url":"https:\/\/funinthesundubai.com\/fr\/politique-dannulation\/","og_site_name":"Fun in the Sun Dubai","article_modified_time":"2026-03-25T12:06:56+00:00","twitter_card":"summary_large_image","twitter_misc":{"Dur\u00e9e de lecture estim\u00e9e":"4 minutes"},"schema":{"@context":"https:\/\/schema.org","@graph":[{"@type":"WebPage","@id":"https:\/\/funinthesundubai.com\/fr\/politique-dannulation\/","url":"https:\/\/funinthesundubai.com\/fr\/politique-dannulation\/","name":"Politique d'annulation - Dubai Tours & Experiences - Fun in the Sun Dubai","isPartOf":{"@id":"https:\/\/funinthesundubai.com\/fr\/#website"},"datePublished":"2025-02-05T09:51:39+00:00","dateModified":"2026-03-25T12:06:56+00:00","description":"Consultez notre politique d'annulation pour les circuits et exp\u00e9riences \u00e0 Duba\u00ef, y compris les changements de r\u00e9servation, les conditions du fournisseur et les informations importantes avant votre voyage.","breadcrumb":{"@id":"https:\/\/funinthesundubai.com\/fr\/politique-dannulation\/#breadcrumb"},"inLanguage":"fr-FR","potentialAction":[{"@type":"ReadAction","target":["https:\/\/funinthesundubai.com\/fr\/politique-dannulation\/"]}]},{"@type":"BreadcrumbList","@id":"https:\/\/funinthesundubai.com\/fr\/politique-dannulation\/#breadcrumb","itemListElement":[{"@type":"ListItem","position":1,"name":"Home","item":"https:\/\/funinthesundubai.com\/fr\/"},{"@type":"ListItem","position":2,"name":"Politique d&rsquo;annulation"}]},{"@type":"WebSite","@id":"https:\/\/funinthesundubai.com\/fr\/#website","url":"https:\/\/funinthesundubai.com\/fr\/","name":"Fun in the Sun Dubai","description":"Dubai Activity and Dubai Excursion provider","publisher":{"@id":"https:\/\/funinthesundubai.com\/fr\/#organization"},"potentialAction":[{"@type":"SearchAction","target":{"@type":"EntryPoint","urlTemplate":"https:\/\/funinthesundubai.com\/fr\/?s={search_term_string}"},"query-input":{"@type":"PropertyValueSpecification","valueRequired":true,"valueName":"search_term_string"}}],"inLanguage":"fr-FR"},{"@type":"Organization","@id":"https:\/\/funinthesundubai.com\/fr\/#organization","name":"Fun in the Sun Dubai","url":"https:\/\/funinthesundubai.com\/fr\/","logo":{"@type":"ImageObject","inLanguage":"fr-FR","@id":"https:\/\/funinthesundubai.com\/fr\/#\/schema\/logo\/image\/","url":"https:\/\/funinthesundubai.com\/wp-content\/uploads\/2024\/11\/logo-final-white-dubai.png","contentUrl":"https:\/\/funinthesundubai.com\/wp-content\/uploads\/2024\/11\/logo-final-white-dubai.png","width":745,"height":366,"caption":"Fun in the Sun Dubai"},"image":{"@id":"https:\/\/funinthesundubai.com\/fr\/#\/schema\/logo\/image\/"}}]}},"_links":{"self":[{"href":"https:\/\/funinthesundubai.com\/fr\/wp-json\/wp\/v2\/pages\/7659","targetHints":{"allow":["GET"]}}],"collection":[{"href":"https:\/\/funinthesundubai.com\/fr\/wp-json\/wp\/v2\/pages"}],"about":[{"href":"https:\/\/funinthesundubai.com\/fr\/wp-json\/wp\/v2\/types\/page"}],"author":[{"embeddable":true,"href":"https:\/\/funinthesundubai.com\/fr\/wp-json\/wp\/v2\/users\/1"}],"replies":[{"embeddable":true,"href":"https:\/\/funinthesundubai.com\/fr\/wp-json\/wp\/v2\/comments?post=7659"}],"version-history":[{"count":2,"href":"https:\/\/funinthesundubai.com\/fr\/wp-json\/wp\/v2\/pages\/7659\/revisions"}],"predecessor-version":[{"id":11110,"href":"https:\/\/funinthesundubai.com\/fr\/wp-json\/wp\/v2\/pages\/7659\/revisions\/11110"}],"wp:attachment":[{"href":"https:\/\/funinthesundubai.com\/fr\/wp-json\/wp\/v2\/media?parent=7659"}],"curies":[{"name":"wp","href":"https:\/\/api.w.org\/{rel}","templated":true}]}}