{"id":7669,"date":"2025-02-05T09:54:11","date_gmt":"2025-02-05T09:54:11","guid":{"rendered":"https:\/\/funinthesundubai.com\/politique-en-matiere-de-cookies\/"},"modified":"2026-03-25T12:06:03","modified_gmt":"2026-03-25T12:06:03","slug":"politique-en-matiere-de-cookies","status":"publish","type":"page","link":"https:\/\/funinthesundubai.com\/fr\/politique-en-matiere-de-cookies\/","title":{"rendered":"Politique en mati\u00e8re de cookies"},"content":{"rendered":"\t\t<div data-elementor-type=\"wp-page\" data-elementor-id=\"7669\" class=\"elementor elementor-7669 elementor-581\" data-elementor-post-type=\"page\">\n\t\t\t\t\t\t<section class=\"elementor-section elementor-top-section elementor-element elementor-element-05d3373 elementor-section-full_width elementor-section-height-min-height elementor-section-stretched elementor-section-height-default elementor-section-items-middle\" data-id=\"05d3373\" data-element_type=\"section\" data-e-type=\"section\" data-settings=\"{&quot;background_background&quot;:&quot;classic&quot;,&quot;stretch_section&quot;:&quot;section-stretched&quot;}\">\n\t\t\t\t\t\t\t<div class=\"elementor-background-overlay\"><\/div>\n\t\t\t\t\t\t\t<div class=\"elementor-container elementor-column-gap-default\">\n\t\t\t\t\t<div class=\"elementor-column elementor-col-100 elementor-top-column elementor-element elementor-element-0d430c3\" data-id=\"0d430c3\" data-element_type=\"column\" data-e-type=\"column\">\n\t\t\t<div class=\"elementor-widget-wrap elementor-element-populated\">\n\t\t\t\t\t\t<div class=\"elementor-element elementor-element-199bdb3 elementor-widget elementor-widget-heading\" data-id=\"199bdb3\" data-element_type=\"widget\" data-e-type=\"widget\" data-widget_type=\"heading.default\">\n\t\t\t\t<div class=\"elementor-widget-container\">\n\t\t\t\t\t<h1 class=\"elementor-heading-title elementor-size-default\">Politique en mati\u00e8re de cookies<\/h1>\t\t\t\t<\/div>\n\t\t\t\t<\/div>\n\t\t\t\t\t<\/div>\n\t\t<\/div>\n\t\t\t\t\t<\/div>\n\t\t<\/section>\n\t\t\t\t<section class=\"elementor-section elementor-top-section elementor-element elementor-element-64a9bb11 elementor-section-boxed elementor-section-height-default elementor-section-height-default\" data-id=\"64a9bb11\" data-element_type=\"section\" data-e-type=\"section\">\n\t\t\t\t\t\t<div class=\"elementor-container elementor-column-gap-default\">\n\t\t\t\t\t<div class=\"elementor-column elementor-col-100 elementor-top-column elementor-element elementor-element-11f53cb7\" data-id=\"11f53cb7\" data-element_type=\"column\" data-e-type=\"column\">\n\t\t\t<div class=\"elementor-widget-wrap elementor-element-populated\">\n\t\t\t\t\t\t<div class=\"elementor-element elementor-element-77d729cf elementor-widget elementor-widget-text-editor\" data-id=\"77d729cf\" data-element_type=\"widget\" data-e-type=\"widget\" data-widget_type=\"text-editor.default\">\n\t\t\t\t<div class=\"elementor-widget-container\">\n\t\t\t\t\t\t\t\t\t<p>\u00ab\u00a0Administrateur\u00a0\u00bb : Global Digital Solutions.<\/p><p>Le site web de l&rsquo;administrateur utilise des cookies pour vous distinguer des autres utilisateurs du site. Cela permet de vous offrir une bonne exp\u00e9rience lorsque vous naviguez sur le site et d&rsquo;am\u00e9liorer ce dernier. En continuant \u00e0 naviguer sur le site, vous acceptez l&rsquo;utilisation de cookies.  <\/p><p>Un cookie est un petit fichier de lettres et de chiffres qui est stock\u00e9 sur votre navigateur ou sur le disque dur de votre ordinateur si vous y consentez. Les cookies contiennent des informations qui sont transf\u00e9r\u00e9es sur le disque dur de votre ordinateur. <\/p><p>Le site web de l&rsquo;administrateur utilise les cookies suivants : (a) Cookies strictement n\u00e9cessaires &#8211; Il s&rsquo;agit de cookies n\u00e9cessaires au fonctionnement du site web. Ils comprennent, par exemple, les cookies qui vous permettent de vous connecter \u00e0 des zones s\u00e9curis\u00e9es du site web. (b) Cookies analytiques\/de performance &#8211; Ils permettent de reconna\u00eetre et de compter le nombre de visiteurs et de voir comment les visiteurs se d\u00e9placent sur le site web lorsqu&rsquo;ils l&rsquo;utilisent. Cela permet d&rsquo;am\u00e9liorer le fonctionnement du site web, par exemple en veillant \u00e0 ce que les utilisateurs trouvent facilement ce qu&rsquo;ils cherchent. (c) Cookies de fonctionnalit\u00e9 &#8211; Ils sont utilis\u00e9s pour vous reconna\u00eetre lorsque vous revenez sur le site web. Cela permet de personnaliser le contenu, de vous saluer par votre nom et de m\u00e9moriser vos pr\u00e9f\u00e9rences. (d) Cookies de ciblage &#8211; Ces cookies enregistrent votre visite sur le site web, les pages que vous avez consult\u00e9es et les liens que vous avez suivis. Cela permet de mieux adapter le site web et la publicit\u00e9 qui y est affich\u00e9e \u00e0 vos centres d&rsquo;int\u00e9r\u00eat. Ces informations peuvent \u00eatre partag\u00e9es avec des tiers \u00e0 cette fin.         <\/p><p>Veuillez noter que des tiers (y compris, par exemple, des r\u00e9seaux publicitaires et des fournisseurs de services externes tels que des services d&rsquo;analyse du trafic web) peuvent \u00e9galement utiliser des cookies sur lesquels l&rsquo;administrateur n&rsquo;a aucun contr\u00f4le. Ces cookies sont susceptibles d&rsquo;\u00eatre des cookies analytiques\/de performance ou des cookies de ciblage. <\/p><p>Vous pouvez bloquer les cookies en activant les param\u00e8tres de votre navigateur qui vous permettent de refuser l&rsquo;installation de tous les cookies ou de certains d&rsquo;entre eux. Toutefois, si vous utilisez les param\u00e8tres de votre navigateur pour bloquer tous les cookies (y compris les cookies essentiels), il se peut que vous ne puissiez pas acc\u00e9der \u00e0 tout ou partie du site web de l&rsquo;administrateur. <\/p>\t\t\t\t\t\t\t\t<\/div>\n\t\t\t\t<\/div>\n\t\t\t\t\t<\/div>\n\t\t<\/div>\n\t\t\t\t\t<\/div>\n\t\t<\/section>\n\t\t\t\t<\/div>\n\t\t","protected":false},"excerpt":{"rendered":"<p>Politique en mati\u00e8re de cookies \u00ab\u00a0Administrateur\u00a0\u00bb : Global Digital Solutions. Le site web de l&rsquo;administrateur utilise des cookies pour vous distinguer des autres utilisateurs du site. Cela permet de vous offrir une bonne exp\u00e9rience lorsque vous naviguez sur le site et d&rsquo;am\u00e9liorer ce dernier. En continuant \u00e0 naviguer sur le site, vous acceptez l&rsquo;utilisation de [&hellip;]<\/p>\n","protected":false},"author":1,"featured_media":0,"parent":0,"menu_order":0,"comment_status":"closed","ping_status":"closed","template":"","meta":{"footnotes":""},"class_list":["post-7669","page","type-page","status-publish","hentry"],"yoast_head":"<!-- This site is optimized with the Yoast SEO plugin v27.5 - https:\/\/yoast.com\/product\/yoast-seo-wordpress\/ -->\n<title>Politique en mati\u00e8re de cookies - Fun in the Sun Dubai<\/title>\n<meta name=\"description\" content=\"Comprendre comment les cookies sont utilis\u00e9s sur notre site web pour am\u00e9liorer votre exp\u00e9rience de navigation, analyser le trafic et personnaliser le contenu.\" \/>\n<meta name=\"robots\" content=\"index, follow, max-snippet:-1, max-image-preview:large, max-video-preview:-1\" \/>\n<link rel=\"canonical\" href=\"https:\/\/funinthesundubai.com\/fr\/politique-en-matiere-de-cookies\/\" \/>\n<meta property=\"og:locale\" content=\"fr_FR\" \/>\n<meta property=\"og:type\" content=\"article\" \/>\n<meta property=\"og:title\" content=\"Politique en mati\u00e8re de cookies - Fun in the Sun Dubai\" \/>\n<meta property=\"og:description\" content=\"Comprendre comment les cookies sont utilis\u00e9s sur notre site web pour am\u00e9liorer votre exp\u00e9rience de navigation, analyser le trafic et personnaliser le contenu.\" \/>\n<meta property=\"og:url\" content=\"https:\/\/funinthesundubai.com\/fr\/politique-en-matiere-de-cookies\/\" \/>\n<meta property=\"og:site_name\" content=\"Fun in the Sun Dubai\" \/>\n<meta property=\"article:modified_time\" content=\"2026-03-25T12:06:03+00:00\" \/>\n<meta name=\"twitter:card\" content=\"summary_large_image\" \/>\n<meta name=\"twitter:label1\" content=\"Dur\u00e9e de lecture estim\u00e9e\" \/>\n\t<meta name=\"twitter:data1\" content=\"2 minutes\" \/>\n<script type=\"application\/ld+json\" class=\"yoast-schema-graph\">{\"@context\":\"https:\\\/\\\/schema.org\",\"@graph\":[{\"@type\":\"WebPage\",\"@id\":\"https:\\\/\\\/funinthesundubai.com\\\/fr\\\/politique-en-matiere-de-cookies\\\/\",\"url\":\"https:\\\/\\\/funinthesundubai.com\\\/fr\\\/politique-en-matiere-de-cookies\\\/\",\"name\":\"Politique en mati\u00e8re de cookies - Fun in the Sun Dubai\",\"isPartOf\":{\"@id\":\"https:\\\/\\\/funinthesundubai.com\\\/fr\\\/#website\"},\"datePublished\":\"2025-02-05T09:54:11+00:00\",\"dateModified\":\"2026-03-25T12:06:03+00:00\",\"description\":\"Comprendre comment les cookies sont utilis\u00e9s sur notre site web pour am\u00e9liorer votre exp\u00e9rience de navigation, analyser le trafic et personnaliser le contenu.\",\"breadcrumb\":{\"@id\":\"https:\\\/\\\/funinthesundubai.com\\\/fr\\\/politique-en-matiere-de-cookies\\\/#breadcrumb\"},\"inLanguage\":\"fr-FR\",\"potentialAction\":[{\"@type\":\"ReadAction\",\"target\":[\"https:\\\/\\\/funinthesundubai.com\\\/fr\\\/politique-en-matiere-de-cookies\\\/\"]}]},{\"@type\":\"BreadcrumbList\",\"@id\":\"https:\\\/\\\/funinthesundubai.com\\\/fr\\\/politique-en-matiere-de-cookies\\\/#breadcrumb\",\"itemListElement\":[{\"@type\":\"ListItem\",\"position\":1,\"name\":\"Home\",\"item\":\"https:\\\/\\\/funinthesundubai.com\\\/fr\\\/\"},{\"@type\":\"ListItem\",\"position\":2,\"name\":\"Politique en mati\u00e8re de cookies\"}]},{\"@type\":\"WebSite\",\"@id\":\"https:\\\/\\\/funinthesundubai.com\\\/fr\\\/#website\",\"url\":\"https:\\\/\\\/funinthesundubai.com\\\/fr\\\/\",\"name\":\"Fun in the Sun Dubai\",\"description\":\"Dubai Activity and Dubai Excursion provider\",\"publisher\":{\"@id\":\"https:\\\/\\\/funinthesundubai.com\\\/fr\\\/#organization\"},\"potentialAction\":[{\"@type\":\"SearchAction\",\"target\":{\"@type\":\"EntryPoint\",\"urlTemplate\":\"https:\\\/\\\/funinthesundubai.com\\\/fr\\\/?s={search_term_string}\"},\"query-input\":{\"@type\":\"PropertyValueSpecification\",\"valueRequired\":true,\"valueName\":\"search_term_string\"}}],\"inLanguage\":\"fr-FR\"},{\"@type\":\"Organization\",\"@id\":\"https:\\\/\\\/funinthesundubai.com\\\/fr\\\/#organization\",\"name\":\"Fun in the Sun Dubai\",\"url\":\"https:\\\/\\\/funinthesundubai.com\\\/fr\\\/\",\"logo\":{\"@type\":\"ImageObject\",\"inLanguage\":\"fr-FR\",\"@id\":\"https:\\\/\\\/funinthesundubai.com\\\/fr\\\/#\\\/schema\\\/logo\\\/image\\\/\",\"url\":\"https:\\\/\\\/funinthesundubai.com\\\/wp-content\\\/uploads\\\/2024\\\/11\\\/logo-final-white-dubai.png\",\"contentUrl\":\"https:\\\/\\\/funinthesundubai.com\\\/wp-content\\\/uploads\\\/2024\\\/11\\\/logo-final-white-dubai.png\",\"width\":745,\"height\":366,\"caption\":\"Fun in the Sun Dubai\"},\"image\":{\"@id\":\"https:\\\/\\\/funinthesundubai.com\\\/fr\\\/#\\\/schema\\\/logo\\\/image\\\/\"}}]}<\/script>\n<!-- \/ Yoast SEO plugin. -->","yoast_head_json":{"title":"Politique en mati\u00e8re de cookies - Fun in the Sun Dubai","description":"Comprendre comment les cookies sont utilis\u00e9s sur notre site web pour am\u00e9liorer votre exp\u00e9rience de navigation, analyser le trafic et personnaliser le contenu.","robots":{"index":"index","follow":"follow","max-snippet":"max-snippet:-1","max-image-preview":"max-image-preview:large","max-video-preview":"max-video-preview:-1"},"canonical":"https:\/\/funinthesundubai.com\/fr\/politique-en-matiere-de-cookies\/","og_locale":"fr_FR","og_type":"article","og_title":"Politique en mati\u00e8re de cookies - Fun in the Sun Dubai","og_description":"Comprendre comment les cookies sont utilis\u00e9s sur notre site web pour am\u00e9liorer votre exp\u00e9rience de navigation, analyser le trafic et personnaliser le contenu.","og_url":"https:\/\/funinthesundubai.com\/fr\/politique-en-matiere-de-cookies\/","og_site_name":"Fun in the Sun Dubai","article_modified_time":"2026-03-25T12:06:03+00:00","twitter_card":"summary_large_image","twitter_misc":{"Dur\u00e9e de lecture estim\u00e9e":"2 minutes"},"schema":{"@context":"https:\/\/schema.org","@graph":[{"@type":"WebPage","@id":"https:\/\/funinthesundubai.com\/fr\/politique-en-matiere-de-cookies\/","url":"https:\/\/funinthesundubai.com\/fr\/politique-en-matiere-de-cookies\/","name":"Politique en mati\u00e8re de cookies - Fun in the Sun Dubai","isPartOf":{"@id":"https:\/\/funinthesundubai.com\/fr\/#website"},"datePublished":"2025-02-05T09:54:11+00:00","dateModified":"2026-03-25T12:06:03+00:00","description":"Comprendre comment les cookies sont utilis\u00e9s sur notre site web pour am\u00e9liorer votre exp\u00e9rience de navigation, analyser le trafic et personnaliser le contenu.","breadcrumb":{"@id":"https:\/\/funinthesundubai.com\/fr\/politique-en-matiere-de-cookies\/#breadcrumb"},"inLanguage":"fr-FR","potentialAction":[{"@type":"ReadAction","target":["https:\/\/funinthesundubai.com\/fr\/politique-en-matiere-de-cookies\/"]}]},{"@type":"BreadcrumbList","@id":"https:\/\/funinthesundubai.com\/fr\/politique-en-matiere-de-cookies\/#breadcrumb","itemListElement":[{"@type":"ListItem","position":1,"name":"Home","item":"https:\/\/funinthesundubai.com\/fr\/"},{"@type":"ListItem","position":2,"name":"Politique en mati\u00e8re de cookies"}]},{"@type":"WebSite","@id":"https:\/\/funinthesundubai.com\/fr\/#website","url":"https:\/\/funinthesundubai.com\/fr\/","name":"Fun in the Sun Dubai","description":"Dubai Activity and Dubai Excursion provider","publisher":{"@id":"https:\/\/funinthesundubai.com\/fr\/#organization"},"potentialAction":[{"@type":"SearchAction","target":{"@type":"EntryPoint","urlTemplate":"https:\/\/funinthesundubai.com\/fr\/?s={search_term_string}"},"query-input":{"@type":"PropertyValueSpecification","valueRequired":true,"valueName":"search_term_string"}}],"inLanguage":"fr-FR"},{"@type":"Organization","@id":"https:\/\/funinthesundubai.com\/fr\/#organization","name":"Fun in the Sun Dubai","url":"https:\/\/funinthesundubai.com\/fr\/","logo":{"@type":"ImageObject","inLanguage":"fr-FR","@id":"https:\/\/funinthesundubai.com\/fr\/#\/schema\/logo\/image\/","url":"https:\/\/funinthesundubai.com\/wp-content\/uploads\/2024\/11\/logo-final-white-dubai.png","contentUrl":"https:\/\/funinthesundubai.com\/wp-content\/uploads\/2024\/11\/logo-final-white-dubai.png","width":745,"height":366,"caption":"Fun in the Sun Dubai"},"image":{"@id":"https:\/\/funinthesundubai.com\/fr\/#\/schema\/logo\/image\/"}}]}},"_links":{"self":[{"href":"https:\/\/funinthesundubai.com\/fr\/wp-json\/wp\/v2\/pages\/7669","targetHints":{"allow":["GET"]}}],"collection":[{"href":"https:\/\/funinthesundubai.com\/fr\/wp-json\/wp\/v2\/pages"}],"about":[{"href":"https:\/\/funinthesundubai.com\/fr\/wp-json\/wp\/v2\/types\/page"}],"author":[{"embeddable":true,"href":"https:\/\/funinthesundubai.com\/fr\/wp-json\/wp\/v2\/users\/1"}],"replies":[{"embeddable":true,"href":"https:\/\/funinthesundubai.com\/fr\/wp-json\/wp\/v2\/comments?post=7669"}],"version-history":[{"count":4,"href":"https:\/\/funinthesundubai.com\/fr\/wp-json\/wp\/v2\/pages\/7669\/revisions"}],"predecessor-version":[{"id":11103,"href":"https:\/\/funinthesundubai.com\/fr\/wp-json\/wp\/v2\/pages\/7669\/revisions\/11103"}],"wp:attachment":[{"href":"https:\/\/funinthesundubai.com\/fr\/wp-json\/wp\/v2\/media?parent=7669"}],"curies":[{"name":"wp","href":"https:\/\/api.w.org\/{rel}","templated":true}]}}