{"id":7702,"date":"2025-02-05T09:57:04","date_gmt":"2025-02-05T09:57:04","guid":{"rendered":"https:\/\/funinthesundubai.com\/paiements\/"},"modified":"2026-03-25T12:04:21","modified_gmt":"2026-03-25T12:04:21","slug":"paiements","status":"publish","type":"page","link":"https:\/\/funinthesundubai.com\/fr\/paiements\/","title":{"rendered":"Paiements"},"content":{"rendered":"\t\t<div data-elementor-type=\"wp-page\" data-elementor-id=\"7702\" class=\"elementor elementor-7702 elementor-6616\" data-elementor-post-type=\"page\">\n\t\t\t\t\t\t<section class=\"elementor-section elementor-top-section elementor-element elementor-element-cf4fb75 elementor-section-full_width elementor-section-height-min-height elementor-section-stretched elementor-section-height-default elementor-section-items-middle\" data-id=\"cf4fb75\" data-element_type=\"section\" data-e-type=\"section\" data-settings=\"{&quot;stretch_section&quot;:&quot;section-stretched&quot;,&quot;background_background&quot;:&quot;classic&quot;}\">\n\t\t\t\t\t\t\t<div class=\"elementor-background-overlay\"><\/div>\n\t\t\t\t\t\t\t<div class=\"elementor-container elementor-column-gap-default\">\n\t\t\t\t\t<div class=\"elementor-column elementor-col-100 elementor-top-column elementor-element elementor-element-b860641\" data-id=\"b860641\" data-element_type=\"column\" data-e-type=\"column\">\n\t\t\t<div class=\"elementor-widget-wrap elementor-element-populated\">\n\t\t\t\t\t\t<div class=\"elementor-element elementor-element-99db0d8 elementor-widget elementor-widget-heading\" data-id=\"99db0d8\" data-element_type=\"widget\" data-e-type=\"widget\" data-widget_type=\"heading.default\">\n\t\t\t\t<div class=\"elementor-widget-container\">\n\t\t\t\t\t<h1 class=\"elementor-heading-title elementor-size-default\">Paiements<\/h1>\t\t\t\t<\/div>\n\t\t\t\t<\/div>\n\t\t\t\t\t<\/div>\n\t\t<\/div>\n\t\t\t\t\t<\/div>\n\t\t<\/section>\n\t\t\t\t<section class=\"elementor-section elementor-top-section elementor-element elementor-element-1461fcd6 elementor-section-boxed elementor-section-height-default elementor-section-height-default\" data-id=\"1461fcd6\" data-element_type=\"section\" data-e-type=\"section\">\n\t\t\t\t\t\t<div class=\"elementor-container elementor-column-gap-default\">\n\t\t\t\t\t<div class=\"elementor-column elementor-col-100 elementor-top-column elementor-element elementor-element-2b15163f\" data-id=\"2b15163f\" data-element_type=\"column\" data-e-type=\"column\">\n\t\t\t<div class=\"elementor-widget-wrap elementor-element-populated\">\n\t\t\t\t\t\t<div class=\"elementor-element elementor-element-7a0ad30a elementor-widget elementor-widget-text-editor\" data-id=\"7a0ad30a\" data-element_type=\"widget\" data-e-type=\"widget\" data-widget_type=\"text-editor.default\">\n\t\t\t\t<div class=\"elementor-widget-container\">\n\t\t\t\t\t\t\t\t\t<p>PAIEMENTS<\/p><p>Nous acceptons les paiements en ligne par carte de cr\u00e9dit\/d\u00e9bit Visa et MasterCard en AED. Lors du processus de paiement, vous serez inform\u00e9 du taux de change de la devise de votre pays en AED. <\/p><p>RESTRICTIONS<\/p><p>Fun In The Sun (Global Digital Solutions) ne traitera pas et ne fournira pas de services ou de produits aux pays sanctionn\u00e9s par l&rsquo;OFAC (Office of Foreign Assets Control), conform\u00e9ment \u00e0 la loi des \u00c9mirats arabes unis.<\/p><p>REMBOURSEMENTS<\/p><p>Conform\u00e9ment \u00e0 la politique d&rsquo;annulation, tout client ayant droit \u00e0 une forme de remboursement sera trait\u00e9 selon le mode de paiement initial.<\/p>\t\t\t\t\t\t\t\t<\/div>\n\t\t\t\t<\/div>\n\t\t\t\t\t<\/div>\n\t\t<\/div>\n\t\t\t\t\t<\/div>\n\t\t<\/section>\n\t\t\t\t<section class=\"elementor-section elementor-top-section elementor-element elementor-element-07da010 elementor-section-boxed elementor-section-height-default elementor-section-height-default\" data-id=\"07da010\" data-element_type=\"section\" data-e-type=\"section\">\n\t\t\t\t\t\t<div class=\"elementor-container elementor-column-gap-default\">\n\t\t\t\t\t<div class=\"elementor-column elementor-col-25 elementor-top-column elementor-element elementor-element-ef92de7\" data-id=\"ef92de7\" data-element_type=\"column\" data-e-type=\"column\">\n\t\t\t<div class=\"elementor-widget-wrap elementor-element-populated\">\n\t\t\t\t\t\t<div class=\"elementor-element elementor-element-cda196c elementor-widget elementor-widget-image\" data-id=\"cda196c\" data-element_type=\"widget\" data-e-type=\"widget\" data-widget_type=\"image.default\">\n\t\t\t\t<div class=\"elementor-widget-container\">\n\t\t\t\t\t\t\t\t\t\t\t\t\t\t\t<img fetchpriority=\"high\" decoding=\"async\" width=\"540\" height=\"340\" src=\"https:\/\/funinthesundubai.com\/wp-content\/uploads\/2023\/05\/visa.png\" class=\"attachment-large size-large wp-image-7960\" alt=\"\" srcset=\"https:\/\/funinthesundubai.com\/wp-content\/uploads\/2023\/05\/visa.png 540w, https:\/\/funinthesundubai.com\/wp-content\/uploads\/2023\/05\/visa-300x189.png 300w\" sizes=\"(max-width: 540px) 100vw, 540px\" \/>\t\t\t\t\t\t\t\t\t\t\t\t\t\t\t<\/div>\n\t\t\t\t<\/div>\n\t\t\t\t\t<\/div>\n\t\t<\/div>\n\t\t\t\t<div class=\"elementor-column elementor-col-25 elementor-top-column elementor-element elementor-element-d78272c\" data-id=\"d78272c\" data-element_type=\"column\" data-e-type=\"column\">\n\t\t\t<div class=\"elementor-widget-wrap elementor-element-populated\">\n\t\t\t\t\t\t<div class=\"elementor-element elementor-element-a07597d elementor-widget elementor-widget-image\" data-id=\"a07597d\" data-element_type=\"widget\" data-e-type=\"widget\" data-widget_type=\"image.default\">\n\t\t\t\t<div class=\"elementor-widget-container\">\n\t\t\t\t\t\t\t\t\t\t\t\t\t\t\t<img decoding=\"async\" width=\"540\" height=\"340\" src=\"https:\/\/funinthesundubai.com\/wp-content\/uploads\/2023\/05\/mastercard.png\" class=\"attachment-large size-large wp-image-7963\" alt=\"\" srcset=\"https:\/\/funinthesundubai.com\/wp-content\/uploads\/2023\/05\/mastercard.png 540w, https:\/\/funinthesundubai.com\/wp-content\/uploads\/2023\/05\/mastercard-300x189.png 300w\" sizes=\"(max-width: 540px) 100vw, 540px\" \/>\t\t\t\t\t\t\t\t\t\t\t\t\t\t\t<\/div>\n\t\t\t\t<\/div>\n\t\t\t\t\t<\/div>\n\t\t<\/div>\n\t\t\t\t<div class=\"elementor-column elementor-col-25 elementor-top-column elementor-element elementor-element-0b9bf41\" data-id=\"0b9bf41\" data-element_type=\"column\" data-e-type=\"column\">\n\t\t\t<div class=\"elementor-widget-wrap elementor-element-populated\">\n\t\t\t\t\t\t<div class=\"elementor-element elementor-element-1dded05 elementor-widget elementor-widget-image\" data-id=\"1dded05\" data-element_type=\"widget\" data-e-type=\"widget\" data-widget_type=\"image.default\">\n\t\t\t\t<div class=\"elementor-widget-container\">\n\t\t\t\t\t\t\t\t\t\t\t\t\t\t\t<img decoding=\"async\" width=\"300\" height=\"189\" src=\"https:\/\/funinthesundubai.com\/wp-content\/uploads\/2023\/05\/verified-visa-300x189.png\" class=\"attachment-medium size-medium wp-image-7962\" alt=\"\" srcset=\"https:\/\/funinthesundubai.com\/wp-content\/uploads\/2023\/05\/verified-visa-300x189.png 300w, https:\/\/funinthesundubai.com\/wp-content\/uploads\/2023\/05\/verified-visa.png 540w\" sizes=\"(max-width: 300px) 100vw, 300px\" \/>\t\t\t\t\t\t\t\t\t\t\t\t\t\t\t<\/div>\n\t\t\t\t<\/div>\n\t\t\t\t\t<\/div>\n\t\t<\/div>\n\t\t\t\t<div class=\"elementor-column elementor-col-25 elementor-top-column elementor-element elementor-element-3f0a942\" data-id=\"3f0a942\" data-element_type=\"column\" data-e-type=\"column\">\n\t\t\t<div class=\"elementor-widget-wrap elementor-element-populated\">\n\t\t\t\t\t\t<div class=\"elementor-element elementor-element-3f7bfd5 elementor-widget elementor-widget-image\" data-id=\"3f7bfd5\" data-element_type=\"widget\" data-e-type=\"widget\" data-widget_type=\"image.default\">\n\t\t\t\t<div class=\"elementor-widget-container\">\n\t\t\t\t\t\t\t\t\t\t\t\t\t\t\t<img loading=\"lazy\" decoding=\"async\" width=\"300\" height=\"189\" src=\"https:\/\/funinthesundubai.com\/wp-content\/uploads\/2023\/05\/mastercard-code-300x189.png\" class=\"attachment-medium size-medium wp-image-7961\" alt=\"\" srcset=\"https:\/\/funinthesundubai.com\/wp-content\/uploads\/2023\/05\/mastercard-code-300x189.png 300w, https:\/\/funinthesundubai.com\/wp-content\/uploads\/2023\/05\/mastercard-code.png 540w\" sizes=\"(max-width: 300px) 100vw, 300px\" \/>\t\t\t\t\t\t\t\t\t\t\t\t\t\t\t<\/div>\n\t\t\t\t<\/div>\n\t\t\t\t\t<\/div>\n\t\t<\/div>\n\t\t\t\t\t<\/div>\n\t\t<\/section>\n\t\t\t\t<\/div>\n\t\t","protected":false},"excerpt":{"rendered":"<p>Paiements PAIEMENTS Nous acceptons les paiements en ligne par carte de cr\u00e9dit\/d\u00e9bit Visa et MasterCard en AED. Lors du processus de paiement, vous serez inform\u00e9 du taux de change de la devise de votre pays en AED. RESTRICTIONS Fun In The Sun (Global Digital Solutions) ne traitera pas et ne fournira pas de services ou [&hellip;]<\/p>\n","protected":false},"author":14,"featured_media":0,"parent":0,"menu_order":0,"comment_status":"closed","ping_status":"closed","template":"","meta":{"footnotes":""},"class_list":["post-7702","page","type-page","status-publish","hentry"],"yoast_head":"<!-- This site is optimized with the Yoast SEO plugin v27.5 - https:\/\/yoast.com\/product\/yoast-seo-wordpress\/ -->\n<title>Paiements et remboursements | R\u00e9servations \u00e0 Duba\u00ef - Fun in the Sun Dubai<\/title>\n<meta name=\"description\" content=\"D\u00e9couvrez les m\u00e9thodes de paiement, les confirmations de r\u00e9servation et les processus de remboursement pour les exp\u00e9riences \u00e0 Duba\u00ef r\u00e9serv\u00e9es aupr\u00e8s de Fun in the Sun Dubai.\" \/>\n<meta name=\"robots\" content=\"index, follow, max-snippet:-1, max-image-preview:large, max-video-preview:-1\" \/>\n<link rel=\"canonical\" href=\"https:\/\/funinthesundubai.com\/fr\/paiements\/\" \/>\n<meta property=\"og:locale\" content=\"fr_FR\" \/>\n<meta property=\"og:type\" content=\"article\" \/>\n<meta property=\"og:title\" content=\"Paiements et remboursements | R\u00e9servations \u00e0 Duba\u00ef - Fun in the Sun Dubai\" \/>\n<meta property=\"og:description\" content=\"D\u00e9couvrez les m\u00e9thodes de paiement, les confirmations de r\u00e9servation et les processus de remboursement pour les exp\u00e9riences \u00e0 Duba\u00ef r\u00e9serv\u00e9es aupr\u00e8s de Fun in the Sun Dubai.\" \/>\n<meta property=\"og:url\" content=\"https:\/\/funinthesundubai.com\/fr\/paiements\/\" \/>\n<meta property=\"og:site_name\" content=\"Fun in the Sun Dubai\" \/>\n<meta property=\"article:modified_time\" content=\"2026-03-25T12:04:21+00:00\" \/>\n<meta property=\"og:image\" content=\"https:\/\/funinthesundubai.com\/wp-content\/uploads\/2023\/05\/visa.png\" \/>\n\t<meta property=\"og:image:width\" content=\"540\" \/>\n\t<meta property=\"og:image:height\" content=\"340\" \/>\n\t<meta property=\"og:image:type\" content=\"image\/png\" \/>\n<meta name=\"twitter:card\" content=\"summary_large_image\" \/>\n<script type=\"application\/ld+json\" class=\"yoast-schema-graph\">{\"@context\":\"https:\\\/\\\/schema.org\",\"@graph\":[{\"@type\":\"WebPage\",\"@id\":\"https:\\\/\\\/funinthesundubai.com\\\/fr\\\/paiements\\\/\",\"url\":\"https:\\\/\\\/funinthesundubai.com\\\/fr\\\/paiements\\\/\",\"name\":\"Paiements et remboursements | R\u00e9servations \u00e0 Duba\u00ef - Fun in the Sun Dubai\",\"isPartOf\":{\"@id\":\"https:\\\/\\\/funinthesundubai.com\\\/fr\\\/#website\"},\"primaryImageOfPage\":{\"@id\":\"https:\\\/\\\/funinthesundubai.com\\\/fr\\\/paiements\\\/#primaryimage\"},\"image\":{\"@id\":\"https:\\\/\\\/funinthesundubai.com\\\/fr\\\/paiements\\\/#primaryimage\"},\"thumbnailUrl\":\"https:\\\/\\\/funinthesundubai.com\\\/wp-content\\\/uploads\\\/2023\\\/05\\\/visa.png\",\"datePublished\":\"2025-02-05T09:57:04+00:00\",\"dateModified\":\"2026-03-25T12:04:21+00:00\",\"description\":\"D\u00e9couvrez les m\u00e9thodes de paiement, les confirmations de r\u00e9servation et les processus de remboursement pour les exp\u00e9riences \u00e0 Duba\u00ef r\u00e9serv\u00e9es aupr\u00e8s de Fun in the Sun Dubai.\",\"breadcrumb\":{\"@id\":\"https:\\\/\\\/funinthesundubai.com\\\/fr\\\/paiements\\\/#breadcrumb\"},\"inLanguage\":\"fr-FR\",\"potentialAction\":[{\"@type\":\"ReadAction\",\"target\":[\"https:\\\/\\\/funinthesundubai.com\\\/fr\\\/paiements\\\/\"]}]},{\"@type\":\"ImageObject\",\"inLanguage\":\"fr-FR\",\"@id\":\"https:\\\/\\\/funinthesundubai.com\\\/fr\\\/paiements\\\/#primaryimage\",\"url\":\"https:\\\/\\\/funinthesundubai.com\\\/wp-content\\\/uploads\\\/2023\\\/05\\\/visa.png\",\"contentUrl\":\"https:\\\/\\\/funinthesundubai.com\\\/wp-content\\\/uploads\\\/2023\\\/05\\\/visa.png\"},{\"@type\":\"BreadcrumbList\",\"@id\":\"https:\\\/\\\/funinthesundubai.com\\\/fr\\\/paiements\\\/#breadcrumb\",\"itemListElement\":[{\"@type\":\"ListItem\",\"position\":1,\"name\":\"Home\",\"item\":\"https:\\\/\\\/funinthesundubai.com\\\/fr\\\/\"},{\"@type\":\"ListItem\",\"position\":2,\"name\":\"Paiements\"}]},{\"@type\":\"WebSite\",\"@id\":\"https:\\\/\\\/funinthesundubai.com\\\/fr\\\/#website\",\"url\":\"https:\\\/\\\/funinthesundubai.com\\\/fr\\\/\",\"name\":\"Fun in the Sun Dubai\",\"description\":\"Dubai Activity and Dubai Excursion provider\",\"publisher\":{\"@id\":\"https:\\\/\\\/funinthesundubai.com\\\/fr\\\/#organization\"},\"potentialAction\":[{\"@type\":\"SearchAction\",\"target\":{\"@type\":\"EntryPoint\",\"urlTemplate\":\"https:\\\/\\\/funinthesundubai.com\\\/fr\\\/?s={search_term_string}\"},\"query-input\":{\"@type\":\"PropertyValueSpecification\",\"valueRequired\":true,\"valueName\":\"search_term_string\"}}],\"inLanguage\":\"fr-FR\"},{\"@type\":\"Organization\",\"@id\":\"https:\\\/\\\/funinthesundubai.com\\\/fr\\\/#organization\",\"name\":\"Fun in the Sun Dubai\",\"url\":\"https:\\\/\\\/funinthesundubai.com\\\/fr\\\/\",\"logo\":{\"@type\":\"ImageObject\",\"inLanguage\":\"fr-FR\",\"@id\":\"https:\\\/\\\/funinthesundubai.com\\\/fr\\\/#\\\/schema\\\/logo\\\/image\\\/\",\"url\":\"https:\\\/\\\/funinthesundubai.com\\\/wp-content\\\/uploads\\\/2024\\\/11\\\/logo-final-white-dubai.png\",\"contentUrl\":\"https:\\\/\\\/funinthesundubai.com\\\/wp-content\\\/uploads\\\/2024\\\/11\\\/logo-final-white-dubai.png\",\"width\":745,\"height\":366,\"caption\":\"Fun in the Sun Dubai\"},\"image\":{\"@id\":\"https:\\\/\\\/funinthesundubai.com\\\/fr\\\/#\\\/schema\\\/logo\\\/image\\\/\"}}]}<\/script>\n<!-- \/ Yoast SEO plugin. -->","yoast_head_json":{"title":"Paiements et remboursements | R\u00e9servations \u00e0 Duba\u00ef - Fun in the Sun Dubai","description":"D\u00e9couvrez les m\u00e9thodes de paiement, les confirmations de r\u00e9servation et les processus de remboursement pour les exp\u00e9riences \u00e0 Duba\u00ef r\u00e9serv\u00e9es aupr\u00e8s de Fun in the Sun Dubai.","robots":{"index":"index","follow":"follow","max-snippet":"max-snippet:-1","max-image-preview":"max-image-preview:large","max-video-preview":"max-video-preview:-1"},"canonical":"https:\/\/funinthesundubai.com\/fr\/paiements\/","og_locale":"fr_FR","og_type":"article","og_title":"Paiements et remboursements | R\u00e9servations \u00e0 Duba\u00ef - Fun in the Sun Dubai","og_description":"D\u00e9couvrez les m\u00e9thodes de paiement, les confirmations de r\u00e9servation et les processus de remboursement pour les exp\u00e9riences \u00e0 Duba\u00ef r\u00e9serv\u00e9es aupr\u00e8s de Fun in the Sun Dubai.","og_url":"https:\/\/funinthesundubai.com\/fr\/paiements\/","og_site_name":"Fun in the Sun Dubai","article_modified_time":"2026-03-25T12:04:21+00:00","og_image":[{"width":540,"height":340,"url":"https:\/\/funinthesundubai.com\/wp-content\/uploads\/2023\/05\/visa.png","type":"image\/png"}],"twitter_card":"summary_large_image","schema":{"@context":"https:\/\/schema.org","@graph":[{"@type":"WebPage","@id":"https:\/\/funinthesundubai.com\/fr\/paiements\/","url":"https:\/\/funinthesundubai.com\/fr\/paiements\/","name":"Paiements et remboursements | R\u00e9servations \u00e0 Duba\u00ef - Fun in the Sun Dubai","isPartOf":{"@id":"https:\/\/funinthesundubai.com\/fr\/#website"},"primaryImageOfPage":{"@id":"https:\/\/funinthesundubai.com\/fr\/paiements\/#primaryimage"},"image":{"@id":"https:\/\/funinthesundubai.com\/fr\/paiements\/#primaryimage"},"thumbnailUrl":"https:\/\/funinthesundubai.com\/wp-content\/uploads\/2023\/05\/visa.png","datePublished":"2025-02-05T09:57:04+00:00","dateModified":"2026-03-25T12:04:21+00:00","description":"D\u00e9couvrez les m\u00e9thodes de paiement, les confirmations de r\u00e9servation et les processus de remboursement pour les exp\u00e9riences \u00e0 Duba\u00ef r\u00e9serv\u00e9es aupr\u00e8s de Fun in the Sun Dubai.","breadcrumb":{"@id":"https:\/\/funinthesundubai.com\/fr\/paiements\/#breadcrumb"},"inLanguage":"fr-FR","potentialAction":[{"@type":"ReadAction","target":["https:\/\/funinthesundubai.com\/fr\/paiements\/"]}]},{"@type":"ImageObject","inLanguage":"fr-FR","@id":"https:\/\/funinthesundubai.com\/fr\/paiements\/#primaryimage","url":"https:\/\/funinthesundubai.com\/wp-content\/uploads\/2023\/05\/visa.png","contentUrl":"https:\/\/funinthesundubai.com\/wp-content\/uploads\/2023\/05\/visa.png"},{"@type":"BreadcrumbList","@id":"https:\/\/funinthesundubai.com\/fr\/paiements\/#breadcrumb","itemListElement":[{"@type":"ListItem","position":1,"name":"Home","item":"https:\/\/funinthesundubai.com\/fr\/"},{"@type":"ListItem","position":2,"name":"Paiements"}]},{"@type":"WebSite","@id":"https:\/\/funinthesundubai.com\/fr\/#website","url":"https:\/\/funinthesundubai.com\/fr\/","name":"Fun in the Sun Dubai","description":"Dubai Activity and Dubai Excursion provider","publisher":{"@id":"https:\/\/funinthesundubai.com\/fr\/#organization"},"potentialAction":[{"@type":"SearchAction","target":{"@type":"EntryPoint","urlTemplate":"https:\/\/funinthesundubai.com\/fr\/?s={search_term_string}"},"query-input":{"@type":"PropertyValueSpecification","valueRequired":true,"valueName":"search_term_string"}}],"inLanguage":"fr-FR"},{"@type":"Organization","@id":"https:\/\/funinthesundubai.com\/fr\/#organization","name":"Fun in the Sun Dubai","url":"https:\/\/funinthesundubai.com\/fr\/","logo":{"@type":"ImageObject","inLanguage":"fr-FR","@id":"https:\/\/funinthesundubai.com\/fr\/#\/schema\/logo\/image\/","url":"https:\/\/funinthesundubai.com\/wp-content\/uploads\/2024\/11\/logo-final-white-dubai.png","contentUrl":"https:\/\/funinthesundubai.com\/wp-content\/uploads\/2024\/11\/logo-final-white-dubai.png","width":745,"height":366,"caption":"Fun in the Sun Dubai"},"image":{"@id":"https:\/\/funinthesundubai.com\/fr\/#\/schema\/logo\/image\/"}}]}},"_links":{"self":[{"href":"https:\/\/funinthesundubai.com\/fr\/wp-json\/wp\/v2\/pages\/7702","targetHints":{"allow":["GET"]}}],"collection":[{"href":"https:\/\/funinthesundubai.com\/fr\/wp-json\/wp\/v2\/pages"}],"about":[{"href":"https:\/\/funinthesundubai.com\/fr\/wp-json\/wp\/v2\/types\/page"}],"author":[{"embeddable":true,"href":"https:\/\/funinthesundubai.com\/fr\/wp-json\/wp\/v2\/users\/14"}],"replies":[{"embeddable":true,"href":"https:\/\/funinthesundubai.com\/fr\/wp-json\/wp\/v2\/comments?post=7702"}],"version-history":[{"count":2,"href":"https:\/\/funinthesundubai.com\/fr\/wp-json\/wp\/v2\/pages\/7702\/revisions"}],"predecessor-version":[{"id":11092,"href":"https:\/\/funinthesundubai.com\/fr\/wp-json\/wp\/v2\/pages\/7702\/revisions\/11092"}],"wp:attachment":[{"href":"https:\/\/funinthesundubai.com\/fr\/wp-json\/wp\/v2\/media?parent=7702"}],"curies":[{"name":"wp","href":"https:\/\/api.w.org\/{rel}","templated":true}]}}