{"id":7736,"date":"2025-01-03T17:50:47","date_gmt":"2025-02-05T10:17:44","guid":{"rendered":"https:\/\/funinthesundubai.com\/shop\/non%20class\u00e9\/yacht-de-luxe-sunseeker\/"},"modified":"2026-03-27T09:52:43","modified_gmt":"2026-03-27T09:52:43","slug":"yacht-de-luxe-sunseeker","status":"publish","type":"product","link":"https:\/\/funinthesundubai.com\/fr\/shop\/luxe\/yacht-de-luxe-sunseeker\/","title":{"rendered":"Yacht de luxe Sunseeker"},"content":{"rendered":"<p class=\"p1\">Agr\u00e9mentez vos vacances \u00e0 Duba\u00ef d&rsquo;une excursion en yacht haut de gamme qui allie luxe et paysages \u00e0 couper le souffle. R\u00e9put\u00e9e pour ses eaux cristallines et sa ligne d&rsquo;horizon embl\u00e9matique, cette exp\u00e9rience exclusive offre un m\u00e9lange unique de sophistication et de d\u00e9tente. Qu&rsquo;il s&rsquo;agisse d&rsquo;une escapade romantique ou d&rsquo;une sortie en famille, c&rsquo;est une fa\u00e7on inoubliable d&rsquo;explorer Duba\u00ef avec style.  <\/p>\n<p class=\"p1\">Naviguez sur des eaux calmes et profitez de la tranquillit\u00e9 de la haute mer tandis que la ville anim\u00e9e s&rsquo;estompe \u00e0 l&rsquo;arri\u00e8re-plan. Les yachts m\u00e9ticuleusement con\u00e7us constituent un havre de confort, avec des \u00e9quipements luxueux et un service de premier ordre. Plus qu&rsquo;une simple visite touristique, il s&rsquo;agit d&rsquo;une retraite luxueuse o\u00f9 l&rsquo;on cr\u00e9e des souvenirs.  <\/p>\n<p class=\"p1\">Naviguez le long des sites mondialement connus de Duba\u00ef, de l&rsquo;imposant Burj Al Arab \u00e0 l&rsquo;impressionnant Palm Jumeirah. Un charter priv\u00e9 standard de 4 heures vous laisse amplement le temps de vous impr\u00e9gner de la beaut\u00e9 des lieux, tandis que vous avez la possibilit\u00e9 de prolonger votre exp\u00e9rience pour une exploration plus tranquille du spectaculaire littoral de Duba\u00ef. <\/p>\n<p><strong>SUNSEEKER &#8211; 64ft<br \/>\n<\/strong>4 heures @ 1200 par heure = 4,800 + (1,200 par heure suppl\u00e9mentaire)<br \/>\n25 personnes maximum<br \/>\n2 toilettes<br \/>\nCabine, 1 Master, 2 doubles<br \/>\n1 capitaine et 2 membres d&rsquo;\u00e9quipage<br \/>\nCuisine enti\u00e8rement \u00e9quip\u00e9e<br \/>\nBBQ disponible<br \/>\nSyst\u00e8me de sonorisation<br \/>\nEau \/ boissons non alcoolis\u00e9es<br \/>\nCroustillants, noix et fruits<\/p>\n<p>&nbsp;<\/p>\n","protected":false},"excerpt":{"rendered":"<ul>\n<li>Services professionnels de haute qualit\u00e9 pour les yachts<\/li>\n<li>Honn\u00eatet\u00e9, bons prix, meilleur timing<\/li>\n<li>Des forfaits pour des exp\u00e9riences m\u00e9morables en yacht<\/li>\n<li>Des paysages \u00e9poustouflants et une grande intimit\u00e9<\/li>\n<li>Exp\u00e9riences intimes et uniques \u00e0 bord<\/li>\n<li>D\u00e9di\u00e9 \u00e0 la satisfaction du client<\/li>\n<\/ul>\n","protected":false},"featured_media":10054,"comment_status":"closed","ping_status":"closed","template":"","meta":[],"product_brand":[],"product_cat":[133],"product_tag":[],"class_list":{"0":"post-7736","1":"product","2":"type-product","3":"status-publish","4":"has-post-thumbnail","6":"product_cat-luxe","8":"first","9":"instock","10":"virtual","11":"sold-individually","12":"purchasable","13":"product-type-turitop"},"yoast_head":"<!-- This site is optimized with the Yoast SEO plugin v27.4 - https:\/\/yoast.com\/product\/yoast-seo-wordpress\/ -->\n<title>Yacht de luxe Sunseeker - Fun in the Sun Dubai<\/title>\n<meta name=\"robots\" content=\"index, follow, max-snippet:-1, max-image-preview:large, max-video-preview:-1\" \/>\n<link rel=\"canonical\" href=\"https:\/\/funinthesundubai.com\/fr\/shop\/luxe\/yacht-de-luxe-sunseeker\/\" \/>\n<meta property=\"og:locale\" content=\"fr_FR\" \/>\n<meta property=\"og:type\" content=\"article\" \/>\n<meta property=\"og:title\" content=\"Yacht de luxe Sunseeker - Fun in the Sun Dubai\" \/>\n<meta property=\"og:description\" content=\"Services professionnels de haute qualit\u00e9 pour les yachts  Honn\u00eatet\u00e9, bons prix, meilleur timing  Des forfaits pour des exp\u00e9riences m\u00e9morables en yacht  Des paysages \u00e9poustouflants et une grande intimit\u00e9  Exp\u00e9riences intimes et uniques \u00e0 bord  D\u00e9di\u00e9 \u00e0 la satisfaction du client\" \/>\n<meta property=\"og:url\" content=\"https:\/\/funinthesundubai.com\/fr\/shop\/luxe\/yacht-de-luxe-sunseeker\/\" \/>\n<meta property=\"og:site_name\" content=\"Fun in the Sun Dubai\" \/>\n<meta property=\"article:modified_time\" content=\"2026-03-27T09:52:43+00:00\" \/>\n<meta property=\"og:image\" content=\"https:\/\/funinthesundubai.com\/wp-content\/uploads\/2025\/01\/8-1.jpg\" \/>\n\t<meta property=\"og:image:width\" content=\"1500\" \/>\n\t<meta property=\"og:image:height\" content=\"1000\" \/>\n\t<meta property=\"og:image:type\" content=\"image\/jpeg\" \/>\n<meta name=\"twitter:card\" content=\"summary_large_image\" \/>\n<meta name=\"twitter:label1\" content=\"Dur\u00e9e de lecture estim\u00e9e\" \/>\n\t<meta name=\"twitter:data1\" content=\"2 minutes\" \/>\n<script type=\"application\/ld+json\" class=\"yoast-schema-graph\">{\"@context\":\"https:\\\/\\\/schema.org\",\"@graph\":[{\"@type\":\"WebPage\",\"@id\":\"https:\\\/\\\/funinthesundubai.com\\\/fr\\\/shop\\\/luxe\\\/yacht-de-luxe-sunseeker\\\/\",\"url\":\"https:\\\/\\\/funinthesundubai.com\\\/fr\\\/shop\\\/luxe\\\/yacht-de-luxe-sunseeker\\\/\",\"name\":\"Yacht de luxe Sunseeker - Fun in the Sun Dubai\",\"isPartOf\":{\"@id\":\"https:\\\/\\\/funinthesundubai.com\\\/fr\\\/#website\"},\"primaryImageOfPage\":{\"@id\":\"https:\\\/\\\/funinthesundubai.com\\\/fr\\\/shop\\\/luxe\\\/yacht-de-luxe-sunseeker\\\/#primaryimage\"},\"image\":{\"@id\":\"https:\\\/\\\/funinthesundubai.com\\\/fr\\\/shop\\\/luxe\\\/yacht-de-luxe-sunseeker\\\/#primaryimage\"},\"thumbnailUrl\":\"https:\\\/\\\/funinthesundubai.com\\\/wp-content\\\/uploads\\\/2025\\\/01\\\/8-1.jpg\",\"datePublished\":\"2025-02-05T10:17:44+00:00\",\"dateModified\":\"2026-03-27T09:52:43+00:00\",\"breadcrumb\":{\"@id\":\"https:\\\/\\\/funinthesundubai.com\\\/fr\\\/shop\\\/luxe\\\/yacht-de-luxe-sunseeker\\\/#breadcrumb\"},\"inLanguage\":\"fr-FR\",\"potentialAction\":[{\"@type\":\"ReadAction\",\"target\":[\"https:\\\/\\\/funinthesundubai.com\\\/fr\\\/shop\\\/luxe\\\/yacht-de-luxe-sunseeker\\\/\"]}]},{\"@type\":\"ImageObject\",\"inLanguage\":\"fr-FR\",\"@id\":\"https:\\\/\\\/funinthesundubai.com\\\/fr\\\/shop\\\/luxe\\\/yacht-de-luxe-sunseeker\\\/#primaryimage\",\"url\":\"https:\\\/\\\/funinthesundubai.com\\\/wp-content\\\/uploads\\\/2025\\\/01\\\/8-1.jpg\",\"contentUrl\":\"https:\\\/\\\/funinthesundubai.com\\\/wp-content\\\/uploads\\\/2025\\\/01\\\/8-1.jpg\",\"width\":1500,\"height\":1000},{\"@type\":\"BreadcrumbList\",\"@id\":\"https:\\\/\\\/funinthesundubai.com\\\/fr\\\/shop\\\/luxe\\\/yacht-de-luxe-sunseeker\\\/#breadcrumb\",\"itemListElement\":[{\"@type\":\"ListItem\",\"position\":1,\"name\":\"Home\",\"item\":\"https:\\\/\\\/funinthesundubai.com\\\/fr\\\/\"},{\"@type\":\"ListItem\",\"position\":2,\"name\":\"Boutique\",\"item\":\"https:\\\/\\\/funinthesundubai.com\\\/fr\\\/boutique\\\/\"},{\"@type\":\"ListItem\",\"position\":3,\"name\":\"Yacht de luxe Sunseeker\"}]},{\"@type\":\"WebSite\",\"@id\":\"https:\\\/\\\/funinthesundubai.com\\\/fr\\\/#website\",\"url\":\"https:\\\/\\\/funinthesundubai.com\\\/fr\\\/\",\"name\":\"Fun in the Sun Dubai\",\"description\":\"Dubai Activity and Dubai Excursion provider\",\"publisher\":{\"@id\":\"https:\\\/\\\/funinthesundubai.com\\\/fr\\\/#organization\"},\"potentialAction\":[{\"@type\":\"SearchAction\",\"target\":{\"@type\":\"EntryPoint\",\"urlTemplate\":\"https:\\\/\\\/funinthesundubai.com\\\/fr\\\/?s={search_term_string}\"},\"query-input\":{\"@type\":\"PropertyValueSpecification\",\"valueRequired\":true,\"valueName\":\"search_term_string\"}}],\"inLanguage\":\"fr-FR\"},{\"@type\":\"Organization\",\"@id\":\"https:\\\/\\\/funinthesundubai.com\\\/fr\\\/#organization\",\"name\":\"Fun in the Sun Dubai\",\"url\":\"https:\\\/\\\/funinthesundubai.com\\\/fr\\\/\",\"logo\":{\"@type\":\"ImageObject\",\"inLanguage\":\"fr-FR\",\"@id\":\"https:\\\/\\\/funinthesundubai.com\\\/fr\\\/#\\\/schema\\\/logo\\\/image\\\/\",\"url\":\"https:\\\/\\\/funinthesundubai.com\\\/wp-content\\\/uploads\\\/2024\\\/11\\\/logo-final-white-dubai.png\",\"contentUrl\":\"https:\\\/\\\/funinthesundubai.com\\\/wp-content\\\/uploads\\\/2024\\\/11\\\/logo-final-white-dubai.png\",\"width\":745,\"height\":366,\"caption\":\"Fun in the Sun Dubai\"},\"image\":{\"@id\":\"https:\\\/\\\/funinthesundubai.com\\\/fr\\\/#\\\/schema\\\/logo\\\/image\\\/\"}}]}<\/script>\n<!-- \/ Yoast SEO plugin. -->","yoast_head_json":{"title":"Yacht de luxe Sunseeker - Fun in the Sun Dubai","robots":{"index":"index","follow":"follow","max-snippet":"max-snippet:-1","max-image-preview":"max-image-preview:large","max-video-preview":"max-video-preview:-1"},"canonical":"https:\/\/funinthesundubai.com\/fr\/shop\/luxe\/yacht-de-luxe-sunseeker\/","og_locale":"fr_FR","og_type":"article","og_title":"Yacht de luxe Sunseeker - Fun in the Sun Dubai","og_description":"Services professionnels de haute qualit\u00e9 pour les yachts  Honn\u00eatet\u00e9, bons prix, meilleur timing  Des forfaits pour des exp\u00e9riences m\u00e9morables en yacht  Des paysages \u00e9poustouflants et une grande intimit\u00e9  Exp\u00e9riences intimes et uniques \u00e0 bord  D\u00e9di\u00e9 \u00e0 la satisfaction du client","og_url":"https:\/\/funinthesundubai.com\/fr\/shop\/luxe\/yacht-de-luxe-sunseeker\/","og_site_name":"Fun in the Sun Dubai","article_modified_time":"2026-03-27T09:52:43+00:00","og_image":[{"width":1500,"height":1000,"url":"https:\/\/funinthesundubai.com\/wp-content\/uploads\/2025\/01\/8-1.jpg","type":"image\/jpeg"}],"twitter_card":"summary_large_image","twitter_misc":{"Dur\u00e9e de lecture estim\u00e9e":"2 minutes"},"schema":{"@context":"https:\/\/schema.org","@graph":[{"@type":"WebPage","@id":"https:\/\/funinthesundubai.com\/fr\/shop\/luxe\/yacht-de-luxe-sunseeker\/","url":"https:\/\/funinthesundubai.com\/fr\/shop\/luxe\/yacht-de-luxe-sunseeker\/","name":"Yacht de luxe Sunseeker - Fun in the Sun Dubai","isPartOf":{"@id":"https:\/\/funinthesundubai.com\/fr\/#website"},"primaryImageOfPage":{"@id":"https:\/\/funinthesundubai.com\/fr\/shop\/luxe\/yacht-de-luxe-sunseeker\/#primaryimage"},"image":{"@id":"https:\/\/funinthesundubai.com\/fr\/shop\/luxe\/yacht-de-luxe-sunseeker\/#primaryimage"},"thumbnailUrl":"https:\/\/funinthesundubai.com\/wp-content\/uploads\/2025\/01\/8-1.jpg","datePublished":"2025-02-05T10:17:44+00:00","dateModified":"2026-03-27T09:52:43+00:00","breadcrumb":{"@id":"https:\/\/funinthesundubai.com\/fr\/shop\/luxe\/yacht-de-luxe-sunseeker\/#breadcrumb"},"inLanguage":"fr-FR","potentialAction":[{"@type":"ReadAction","target":["https:\/\/funinthesundubai.com\/fr\/shop\/luxe\/yacht-de-luxe-sunseeker\/"]}]},{"@type":"ImageObject","inLanguage":"fr-FR","@id":"https:\/\/funinthesundubai.com\/fr\/shop\/luxe\/yacht-de-luxe-sunseeker\/#primaryimage","url":"https:\/\/funinthesundubai.com\/wp-content\/uploads\/2025\/01\/8-1.jpg","contentUrl":"https:\/\/funinthesundubai.com\/wp-content\/uploads\/2025\/01\/8-1.jpg","width":1500,"height":1000},{"@type":"BreadcrumbList","@id":"https:\/\/funinthesundubai.com\/fr\/shop\/luxe\/yacht-de-luxe-sunseeker\/#breadcrumb","itemListElement":[{"@type":"ListItem","position":1,"name":"Home","item":"https:\/\/funinthesundubai.com\/fr\/"},{"@type":"ListItem","position":2,"name":"Boutique","item":"https:\/\/funinthesundubai.com\/fr\/boutique\/"},{"@type":"ListItem","position":3,"name":"Yacht de luxe Sunseeker"}]},{"@type":"WebSite","@id":"https:\/\/funinthesundubai.com\/fr\/#website","url":"https:\/\/funinthesundubai.com\/fr\/","name":"Fun in the Sun Dubai","description":"Dubai Activity and Dubai Excursion provider","publisher":{"@id":"https:\/\/funinthesundubai.com\/fr\/#organization"},"potentialAction":[{"@type":"SearchAction","target":{"@type":"EntryPoint","urlTemplate":"https:\/\/funinthesundubai.com\/fr\/?s={search_term_string}"},"query-input":{"@type":"PropertyValueSpecification","valueRequired":true,"valueName":"search_term_string"}}],"inLanguage":"fr-FR"},{"@type":"Organization","@id":"https:\/\/funinthesundubai.com\/fr\/#organization","name":"Fun in the Sun Dubai","url":"https:\/\/funinthesundubai.com\/fr\/","logo":{"@type":"ImageObject","inLanguage":"fr-FR","@id":"https:\/\/funinthesundubai.com\/fr\/#\/schema\/logo\/image\/","url":"https:\/\/funinthesundubai.com\/wp-content\/uploads\/2024\/11\/logo-final-white-dubai.png","contentUrl":"https:\/\/funinthesundubai.com\/wp-content\/uploads\/2024\/11\/logo-final-white-dubai.png","width":745,"height":366,"caption":"Fun in the Sun Dubai"},"image":{"@id":"https:\/\/funinthesundubai.com\/fr\/#\/schema\/logo\/image\/"}}]}},"_links":{"self":[{"href":"https:\/\/funinthesundubai.com\/fr\/wp-json\/wp\/v2\/product\/7736","targetHints":{"allow":["GET"]}}],"collection":[{"href":"https:\/\/funinthesundubai.com\/fr\/wp-json\/wp\/v2\/product"}],"about":[{"href":"https:\/\/funinthesundubai.com\/fr\/wp-json\/wp\/v2\/types\/product"}],"replies":[{"embeddable":true,"href":"https:\/\/funinthesundubai.com\/fr\/wp-json\/wp\/v2\/comments?post=7736"}],"wp:featuredmedia":[{"embeddable":true,"href":"https:\/\/funinthesundubai.com\/fr\/wp-json\/wp\/v2\/media\/10054"}],"wp:attachment":[{"href":"https:\/\/funinthesundubai.com\/fr\/wp-json\/wp\/v2\/media?parent=7736"}],"wp:term":[{"taxonomy":"product_brand","embeddable":true,"href":"https:\/\/funinthesundubai.com\/fr\/wp-json\/wp\/v2\/product_brand?post=7736"},{"taxonomy":"product_cat","embeddable":true,"href":"https:\/\/funinthesundubai.com\/fr\/wp-json\/wp\/v2\/product_cat?post=7736"},{"taxonomy":"product_tag","embeddable":true,"href":"https:\/\/funinthesundubai.com\/fr\/wp-json\/wp\/v2\/product_tag?post=7736"}],"curies":[{"name":"wp","href":"https:\/\/api.w.org\/{rel}","templated":true}]}}