{"id":7748,"date":"2025-01-03T17:49:09","date_gmt":"2025-02-05T10:18:06","guid":{"rendered":"https:\/\/funinthesundubai.com\/shop\/non%20class\u00e9\/yacht-de-luxe-azimut\/"},"modified":"2026-03-27T09:52:43","modified_gmt":"2026-03-27T09:52:43","slug":"yacht-de-luxe-azimut","status":"publish","type":"product","link":"https:\/\/funinthesundubai.com\/fr\/shop\/luxe\/yacht-de-luxe-azimut\/","title":{"rendered":"Yacht de luxe Azimut"},"content":{"rendered":"<p class=\"p1\"><b>D\u00e9couvrez le summum de l&rsquo;\u00e9l\u00e9gance avec nos excursions en yacht<\/b><b><\/b><\/p>\n<p class=\"p1\">Transformez votre escapade \u00e0 Duba\u00ef en une grande affaire gr\u00e2ce \u00e0 notre exp\u00e9rience exclusive sur un yacht de luxe. Naviguez sur les eaux tranquilles du golfe Persique et admirez les vues \u00e9poustouflantes de la ligne d&rsquo;horizon embl\u00e9matique de Duba\u00ef. Que vous c\u00e9l\u00e9briez une occasion sp\u00e9ciale ou que vous vous offriez une retraite somptueuse, cette excursion vous offre un m\u00e9lange parfait de sophistication et de s\u00e9r\u00e9nit\u00e9. Admirez la beaut\u00e9 de Duba\u00ef dans un cadre qui red\u00e9finit l&rsquo;opulence, et vivez une exp\u00e9rience inoubliable.   <\/p>\n<p class=\"p1\">Notre yacht de luxe de 48 pieds est con\u00e7u pour un confort et un style ultimes, et peut accueillir jusqu&rsquo;\u00e0 16 personnes. Glissez sur les eaux pures de la ville, en profitant des installations bien \u00e9quip\u00e9es, notamment une cabine enti\u00e8rement meubl\u00e9e, une suite parentale spacieuse, une salle VIP et deux toilettes modernes. Avec un capitaine professionnel et deux membres d&rsquo;\u00e9quipage attentifs \u00e0 votre service, vous b\u00e9n\u00e9ficierez d&rsquo;une hospitalit\u00e9 sans faille tout au long de votre voyage. De l&rsquo;installation d&rsquo;un barbecue \u00e0 un syst\u00e8me de sonorisation haut de gamme, tout est con\u00e7u pour vous assurer une sortie exceptionnelle.   <\/p>\n<p class=\"p1\">Le charter standard de 4 heures, au prix de 3 600 AED, est accompagn\u00e9 d&rsquo;eau, de boissons non alcoolis\u00e9es, de chips, de noix et de fruits frais gratuits. Vous voulez que la f\u00eate continue ? Des heures suppl\u00e9mentaires sont disponibles au prix de 900 AED chacune, ce qui vous permet de profiter pleinement de la beaut\u00e9 \u00e9blouissante du littoral de Duba\u00ef. Qu&rsquo;il s&rsquo;agisse d&rsquo;une r\u00e9union de famille ou d&rsquo;une escapade romantique, notre excursion en yacht vous promet une exp\u00e9rience luxueuse, palpitante et m\u00e9morable.   <\/p>\n","protected":false},"excerpt":{"rendered":"<ul>\n<li>Services professionnels de haute qualit\u00e9 pour les yachts<\/li>\n<li>Honn\u00eatet\u00e9, bons prix, meilleur timing<\/li>\n<li>Des forfaits pour des exp\u00e9riences m\u00e9morables en yacht<\/li>\n<li>Des paysages \u00e9poustouflants et une grande intimit\u00e9<\/li>\n<li>Exp\u00e9riences intimes et uniques \u00e0 bord<\/li>\n<li>D\u00e9di\u00e9 \u00e0 la satisfaction du client<\/li>\n<\/ul>\n","protected":false},"featured_media":9814,"comment_status":"closed","ping_status":"closed","template":"","meta":[],"product_brand":[],"product_cat":[133],"product_tag":[],"class_list":{"0":"post-7748","1":"product","2":"type-product","3":"status-publish","4":"has-post-thumbnail","6":"product_cat-luxe","8":"first","9":"instock","10":"virtual","11":"sold-individually","12":"purchasable","13":"product-type-turitop"},"yoast_head":"<!-- This site is optimized with the Yoast SEO plugin v27.4 - https:\/\/yoast.com\/product\/yoast-seo-wordpress\/ -->\n<title>Yacht de luxe Azimut - Fun in the Sun Dubai<\/title>\n<meta name=\"robots\" content=\"index, follow, max-snippet:-1, max-image-preview:large, max-video-preview:-1\" \/>\n<link rel=\"canonical\" href=\"https:\/\/funinthesundubai.com\/fr\/shop\/luxe\/yacht-de-luxe-azimut\/\" \/>\n<meta property=\"og:locale\" content=\"fr_FR\" \/>\n<meta property=\"og:type\" content=\"article\" \/>\n<meta property=\"og:title\" content=\"Yacht de luxe Azimut - Fun in the Sun Dubai\" \/>\n<meta property=\"og:description\" content=\"Services professionnels de haute qualit\u00e9 pour les yachts  Honn\u00eatet\u00e9, bons prix, meilleur timing  Des forfaits pour des exp\u00e9riences m\u00e9morables en yacht  Des paysages \u00e9poustouflants et une grande intimit\u00e9  Exp\u00e9riences intimes et uniques \u00e0 bord  D\u00e9di\u00e9 \u00e0 la satisfaction du client\" \/>\n<meta property=\"og:url\" content=\"https:\/\/funinthesundubai.com\/fr\/shop\/luxe\/yacht-de-luxe-azimut\/\" \/>\n<meta property=\"og:site_name\" content=\"Fun in the Sun Dubai\" \/>\n<meta property=\"article:modified_time\" content=\"2026-03-27T09:52:43+00:00\" \/>\n<meta property=\"og:image\" content=\"https:\/\/funinthesundubai.com\/wp-content\/uploads\/2025\/01\/6.jpg\" \/>\n\t<meta property=\"og:image:width\" content=\"1500\" \/>\n\t<meta property=\"og:image:height\" content=\"1000\" \/>\n\t<meta property=\"og:image:type\" content=\"image\/jpeg\" \/>\n<meta name=\"twitter:card\" content=\"summary_large_image\" \/>\n<meta name=\"twitter:label1\" content=\"Dur\u00e9e de lecture estim\u00e9e\" \/>\n\t<meta name=\"twitter:data1\" content=\"2 minutes\" \/>\n<script type=\"application\/ld+json\" class=\"yoast-schema-graph\">{\"@context\":\"https:\\\/\\\/schema.org\",\"@graph\":[{\"@type\":\"WebPage\",\"@id\":\"https:\\\/\\\/funinthesundubai.com\\\/fr\\\/shop\\\/luxe\\\/yacht-de-luxe-azimut\\\/\",\"url\":\"https:\\\/\\\/funinthesundubai.com\\\/fr\\\/shop\\\/luxe\\\/yacht-de-luxe-azimut\\\/\",\"name\":\"Yacht de luxe Azimut - Fun in the Sun Dubai\",\"isPartOf\":{\"@id\":\"https:\\\/\\\/funinthesundubai.com\\\/fr\\\/#website\"},\"primaryImageOfPage\":{\"@id\":\"https:\\\/\\\/funinthesundubai.com\\\/fr\\\/shop\\\/luxe\\\/yacht-de-luxe-azimut\\\/#primaryimage\"},\"image\":{\"@id\":\"https:\\\/\\\/funinthesundubai.com\\\/fr\\\/shop\\\/luxe\\\/yacht-de-luxe-azimut\\\/#primaryimage\"},\"thumbnailUrl\":\"https:\\\/\\\/funinthesundubai.com\\\/wp-content\\\/uploads\\\/2025\\\/01\\\/6.jpg\",\"datePublished\":\"2025-02-05T10:18:06+00:00\",\"dateModified\":\"2026-03-27T09:52:43+00:00\",\"breadcrumb\":{\"@id\":\"https:\\\/\\\/funinthesundubai.com\\\/fr\\\/shop\\\/luxe\\\/yacht-de-luxe-azimut\\\/#breadcrumb\"},\"inLanguage\":\"fr-FR\",\"potentialAction\":[{\"@type\":\"ReadAction\",\"target\":[\"https:\\\/\\\/funinthesundubai.com\\\/fr\\\/shop\\\/luxe\\\/yacht-de-luxe-azimut\\\/\"]}]},{\"@type\":\"ImageObject\",\"inLanguage\":\"fr-FR\",\"@id\":\"https:\\\/\\\/funinthesundubai.com\\\/fr\\\/shop\\\/luxe\\\/yacht-de-luxe-azimut\\\/#primaryimage\",\"url\":\"https:\\\/\\\/funinthesundubai.com\\\/wp-content\\\/uploads\\\/2025\\\/01\\\/6.jpg\",\"contentUrl\":\"https:\\\/\\\/funinthesundubai.com\\\/wp-content\\\/uploads\\\/2025\\\/01\\\/6.jpg\",\"width\":1500,\"height\":1000},{\"@type\":\"BreadcrumbList\",\"@id\":\"https:\\\/\\\/funinthesundubai.com\\\/fr\\\/shop\\\/luxe\\\/yacht-de-luxe-azimut\\\/#breadcrumb\",\"itemListElement\":[{\"@type\":\"ListItem\",\"position\":1,\"name\":\"Home\",\"item\":\"https:\\\/\\\/funinthesundubai.com\\\/fr\\\/\"},{\"@type\":\"ListItem\",\"position\":2,\"name\":\"Boutique\",\"item\":\"https:\\\/\\\/funinthesundubai.com\\\/fr\\\/boutique\\\/\"},{\"@type\":\"ListItem\",\"position\":3,\"name\":\"Yacht de luxe Azimut\"}]},{\"@type\":\"WebSite\",\"@id\":\"https:\\\/\\\/funinthesundubai.com\\\/fr\\\/#website\",\"url\":\"https:\\\/\\\/funinthesundubai.com\\\/fr\\\/\",\"name\":\"Fun in the Sun Dubai\",\"description\":\"Dubai Activity and Dubai Excursion provider\",\"publisher\":{\"@id\":\"https:\\\/\\\/funinthesundubai.com\\\/fr\\\/#organization\"},\"potentialAction\":[{\"@type\":\"SearchAction\",\"target\":{\"@type\":\"EntryPoint\",\"urlTemplate\":\"https:\\\/\\\/funinthesundubai.com\\\/fr\\\/?s={search_term_string}\"},\"query-input\":{\"@type\":\"PropertyValueSpecification\",\"valueRequired\":true,\"valueName\":\"search_term_string\"}}],\"inLanguage\":\"fr-FR\"},{\"@type\":\"Organization\",\"@id\":\"https:\\\/\\\/funinthesundubai.com\\\/fr\\\/#organization\",\"name\":\"Fun in the Sun Dubai\",\"url\":\"https:\\\/\\\/funinthesundubai.com\\\/fr\\\/\",\"logo\":{\"@type\":\"ImageObject\",\"inLanguage\":\"fr-FR\",\"@id\":\"https:\\\/\\\/funinthesundubai.com\\\/fr\\\/#\\\/schema\\\/logo\\\/image\\\/\",\"url\":\"https:\\\/\\\/funinthesundubai.com\\\/wp-content\\\/uploads\\\/2024\\\/11\\\/logo-final-white-dubai.png\",\"contentUrl\":\"https:\\\/\\\/funinthesundubai.com\\\/wp-content\\\/uploads\\\/2024\\\/11\\\/logo-final-white-dubai.png\",\"width\":745,\"height\":366,\"caption\":\"Fun in the Sun Dubai\"},\"image\":{\"@id\":\"https:\\\/\\\/funinthesundubai.com\\\/fr\\\/#\\\/schema\\\/logo\\\/image\\\/\"}}]}<\/script>\n<!-- \/ Yoast SEO plugin. -->","yoast_head_json":{"title":"Yacht de luxe Azimut - Fun in the Sun Dubai","robots":{"index":"index","follow":"follow","max-snippet":"max-snippet:-1","max-image-preview":"max-image-preview:large","max-video-preview":"max-video-preview:-1"},"canonical":"https:\/\/funinthesundubai.com\/fr\/shop\/luxe\/yacht-de-luxe-azimut\/","og_locale":"fr_FR","og_type":"article","og_title":"Yacht de luxe Azimut - Fun in the Sun Dubai","og_description":"Services professionnels de haute qualit\u00e9 pour les yachts  Honn\u00eatet\u00e9, bons prix, meilleur timing  Des forfaits pour des exp\u00e9riences m\u00e9morables en yacht  Des paysages \u00e9poustouflants et une grande intimit\u00e9  Exp\u00e9riences intimes et uniques \u00e0 bord  D\u00e9di\u00e9 \u00e0 la satisfaction du client","og_url":"https:\/\/funinthesundubai.com\/fr\/shop\/luxe\/yacht-de-luxe-azimut\/","og_site_name":"Fun in the Sun Dubai","article_modified_time":"2026-03-27T09:52:43+00:00","og_image":[{"width":1500,"height":1000,"url":"https:\/\/funinthesundubai.com\/wp-content\/uploads\/2025\/01\/6.jpg","type":"image\/jpeg"}],"twitter_card":"summary_large_image","twitter_misc":{"Dur\u00e9e de lecture estim\u00e9e":"2 minutes"},"schema":{"@context":"https:\/\/schema.org","@graph":[{"@type":"WebPage","@id":"https:\/\/funinthesundubai.com\/fr\/shop\/luxe\/yacht-de-luxe-azimut\/","url":"https:\/\/funinthesundubai.com\/fr\/shop\/luxe\/yacht-de-luxe-azimut\/","name":"Yacht de luxe Azimut - Fun in the Sun Dubai","isPartOf":{"@id":"https:\/\/funinthesundubai.com\/fr\/#website"},"primaryImageOfPage":{"@id":"https:\/\/funinthesundubai.com\/fr\/shop\/luxe\/yacht-de-luxe-azimut\/#primaryimage"},"image":{"@id":"https:\/\/funinthesundubai.com\/fr\/shop\/luxe\/yacht-de-luxe-azimut\/#primaryimage"},"thumbnailUrl":"https:\/\/funinthesundubai.com\/wp-content\/uploads\/2025\/01\/6.jpg","datePublished":"2025-02-05T10:18:06+00:00","dateModified":"2026-03-27T09:52:43+00:00","breadcrumb":{"@id":"https:\/\/funinthesundubai.com\/fr\/shop\/luxe\/yacht-de-luxe-azimut\/#breadcrumb"},"inLanguage":"fr-FR","potentialAction":[{"@type":"ReadAction","target":["https:\/\/funinthesundubai.com\/fr\/shop\/luxe\/yacht-de-luxe-azimut\/"]}]},{"@type":"ImageObject","inLanguage":"fr-FR","@id":"https:\/\/funinthesundubai.com\/fr\/shop\/luxe\/yacht-de-luxe-azimut\/#primaryimage","url":"https:\/\/funinthesundubai.com\/wp-content\/uploads\/2025\/01\/6.jpg","contentUrl":"https:\/\/funinthesundubai.com\/wp-content\/uploads\/2025\/01\/6.jpg","width":1500,"height":1000},{"@type":"BreadcrumbList","@id":"https:\/\/funinthesundubai.com\/fr\/shop\/luxe\/yacht-de-luxe-azimut\/#breadcrumb","itemListElement":[{"@type":"ListItem","position":1,"name":"Home","item":"https:\/\/funinthesundubai.com\/fr\/"},{"@type":"ListItem","position":2,"name":"Boutique","item":"https:\/\/funinthesundubai.com\/fr\/boutique\/"},{"@type":"ListItem","position":3,"name":"Yacht de luxe Azimut"}]},{"@type":"WebSite","@id":"https:\/\/funinthesundubai.com\/fr\/#website","url":"https:\/\/funinthesundubai.com\/fr\/","name":"Fun in the Sun Dubai","description":"Dubai Activity and Dubai Excursion provider","publisher":{"@id":"https:\/\/funinthesundubai.com\/fr\/#organization"},"potentialAction":[{"@type":"SearchAction","target":{"@type":"EntryPoint","urlTemplate":"https:\/\/funinthesundubai.com\/fr\/?s={search_term_string}"},"query-input":{"@type":"PropertyValueSpecification","valueRequired":true,"valueName":"search_term_string"}}],"inLanguage":"fr-FR"},{"@type":"Organization","@id":"https:\/\/funinthesundubai.com\/fr\/#organization","name":"Fun in the Sun Dubai","url":"https:\/\/funinthesundubai.com\/fr\/","logo":{"@type":"ImageObject","inLanguage":"fr-FR","@id":"https:\/\/funinthesundubai.com\/fr\/#\/schema\/logo\/image\/","url":"https:\/\/funinthesundubai.com\/wp-content\/uploads\/2024\/11\/logo-final-white-dubai.png","contentUrl":"https:\/\/funinthesundubai.com\/wp-content\/uploads\/2024\/11\/logo-final-white-dubai.png","width":745,"height":366,"caption":"Fun in the Sun Dubai"},"image":{"@id":"https:\/\/funinthesundubai.com\/fr\/#\/schema\/logo\/image\/"}}]}},"_links":{"self":[{"href":"https:\/\/funinthesundubai.com\/fr\/wp-json\/wp\/v2\/product\/7748","targetHints":{"allow":["GET"]}}],"collection":[{"href":"https:\/\/funinthesundubai.com\/fr\/wp-json\/wp\/v2\/product"}],"about":[{"href":"https:\/\/funinthesundubai.com\/fr\/wp-json\/wp\/v2\/types\/product"}],"replies":[{"embeddable":true,"href":"https:\/\/funinthesundubai.com\/fr\/wp-json\/wp\/v2\/comments?post=7748"}],"wp:featuredmedia":[{"embeddable":true,"href":"https:\/\/funinthesundubai.com\/fr\/wp-json\/wp\/v2\/media\/9814"}],"wp:attachment":[{"href":"https:\/\/funinthesundubai.com\/fr\/wp-json\/wp\/v2\/media?parent=7748"}],"wp:term":[{"taxonomy":"product_brand","embeddable":true,"href":"https:\/\/funinthesundubai.com\/fr\/wp-json\/wp\/v2\/product_brand?post=7748"},{"taxonomy":"product_cat","embeddable":true,"href":"https:\/\/funinthesundubai.com\/fr\/wp-json\/wp\/v2\/product_cat?post=7748"},{"taxonomy":"product_tag","embeddable":true,"href":"https:\/\/funinthesundubai.com\/fr\/wp-json\/wp\/v2\/product_tag?post=7748"}],"curies":[{"name":"wp","href":"https:\/\/api.w.org\/{rel}","templated":true}]}}