{"id":7770,"date":"2024-12-12T10:54:30","date_gmt":"2024-12-12T10:54:30","guid":{"rendered":"https:\/\/funinthesundubai.com\/shop\/non%20class\u00e9\/piscine-aura-sky\/"},"modified":"2026-03-27T09:52:46","modified_gmt":"2026-03-27T09:52:46","slug":"piscine-aura-sky","status":"publish","type":"product","link":"https:\/\/funinthesundubai.com\/fr\/shop\/luxe\/piscine-aura-sky\/","title":{"rendered":"Piscine Aura Sky"},"content":{"rendered":"<p>L&rsquo;Aura Sky Pool, \u00e0 Duba\u00ef, est un v\u00e9ritable t\u00e9moignage de l&rsquo;excellence architecturale et du luxe des loisirs, puisqu&rsquo;il s&rsquo;agit de la piscine \u00e0 d\u00e9bordement \u00e0 360 degr\u00e9s la plus haute du monde. Perch\u00e9e au 50e \u00e9tage de la Palm Tower, \u00e0 une hauteur impressionnante de 200 m\u00e8tres, elle offre une vue in\u00e9gal\u00e9e sur les sites les plus embl\u00e9matiques de la ville. Depuis ce paradis sur\u00e9lev\u00e9, les clients b\u00e9n\u00e9ficient d&rsquo;une vue imprenable sur Palm Jumeirah, Burj Al Arab, Burj Khalifa et l&rsquo;\u00e9tendue scintillante du golfe Persique, le tout encadr\u00e9 par l&rsquo;\u00e9poustouflant bord \u00e0 d\u00e9bordement de la piscine. S&rsquo;\u00e9tendant sur une surface g\u00e9n\u00e9reuse de 750 m\u00e8tres carr\u00e9s, la piscine est un sanctuaire de s\u00e9r\u00e9nit\u00e9, entour\u00e9e de salons opulents et d&rsquo;une v\u00e9g\u00e9tation luxuriante qui ajoutent une touche d&rsquo;\u00e9l\u00e9gance \u00e0 l&rsquo;atmosph\u00e8re.   <\/p>\n<p>Plus qu&rsquo;une simple piscine, l&rsquo;Aura Sky Pool est une destination exclusive qui allie harmonieusement loisirs et sophistication. L&rsquo;espace se compose d&rsquo;un salon int\u00e9rieur chic et d&rsquo;une terrasse \u00e9l\u00e9gante, cr\u00e9ant un cadre parfait pour la d\u00e9tente et le plaisir. Les clients sont invit\u00e9s \u00e0 savourer une s\u00e9lection de plats internationaux gastronomiques, des cocktails \u00e9labor\u00e9s par des experts, et \u00e0 \u00e9couter de la musique en direct, tout en profitant de la tranquillit\u00e9 de l&rsquo;environnement. Que vous soyez r\u00e9sident ou visiteur, l&rsquo;Aura propose une gamme de forfaits sur mesure, de la baignade matinale aux s\u00e9ances au coucher du soleil, pour que chaque moment pass\u00e9 ici soit tout simplement extraordinaire.   <\/p>\n<p>L&rsquo;Aura Sky Pool n&rsquo;est pas seulement un lieu de baignade, c&rsquo;est une destination qui vous permet de d\u00e9couvrir l&rsquo;essence m\u00eame de l&rsquo;opulence de Duba\u00ef. Gr\u00e2ce \u00e0 ses vues fascinantes, ses \u00e9quipements de classe mondiale et son service impeccable, il constitue une \u00e9tape incontournable pour tous ceux qui recherchent le summum du luxe et de la d\u00e9tente. Que vous c\u00e9l\u00e9briez une occasion sp\u00e9ciale, que vous profitiez d&rsquo;une retraite paisible ou que vous vous impr\u00e9gniez simplement de l&rsquo;\u00e9nergie vibrante de la ville, l&rsquo;Aura vous offre une exp\u00e9rience inoubliable qui incarne la grandeur in\u00e9gal\u00e9e de Duba\u00ef.  <\/p>\n<p>Il s&rsquo;agit d&rsquo;une r\u00e9servation uniquement, alors faites-nous savoir l&rsquo;heure \u00e0 laquelle vous souhaitez vous rendre et l&rsquo;endroit o\u00f9 vous souhaitez vous asseoir. Nous v\u00e9rifierons nos disponibilit\u00e9s et vous enverrons un courriel avec un prix. Veuillez envoyer un courriel \u00e0 l&rsquo;\u00e9quipe \u00e0 l&rsquo;adresse suivante <a href=\"mailto:info@funinthesundubai.com\">: info@funinthesundubai.com<\/a> <\/p>\n<p><em><strong>Nombre de cr\u00e9neaux horaires disponibles :<br \/>\n<\/strong><\/em><br \/>\n<strong>SUNRISE POOL EXPERIENCE &#8211; 6h00 \u00e0 9h00 (mardi, mercredi, jeudi, vendredi, dimanche)<\/strong><br \/>\n<strong>PISCINE DU MATIN &#8211; 10h00 \u00e0 14h00 (toute la semaine)<\/strong><br \/>\n<strong>APR\u00c8S-MIDI PISCINE &#8211; DE 15H \u00c0 19H<\/strong><br \/>\n<strong>EXP\u00c9RIENCE DE PISCINE EN SOIR\u00c9E &#8211; 20 h \u00e0 23 h (mar, mer, ven, sam)<\/strong><\/p>\n<p><em><strong>Il vous reste maintenant \u00e0 choisir l&rsquo;endroit o\u00f9 vous souhaitez vous installer :<br \/>\n<\/strong><\/em><br \/>\n<strong>Palm View (tabouret haut et table)<\/strong><br \/>\n<strong>Vue sur les palmiers (places assises au bar)<\/strong><br \/>\n<strong>Palm View 1\u00e8re rang\u00e9e (Lit)<\/strong><br \/>\n<strong>Palm View 2\u00e8me rang\u00e9e (Lit)<\/strong><br \/>\n<strong>Palm View 3\u00e8me rang\u00e9e (Sofa)<\/strong><\/p>\n<p><strong>Vue sur le Burj Al Arab (canap\u00e9)<\/strong><br \/>\n<strong>Vue sur le Burj Al Arab (tabouret haut et table haute)<\/strong><br \/>\n<strong>Burj Al Arab View 1st Row (Bed)<\/strong><br \/>\n<strong>Burj Al Arab View 1st Row (Cabana)<\/strong><\/p>\n<p><strong>Vue sur le ciel de la ville, 1\u00e8re rang\u00e9e (Lit)<\/strong><br \/>\n<strong>Vue sur l&rsquo;horizon de la ville 1er rang (Cabana)  <\/strong><br \/>\n<strong>City Sky Line 2\u00e8me rang\u00e9e (Lit)<\/strong><br \/>\n<strong>Vue sur l&rsquo;horizon de la ville 3e rang\u00e9e (Cabana)  <\/strong><\/p>\n<p><strong>Vue sur la marina, 1\u00e8re rang\u00e9e (lit)<\/strong><br \/>\n<strong>Vue sur la marina, 2e rang\u00e9e (lit)<\/strong><br \/>\n<strong>Vue sur la marina, 2e rang\u00e9e (canap\u00e9)<\/strong><br \/>\n<strong>Vue sur la marina (canap\u00e9-lit)<\/strong><br \/>\n<strong>Marina View (tabouret haut et table haute)<\/strong><\/p>\n","protected":false},"excerpt":{"rendered":"<ul>\n<li>La plus haute piscine \u00e0 d\u00e9bordement de Duba\u00ef<\/li>\n<li>Une vue imprenable sur la ligne d&rsquo;horizon<\/li>\n<li>Une perspective a\u00e9rienne unique \u00e0 200 m\u00e8tres d&rsquo;altitude<\/li>\n<li>Luxe exclusif avec acc\u00e8s VIP<\/li>\n<li>Conception et architecture de pointe<\/li>\n<li>Parfait pour les couchers de soleil<\/li>\n<\/ul>\n","protected":false},"featured_media":7773,"comment_status":"closed","ping_status":"closed","template":"","meta":[],"product_brand":[],"product_cat":[133],"product_tag":[],"class_list":{"0":"post-7770","1":"product","2":"type-product","3":"status-publish","4":"has-post-thumbnail","6":"product_cat-luxe","8":"first","9":"instock","10":"virtual","11":"sold-individually","12":"purchasable","13":"product-type-turitop"},"yoast_head":"<!-- This site is optimized with the Yoast SEO plugin v27.4 - https:\/\/yoast.com\/product\/yoast-seo-wordpress\/ -->\n<title>Piscine Aura Sky - Fun in the Sun Dubai<\/title>\n<meta name=\"robots\" content=\"index, follow, max-snippet:-1, max-image-preview:large, max-video-preview:-1\" \/>\n<link rel=\"canonical\" href=\"https:\/\/funinthesundubai.com\/fr\/shop\/luxe\/piscine-aura-sky\/\" \/>\n<meta property=\"og:locale\" content=\"fr_FR\" \/>\n<meta property=\"og:type\" content=\"article\" \/>\n<meta property=\"og:title\" content=\"Piscine Aura Sky - Fun in the Sun Dubai\" \/>\n<meta property=\"og:description\" content=\"La plus haute piscine \u00e0 d\u00e9bordement de Duba\u00ef  Une vue imprenable sur la ligne d&#039;horizon  Une perspective a\u00e9rienne unique \u00e0 200 m\u00e8tres d&#039;altitude  Luxe exclusif avec acc\u00e8s VIP  Conception et architecture de pointe  Parfait pour les couchers de soleil\" \/>\n<meta property=\"og:url\" content=\"https:\/\/funinthesundubai.com\/fr\/shop\/luxe\/piscine-aura-sky\/\" \/>\n<meta property=\"og:site_name\" content=\"Fun in the Sun Dubai\" \/>\n<meta property=\"article:modified_time\" content=\"2026-03-27T09:52:46+00:00\" \/>\n<meta property=\"og:image\" content=\"https:\/\/funinthesundubai.com\/wp-content\/uploads\/2024\/12\/aura4.jpg\" \/>\n\t<meta property=\"og:image:width\" content=\"650\" \/>\n\t<meta property=\"og:image:height\" content=\"400\" \/>\n\t<meta property=\"og:image:type\" content=\"image\/jpeg\" \/>\n<meta name=\"twitter:card\" content=\"summary_large_image\" \/>\n<meta name=\"twitter:label1\" content=\"Dur\u00e9e de lecture estim\u00e9e\" \/>\n\t<meta name=\"twitter:data1\" content=\"2 minutes\" \/>\n<script type=\"application\/ld+json\" class=\"yoast-schema-graph\">{\"@context\":\"https:\\\/\\\/schema.org\",\"@graph\":[{\"@type\":\"WebPage\",\"@id\":\"https:\\\/\\\/funinthesundubai.com\\\/fr\\\/shop\\\/luxe\\\/piscine-aura-sky\\\/\",\"url\":\"https:\\\/\\\/funinthesundubai.com\\\/fr\\\/shop\\\/luxe\\\/piscine-aura-sky\\\/\",\"name\":\"Piscine Aura Sky - Fun in the Sun Dubai\",\"isPartOf\":{\"@id\":\"https:\\\/\\\/funinthesundubai.com\\\/fr\\\/#website\"},\"primaryImageOfPage\":{\"@id\":\"https:\\\/\\\/funinthesundubai.com\\\/fr\\\/shop\\\/luxe\\\/piscine-aura-sky\\\/#primaryimage\"},\"image\":{\"@id\":\"https:\\\/\\\/funinthesundubai.com\\\/fr\\\/shop\\\/luxe\\\/piscine-aura-sky\\\/#primaryimage\"},\"thumbnailUrl\":\"https:\\\/\\\/funinthesundubai.com\\\/wp-content\\\/uploads\\\/2024\\\/12\\\/aura4.jpg\",\"datePublished\":\"2024-12-12T10:54:30+00:00\",\"dateModified\":\"2026-03-27T09:52:46+00:00\",\"breadcrumb\":{\"@id\":\"https:\\\/\\\/funinthesundubai.com\\\/fr\\\/shop\\\/luxe\\\/piscine-aura-sky\\\/#breadcrumb\"},\"inLanguage\":\"fr-FR\",\"potentialAction\":[{\"@type\":\"ReadAction\",\"target\":[\"https:\\\/\\\/funinthesundubai.com\\\/fr\\\/shop\\\/luxe\\\/piscine-aura-sky\\\/\"]}]},{\"@type\":\"ImageObject\",\"inLanguage\":\"fr-FR\",\"@id\":\"https:\\\/\\\/funinthesundubai.com\\\/fr\\\/shop\\\/luxe\\\/piscine-aura-sky\\\/#primaryimage\",\"url\":\"https:\\\/\\\/funinthesundubai.com\\\/wp-content\\\/uploads\\\/2024\\\/12\\\/aura4.jpg\",\"contentUrl\":\"https:\\\/\\\/funinthesundubai.com\\\/wp-content\\\/uploads\\\/2024\\\/12\\\/aura4.jpg\",\"width\":650,\"height\":400},{\"@type\":\"BreadcrumbList\",\"@id\":\"https:\\\/\\\/funinthesundubai.com\\\/fr\\\/shop\\\/luxe\\\/piscine-aura-sky\\\/#breadcrumb\",\"itemListElement\":[{\"@type\":\"ListItem\",\"position\":1,\"name\":\"Home\",\"item\":\"https:\\\/\\\/funinthesundubai.com\\\/fr\\\/\"},{\"@type\":\"ListItem\",\"position\":2,\"name\":\"Boutique\",\"item\":\"https:\\\/\\\/funinthesundubai.com\\\/fr\\\/boutique\\\/\"},{\"@type\":\"ListItem\",\"position\":3,\"name\":\"Piscine Aura Sky\"}]},{\"@type\":\"WebSite\",\"@id\":\"https:\\\/\\\/funinthesundubai.com\\\/fr\\\/#website\",\"url\":\"https:\\\/\\\/funinthesundubai.com\\\/fr\\\/\",\"name\":\"Fun in the Sun Dubai\",\"description\":\"Dubai Activity and Dubai Excursion provider\",\"publisher\":{\"@id\":\"https:\\\/\\\/funinthesundubai.com\\\/fr\\\/#organization\"},\"potentialAction\":[{\"@type\":\"SearchAction\",\"target\":{\"@type\":\"EntryPoint\",\"urlTemplate\":\"https:\\\/\\\/funinthesundubai.com\\\/fr\\\/?s={search_term_string}\"},\"query-input\":{\"@type\":\"PropertyValueSpecification\",\"valueRequired\":true,\"valueName\":\"search_term_string\"}}],\"inLanguage\":\"fr-FR\"},{\"@type\":\"Organization\",\"@id\":\"https:\\\/\\\/funinthesundubai.com\\\/fr\\\/#organization\",\"name\":\"Fun in the Sun Dubai\",\"url\":\"https:\\\/\\\/funinthesundubai.com\\\/fr\\\/\",\"logo\":{\"@type\":\"ImageObject\",\"inLanguage\":\"fr-FR\",\"@id\":\"https:\\\/\\\/funinthesundubai.com\\\/fr\\\/#\\\/schema\\\/logo\\\/image\\\/\",\"url\":\"https:\\\/\\\/funinthesundubai.com\\\/wp-content\\\/uploads\\\/2024\\\/11\\\/logo-final-white-dubai.png\",\"contentUrl\":\"https:\\\/\\\/funinthesundubai.com\\\/wp-content\\\/uploads\\\/2024\\\/11\\\/logo-final-white-dubai.png\",\"width\":745,\"height\":366,\"caption\":\"Fun in the Sun Dubai\"},\"image\":{\"@id\":\"https:\\\/\\\/funinthesundubai.com\\\/fr\\\/#\\\/schema\\\/logo\\\/image\\\/\"}}]}<\/script>\n<!-- \/ Yoast SEO plugin. -->","yoast_head_json":{"title":"Piscine Aura Sky - Fun in the Sun Dubai","robots":{"index":"index","follow":"follow","max-snippet":"max-snippet:-1","max-image-preview":"max-image-preview:large","max-video-preview":"max-video-preview:-1"},"canonical":"https:\/\/funinthesundubai.com\/fr\/shop\/luxe\/piscine-aura-sky\/","og_locale":"fr_FR","og_type":"article","og_title":"Piscine Aura Sky - Fun in the Sun Dubai","og_description":"La plus haute piscine \u00e0 d\u00e9bordement de Duba\u00ef  Une vue imprenable sur la ligne d'horizon  Une perspective a\u00e9rienne unique \u00e0 200 m\u00e8tres d'altitude  Luxe exclusif avec acc\u00e8s VIP  Conception et architecture de pointe  Parfait pour les couchers de soleil","og_url":"https:\/\/funinthesundubai.com\/fr\/shop\/luxe\/piscine-aura-sky\/","og_site_name":"Fun in the Sun Dubai","article_modified_time":"2026-03-27T09:52:46+00:00","og_image":[{"width":650,"height":400,"url":"https:\/\/funinthesundubai.com\/wp-content\/uploads\/2024\/12\/aura4.jpg","type":"image\/jpeg"}],"twitter_card":"summary_large_image","twitter_misc":{"Dur\u00e9e de lecture estim\u00e9e":"2 minutes"},"schema":{"@context":"https:\/\/schema.org","@graph":[{"@type":"WebPage","@id":"https:\/\/funinthesundubai.com\/fr\/shop\/luxe\/piscine-aura-sky\/","url":"https:\/\/funinthesundubai.com\/fr\/shop\/luxe\/piscine-aura-sky\/","name":"Piscine Aura Sky - Fun in the Sun Dubai","isPartOf":{"@id":"https:\/\/funinthesundubai.com\/fr\/#website"},"primaryImageOfPage":{"@id":"https:\/\/funinthesundubai.com\/fr\/shop\/luxe\/piscine-aura-sky\/#primaryimage"},"image":{"@id":"https:\/\/funinthesundubai.com\/fr\/shop\/luxe\/piscine-aura-sky\/#primaryimage"},"thumbnailUrl":"https:\/\/funinthesundubai.com\/wp-content\/uploads\/2024\/12\/aura4.jpg","datePublished":"2024-12-12T10:54:30+00:00","dateModified":"2026-03-27T09:52:46+00:00","breadcrumb":{"@id":"https:\/\/funinthesundubai.com\/fr\/shop\/luxe\/piscine-aura-sky\/#breadcrumb"},"inLanguage":"fr-FR","potentialAction":[{"@type":"ReadAction","target":["https:\/\/funinthesundubai.com\/fr\/shop\/luxe\/piscine-aura-sky\/"]}]},{"@type":"ImageObject","inLanguage":"fr-FR","@id":"https:\/\/funinthesundubai.com\/fr\/shop\/luxe\/piscine-aura-sky\/#primaryimage","url":"https:\/\/funinthesundubai.com\/wp-content\/uploads\/2024\/12\/aura4.jpg","contentUrl":"https:\/\/funinthesundubai.com\/wp-content\/uploads\/2024\/12\/aura4.jpg","width":650,"height":400},{"@type":"BreadcrumbList","@id":"https:\/\/funinthesundubai.com\/fr\/shop\/luxe\/piscine-aura-sky\/#breadcrumb","itemListElement":[{"@type":"ListItem","position":1,"name":"Home","item":"https:\/\/funinthesundubai.com\/fr\/"},{"@type":"ListItem","position":2,"name":"Boutique","item":"https:\/\/funinthesundubai.com\/fr\/boutique\/"},{"@type":"ListItem","position":3,"name":"Piscine Aura Sky"}]},{"@type":"WebSite","@id":"https:\/\/funinthesundubai.com\/fr\/#website","url":"https:\/\/funinthesundubai.com\/fr\/","name":"Fun in the Sun Dubai","description":"Dubai Activity and Dubai Excursion provider","publisher":{"@id":"https:\/\/funinthesundubai.com\/fr\/#organization"},"potentialAction":[{"@type":"SearchAction","target":{"@type":"EntryPoint","urlTemplate":"https:\/\/funinthesundubai.com\/fr\/?s={search_term_string}"},"query-input":{"@type":"PropertyValueSpecification","valueRequired":true,"valueName":"search_term_string"}}],"inLanguage":"fr-FR"},{"@type":"Organization","@id":"https:\/\/funinthesundubai.com\/fr\/#organization","name":"Fun in the Sun Dubai","url":"https:\/\/funinthesundubai.com\/fr\/","logo":{"@type":"ImageObject","inLanguage":"fr-FR","@id":"https:\/\/funinthesundubai.com\/fr\/#\/schema\/logo\/image\/","url":"https:\/\/funinthesundubai.com\/wp-content\/uploads\/2024\/11\/logo-final-white-dubai.png","contentUrl":"https:\/\/funinthesundubai.com\/wp-content\/uploads\/2024\/11\/logo-final-white-dubai.png","width":745,"height":366,"caption":"Fun in the Sun Dubai"},"image":{"@id":"https:\/\/funinthesundubai.com\/fr\/#\/schema\/logo\/image\/"}}]}},"_links":{"self":[{"href":"https:\/\/funinthesundubai.com\/fr\/wp-json\/wp\/v2\/product\/7770","targetHints":{"allow":["GET"]}}],"collection":[{"href":"https:\/\/funinthesundubai.com\/fr\/wp-json\/wp\/v2\/product"}],"about":[{"href":"https:\/\/funinthesundubai.com\/fr\/wp-json\/wp\/v2\/types\/product"}],"replies":[{"embeddable":true,"href":"https:\/\/funinthesundubai.com\/fr\/wp-json\/wp\/v2\/comments?post=7770"}],"wp:featuredmedia":[{"embeddable":true,"href":"https:\/\/funinthesundubai.com\/fr\/wp-json\/wp\/v2\/media\/7773"}],"wp:attachment":[{"href":"https:\/\/funinthesundubai.com\/fr\/wp-json\/wp\/v2\/media?parent=7770"}],"wp:term":[{"taxonomy":"product_brand","embeddable":true,"href":"https:\/\/funinthesundubai.com\/fr\/wp-json\/wp\/v2\/product_brand?post=7770"},{"taxonomy":"product_cat","embeddable":true,"href":"https:\/\/funinthesundubai.com\/fr\/wp-json\/wp\/v2\/product_cat?post=7770"},{"taxonomy":"product_tag","embeddable":true,"href":"https:\/\/funinthesundubai.com\/fr\/wp-json\/wp\/v2\/product_tag?post=7770"}],"curies":[{"name":"wp","href":"https:\/\/api.w.org\/{rel}","templated":true}]}}