{"id":7778,"date":"2024-12-12T10:53:36","date_gmt":"2025-02-05T10:20:35","guid":{"rendered":"https:\/\/funinthesundubai.com\/shop\/non%20class\u00e9\/palm-view-prime\/"},"modified":"2026-03-27T09:52:47","modified_gmt":"2026-03-27T09:52:47","slug":"palm-view-prime","status":"publish","type":"product","link":"https:\/\/funinthesundubai.com\/fr\/shop\/luxe\/palm-view-prime\/","title":{"rendered":"Palm View Prime"},"content":{"rendered":"<p>Le Palm Jumeirah a toujours offert des vues spectaculaires, mais aujourd&rsquo;hui, il s&rsquo;\u00e9l\u00e8ve \u00e0 un tout autre niveau &#8211; litt\u00e9ralement. Au 54e \u00e9tage, le plus haut pont d&rsquo;observation de cette \u00eele embl\u00e9matique, les clients peuvent contempler Duba\u00ef dans toute sa gloire. Avec des vues panoramiques d\u00e9gag\u00e9es, la ville vibrante se d\u00e9ploie en dessous, offrant une rare opportunit\u00e9 de sentir l&rsquo;air frais et de s&rsquo;immerger dans le pouls de la m\u00e9tropole. C&rsquo;est une vue sans pareille, surplombant la ligne d&rsquo;horizon anim\u00e9e, ce qui en fait le point de vue ultime \u00e0 Duba\u00ef.<\/p>\n<p>En tant qu&rsquo;invit\u00e9 VIP, vous \u00e9viterez la foule et serez conduit directement \u00e0 l&rsquo;ascenseur, qui vous emm\u00e8nera rapidement au 52e \u00e9tage, dont l&rsquo;ascension rapide est une exp\u00e9rience palpitante en soi. Une fois arriv\u00e9 au 52e \u00e9tage, vous vous retrouverez sur une terrasse d&rsquo;observation confortable et vitr\u00e9e, perch\u00e9e \u00e0 240 m\u00e8tres au-dessus du sol. De ce point de vue, la vue sur la marina de Duba\u00ef et l&rsquo;\u00eele de Blue Waters est tout simplement fascinante. Prenez le temps d&rsquo;appr\u00e9cier les expositions interactives, qui offrent un aper\u00e7u fascinant de la cr\u00e9ation et de l&rsquo;histoire de Palm Jumeirah.<\/p>\n<p>Lorsque vous \u00eates pr\u00eat \u00e0 \u00e9lever votre exp\u00e9rience encore plus haut, montez les deux derni\u00e8res vol\u00e9es de marches jusqu&rsquo;au \u00ab\u00a0niveau suivant\u00a0\u00bb. L&rsquo;effort en vaut la peine, car au sommet, vous serez r\u00e9compens\u00e9 par une vue in\u00e9gal\u00e9e et ininterrompue. La sensation de se tenir sur ce haut sommet et de contempler la ville tentaculaire en contrebas est vraiment \u00e0 couper le souffle &#8211; un moment qui capture l&rsquo;essence du luxe et de la magnificence de Duba\u00ef.<\/p>\n","protected":false},"excerpt":{"rendered":"<ul>\n<li>Vues panoramiques de Duba\u00ef \u00e0 couper le souffle.<\/li>\n<li>Le pont d&rsquo;observation offre une vue imprenable.<\/li>\n<li>Situ\u00e9 au sommet du gratte-ciel de Palm Jumeirah.<\/li>\n<li>Lieu id\u00e9al pour des photos inoubliables.<\/li>\n<li>D\u00e9couvrez un environnement luxueux et pittoresque.<\/li>\n<li>Parfait pour admirer le coucher de soleil et la ligne d&rsquo;horizon.<\/li>\n<\/ul>\n","protected":false},"featured_media":7779,"comment_status":"closed","ping_status":"closed","template":"","meta":[],"product_brand":[],"product_cat":[133],"product_tag":[],"class_list":{"0":"post-7778","1":"product","2":"type-product","3":"status-publish","4":"has-post-thumbnail","6":"product_cat-luxe","8":"first","9":"instock","10":"virtual","11":"sold-individually","12":"purchasable","13":"product-type-turitop"},"yoast_head":"<!-- This site is optimized with the Yoast SEO plugin v27.4 - https:\/\/yoast.com\/product\/yoast-seo-wordpress\/ -->\n<title>Palm View Prime - Fun in the Sun Dubai<\/title>\n<meta name=\"robots\" content=\"index, follow, max-snippet:-1, max-image-preview:large, max-video-preview:-1\" \/>\n<link rel=\"canonical\" href=\"https:\/\/funinthesundubai.com\/fr\/shop\/luxe\/palm-view-prime\/\" \/>\n<meta property=\"og:locale\" content=\"fr_FR\" \/>\n<meta property=\"og:type\" content=\"article\" \/>\n<meta property=\"og:title\" content=\"Palm View Prime - Fun in the Sun Dubai\" \/>\n<meta property=\"og:description\" content=\"Vues panoramiques de Duba\u00ef \u00e0 couper le souffle.  Le pont d&#039;observation offre une vue imprenable.  Situ\u00e9 au sommet du gratte-ciel de Palm Jumeirah.  Lieu id\u00e9al pour des photos inoubliables.  D\u00e9couvrez un environnement luxueux et pittoresque.  Parfait pour admirer le coucher de soleil et la ligne d&#039;horizon.\" \/>\n<meta property=\"og:url\" content=\"https:\/\/funinthesundubai.com\/fr\/shop\/luxe\/palm-view-prime\/\" \/>\n<meta property=\"og:site_name\" content=\"Fun in the Sun Dubai\" \/>\n<meta property=\"article:modified_time\" content=\"2026-03-27T09:52:47+00:00\" \/>\n<meta property=\"og:image\" content=\"https:\/\/funinthesundubai.com\/wp-content\/uploads\/2024\/12\/palm-view-1-opt.jpg\" \/>\n\t<meta property=\"og:image:width\" content=\"800\" \/>\n\t<meta property=\"og:image:height\" content=\"533\" \/>\n\t<meta property=\"og:image:type\" content=\"image\/jpeg\" \/>\n<meta name=\"twitter:card\" content=\"summary_large_image\" \/>\n<meta name=\"twitter:label1\" content=\"Dur\u00e9e de lecture estim\u00e9e\" \/>\n\t<meta name=\"twitter:data1\" content=\"2 minutes\" \/>\n<script type=\"application\/ld+json\" class=\"yoast-schema-graph\">{\"@context\":\"https:\\\/\\\/schema.org\",\"@graph\":[{\"@type\":\"WebPage\",\"@id\":\"https:\\\/\\\/funinthesundubai.com\\\/fr\\\/shop\\\/luxe\\\/palm-view-prime\\\/\",\"url\":\"https:\\\/\\\/funinthesundubai.com\\\/fr\\\/shop\\\/luxe\\\/palm-view-prime\\\/\",\"name\":\"Palm View Prime - Fun in the Sun Dubai\",\"isPartOf\":{\"@id\":\"https:\\\/\\\/funinthesundubai.com\\\/fr\\\/#website\"},\"primaryImageOfPage\":{\"@id\":\"https:\\\/\\\/funinthesundubai.com\\\/fr\\\/shop\\\/luxe\\\/palm-view-prime\\\/#primaryimage\"},\"image\":{\"@id\":\"https:\\\/\\\/funinthesundubai.com\\\/fr\\\/shop\\\/luxe\\\/palm-view-prime\\\/#primaryimage\"},\"thumbnailUrl\":\"https:\\\/\\\/funinthesundubai.com\\\/wp-content\\\/uploads\\\/2024\\\/12\\\/palm-view-1-opt.jpg\",\"datePublished\":\"2025-02-05T10:20:35+00:00\",\"dateModified\":\"2026-03-27T09:52:47+00:00\",\"breadcrumb\":{\"@id\":\"https:\\\/\\\/funinthesundubai.com\\\/fr\\\/shop\\\/luxe\\\/palm-view-prime\\\/#breadcrumb\"},\"inLanguage\":\"fr-FR\",\"potentialAction\":[{\"@type\":\"ReadAction\",\"target\":[\"https:\\\/\\\/funinthesundubai.com\\\/fr\\\/shop\\\/luxe\\\/palm-view-prime\\\/\"]}]},{\"@type\":\"ImageObject\",\"inLanguage\":\"fr-FR\",\"@id\":\"https:\\\/\\\/funinthesundubai.com\\\/fr\\\/shop\\\/luxe\\\/palm-view-prime\\\/#primaryimage\",\"url\":\"https:\\\/\\\/funinthesundubai.com\\\/wp-content\\\/uploads\\\/2024\\\/12\\\/palm-view-1-opt.jpg\",\"contentUrl\":\"https:\\\/\\\/funinthesundubai.com\\\/wp-content\\\/uploads\\\/2024\\\/12\\\/palm-view-1-opt.jpg\",\"width\":800,\"height\":533},{\"@type\":\"BreadcrumbList\",\"@id\":\"https:\\\/\\\/funinthesundubai.com\\\/fr\\\/shop\\\/luxe\\\/palm-view-prime\\\/#breadcrumb\",\"itemListElement\":[{\"@type\":\"ListItem\",\"position\":1,\"name\":\"Home\",\"item\":\"https:\\\/\\\/funinthesundubai.com\\\/fr\\\/\"},{\"@type\":\"ListItem\",\"position\":2,\"name\":\"Boutique\",\"item\":\"https:\\\/\\\/funinthesundubai.com\\\/fr\\\/boutique\\\/\"},{\"@type\":\"ListItem\",\"position\":3,\"name\":\"Palm View Prime\"}]},{\"@type\":\"WebSite\",\"@id\":\"https:\\\/\\\/funinthesundubai.com\\\/fr\\\/#website\",\"url\":\"https:\\\/\\\/funinthesundubai.com\\\/fr\\\/\",\"name\":\"Fun in the Sun Dubai\",\"description\":\"Dubai Activity and Dubai Excursion provider\",\"publisher\":{\"@id\":\"https:\\\/\\\/funinthesundubai.com\\\/fr\\\/#organization\"},\"potentialAction\":[{\"@type\":\"SearchAction\",\"target\":{\"@type\":\"EntryPoint\",\"urlTemplate\":\"https:\\\/\\\/funinthesundubai.com\\\/fr\\\/?s={search_term_string}\"},\"query-input\":{\"@type\":\"PropertyValueSpecification\",\"valueRequired\":true,\"valueName\":\"search_term_string\"}}],\"inLanguage\":\"fr-FR\"},{\"@type\":\"Organization\",\"@id\":\"https:\\\/\\\/funinthesundubai.com\\\/fr\\\/#organization\",\"name\":\"Fun in the Sun Dubai\",\"url\":\"https:\\\/\\\/funinthesundubai.com\\\/fr\\\/\",\"logo\":{\"@type\":\"ImageObject\",\"inLanguage\":\"fr-FR\",\"@id\":\"https:\\\/\\\/funinthesundubai.com\\\/fr\\\/#\\\/schema\\\/logo\\\/image\\\/\",\"url\":\"https:\\\/\\\/funinthesundubai.com\\\/wp-content\\\/uploads\\\/2024\\\/11\\\/logo-final-white-dubai.png\",\"contentUrl\":\"https:\\\/\\\/funinthesundubai.com\\\/wp-content\\\/uploads\\\/2024\\\/11\\\/logo-final-white-dubai.png\",\"width\":745,\"height\":366,\"caption\":\"Fun in the Sun Dubai\"},\"image\":{\"@id\":\"https:\\\/\\\/funinthesundubai.com\\\/fr\\\/#\\\/schema\\\/logo\\\/image\\\/\"}}]}<\/script>\n<!-- \/ Yoast SEO plugin. -->","yoast_head_json":{"title":"Palm View Prime - Fun in the Sun Dubai","robots":{"index":"index","follow":"follow","max-snippet":"max-snippet:-1","max-image-preview":"max-image-preview:large","max-video-preview":"max-video-preview:-1"},"canonical":"https:\/\/funinthesundubai.com\/fr\/shop\/luxe\/palm-view-prime\/","og_locale":"fr_FR","og_type":"article","og_title":"Palm View Prime - Fun in the Sun Dubai","og_description":"Vues panoramiques de Duba\u00ef \u00e0 couper le souffle.  Le pont d'observation offre une vue imprenable.  Situ\u00e9 au sommet du gratte-ciel de Palm Jumeirah.  Lieu id\u00e9al pour des photos inoubliables.  D\u00e9couvrez un environnement luxueux et pittoresque.  Parfait pour admirer le coucher de soleil et la ligne d'horizon.","og_url":"https:\/\/funinthesundubai.com\/fr\/shop\/luxe\/palm-view-prime\/","og_site_name":"Fun in the Sun Dubai","article_modified_time":"2026-03-27T09:52:47+00:00","og_image":[{"width":800,"height":533,"url":"https:\/\/funinthesundubai.com\/wp-content\/uploads\/2024\/12\/palm-view-1-opt.jpg","type":"image\/jpeg"}],"twitter_card":"summary_large_image","twitter_misc":{"Dur\u00e9e de lecture estim\u00e9e":"2 minutes"},"schema":{"@context":"https:\/\/schema.org","@graph":[{"@type":"WebPage","@id":"https:\/\/funinthesundubai.com\/fr\/shop\/luxe\/palm-view-prime\/","url":"https:\/\/funinthesundubai.com\/fr\/shop\/luxe\/palm-view-prime\/","name":"Palm View Prime - Fun in the Sun Dubai","isPartOf":{"@id":"https:\/\/funinthesundubai.com\/fr\/#website"},"primaryImageOfPage":{"@id":"https:\/\/funinthesundubai.com\/fr\/shop\/luxe\/palm-view-prime\/#primaryimage"},"image":{"@id":"https:\/\/funinthesundubai.com\/fr\/shop\/luxe\/palm-view-prime\/#primaryimage"},"thumbnailUrl":"https:\/\/funinthesundubai.com\/wp-content\/uploads\/2024\/12\/palm-view-1-opt.jpg","datePublished":"2025-02-05T10:20:35+00:00","dateModified":"2026-03-27T09:52:47+00:00","breadcrumb":{"@id":"https:\/\/funinthesundubai.com\/fr\/shop\/luxe\/palm-view-prime\/#breadcrumb"},"inLanguage":"fr-FR","potentialAction":[{"@type":"ReadAction","target":["https:\/\/funinthesundubai.com\/fr\/shop\/luxe\/palm-view-prime\/"]}]},{"@type":"ImageObject","inLanguage":"fr-FR","@id":"https:\/\/funinthesundubai.com\/fr\/shop\/luxe\/palm-view-prime\/#primaryimage","url":"https:\/\/funinthesundubai.com\/wp-content\/uploads\/2024\/12\/palm-view-1-opt.jpg","contentUrl":"https:\/\/funinthesundubai.com\/wp-content\/uploads\/2024\/12\/palm-view-1-opt.jpg","width":800,"height":533},{"@type":"BreadcrumbList","@id":"https:\/\/funinthesundubai.com\/fr\/shop\/luxe\/palm-view-prime\/#breadcrumb","itemListElement":[{"@type":"ListItem","position":1,"name":"Home","item":"https:\/\/funinthesundubai.com\/fr\/"},{"@type":"ListItem","position":2,"name":"Boutique","item":"https:\/\/funinthesundubai.com\/fr\/boutique\/"},{"@type":"ListItem","position":3,"name":"Palm View Prime"}]},{"@type":"WebSite","@id":"https:\/\/funinthesundubai.com\/fr\/#website","url":"https:\/\/funinthesundubai.com\/fr\/","name":"Fun in the Sun Dubai","description":"Dubai Activity and Dubai Excursion provider","publisher":{"@id":"https:\/\/funinthesundubai.com\/fr\/#organization"},"potentialAction":[{"@type":"SearchAction","target":{"@type":"EntryPoint","urlTemplate":"https:\/\/funinthesundubai.com\/fr\/?s={search_term_string}"},"query-input":{"@type":"PropertyValueSpecification","valueRequired":true,"valueName":"search_term_string"}}],"inLanguage":"fr-FR"},{"@type":"Organization","@id":"https:\/\/funinthesundubai.com\/fr\/#organization","name":"Fun in the Sun Dubai","url":"https:\/\/funinthesundubai.com\/fr\/","logo":{"@type":"ImageObject","inLanguage":"fr-FR","@id":"https:\/\/funinthesundubai.com\/fr\/#\/schema\/logo\/image\/","url":"https:\/\/funinthesundubai.com\/wp-content\/uploads\/2024\/11\/logo-final-white-dubai.png","contentUrl":"https:\/\/funinthesundubai.com\/wp-content\/uploads\/2024\/11\/logo-final-white-dubai.png","width":745,"height":366,"caption":"Fun in the Sun Dubai"},"image":{"@id":"https:\/\/funinthesundubai.com\/fr\/#\/schema\/logo\/image\/"}}]}},"_links":{"self":[{"href":"https:\/\/funinthesundubai.com\/fr\/wp-json\/wp\/v2\/product\/7778","targetHints":{"allow":["GET"]}}],"collection":[{"href":"https:\/\/funinthesundubai.com\/fr\/wp-json\/wp\/v2\/product"}],"about":[{"href":"https:\/\/funinthesundubai.com\/fr\/wp-json\/wp\/v2\/types\/product"}],"replies":[{"embeddable":true,"href":"https:\/\/funinthesundubai.com\/fr\/wp-json\/wp\/v2\/comments?post=7778"}],"wp:featuredmedia":[{"embeddable":true,"href":"https:\/\/funinthesundubai.com\/fr\/wp-json\/wp\/v2\/media\/7779"}],"wp:attachment":[{"href":"https:\/\/funinthesundubai.com\/fr\/wp-json\/wp\/v2\/media?parent=7778"}],"wp:term":[{"taxonomy":"product_brand","embeddable":true,"href":"https:\/\/funinthesundubai.com\/fr\/wp-json\/wp\/v2\/product_brand?post=7778"},{"taxonomy":"product_cat","embeddable":true,"href":"https:\/\/funinthesundubai.com\/fr\/wp-json\/wp\/v2\/product_cat?post=7778"},{"taxonomy":"product_tag","embeddable":true,"href":"https:\/\/funinthesundubai.com\/fr\/wp-json\/wp\/v2\/product_tag?post=7778"}],"curies":[{"name":"wp","href":"https:\/\/api.w.org\/{rel}","templated":true}]}}