{"id":7782,"date":"2024-12-12T10:52:36","date_gmt":"2025-02-05T10:21:05","guid":{"rendered":"https:\/\/funinthesundubai.com\/shop\/non%20class\u00e9\/salon-burja-khalifa\/"},"modified":"2026-03-27T09:52:48","modified_gmt":"2026-03-27T09:52:48","slug":"salon-burja-khalifa","status":"publish","type":"product","link":"https:\/\/funinthesundubai.com\/fr\/shop\/luxe\/salon-burja-khalifa\/","title":{"rendered":"Salon Burja Khalifa"},"content":{"rendered":"<p>Pr\u00e9parez-vous \u00e0 embarquer pour un voyage extraordinaire, en vous \u00e9levant vers les hauteurs du Burj Khalifa, o\u00f9 vous attendent certains des salons les plus exclusifs du monde. Ce billet vous donne un acc\u00e8s privil\u00e9gi\u00e9 aux 152e, 153e et 154e \u00e9tages, offrant des vues incomparables sur la ligne d&rsquo;horizon de Duba\u00ef. La vue vous captivera, s&rsquo;\u00e9tendant sur la ville et au-del\u00e0, vous laissant avec un sentiment d&rsquo;admiration et d&rsquo;\u00e9merveillement face \u00e0 la beaut\u00e9 de cette m\u00e9tropole embl\u00e9matique.<\/p>\n<p>En p\u00e9n\u00e9trant sur la vaste terrasse ext\u00e9rieure, perch\u00e9e \u00e0 585 m\u00e8tres au-dessus du sol, vous aurez l&rsquo;impression de flotter sur un nuage, envelopp\u00e9 par un panorama \u00e0 couper le souffle. L&rsquo;air vivifiant et les vues imprenables sur la ville vous donneront l&rsquo;impression d&rsquo;\u00eatre au sommet du monde, de vivre Duba\u00ef d&rsquo;un point de vue que peu de gens ont la chance d&rsquo;avoir.<\/p>\n<p>Laissez-vous tenter par une s\u00e9lection de canap\u00e9s gastronomiques d\u00e9licieusement \u00e9labor\u00e9s, parfaitement accompagn\u00e9s d&rsquo;une coupe de champagne, ou savourez une gamme de th\u00e9s et de caf\u00e9s les plus raffin\u00e9s tout en vous d\u00e9tendant dans ce cadre extraordinaire. Ce billet comprend \u00e9galement l&rsquo;acc\u00e8s aux ponts d&rsquo;observation des 124e, 125e et 148e \u00e9tages, ce qui vous permet de vous immerger encore davantage dans l&rsquo;\u00e9poustouflante ligne d&rsquo;horizon de Duba\u00ef. Disponible exclusivement pour les adultes entre 15h00 et 19h00, cette exp\u00e9rience promet d&rsquo;\u00eatre un luxe inoubliable.<\/p>\n","protected":false},"excerpt":{"rendered":"<ul>\n<li>Des exp\u00e9riences VIP exclusives avec des vues panoramiques.<\/li>\n<li>Ambiance luxueuse et service de classe mondiale.<\/li>\n<li>Salle \u00e0 manger sur\u00e9lev\u00e9e avec vue imprenable.<\/li>\n<li>Acc\u00e8s priv\u00e9 aux salons premium.<\/li>\n<li>Parfait pour les moments sp\u00e9ciaux<\/li>\n<li>Des vues incomparables de la ligne d&rsquo;horizon depuis les salons.<\/li>\n<\/ul>\n","protected":false},"featured_media":7783,"comment_status":"closed","ping_status":"closed","template":"","meta":[],"product_brand":[],"product_cat":[133],"product_tag":[],"class_list":{"0":"post-7782","1":"product","2":"type-product","3":"status-publish","4":"has-post-thumbnail","6":"product_cat-luxe","8":"first","9":"instock","10":"virtual","11":"sold-individually","12":"purchasable","13":"product-type-turitop"},"yoast_head":"<!-- This site is optimized with the Yoast SEO plugin v27.4 - https:\/\/yoast.com\/product\/yoast-seo-wordpress\/ -->\n<title>Salon Burja Khalifa - Fun in the Sun Dubai<\/title>\n<meta name=\"robots\" content=\"index, follow, max-snippet:-1, max-image-preview:large, max-video-preview:-1\" \/>\n<link rel=\"canonical\" href=\"https:\/\/funinthesundubai.com\/fr\/shop\/luxe\/salon-burja-khalifa\/\" \/>\n<meta property=\"og:locale\" content=\"fr_FR\" \/>\n<meta property=\"og:type\" content=\"article\" \/>\n<meta property=\"og:title\" content=\"Salon Burja Khalifa - Fun in the Sun Dubai\" \/>\n<meta property=\"og:description\" content=\"Des exp\u00e9riences VIP exclusives avec des vues panoramiques.  Ambiance luxueuse et service de classe mondiale.  Salle \u00e0 manger sur\u00e9lev\u00e9e avec vue imprenable.  Acc\u00e8s priv\u00e9 aux salons premium.  Parfait pour les moments sp\u00e9ciaux  Des vues incomparables de la ligne d&#039;horizon depuis les salons.\" \/>\n<meta property=\"og:url\" content=\"https:\/\/funinthesundubai.com\/fr\/shop\/luxe\/salon-burja-khalifa\/\" \/>\n<meta property=\"og:site_name\" content=\"Fun in the Sun Dubai\" \/>\n<meta property=\"article:modified_time\" content=\"2026-03-27T09:52:48+00:00\" \/>\n<meta property=\"og:image\" content=\"https:\/\/funinthesundubai.com\/wp-content\/uploads\/2024\/12\/burj4-opt.jpg\" \/>\n\t<meta property=\"og:image:width\" content=\"800\" \/>\n\t<meta property=\"og:image:height\" content=\"533\" \/>\n\t<meta property=\"og:image:type\" content=\"image\/jpeg\" \/>\n<meta name=\"twitter:card\" content=\"summary_large_image\" \/>\n<meta name=\"twitter:label1\" content=\"Dur\u00e9e de lecture estim\u00e9e\" \/>\n\t<meta name=\"twitter:data1\" content=\"2 minutes\" \/>\n<script type=\"application\/ld+json\" class=\"yoast-schema-graph\">{\"@context\":\"https:\\\/\\\/schema.org\",\"@graph\":[{\"@type\":\"WebPage\",\"@id\":\"https:\\\/\\\/funinthesundubai.com\\\/fr\\\/shop\\\/luxe\\\/salon-burja-khalifa\\\/\",\"url\":\"https:\\\/\\\/funinthesundubai.com\\\/fr\\\/shop\\\/luxe\\\/salon-burja-khalifa\\\/\",\"name\":\"Salon Burja Khalifa - Fun in the Sun Dubai\",\"isPartOf\":{\"@id\":\"https:\\\/\\\/funinthesundubai.com\\\/fr\\\/#website\"},\"primaryImageOfPage\":{\"@id\":\"https:\\\/\\\/funinthesundubai.com\\\/fr\\\/shop\\\/luxe\\\/salon-burja-khalifa\\\/#primaryimage\"},\"image\":{\"@id\":\"https:\\\/\\\/funinthesundubai.com\\\/fr\\\/shop\\\/luxe\\\/salon-burja-khalifa\\\/#primaryimage\"},\"thumbnailUrl\":\"https:\\\/\\\/funinthesundubai.com\\\/wp-content\\\/uploads\\\/2024\\\/12\\\/burj4-opt.jpg\",\"datePublished\":\"2025-02-05T10:21:05+00:00\",\"dateModified\":\"2026-03-27T09:52:48+00:00\",\"breadcrumb\":{\"@id\":\"https:\\\/\\\/funinthesundubai.com\\\/fr\\\/shop\\\/luxe\\\/salon-burja-khalifa\\\/#breadcrumb\"},\"inLanguage\":\"fr-FR\",\"potentialAction\":[{\"@type\":\"ReadAction\",\"target\":[\"https:\\\/\\\/funinthesundubai.com\\\/fr\\\/shop\\\/luxe\\\/salon-burja-khalifa\\\/\"]}]},{\"@type\":\"ImageObject\",\"inLanguage\":\"fr-FR\",\"@id\":\"https:\\\/\\\/funinthesundubai.com\\\/fr\\\/shop\\\/luxe\\\/salon-burja-khalifa\\\/#primaryimage\",\"url\":\"https:\\\/\\\/funinthesundubai.com\\\/wp-content\\\/uploads\\\/2024\\\/12\\\/burj4-opt.jpg\",\"contentUrl\":\"https:\\\/\\\/funinthesundubai.com\\\/wp-content\\\/uploads\\\/2024\\\/12\\\/burj4-opt.jpg\",\"width\":800,\"height\":533},{\"@type\":\"BreadcrumbList\",\"@id\":\"https:\\\/\\\/funinthesundubai.com\\\/fr\\\/shop\\\/luxe\\\/salon-burja-khalifa\\\/#breadcrumb\",\"itemListElement\":[{\"@type\":\"ListItem\",\"position\":1,\"name\":\"Home\",\"item\":\"https:\\\/\\\/funinthesundubai.com\\\/fr\\\/\"},{\"@type\":\"ListItem\",\"position\":2,\"name\":\"Boutique\",\"item\":\"https:\\\/\\\/funinthesundubai.com\\\/fr\\\/boutique\\\/\"},{\"@type\":\"ListItem\",\"position\":3,\"name\":\"Salon Burja Khalifa\"}]},{\"@type\":\"WebSite\",\"@id\":\"https:\\\/\\\/funinthesundubai.com\\\/fr\\\/#website\",\"url\":\"https:\\\/\\\/funinthesundubai.com\\\/fr\\\/\",\"name\":\"Fun in the Sun Dubai\",\"description\":\"Dubai Activity and Dubai Excursion provider\",\"publisher\":{\"@id\":\"https:\\\/\\\/funinthesundubai.com\\\/fr\\\/#organization\"},\"potentialAction\":[{\"@type\":\"SearchAction\",\"target\":{\"@type\":\"EntryPoint\",\"urlTemplate\":\"https:\\\/\\\/funinthesundubai.com\\\/fr\\\/?s={search_term_string}\"},\"query-input\":{\"@type\":\"PropertyValueSpecification\",\"valueRequired\":true,\"valueName\":\"search_term_string\"}}],\"inLanguage\":\"fr-FR\"},{\"@type\":\"Organization\",\"@id\":\"https:\\\/\\\/funinthesundubai.com\\\/fr\\\/#organization\",\"name\":\"Fun in the Sun Dubai\",\"url\":\"https:\\\/\\\/funinthesundubai.com\\\/fr\\\/\",\"logo\":{\"@type\":\"ImageObject\",\"inLanguage\":\"fr-FR\",\"@id\":\"https:\\\/\\\/funinthesundubai.com\\\/fr\\\/#\\\/schema\\\/logo\\\/image\\\/\",\"url\":\"https:\\\/\\\/funinthesundubai.com\\\/wp-content\\\/uploads\\\/2024\\\/11\\\/logo-final-white-dubai.png\",\"contentUrl\":\"https:\\\/\\\/funinthesundubai.com\\\/wp-content\\\/uploads\\\/2024\\\/11\\\/logo-final-white-dubai.png\",\"width\":745,\"height\":366,\"caption\":\"Fun in the Sun Dubai\"},\"image\":{\"@id\":\"https:\\\/\\\/funinthesundubai.com\\\/fr\\\/#\\\/schema\\\/logo\\\/image\\\/\"}}]}<\/script>\n<!-- \/ Yoast SEO plugin. -->","yoast_head_json":{"title":"Salon Burja Khalifa - Fun in the Sun Dubai","robots":{"index":"index","follow":"follow","max-snippet":"max-snippet:-1","max-image-preview":"max-image-preview:large","max-video-preview":"max-video-preview:-1"},"canonical":"https:\/\/funinthesundubai.com\/fr\/shop\/luxe\/salon-burja-khalifa\/","og_locale":"fr_FR","og_type":"article","og_title":"Salon Burja Khalifa - Fun in the Sun Dubai","og_description":"Des exp\u00e9riences VIP exclusives avec des vues panoramiques.  Ambiance luxueuse et service de classe mondiale.  Salle \u00e0 manger sur\u00e9lev\u00e9e avec vue imprenable.  Acc\u00e8s priv\u00e9 aux salons premium.  Parfait pour les moments sp\u00e9ciaux  Des vues incomparables de la ligne d'horizon depuis les salons.","og_url":"https:\/\/funinthesundubai.com\/fr\/shop\/luxe\/salon-burja-khalifa\/","og_site_name":"Fun in the Sun Dubai","article_modified_time":"2026-03-27T09:52:48+00:00","og_image":[{"width":800,"height":533,"url":"https:\/\/funinthesundubai.com\/wp-content\/uploads\/2024\/12\/burj4-opt.jpg","type":"image\/jpeg"}],"twitter_card":"summary_large_image","twitter_misc":{"Dur\u00e9e de lecture estim\u00e9e":"2 minutes"},"schema":{"@context":"https:\/\/schema.org","@graph":[{"@type":"WebPage","@id":"https:\/\/funinthesundubai.com\/fr\/shop\/luxe\/salon-burja-khalifa\/","url":"https:\/\/funinthesundubai.com\/fr\/shop\/luxe\/salon-burja-khalifa\/","name":"Salon Burja Khalifa - Fun in the Sun Dubai","isPartOf":{"@id":"https:\/\/funinthesundubai.com\/fr\/#website"},"primaryImageOfPage":{"@id":"https:\/\/funinthesundubai.com\/fr\/shop\/luxe\/salon-burja-khalifa\/#primaryimage"},"image":{"@id":"https:\/\/funinthesundubai.com\/fr\/shop\/luxe\/salon-burja-khalifa\/#primaryimage"},"thumbnailUrl":"https:\/\/funinthesundubai.com\/wp-content\/uploads\/2024\/12\/burj4-opt.jpg","datePublished":"2025-02-05T10:21:05+00:00","dateModified":"2026-03-27T09:52:48+00:00","breadcrumb":{"@id":"https:\/\/funinthesundubai.com\/fr\/shop\/luxe\/salon-burja-khalifa\/#breadcrumb"},"inLanguage":"fr-FR","potentialAction":[{"@type":"ReadAction","target":["https:\/\/funinthesundubai.com\/fr\/shop\/luxe\/salon-burja-khalifa\/"]}]},{"@type":"ImageObject","inLanguage":"fr-FR","@id":"https:\/\/funinthesundubai.com\/fr\/shop\/luxe\/salon-burja-khalifa\/#primaryimage","url":"https:\/\/funinthesundubai.com\/wp-content\/uploads\/2024\/12\/burj4-opt.jpg","contentUrl":"https:\/\/funinthesundubai.com\/wp-content\/uploads\/2024\/12\/burj4-opt.jpg","width":800,"height":533},{"@type":"BreadcrumbList","@id":"https:\/\/funinthesundubai.com\/fr\/shop\/luxe\/salon-burja-khalifa\/#breadcrumb","itemListElement":[{"@type":"ListItem","position":1,"name":"Home","item":"https:\/\/funinthesundubai.com\/fr\/"},{"@type":"ListItem","position":2,"name":"Boutique","item":"https:\/\/funinthesundubai.com\/fr\/boutique\/"},{"@type":"ListItem","position":3,"name":"Salon Burja Khalifa"}]},{"@type":"WebSite","@id":"https:\/\/funinthesundubai.com\/fr\/#website","url":"https:\/\/funinthesundubai.com\/fr\/","name":"Fun in the Sun Dubai","description":"Dubai Activity and Dubai Excursion provider","publisher":{"@id":"https:\/\/funinthesundubai.com\/fr\/#organization"},"potentialAction":[{"@type":"SearchAction","target":{"@type":"EntryPoint","urlTemplate":"https:\/\/funinthesundubai.com\/fr\/?s={search_term_string}"},"query-input":{"@type":"PropertyValueSpecification","valueRequired":true,"valueName":"search_term_string"}}],"inLanguage":"fr-FR"},{"@type":"Organization","@id":"https:\/\/funinthesundubai.com\/fr\/#organization","name":"Fun in the Sun Dubai","url":"https:\/\/funinthesundubai.com\/fr\/","logo":{"@type":"ImageObject","inLanguage":"fr-FR","@id":"https:\/\/funinthesundubai.com\/fr\/#\/schema\/logo\/image\/","url":"https:\/\/funinthesundubai.com\/wp-content\/uploads\/2024\/11\/logo-final-white-dubai.png","contentUrl":"https:\/\/funinthesundubai.com\/wp-content\/uploads\/2024\/11\/logo-final-white-dubai.png","width":745,"height":366,"caption":"Fun in the Sun Dubai"},"image":{"@id":"https:\/\/funinthesundubai.com\/fr\/#\/schema\/logo\/image\/"}}]}},"_links":{"self":[{"href":"https:\/\/funinthesundubai.com\/fr\/wp-json\/wp\/v2\/product\/7782","targetHints":{"allow":["GET"]}}],"collection":[{"href":"https:\/\/funinthesundubai.com\/fr\/wp-json\/wp\/v2\/product"}],"about":[{"href":"https:\/\/funinthesundubai.com\/fr\/wp-json\/wp\/v2\/types\/product"}],"replies":[{"embeddable":true,"href":"https:\/\/funinthesundubai.com\/fr\/wp-json\/wp\/v2\/comments?post=7782"}],"wp:featuredmedia":[{"embeddable":true,"href":"https:\/\/funinthesundubai.com\/fr\/wp-json\/wp\/v2\/media\/7783"}],"wp:attachment":[{"href":"https:\/\/funinthesundubai.com\/fr\/wp-json\/wp\/v2\/media?parent=7782"}],"wp:term":[{"taxonomy":"product_brand","embeddable":true,"href":"https:\/\/funinthesundubai.com\/fr\/wp-json\/wp\/v2\/product_brand?post=7782"},{"taxonomy":"product_cat","embeddable":true,"href":"https:\/\/funinthesundubai.com\/fr\/wp-json\/wp\/v2\/product_cat?post=7782"},{"taxonomy":"product_tag","embeddable":true,"href":"https:\/\/funinthesundubai.com\/fr\/wp-json\/wp\/v2\/product_tag?post=7782"}],"curies":[{"name":"wp","href":"https:\/\/api.w.org\/{rel}","templated":true}]}}