{"id":7788,"date":"2024-12-12T10:51:41","date_gmt":"2024-12-12T10:51:41","guid":{"rendered":"https:\/\/funinthesundubai.com\/shop\/non%20class\u00e9\/yacht-de-luxe-majesty\/"},"modified":"2026-03-27T09:52:49","modified_gmt":"2026-03-27T09:52:49","slug":"yacht-de-luxe-majesty","status":"publish","type":"product","link":"https:\/\/funinthesundubai.com\/fr\/shop\/luxe\/yacht-de-luxe-majesty\/","title":{"rendered":"Yacht de luxe Majesty"},"content":{"rendered":"<p class=\"p1\">Rendez votre visite \u00e0 Duba\u00ef inoubliable avec un tour en yacht de luxe \u00e0 bord du superbe 88ft beauty. Entour\u00e9 d&rsquo;eaux scintillantes et d&rsquo;une vue imprenable sur la ville, cette exp\u00e9rience exclusive est parfaite pour c\u00e9l\u00e9brer des occasions sp\u00e9ciales ou s&rsquo;offrir une sortie somptueuse. Offrant une touche d&rsquo;\u00e9l\u00e9gance et de sophistication, le yacht constitue une toile de fond remarquable pour cr\u00e9er des souvenirs inoubliables.  <\/p>\n<p class=\"p1\">Naviguez dans les eaux tranquilles de Duba\u00ef dans un confort in\u00e9gal\u00e9. Le yacht de 88 pieds comprend deux cabines principales, deux cabines doubles, quatre toilettes et une cuisine enti\u00e8rement \u00e9quip\u00e9e. Avec un espace suffisant pour accueillir jusqu&rsquo;\u00e0 45 personnes, votre voyage est agr\u00e9ment\u00e9 du service attentif d&rsquo;un capitaine, de deux membres d&rsquo;\u00e9quipage et de deux h\u00f4tesses de l&rsquo;air. D\u00e9tendez-vous sur le pont ou profitez du barbecue, du syst\u00e8me de sonorisation et des rafra\u00eechissements gratuits, notamment de l&rsquo;eau, des boissons non alcoolis\u00e9es, des chips, des noix et des fruits.   <\/p>\n<p class=\"p1\">Pendant la croisi\u00e8re priv\u00e9e standard de 4 heures, au prix de 8 000 AED, vous admirerez la ligne d&rsquo;horizon embl\u00e9matique de Duba\u00ef et les sites c\u00f4tiers tout en glissant le long de lagons sereins et de plages immacul\u00e9es. Pour ceux qui souhaitent prolonger l&rsquo;aventure, des heures suppl\u00e9mentaires peuvent \u00eatre ajout\u00e9es au prix de 2 000 AED par heure. Que vous soyez \u00e0 la recherche de luxe, de loisirs ou d&rsquo;une sortie de groupe passionnante, ce tour en yacht offre la combinaison parfaite de style, de confort et de vues \u00e0 couper le souffle.  <\/p>\n","protected":false},"excerpt":{"rendered":"<ul>\n<li>Exp\u00e9riences sur des yachts de luxe<\/li>\n<li>Vues panoramiques in\u00e9gal\u00e9es<\/li>\n<li>Une exp\u00e9rience premium abordable<\/li>\n<li>Services personnalis\u00e9s \u00e0 bord<\/li>\n<li>Confort et confidentialit\u00e9 garantis<\/li>\n<li>L&rsquo;excellence dans l&rsquo;h\u00f4tellerie<\/li>\n<\/ul>\n","protected":false},"featured_media":10029,"comment_status":"closed","ping_status":"closed","template":"","meta":[],"product_brand":[],"product_cat":[133],"product_tag":[],"class_list":{"0":"post-7788","1":"product","2":"type-product","3":"status-publish","4":"has-post-thumbnail","6":"product_cat-luxe","8":"first","9":"instock","10":"virtual","11":"sold-individually","12":"purchasable","13":"product-type-turitop"},"yoast_head":"<!-- This site is optimized with the Yoast SEO plugin v27.4 - https:\/\/yoast.com\/product\/yoast-seo-wordpress\/ -->\n<title>Yacht de luxe Majesty - Fun in the Sun Dubai<\/title>\n<meta name=\"robots\" content=\"index, follow, max-snippet:-1, max-image-preview:large, max-video-preview:-1\" \/>\n<link rel=\"canonical\" href=\"https:\/\/funinthesundubai.com\/fr\/shop\/luxe\/yacht-de-luxe-majesty\/\" \/>\n<meta property=\"og:locale\" content=\"fr_FR\" \/>\n<meta property=\"og:type\" content=\"article\" \/>\n<meta property=\"og:title\" content=\"Yacht de luxe Majesty - Fun in the Sun Dubai\" \/>\n<meta property=\"og:description\" content=\"Exp\u00e9riences sur des yachts de luxe  Vues panoramiques in\u00e9gal\u00e9es  Une exp\u00e9rience premium abordable  Services personnalis\u00e9s \u00e0 bord  Confort et confidentialit\u00e9 garantis  L&#039;excellence dans l&#039;h\u00f4tellerie\" \/>\n<meta property=\"og:url\" content=\"https:\/\/funinthesundubai.com\/fr\/shop\/luxe\/yacht-de-luxe-majesty\/\" \/>\n<meta property=\"og:site_name\" content=\"Fun in the Sun Dubai\" \/>\n<meta property=\"article:modified_time\" content=\"2026-03-27T09:52:49+00:00\" \/>\n<meta property=\"og:image\" content=\"https:\/\/funinthesundubai.com\/wp-content\/uploads\/2024\/12\/1-2.jpg\" \/>\n\t<meta property=\"og:image:width\" content=\"1500\" \/>\n\t<meta property=\"og:image:height\" content=\"1000\" \/>\n\t<meta property=\"og:image:type\" content=\"image\/jpeg\" \/>\n<meta name=\"twitter:card\" content=\"summary_large_image\" \/>\n<meta name=\"twitter:label1\" content=\"Dur\u00e9e de lecture estim\u00e9e\" \/>\n\t<meta name=\"twitter:data1\" content=\"2 minutes\" \/>\n<script type=\"application\/ld+json\" class=\"yoast-schema-graph\">{\"@context\":\"https:\\\/\\\/schema.org\",\"@graph\":[{\"@type\":\"WebPage\",\"@id\":\"https:\\\/\\\/funinthesundubai.com\\\/fr\\\/shop\\\/luxe\\\/yacht-de-luxe-majesty\\\/\",\"url\":\"https:\\\/\\\/funinthesundubai.com\\\/fr\\\/shop\\\/luxe\\\/yacht-de-luxe-majesty\\\/\",\"name\":\"Yacht de luxe Majesty - Fun in the Sun Dubai\",\"isPartOf\":{\"@id\":\"https:\\\/\\\/funinthesundubai.com\\\/fr\\\/#website\"},\"primaryImageOfPage\":{\"@id\":\"https:\\\/\\\/funinthesundubai.com\\\/fr\\\/shop\\\/luxe\\\/yacht-de-luxe-majesty\\\/#primaryimage\"},\"image\":{\"@id\":\"https:\\\/\\\/funinthesundubai.com\\\/fr\\\/shop\\\/luxe\\\/yacht-de-luxe-majesty\\\/#primaryimage\"},\"thumbnailUrl\":\"https:\\\/\\\/funinthesundubai.com\\\/wp-content\\\/uploads\\\/2024\\\/12\\\/1-2.jpg\",\"datePublished\":\"2024-12-12T10:51:41+00:00\",\"dateModified\":\"2026-03-27T09:52:49+00:00\",\"breadcrumb\":{\"@id\":\"https:\\\/\\\/funinthesundubai.com\\\/fr\\\/shop\\\/luxe\\\/yacht-de-luxe-majesty\\\/#breadcrumb\"},\"inLanguage\":\"fr-FR\",\"potentialAction\":[{\"@type\":\"ReadAction\",\"target\":[\"https:\\\/\\\/funinthesundubai.com\\\/fr\\\/shop\\\/luxe\\\/yacht-de-luxe-majesty\\\/\"]}]},{\"@type\":\"ImageObject\",\"inLanguage\":\"fr-FR\",\"@id\":\"https:\\\/\\\/funinthesundubai.com\\\/fr\\\/shop\\\/luxe\\\/yacht-de-luxe-majesty\\\/#primaryimage\",\"url\":\"https:\\\/\\\/funinthesundubai.com\\\/wp-content\\\/uploads\\\/2024\\\/12\\\/1-2.jpg\",\"contentUrl\":\"https:\\\/\\\/funinthesundubai.com\\\/wp-content\\\/uploads\\\/2024\\\/12\\\/1-2.jpg\",\"width\":1500,\"height\":1000},{\"@type\":\"BreadcrumbList\",\"@id\":\"https:\\\/\\\/funinthesundubai.com\\\/fr\\\/shop\\\/luxe\\\/yacht-de-luxe-majesty\\\/#breadcrumb\",\"itemListElement\":[{\"@type\":\"ListItem\",\"position\":1,\"name\":\"Home\",\"item\":\"https:\\\/\\\/funinthesundubai.com\\\/fr\\\/\"},{\"@type\":\"ListItem\",\"position\":2,\"name\":\"Boutique\",\"item\":\"https:\\\/\\\/funinthesundubai.com\\\/fr\\\/boutique\\\/\"},{\"@type\":\"ListItem\",\"position\":3,\"name\":\"Yacht de luxe Majesty\"}]},{\"@type\":\"WebSite\",\"@id\":\"https:\\\/\\\/funinthesundubai.com\\\/fr\\\/#website\",\"url\":\"https:\\\/\\\/funinthesundubai.com\\\/fr\\\/\",\"name\":\"Fun in the Sun Dubai\",\"description\":\"Dubai Activity and Dubai Excursion provider\",\"publisher\":{\"@id\":\"https:\\\/\\\/funinthesundubai.com\\\/fr\\\/#organization\"},\"potentialAction\":[{\"@type\":\"SearchAction\",\"target\":{\"@type\":\"EntryPoint\",\"urlTemplate\":\"https:\\\/\\\/funinthesundubai.com\\\/fr\\\/?s={search_term_string}\"},\"query-input\":{\"@type\":\"PropertyValueSpecification\",\"valueRequired\":true,\"valueName\":\"search_term_string\"}}],\"inLanguage\":\"fr-FR\"},{\"@type\":\"Organization\",\"@id\":\"https:\\\/\\\/funinthesundubai.com\\\/fr\\\/#organization\",\"name\":\"Fun in the Sun Dubai\",\"url\":\"https:\\\/\\\/funinthesundubai.com\\\/fr\\\/\",\"logo\":{\"@type\":\"ImageObject\",\"inLanguage\":\"fr-FR\",\"@id\":\"https:\\\/\\\/funinthesundubai.com\\\/fr\\\/#\\\/schema\\\/logo\\\/image\\\/\",\"url\":\"https:\\\/\\\/funinthesundubai.com\\\/wp-content\\\/uploads\\\/2024\\\/11\\\/logo-final-white-dubai.png\",\"contentUrl\":\"https:\\\/\\\/funinthesundubai.com\\\/wp-content\\\/uploads\\\/2024\\\/11\\\/logo-final-white-dubai.png\",\"width\":745,\"height\":366,\"caption\":\"Fun in the Sun Dubai\"},\"image\":{\"@id\":\"https:\\\/\\\/funinthesundubai.com\\\/fr\\\/#\\\/schema\\\/logo\\\/image\\\/\"}}]}<\/script>\n<!-- \/ Yoast SEO plugin. -->","yoast_head_json":{"title":"Yacht de luxe Majesty - Fun in the Sun Dubai","robots":{"index":"index","follow":"follow","max-snippet":"max-snippet:-1","max-image-preview":"max-image-preview:large","max-video-preview":"max-video-preview:-1"},"canonical":"https:\/\/funinthesundubai.com\/fr\/shop\/luxe\/yacht-de-luxe-majesty\/","og_locale":"fr_FR","og_type":"article","og_title":"Yacht de luxe Majesty - Fun in the Sun Dubai","og_description":"Exp\u00e9riences sur des yachts de luxe  Vues panoramiques in\u00e9gal\u00e9es  Une exp\u00e9rience premium abordable  Services personnalis\u00e9s \u00e0 bord  Confort et confidentialit\u00e9 garantis  L'excellence dans l'h\u00f4tellerie","og_url":"https:\/\/funinthesundubai.com\/fr\/shop\/luxe\/yacht-de-luxe-majesty\/","og_site_name":"Fun in the Sun Dubai","article_modified_time":"2026-03-27T09:52:49+00:00","og_image":[{"width":1500,"height":1000,"url":"https:\/\/funinthesundubai.com\/wp-content\/uploads\/2024\/12\/1-2.jpg","type":"image\/jpeg"}],"twitter_card":"summary_large_image","twitter_misc":{"Dur\u00e9e de lecture estim\u00e9e":"2 minutes"},"schema":{"@context":"https:\/\/schema.org","@graph":[{"@type":"WebPage","@id":"https:\/\/funinthesundubai.com\/fr\/shop\/luxe\/yacht-de-luxe-majesty\/","url":"https:\/\/funinthesundubai.com\/fr\/shop\/luxe\/yacht-de-luxe-majesty\/","name":"Yacht de luxe Majesty - Fun in the Sun Dubai","isPartOf":{"@id":"https:\/\/funinthesundubai.com\/fr\/#website"},"primaryImageOfPage":{"@id":"https:\/\/funinthesundubai.com\/fr\/shop\/luxe\/yacht-de-luxe-majesty\/#primaryimage"},"image":{"@id":"https:\/\/funinthesundubai.com\/fr\/shop\/luxe\/yacht-de-luxe-majesty\/#primaryimage"},"thumbnailUrl":"https:\/\/funinthesundubai.com\/wp-content\/uploads\/2024\/12\/1-2.jpg","datePublished":"2024-12-12T10:51:41+00:00","dateModified":"2026-03-27T09:52:49+00:00","breadcrumb":{"@id":"https:\/\/funinthesundubai.com\/fr\/shop\/luxe\/yacht-de-luxe-majesty\/#breadcrumb"},"inLanguage":"fr-FR","potentialAction":[{"@type":"ReadAction","target":["https:\/\/funinthesundubai.com\/fr\/shop\/luxe\/yacht-de-luxe-majesty\/"]}]},{"@type":"ImageObject","inLanguage":"fr-FR","@id":"https:\/\/funinthesundubai.com\/fr\/shop\/luxe\/yacht-de-luxe-majesty\/#primaryimage","url":"https:\/\/funinthesundubai.com\/wp-content\/uploads\/2024\/12\/1-2.jpg","contentUrl":"https:\/\/funinthesundubai.com\/wp-content\/uploads\/2024\/12\/1-2.jpg","width":1500,"height":1000},{"@type":"BreadcrumbList","@id":"https:\/\/funinthesundubai.com\/fr\/shop\/luxe\/yacht-de-luxe-majesty\/#breadcrumb","itemListElement":[{"@type":"ListItem","position":1,"name":"Home","item":"https:\/\/funinthesundubai.com\/fr\/"},{"@type":"ListItem","position":2,"name":"Boutique","item":"https:\/\/funinthesundubai.com\/fr\/boutique\/"},{"@type":"ListItem","position":3,"name":"Yacht de luxe Majesty"}]},{"@type":"WebSite","@id":"https:\/\/funinthesundubai.com\/fr\/#website","url":"https:\/\/funinthesundubai.com\/fr\/","name":"Fun in the Sun Dubai","description":"Dubai Activity and Dubai Excursion provider","publisher":{"@id":"https:\/\/funinthesundubai.com\/fr\/#organization"},"potentialAction":[{"@type":"SearchAction","target":{"@type":"EntryPoint","urlTemplate":"https:\/\/funinthesundubai.com\/fr\/?s={search_term_string}"},"query-input":{"@type":"PropertyValueSpecification","valueRequired":true,"valueName":"search_term_string"}}],"inLanguage":"fr-FR"},{"@type":"Organization","@id":"https:\/\/funinthesundubai.com\/fr\/#organization","name":"Fun in the Sun Dubai","url":"https:\/\/funinthesundubai.com\/fr\/","logo":{"@type":"ImageObject","inLanguage":"fr-FR","@id":"https:\/\/funinthesundubai.com\/fr\/#\/schema\/logo\/image\/","url":"https:\/\/funinthesundubai.com\/wp-content\/uploads\/2024\/11\/logo-final-white-dubai.png","contentUrl":"https:\/\/funinthesundubai.com\/wp-content\/uploads\/2024\/11\/logo-final-white-dubai.png","width":745,"height":366,"caption":"Fun in the Sun Dubai"},"image":{"@id":"https:\/\/funinthesundubai.com\/fr\/#\/schema\/logo\/image\/"}}]}},"_links":{"self":[{"href":"https:\/\/funinthesundubai.com\/fr\/wp-json\/wp\/v2\/product\/7788","targetHints":{"allow":["GET"]}}],"collection":[{"href":"https:\/\/funinthesundubai.com\/fr\/wp-json\/wp\/v2\/product"}],"about":[{"href":"https:\/\/funinthesundubai.com\/fr\/wp-json\/wp\/v2\/types\/product"}],"replies":[{"embeddable":true,"href":"https:\/\/funinthesundubai.com\/fr\/wp-json\/wp\/v2\/comments?post=7788"}],"wp:featuredmedia":[{"embeddable":true,"href":"https:\/\/funinthesundubai.com\/fr\/wp-json\/wp\/v2\/media\/10029"}],"wp:attachment":[{"href":"https:\/\/funinthesundubai.com\/fr\/wp-json\/wp\/v2\/media?parent=7788"}],"wp:term":[{"taxonomy":"product_brand","embeddable":true,"href":"https:\/\/funinthesundubai.com\/fr\/wp-json\/wp\/v2\/product_brand?post=7788"},{"taxonomy":"product_cat","embeddable":true,"href":"https:\/\/funinthesundubai.com\/fr\/wp-json\/wp\/v2\/product_cat?post=7788"},{"taxonomy":"product_tag","embeddable":true,"href":"https:\/\/funinthesundubai.com\/fr\/wp-json\/wp\/v2\/product_tag?post=7788"}],"curies":[{"name":"wp","href":"https:\/\/api.w.org\/{rel}","templated":true}]}}