{"id":7833,"date":"2024-12-12T10:36:40","date_gmt":"2025-02-05T10:22:13","guid":{"rendered":"https:\/\/funinthesundubai.com\/shop\/non%20class\u00e9\/balade-en-helicoptere\/"},"modified":"2026-03-27T09:52:52","modified_gmt":"2026-03-27T09:52:52","slug":"balade-en-helicoptere","status":"publish","type":"product","link":"https:\/\/funinthesundubai.com\/fr\/shop\/aventures-ultimes\/balade-en-helicoptere\/","title":{"rendered":"Balade en h\u00e9licopt\u00e8re"},"content":{"rendered":"<p>Imaginez la sensation de glisser sans effort dans le ciel, le monde sous vos pieds se r\u00e9tr\u00e9cissant \u00e0 mesure que vous vous \u00e9levez comme un oiseau en vol. Imaginez l&rsquo;exaltation de sentir le vent passer et la douce \u00e9treinte des nuages tandis que vous naviguez dans les airs. Ce r\u00eave peut devenir votre r\u00e9alit\u00e9 gr\u00e2ce \u00e0 notre visite a\u00e9rienne exclusive de Duba\u00ef, con\u00e7ue pour vous offrir une exp\u00e9rience in\u00e9gal\u00e9e des sites les plus embl\u00e9matiques de la ville.<\/p>\n<p>D\u00e8s le d\u00e9collage, vous serez captiv\u00e9 par les vues panoramiques \u00e0 couper le souffle de la ligne d&rsquo;horizon spectaculaire de Duba\u00ef. Notre voyage m\u00e9ticuleusement con\u00e7u met en valeur les merveilles architecturales de la ville, notamment l&#8217;embl\u00e9matique Palm Jumeirah, une oasis de luxe tentaculaire en forme de palmier, et le majestueux Burj Al Arab, l&rsquo;h\u00f4tel de renomm\u00e9e mondiale nich\u00e9 sereinement sur son \u00eele priv\u00e9e. Admirez l&rsquo;impressionnante Burj Khalifa, la structure la plus haute du monde, qui s&rsquo;\u00e9l\u00e8ve majestueusement au-dessus de la ville. Survolez le canal de Duba\u00ef et admirez la m\u00e9tropole d&rsquo;un point de vue que peu de gens ont la chance de conna\u00eetre.<\/p>\n<p>R\u00e9server un vol avec nous, ce n&rsquo;est pas seulement s&rsquo;envoler, c&rsquo;est aussi s&rsquo;immerger dans une aventure unique. Plus qu&rsquo;une visite, c&rsquo;est une escapade luxueuse qui vous permet de cr\u00e9er des souvenirs inoubliables de Duba\u00ef de la mani\u00e8re la plus extraordinaire qui soit. Vivez une exp\u00e9rience inoubliable, o\u00f9 chaque instant vous laissera pantois et \u00e9merveill\u00e9.<\/p>\n<p>Choisissez parmi<\/p>\n<p>12 minutes<br \/>\n17 minutes<br \/>\n22 minutes<br \/>\n30 minutes<\/p>\n","protected":false},"excerpt":{"rendered":"<ul>\n<li><strong>Tours d&rsquo;h\u00e9licopt\u00e8re au-dessus des sites embl\u00e9matiques.<\/strong><\/li>\n<li><strong>Vues a\u00e9riennes pittoresques de Duba\u00ef.<\/strong><\/li>\n<li><strong>Des services de charter priv\u00e9 sont disponibles sur demande.<\/strong><\/li>\n<li><strong>Excursions en h\u00e9licopt\u00e8re de luxe <\/strong><\/li>\n<li><strong>Survolez Palm Jumeirah et Burj Khalifa.<\/strong><\/li>\n<\/ul>\n","protected":false},"featured_media":9909,"comment_status":"closed","ping_status":"closed","template":"","meta":[],"product_brand":[],"product_cat":[134],"product_tag":[],"class_list":{"0":"post-7833","1":"product","2":"type-product","3":"status-publish","4":"has-post-thumbnail","6":"product_cat-aventures-ultimes","8":"first","9":"instock","10":"virtual","11":"sold-individually","12":"purchasable","13":"product-type-turitop"},"yoast_head":"<!-- This site is optimized with the Yoast SEO plugin v27.4 - https:\/\/yoast.com\/product\/yoast-seo-wordpress\/ -->\n<title>Balade en h\u00e9licopt\u00e8re - Fun in the Sun Dubai<\/title>\n<meta name=\"robots\" content=\"index, follow, max-snippet:-1, max-image-preview:large, max-video-preview:-1\" \/>\n<link rel=\"canonical\" href=\"https:\/\/funinthesundubai.com\/fr\/shop\/aventures-ultimes\/balade-en-helicoptere\/\" \/>\n<meta property=\"og:locale\" content=\"fr_FR\" \/>\n<meta property=\"og:type\" content=\"article\" \/>\n<meta property=\"og:title\" content=\"Balade en h\u00e9licopt\u00e8re - Fun in the Sun Dubai\" \/>\n<meta property=\"og:description\" content=\"Tours d&#039;h\u00e9licopt\u00e8re au-dessus des sites embl\u00e9matiques.  Vues a\u00e9riennes pittoresques de Duba\u00ef.  Des services de charter priv\u00e9 sont disponibles sur demande.  Excursions en h\u00e9licopt\u00e8re de luxe   Survolez Palm Jumeirah et Burj Khalifa.\" \/>\n<meta property=\"og:url\" content=\"https:\/\/funinthesundubai.com\/fr\/shop\/aventures-ultimes\/balade-en-helicoptere\/\" \/>\n<meta property=\"og:site_name\" content=\"Fun in the Sun Dubai\" \/>\n<meta property=\"article:modified_time\" content=\"2026-03-27T09:52:52+00:00\" \/>\n<meta property=\"og:image\" content=\"https:\/\/funinthesundubai.com\/wp-content\/uploads\/2025\/02\/16-1.jpg\" \/>\n\t<meta property=\"og:image:width\" content=\"1500\" \/>\n\t<meta property=\"og:image:height\" content=\"1000\" \/>\n\t<meta property=\"og:image:type\" content=\"image\/jpeg\" \/>\n<meta name=\"twitter:card\" content=\"summary_large_image\" \/>\n<meta name=\"twitter:label1\" content=\"Dur\u00e9e de lecture estim\u00e9e\" \/>\n\t<meta name=\"twitter:data1\" content=\"2 minutes\" \/>\n<script type=\"application\/ld+json\" class=\"yoast-schema-graph\">{\"@context\":\"https:\\\/\\\/schema.org\",\"@graph\":[{\"@type\":\"WebPage\",\"@id\":\"https:\\\/\\\/funinthesundubai.com\\\/fr\\\/shop\\\/aventures-ultimes\\\/balade-en-helicoptere\\\/\",\"url\":\"https:\\\/\\\/funinthesundubai.com\\\/fr\\\/shop\\\/aventures-ultimes\\\/balade-en-helicoptere\\\/\",\"name\":\"Balade en h\u00e9licopt\u00e8re - Fun in the Sun Dubai\",\"isPartOf\":{\"@id\":\"https:\\\/\\\/funinthesundubai.com\\\/fr\\\/#website\"},\"primaryImageOfPage\":{\"@id\":\"https:\\\/\\\/funinthesundubai.com\\\/fr\\\/shop\\\/aventures-ultimes\\\/balade-en-helicoptere\\\/#primaryimage\"},\"image\":{\"@id\":\"https:\\\/\\\/funinthesundubai.com\\\/fr\\\/shop\\\/aventures-ultimes\\\/balade-en-helicoptere\\\/#primaryimage\"},\"thumbnailUrl\":\"https:\\\/\\\/funinthesundubai.com\\\/wp-content\\\/uploads\\\/2025\\\/02\\\/16-1.jpg\",\"datePublished\":\"2025-02-05T10:22:13+00:00\",\"dateModified\":\"2026-03-27T09:52:52+00:00\",\"breadcrumb\":{\"@id\":\"https:\\\/\\\/funinthesundubai.com\\\/fr\\\/shop\\\/aventures-ultimes\\\/balade-en-helicoptere\\\/#breadcrumb\"},\"inLanguage\":\"fr-FR\",\"potentialAction\":[{\"@type\":\"ReadAction\",\"target\":[\"https:\\\/\\\/funinthesundubai.com\\\/fr\\\/shop\\\/aventures-ultimes\\\/balade-en-helicoptere\\\/\"]}]},{\"@type\":\"ImageObject\",\"inLanguage\":\"fr-FR\",\"@id\":\"https:\\\/\\\/funinthesundubai.com\\\/fr\\\/shop\\\/aventures-ultimes\\\/balade-en-helicoptere\\\/#primaryimage\",\"url\":\"https:\\\/\\\/funinthesundubai.com\\\/wp-content\\\/uploads\\\/2025\\\/02\\\/16-1.jpg\",\"contentUrl\":\"https:\\\/\\\/funinthesundubai.com\\\/wp-content\\\/uploads\\\/2025\\\/02\\\/16-1.jpg\",\"width\":1500,\"height\":1000},{\"@type\":\"BreadcrumbList\",\"@id\":\"https:\\\/\\\/funinthesundubai.com\\\/fr\\\/shop\\\/aventures-ultimes\\\/balade-en-helicoptere\\\/#breadcrumb\",\"itemListElement\":[{\"@type\":\"ListItem\",\"position\":1,\"name\":\"Home\",\"item\":\"https:\\\/\\\/funinthesundubai.com\\\/fr\\\/\"},{\"@type\":\"ListItem\",\"position\":2,\"name\":\"Boutique\",\"item\":\"https:\\\/\\\/funinthesundubai.com\\\/fr\\\/boutique\\\/\"},{\"@type\":\"ListItem\",\"position\":3,\"name\":\"Balade en h\u00e9licopt\u00e8re\"}]},{\"@type\":\"WebSite\",\"@id\":\"https:\\\/\\\/funinthesundubai.com\\\/fr\\\/#website\",\"url\":\"https:\\\/\\\/funinthesundubai.com\\\/fr\\\/\",\"name\":\"Fun in the Sun Dubai\",\"description\":\"Dubai Activity and Dubai Excursion provider\",\"publisher\":{\"@id\":\"https:\\\/\\\/funinthesundubai.com\\\/fr\\\/#organization\"},\"potentialAction\":[{\"@type\":\"SearchAction\",\"target\":{\"@type\":\"EntryPoint\",\"urlTemplate\":\"https:\\\/\\\/funinthesundubai.com\\\/fr\\\/?s={search_term_string}\"},\"query-input\":{\"@type\":\"PropertyValueSpecification\",\"valueRequired\":true,\"valueName\":\"search_term_string\"}}],\"inLanguage\":\"fr-FR\"},{\"@type\":\"Organization\",\"@id\":\"https:\\\/\\\/funinthesundubai.com\\\/fr\\\/#organization\",\"name\":\"Fun in the Sun Dubai\",\"url\":\"https:\\\/\\\/funinthesundubai.com\\\/fr\\\/\",\"logo\":{\"@type\":\"ImageObject\",\"inLanguage\":\"fr-FR\",\"@id\":\"https:\\\/\\\/funinthesundubai.com\\\/fr\\\/#\\\/schema\\\/logo\\\/image\\\/\",\"url\":\"https:\\\/\\\/funinthesundubai.com\\\/wp-content\\\/uploads\\\/2024\\\/11\\\/logo-final-white-dubai.png\",\"contentUrl\":\"https:\\\/\\\/funinthesundubai.com\\\/wp-content\\\/uploads\\\/2024\\\/11\\\/logo-final-white-dubai.png\",\"width\":745,\"height\":366,\"caption\":\"Fun in the Sun Dubai\"},\"image\":{\"@id\":\"https:\\\/\\\/funinthesundubai.com\\\/fr\\\/#\\\/schema\\\/logo\\\/image\\\/\"}}]}<\/script>\n<!-- \/ Yoast SEO plugin. -->","yoast_head_json":{"title":"Balade en h\u00e9licopt\u00e8re - Fun in the Sun Dubai","robots":{"index":"index","follow":"follow","max-snippet":"max-snippet:-1","max-image-preview":"max-image-preview:large","max-video-preview":"max-video-preview:-1"},"canonical":"https:\/\/funinthesundubai.com\/fr\/shop\/aventures-ultimes\/balade-en-helicoptere\/","og_locale":"fr_FR","og_type":"article","og_title":"Balade en h\u00e9licopt\u00e8re - Fun in the Sun Dubai","og_description":"Tours d'h\u00e9licopt\u00e8re au-dessus des sites embl\u00e9matiques.  Vues a\u00e9riennes pittoresques de Duba\u00ef.  Des services de charter priv\u00e9 sont disponibles sur demande.  Excursions en h\u00e9licopt\u00e8re de luxe   Survolez Palm Jumeirah et Burj Khalifa.","og_url":"https:\/\/funinthesundubai.com\/fr\/shop\/aventures-ultimes\/balade-en-helicoptere\/","og_site_name":"Fun in the Sun Dubai","article_modified_time":"2026-03-27T09:52:52+00:00","og_image":[{"width":1500,"height":1000,"url":"https:\/\/funinthesundubai.com\/wp-content\/uploads\/2025\/02\/16-1.jpg","type":"image\/jpeg"}],"twitter_card":"summary_large_image","twitter_misc":{"Dur\u00e9e de lecture estim\u00e9e":"2 minutes"},"schema":{"@context":"https:\/\/schema.org","@graph":[{"@type":"WebPage","@id":"https:\/\/funinthesundubai.com\/fr\/shop\/aventures-ultimes\/balade-en-helicoptere\/","url":"https:\/\/funinthesundubai.com\/fr\/shop\/aventures-ultimes\/balade-en-helicoptere\/","name":"Balade en h\u00e9licopt\u00e8re - Fun in the Sun Dubai","isPartOf":{"@id":"https:\/\/funinthesundubai.com\/fr\/#website"},"primaryImageOfPage":{"@id":"https:\/\/funinthesundubai.com\/fr\/shop\/aventures-ultimes\/balade-en-helicoptere\/#primaryimage"},"image":{"@id":"https:\/\/funinthesundubai.com\/fr\/shop\/aventures-ultimes\/balade-en-helicoptere\/#primaryimage"},"thumbnailUrl":"https:\/\/funinthesundubai.com\/wp-content\/uploads\/2025\/02\/16-1.jpg","datePublished":"2025-02-05T10:22:13+00:00","dateModified":"2026-03-27T09:52:52+00:00","breadcrumb":{"@id":"https:\/\/funinthesundubai.com\/fr\/shop\/aventures-ultimes\/balade-en-helicoptere\/#breadcrumb"},"inLanguage":"fr-FR","potentialAction":[{"@type":"ReadAction","target":["https:\/\/funinthesundubai.com\/fr\/shop\/aventures-ultimes\/balade-en-helicoptere\/"]}]},{"@type":"ImageObject","inLanguage":"fr-FR","@id":"https:\/\/funinthesundubai.com\/fr\/shop\/aventures-ultimes\/balade-en-helicoptere\/#primaryimage","url":"https:\/\/funinthesundubai.com\/wp-content\/uploads\/2025\/02\/16-1.jpg","contentUrl":"https:\/\/funinthesundubai.com\/wp-content\/uploads\/2025\/02\/16-1.jpg","width":1500,"height":1000},{"@type":"BreadcrumbList","@id":"https:\/\/funinthesundubai.com\/fr\/shop\/aventures-ultimes\/balade-en-helicoptere\/#breadcrumb","itemListElement":[{"@type":"ListItem","position":1,"name":"Home","item":"https:\/\/funinthesundubai.com\/fr\/"},{"@type":"ListItem","position":2,"name":"Boutique","item":"https:\/\/funinthesundubai.com\/fr\/boutique\/"},{"@type":"ListItem","position":3,"name":"Balade en h\u00e9licopt\u00e8re"}]},{"@type":"WebSite","@id":"https:\/\/funinthesundubai.com\/fr\/#website","url":"https:\/\/funinthesundubai.com\/fr\/","name":"Fun in the Sun Dubai","description":"Dubai Activity and Dubai Excursion provider","publisher":{"@id":"https:\/\/funinthesundubai.com\/fr\/#organization"},"potentialAction":[{"@type":"SearchAction","target":{"@type":"EntryPoint","urlTemplate":"https:\/\/funinthesundubai.com\/fr\/?s={search_term_string}"},"query-input":{"@type":"PropertyValueSpecification","valueRequired":true,"valueName":"search_term_string"}}],"inLanguage":"fr-FR"},{"@type":"Organization","@id":"https:\/\/funinthesundubai.com\/fr\/#organization","name":"Fun in the Sun Dubai","url":"https:\/\/funinthesundubai.com\/fr\/","logo":{"@type":"ImageObject","inLanguage":"fr-FR","@id":"https:\/\/funinthesundubai.com\/fr\/#\/schema\/logo\/image\/","url":"https:\/\/funinthesundubai.com\/wp-content\/uploads\/2024\/11\/logo-final-white-dubai.png","contentUrl":"https:\/\/funinthesundubai.com\/wp-content\/uploads\/2024\/11\/logo-final-white-dubai.png","width":745,"height":366,"caption":"Fun in the Sun Dubai"},"image":{"@id":"https:\/\/funinthesundubai.com\/fr\/#\/schema\/logo\/image\/"}}]}},"_links":{"self":[{"href":"https:\/\/funinthesundubai.com\/fr\/wp-json\/wp\/v2\/product\/7833","targetHints":{"allow":["GET"]}}],"collection":[{"href":"https:\/\/funinthesundubai.com\/fr\/wp-json\/wp\/v2\/product"}],"about":[{"href":"https:\/\/funinthesundubai.com\/fr\/wp-json\/wp\/v2\/types\/product"}],"replies":[{"embeddable":true,"href":"https:\/\/funinthesundubai.com\/fr\/wp-json\/wp\/v2\/comments?post=7833"}],"wp:featuredmedia":[{"embeddable":true,"href":"https:\/\/funinthesundubai.com\/fr\/wp-json\/wp\/v2\/media\/9909"}],"wp:attachment":[{"href":"https:\/\/funinthesundubai.com\/fr\/wp-json\/wp\/v2\/media?parent=7833"}],"wp:term":[{"taxonomy":"product_brand","embeddable":true,"href":"https:\/\/funinthesundubai.com\/fr\/wp-json\/wp\/v2\/product_brand?post=7833"},{"taxonomy":"product_cat","embeddable":true,"href":"https:\/\/funinthesundubai.com\/fr\/wp-json\/wp\/v2\/product_cat?post=7833"},{"taxonomy":"product_tag","embeddable":true,"href":"https:\/\/funinthesundubai.com\/fr\/wp-json\/wp\/v2\/product_tag?post=7833"}],"curies":[{"name":"wp","href":"https:\/\/api.w.org\/{rel}","templated":true}]}}