{"id":7870,"date":"2024-12-12T10:26:22","date_gmt":"2024-12-12T10:26:22","guid":{"rendered":"https:\/\/funinthesundubai.com\/shop\/non%20class\u00e9\/le-monde-de-ferrari\/"},"modified":"2026-03-27T09:52:55","modified_gmt":"2026-03-27T09:52:55","slug":"le-monde-de-ferrari","status":"publish","type":"product","link":"https:\/\/funinthesundubai.com\/fr\/shop\/loisirs\/le-monde-de-ferrari\/","title":{"rendered":"Le monde de Ferrari"},"content":{"rendered":"<p>Ferrari World \u00e0 Duba\u00ef est un parc \u00e0 th\u00e8me renomm\u00e9 qui c\u00e9l\u00e8bre l&rsquo;enthousiasme de l&rsquo;h\u00e9ritage de Ferrari en mati\u00e8re de course automobile. Situ\u00e9 sur l&rsquo;\u00eele de Yas, il a la particularit\u00e9 d&rsquo;\u00eatre le premier parc au monde sur le th\u00e8me de Ferrari et d&rsquo;\u00eatre une destination de choix pour les touristes et les amateurs de sport automobile. Son design saisissant, inspir\u00e9 des lignes \u00e9pur\u00e9es des voitures Ferrari, se caract\u00e9rise par un toit dont la forme rappelle les courbes de l&#8217;embl\u00e9matique Ferrari GT. Le parc propose une vari\u00e9t\u00e9 d&rsquo;attractions attrayantes, des montagnes russes exaltantes aux expositions interactives qui mettent en lumi\u00e8re la technologie automobile de pointe de Ferrari.   <\/p>\n<p>L&rsquo;un des points forts de Ferrari World est Formula Rossa, la montagne russe la plus rapide de la plan\u00e8te, qui propulse les passagers \u00e0 une vitesse incroyable de 240 km\/h en seulement 4,9 secondes, simulant ainsi le frisson d&rsquo;une course de Formule 1. Parmi les autres attractions notables, citons Flying Aces, qui comporte l&rsquo;un des plus grands loopings du monde, et Karting Academy, o\u00f9 les visiteurs peuvent s&rsquo;essayer \u00e0 la course sur une piste de karting. Ces attractions sont id\u00e9ales pour les amateurs d&rsquo;adr\u00e9naline \u00e0 la recherche d&rsquo;une aventure pleine d&rsquo;action.  <\/p>\n<p>Au-del\u00e0 des sensations fortes, Ferrari World s&rsquo;adresse aux familles et \u00e0 ceux qui souhaitent en savoir plus sur la marque Ferrari. La Ferrari Gallery pr\u00e9sente une remarquable collection de voitures, illustrant l&rsquo;\u00e9volution de la marque au fil du temps. Les visiteurs peuvent profiter des simulateurs de course qui offrent une exp\u00e9rience de conduite r\u00e9aliste ou explorer les expositions interactives qui plongent dans la science et l&rsquo;ing\u00e9nierie qui se cachent derri\u00e8re les v\u00e9hicules haute performance de Ferrari. Combinant des sensations fortes, des exp\u00e9riences \u00e9ducatives et le prestige du nom Ferrari, Ferrari World est une attraction incontournable pour tous ceux qui visitent Duba\u00ef.   <\/p>\n<p>Vous en voulez plus ? Pourquoi ne pas ajouter un <strong>billet pour 2, 3 ou 4 parcs !!<\/strong><br \/>\nEn plus du Majestic Ferrari World, vous pouvez ajouter ce qui suit : <\/p>\n<p><strong>Yas Waterworld Abu Dhabi<\/strong><br \/>\nYas Waterworld propose plus de 45 man\u00e8ges, toboggans et attractions inspir\u00e9s de l&rsquo;h\u00e9ritage des \u00c9mirats arabes unis en mati\u00e8re de plong\u00e9e dans les perles, offrant une exp\u00e9rience aquatique palpitante pour tous les \u00e2ges. Avec un billet d&rsquo;entr\u00e9e standard, les visiteurs peuvent profiter d&rsquo;un acc\u00e8s \u00e0 la journ\u00e9e enti\u00e8re aux diverses activit\u00e9s aquatiques du parc. <\/p>\n<p><strong>SeaWorld Yas Island, Abu Dhabi<\/strong><br \/>\nSeaWorld Yas Island est le premier parc \u00e0 th\u00e8me consacr\u00e9 \u00e0 la vie marine de la r\u00e9gion. Il comprend huit univers immersifs qui pr\u00e9sentent les \u00e9cosyst\u00e8mes marins, des r\u00e9gions polaires aux tropiques. Un billet d&rsquo;entr\u00e9e standard donne acc\u00e8s \u00e0 plus de 100 exp\u00e9riences animales, pr\u00e9sentations et expositions interactives, offrant \u00e0 la fois divertissement et \u00e9ducation. <\/p>\n<p><strong>Warner Bros. World Abu Dhabi <\/strong><br \/>\nWarner Bros. World Abu Dhabi est un parc \u00e0 th\u00e8me enti\u00e8rement couvert, divis\u00e9 en six zones th\u00e9matiques, qui donne vie \u00e0 des personnages embl\u00e9matiques tels que Batman, Superman et Bugs Bunny. Avec un billet d&rsquo;entr\u00e9e standard, les visiteurs b\u00e9n\u00e9ficient d&rsquo;un acc\u00e8s illimit\u00e9 \u00e0 29 man\u00e8ges et attractions ultramodernes adapt\u00e9s \u00e0 tous les \u00e2ges.  <\/p>\n<p>*** LES BILLETS MULTI PARCS VOUS PERMETTENT DE VISITER PENDANT 6 JOURS LES 2 OU 3 PARCS SUPPL\u00c9MENTAIRES APR\u00c8S VOTRE VISITE \u00c0 FERRARI WORLD ***<\/p>\n","protected":false},"excerpt":{"rendered":"<ul>\n<li>Des attractions et des exp\u00e9riences palpitantes sur le th\u00e8me de Ferrari.<\/li>\n<li>Les montagnes russes les plus rapides du monde.<\/li>\n<li>Des attractions passionnantes pour tous les \u00e2ges.<\/li>\n<li>Expositions interactives pr\u00e9sentant l&rsquo;histoire de Ferrari.<\/li>\n<li>Des simulateurs de course ultramodernes sont disponibles.<\/li>\n<li>Un divertissement pour toute la famille.<\/li>\n<\/ul>\n","protected":false},"featured_media":9864,"comment_status":"closed","ping_status":"closed","template":"","meta":[],"product_brand":[],"product_cat":[135],"product_tag":[],"class_list":{"0":"post-7870","1":"product","2":"type-product","3":"status-publish","4":"has-post-thumbnail","6":"product_cat-loisirs","8":"first","9":"instock","10":"virtual","11":"sold-individually","12":"purchasable","13":"product-type-turitop"},"yoast_head":"<!-- This site is optimized with the Yoast SEO plugin v27.4 - https:\/\/yoast.com\/product\/yoast-seo-wordpress\/ -->\n<title>Le monde de Ferrari - Fun in the Sun Dubai<\/title>\n<meta name=\"robots\" content=\"index, follow, max-snippet:-1, max-image-preview:large, max-video-preview:-1\" \/>\n<link rel=\"canonical\" href=\"https:\/\/funinthesundubai.com\/fr\/shop\/loisirs\/le-monde-de-ferrari\/\" \/>\n<meta property=\"og:locale\" content=\"fr_FR\" \/>\n<meta property=\"og:type\" content=\"article\" \/>\n<meta property=\"og:title\" content=\"Le monde de Ferrari - Fun in the Sun Dubai\" \/>\n<meta property=\"og:description\" content=\"Des attractions et des exp\u00e9riences palpitantes sur le th\u00e8me de Ferrari.  Les montagnes russes les plus rapides du monde.  Des attractions passionnantes pour tous les \u00e2ges.  Expositions interactives pr\u00e9sentant l&#039;histoire de Ferrari.  Des simulateurs de course ultramodernes sont disponibles.  Un divertissement pour toute la famille.\" \/>\n<meta property=\"og:url\" content=\"https:\/\/funinthesundubai.com\/fr\/shop\/loisirs\/le-monde-de-ferrari\/\" \/>\n<meta property=\"og:site_name\" content=\"Fun in the Sun Dubai\" \/>\n<meta property=\"article:modified_time\" content=\"2026-03-27T09:52:55+00:00\" \/>\n<meta property=\"og:image\" content=\"https:\/\/funinthesundubai.com\/wp-content\/uploads\/2025\/02\/7-1.jpg\" \/>\n\t<meta property=\"og:image:width\" content=\"1500\" \/>\n\t<meta property=\"og:image:height\" content=\"1000\" \/>\n\t<meta property=\"og:image:type\" content=\"image\/jpeg\" \/>\n<meta name=\"twitter:card\" content=\"summary_large_image\" \/>\n<meta name=\"twitter:label1\" content=\"Dur\u00e9e de lecture estim\u00e9e\" \/>\n\t<meta name=\"twitter:data1\" content=\"2 minutes\" \/>\n<script type=\"application\/ld+json\" class=\"yoast-schema-graph\">{\"@context\":\"https:\\\/\\\/schema.org\",\"@graph\":[{\"@type\":\"WebPage\",\"@id\":\"https:\\\/\\\/funinthesundubai.com\\\/fr\\\/shop\\\/loisirs\\\/le-monde-de-ferrari\\\/\",\"url\":\"https:\\\/\\\/funinthesundubai.com\\\/fr\\\/shop\\\/loisirs\\\/le-monde-de-ferrari\\\/\",\"name\":\"Le monde de Ferrari - Fun in the Sun Dubai\",\"isPartOf\":{\"@id\":\"https:\\\/\\\/funinthesundubai.com\\\/fr\\\/#website\"},\"primaryImageOfPage\":{\"@id\":\"https:\\\/\\\/funinthesundubai.com\\\/fr\\\/shop\\\/loisirs\\\/le-monde-de-ferrari\\\/#primaryimage\"},\"image\":{\"@id\":\"https:\\\/\\\/funinthesundubai.com\\\/fr\\\/shop\\\/loisirs\\\/le-monde-de-ferrari\\\/#primaryimage\"},\"thumbnailUrl\":\"https:\\\/\\\/funinthesundubai.com\\\/wp-content\\\/uploads\\\/2025\\\/02\\\/7-1.jpg\",\"datePublished\":\"2024-12-12T10:26:22+00:00\",\"dateModified\":\"2026-03-27T09:52:55+00:00\",\"breadcrumb\":{\"@id\":\"https:\\\/\\\/funinthesundubai.com\\\/fr\\\/shop\\\/loisirs\\\/le-monde-de-ferrari\\\/#breadcrumb\"},\"inLanguage\":\"fr-FR\",\"potentialAction\":[{\"@type\":\"ReadAction\",\"target\":[\"https:\\\/\\\/funinthesundubai.com\\\/fr\\\/shop\\\/loisirs\\\/le-monde-de-ferrari\\\/\"]}]},{\"@type\":\"ImageObject\",\"inLanguage\":\"fr-FR\",\"@id\":\"https:\\\/\\\/funinthesundubai.com\\\/fr\\\/shop\\\/loisirs\\\/le-monde-de-ferrari\\\/#primaryimage\",\"url\":\"https:\\\/\\\/funinthesundubai.com\\\/wp-content\\\/uploads\\\/2025\\\/02\\\/7-1.jpg\",\"contentUrl\":\"https:\\\/\\\/funinthesundubai.com\\\/wp-content\\\/uploads\\\/2025\\\/02\\\/7-1.jpg\",\"width\":1500,\"height\":1000},{\"@type\":\"BreadcrumbList\",\"@id\":\"https:\\\/\\\/funinthesundubai.com\\\/fr\\\/shop\\\/loisirs\\\/le-monde-de-ferrari\\\/#breadcrumb\",\"itemListElement\":[{\"@type\":\"ListItem\",\"position\":1,\"name\":\"Home\",\"item\":\"https:\\\/\\\/funinthesundubai.com\\\/fr\\\/\"},{\"@type\":\"ListItem\",\"position\":2,\"name\":\"Boutique\",\"item\":\"https:\\\/\\\/funinthesundubai.com\\\/fr\\\/boutique\\\/\"},{\"@type\":\"ListItem\",\"position\":3,\"name\":\"Le monde de Ferrari\"}]},{\"@type\":\"WebSite\",\"@id\":\"https:\\\/\\\/funinthesundubai.com\\\/fr\\\/#website\",\"url\":\"https:\\\/\\\/funinthesundubai.com\\\/fr\\\/\",\"name\":\"Fun in the Sun Dubai\",\"description\":\"Dubai Activity and Dubai Excursion provider\",\"publisher\":{\"@id\":\"https:\\\/\\\/funinthesundubai.com\\\/fr\\\/#organization\"},\"potentialAction\":[{\"@type\":\"SearchAction\",\"target\":{\"@type\":\"EntryPoint\",\"urlTemplate\":\"https:\\\/\\\/funinthesundubai.com\\\/fr\\\/?s={search_term_string}\"},\"query-input\":{\"@type\":\"PropertyValueSpecification\",\"valueRequired\":true,\"valueName\":\"search_term_string\"}}],\"inLanguage\":\"fr-FR\"},{\"@type\":\"Organization\",\"@id\":\"https:\\\/\\\/funinthesundubai.com\\\/fr\\\/#organization\",\"name\":\"Fun in the Sun Dubai\",\"url\":\"https:\\\/\\\/funinthesundubai.com\\\/fr\\\/\",\"logo\":{\"@type\":\"ImageObject\",\"inLanguage\":\"fr-FR\",\"@id\":\"https:\\\/\\\/funinthesundubai.com\\\/fr\\\/#\\\/schema\\\/logo\\\/image\\\/\",\"url\":\"https:\\\/\\\/funinthesundubai.com\\\/wp-content\\\/uploads\\\/2024\\\/11\\\/logo-final-white-dubai.png\",\"contentUrl\":\"https:\\\/\\\/funinthesundubai.com\\\/wp-content\\\/uploads\\\/2024\\\/11\\\/logo-final-white-dubai.png\",\"width\":745,\"height\":366,\"caption\":\"Fun in the Sun Dubai\"},\"image\":{\"@id\":\"https:\\\/\\\/funinthesundubai.com\\\/fr\\\/#\\\/schema\\\/logo\\\/image\\\/\"}}]}<\/script>\n<!-- \/ Yoast SEO plugin. -->","yoast_head_json":{"title":"Le monde de Ferrari - Fun in the Sun Dubai","robots":{"index":"index","follow":"follow","max-snippet":"max-snippet:-1","max-image-preview":"max-image-preview:large","max-video-preview":"max-video-preview:-1"},"canonical":"https:\/\/funinthesundubai.com\/fr\/shop\/loisirs\/le-monde-de-ferrari\/","og_locale":"fr_FR","og_type":"article","og_title":"Le monde de Ferrari - Fun in the Sun Dubai","og_description":"Des attractions et des exp\u00e9riences palpitantes sur le th\u00e8me de Ferrari.  Les montagnes russes les plus rapides du monde.  Des attractions passionnantes pour tous les \u00e2ges.  Expositions interactives pr\u00e9sentant l'histoire de Ferrari.  Des simulateurs de course ultramodernes sont disponibles.  Un divertissement pour toute la famille.","og_url":"https:\/\/funinthesundubai.com\/fr\/shop\/loisirs\/le-monde-de-ferrari\/","og_site_name":"Fun in the Sun Dubai","article_modified_time":"2026-03-27T09:52:55+00:00","og_image":[{"width":1500,"height":1000,"url":"https:\/\/funinthesundubai.com\/wp-content\/uploads\/2025\/02\/7-1.jpg","type":"image\/jpeg"}],"twitter_card":"summary_large_image","twitter_misc":{"Dur\u00e9e de lecture estim\u00e9e":"2 minutes"},"schema":{"@context":"https:\/\/schema.org","@graph":[{"@type":"WebPage","@id":"https:\/\/funinthesundubai.com\/fr\/shop\/loisirs\/le-monde-de-ferrari\/","url":"https:\/\/funinthesundubai.com\/fr\/shop\/loisirs\/le-monde-de-ferrari\/","name":"Le monde de Ferrari - Fun in the Sun Dubai","isPartOf":{"@id":"https:\/\/funinthesundubai.com\/fr\/#website"},"primaryImageOfPage":{"@id":"https:\/\/funinthesundubai.com\/fr\/shop\/loisirs\/le-monde-de-ferrari\/#primaryimage"},"image":{"@id":"https:\/\/funinthesundubai.com\/fr\/shop\/loisirs\/le-monde-de-ferrari\/#primaryimage"},"thumbnailUrl":"https:\/\/funinthesundubai.com\/wp-content\/uploads\/2025\/02\/7-1.jpg","datePublished":"2024-12-12T10:26:22+00:00","dateModified":"2026-03-27T09:52:55+00:00","breadcrumb":{"@id":"https:\/\/funinthesundubai.com\/fr\/shop\/loisirs\/le-monde-de-ferrari\/#breadcrumb"},"inLanguage":"fr-FR","potentialAction":[{"@type":"ReadAction","target":["https:\/\/funinthesundubai.com\/fr\/shop\/loisirs\/le-monde-de-ferrari\/"]}]},{"@type":"ImageObject","inLanguage":"fr-FR","@id":"https:\/\/funinthesundubai.com\/fr\/shop\/loisirs\/le-monde-de-ferrari\/#primaryimage","url":"https:\/\/funinthesundubai.com\/wp-content\/uploads\/2025\/02\/7-1.jpg","contentUrl":"https:\/\/funinthesundubai.com\/wp-content\/uploads\/2025\/02\/7-1.jpg","width":1500,"height":1000},{"@type":"BreadcrumbList","@id":"https:\/\/funinthesundubai.com\/fr\/shop\/loisirs\/le-monde-de-ferrari\/#breadcrumb","itemListElement":[{"@type":"ListItem","position":1,"name":"Home","item":"https:\/\/funinthesundubai.com\/fr\/"},{"@type":"ListItem","position":2,"name":"Boutique","item":"https:\/\/funinthesundubai.com\/fr\/boutique\/"},{"@type":"ListItem","position":3,"name":"Le monde de Ferrari"}]},{"@type":"WebSite","@id":"https:\/\/funinthesundubai.com\/fr\/#website","url":"https:\/\/funinthesundubai.com\/fr\/","name":"Fun in the Sun Dubai","description":"Dubai Activity and Dubai Excursion provider","publisher":{"@id":"https:\/\/funinthesundubai.com\/fr\/#organization"},"potentialAction":[{"@type":"SearchAction","target":{"@type":"EntryPoint","urlTemplate":"https:\/\/funinthesundubai.com\/fr\/?s={search_term_string}"},"query-input":{"@type":"PropertyValueSpecification","valueRequired":true,"valueName":"search_term_string"}}],"inLanguage":"fr-FR"},{"@type":"Organization","@id":"https:\/\/funinthesundubai.com\/fr\/#organization","name":"Fun in the Sun Dubai","url":"https:\/\/funinthesundubai.com\/fr\/","logo":{"@type":"ImageObject","inLanguage":"fr-FR","@id":"https:\/\/funinthesundubai.com\/fr\/#\/schema\/logo\/image\/","url":"https:\/\/funinthesundubai.com\/wp-content\/uploads\/2024\/11\/logo-final-white-dubai.png","contentUrl":"https:\/\/funinthesundubai.com\/wp-content\/uploads\/2024\/11\/logo-final-white-dubai.png","width":745,"height":366,"caption":"Fun in the Sun Dubai"},"image":{"@id":"https:\/\/funinthesundubai.com\/fr\/#\/schema\/logo\/image\/"}}]}},"_links":{"self":[{"href":"https:\/\/funinthesundubai.com\/fr\/wp-json\/wp\/v2\/product\/7870","targetHints":{"allow":["GET"]}}],"collection":[{"href":"https:\/\/funinthesundubai.com\/fr\/wp-json\/wp\/v2\/product"}],"about":[{"href":"https:\/\/funinthesundubai.com\/fr\/wp-json\/wp\/v2\/types\/product"}],"replies":[{"embeddable":true,"href":"https:\/\/funinthesundubai.com\/fr\/wp-json\/wp\/v2\/comments?post=7870"}],"wp:featuredmedia":[{"embeddable":true,"href":"https:\/\/funinthesundubai.com\/fr\/wp-json\/wp\/v2\/media\/9864"}],"wp:attachment":[{"href":"https:\/\/funinthesundubai.com\/fr\/wp-json\/wp\/v2\/media?parent=7870"}],"wp:term":[{"taxonomy":"product_brand","embeddable":true,"href":"https:\/\/funinthesundubai.com\/fr\/wp-json\/wp\/v2\/product_brand?post=7870"},{"taxonomy":"product_cat","embeddable":true,"href":"https:\/\/funinthesundubai.com\/fr\/wp-json\/wp\/v2\/product_cat?post=7870"},{"taxonomy":"product_tag","embeddable":true,"href":"https:\/\/funinthesundubai.com\/fr\/wp-json\/wp\/v2\/product_tag?post=7870"}],"curies":[{"name":"wp","href":"https:\/\/api.w.org\/{rel}","templated":true}]}}