{"id":7904,"date":"2024-12-12T10:20:18","date_gmt":"2025-02-05T10:29:01","guid":{"rendered":"https:\/\/funinthesundubai.com\/shop\/non%20class\u00e9\/jardin-des-miracles-de-dubai\/"},"modified":"2026-03-27T09:52:59","modified_gmt":"2026-03-27T09:52:59","slug":"jardin-des-miracles-de-dubai","status":"publish","type":"product","link":"https:\/\/funinthesundubai.com\/fr\/shop\/loisirs\/jardin-des-miracles-de-dubai\/","title":{"rendered":"Jardin des miracles de Duba\u00ef"},"content":{"rendered":"<p>Oasis \u00e9poustouflante de fleurs \u00e9clatantes et de merveilles artistiques, le Miracle Garden de Duba\u00ef est une destination qui captive l&rsquo;\u00e2me et ravit les sens. Avec ses 45 millions de fleurs en pleine floraison, ce jardin enchanteur est un chef-d&rsquo;\u0153uvre de couleur et de cr\u00e9ativit\u00e9. Chaque coin de rue d\u00e9voile une nouvelle merveille, qu&rsquo;il s&rsquo;agisse de structures con\u00e7ues de mani\u00e8re complexe ou d&rsquo;arrangements floraux hypnotiques qui allient la nature et l&rsquo;art en parfaite harmonie.<\/p>\n<p>Situ\u00e9 au c\u0153ur de Duba\u00ef, ce havre de paix luxuriant offre aux visiteurs un \u00e9ventail d&rsquo;exp\u00e9riences inoubliables. Explorez les all\u00e9es fantaisistes en forme de c\u0153ur, \u00e9merveillez-vous devant la grandeur du ch\u00e2teau floral ou admirez l&rsquo;horloge florale embl\u00e9matique qui met en valeur la beaut\u00e9 du temps. Au sommet, la composition florale de l&rsquo;Airbus A380, qui d\u00e9tient le record du monde Guinness, est un hommage impressionnant \u00e0 l&rsquo;imagination et \u00e0 l&rsquo;artisanat, qui n&rsquo;a jamais \u00e9t\u00e9 battu depuis sa cr\u00e9ation en 2016.<\/p>\n<p>Que vous soyez un amoureux de la nature, un passionn\u00e9 de photographie ou simplement \u00e0 la recherche d&rsquo;une \u00e9vasion magique, le Jardin des Miracles vous promet une journ\u00e9e d&rsquo;\u00e9merveillement et de joie. Avec plus de 60 esp\u00e8ces de fleurs, dont des vari\u00e9t\u00e9s rares et exotiques, ainsi que des attractions charmantes telles que le jardin des papillons, un parc de trampolines exaltant et un charmant train miniature, ce paradis offre quelque chose pour chaque membre de la famille. Une visite au Jardin des miracles n&rsquo;est pas seulement un voyage dans la beaut\u00e9 de la nature, c&rsquo;est aussi une c\u00e9l\u00e9bration inoubliable de la vie en fleurs.<\/p>\n","protected":false},"excerpt":{"rendered":"<ul>\n<li>La plus grande attraction florale du monde.<\/li>\n<li>Plus de 150 millions de fleurs sont pr\u00e9sent\u00e9es.<\/li>\n<li>Jardin saisonnier ouvert de novembre \u00e0 avril.<\/li>\n<li>Des sculptures et des pr\u00e9sentations florales \u00e9tonnantes.<\/li>\n<li>Il abrite un jardin de papillons tr\u00e8s vivant.<\/li>\n<li>Un paradis pour les photographes.<\/li>\n<\/ul>\n","protected":false},"featured_media":9854,"comment_status":"closed","ping_status":"closed","template":"","meta":[],"product_brand":[],"product_cat":[135],"product_tag":[],"class_list":{"0":"post-7904","1":"product","2":"type-product","3":"status-publish","4":"has-post-thumbnail","6":"product_cat-loisirs","8":"first","9":"instock","10":"virtual","11":"sold-individually","12":"purchasable","13":"product-type-turitop"},"yoast_head":"<!-- This site is optimized with the Yoast SEO plugin v27.4 - https:\/\/yoast.com\/product\/yoast-seo-wordpress\/ -->\n<title>Jardin des miracles de Duba\u00ef - Fun in the Sun Dubai<\/title>\n<meta name=\"robots\" content=\"index, follow, max-snippet:-1, max-image-preview:large, max-video-preview:-1\" \/>\n<link rel=\"canonical\" href=\"https:\/\/funinthesundubai.com\/fr\/shop\/loisirs\/jardin-des-miracles-de-dubai\/\" \/>\n<meta property=\"og:locale\" content=\"fr_FR\" \/>\n<meta property=\"og:type\" content=\"article\" \/>\n<meta property=\"og:title\" content=\"Jardin des miracles de Duba\u00ef - Fun in the Sun Dubai\" \/>\n<meta property=\"og:description\" content=\"La plus grande attraction florale du monde.  Plus de 150 millions de fleurs sont pr\u00e9sent\u00e9es.  Jardin saisonnier ouvert de novembre \u00e0 avril.  Des sculptures et des pr\u00e9sentations florales \u00e9tonnantes.  Il abrite un jardin de papillons tr\u00e8s vivant.  Un paradis pour les photographes.\" \/>\n<meta property=\"og:url\" content=\"https:\/\/funinthesundubai.com\/fr\/shop\/loisirs\/jardin-des-miracles-de-dubai\/\" \/>\n<meta property=\"og:site_name\" content=\"Fun in the Sun Dubai\" \/>\n<meta property=\"article:modified_time\" content=\"2026-03-27T09:52:59+00:00\" \/>\n<meta property=\"og:image\" content=\"https:\/\/funinthesundubai.com\/wp-content\/uploads\/2025\/02\/5-1.jpg\" \/>\n\t<meta property=\"og:image:width\" content=\"1500\" \/>\n\t<meta property=\"og:image:height\" content=\"1000\" \/>\n\t<meta property=\"og:image:type\" content=\"image\/jpeg\" \/>\n<meta name=\"twitter:card\" content=\"summary_large_image\" \/>\n<meta name=\"twitter:label1\" content=\"Dur\u00e9e de lecture estim\u00e9e\" \/>\n\t<meta name=\"twitter:data1\" content=\"2 minutes\" \/>\n<script type=\"application\/ld+json\" class=\"yoast-schema-graph\">{\"@context\":\"https:\\\/\\\/schema.org\",\"@graph\":[{\"@type\":\"WebPage\",\"@id\":\"https:\\\/\\\/funinthesundubai.com\\\/fr\\\/shop\\\/loisirs\\\/jardin-des-miracles-de-dubai\\\/\",\"url\":\"https:\\\/\\\/funinthesundubai.com\\\/fr\\\/shop\\\/loisirs\\\/jardin-des-miracles-de-dubai\\\/\",\"name\":\"Jardin des miracles de Duba\u00ef - Fun in the Sun Dubai\",\"isPartOf\":{\"@id\":\"https:\\\/\\\/funinthesundubai.com\\\/fr\\\/#website\"},\"primaryImageOfPage\":{\"@id\":\"https:\\\/\\\/funinthesundubai.com\\\/fr\\\/shop\\\/loisirs\\\/jardin-des-miracles-de-dubai\\\/#primaryimage\"},\"image\":{\"@id\":\"https:\\\/\\\/funinthesundubai.com\\\/fr\\\/shop\\\/loisirs\\\/jardin-des-miracles-de-dubai\\\/#primaryimage\"},\"thumbnailUrl\":\"https:\\\/\\\/funinthesundubai.com\\\/wp-content\\\/uploads\\\/2025\\\/02\\\/5-1.jpg\",\"datePublished\":\"2025-02-05T10:29:01+00:00\",\"dateModified\":\"2026-03-27T09:52:59+00:00\",\"breadcrumb\":{\"@id\":\"https:\\\/\\\/funinthesundubai.com\\\/fr\\\/shop\\\/loisirs\\\/jardin-des-miracles-de-dubai\\\/#breadcrumb\"},\"inLanguage\":\"fr-FR\",\"potentialAction\":[{\"@type\":\"ReadAction\",\"target\":[\"https:\\\/\\\/funinthesundubai.com\\\/fr\\\/shop\\\/loisirs\\\/jardin-des-miracles-de-dubai\\\/\"]}]},{\"@type\":\"ImageObject\",\"inLanguage\":\"fr-FR\",\"@id\":\"https:\\\/\\\/funinthesundubai.com\\\/fr\\\/shop\\\/loisirs\\\/jardin-des-miracles-de-dubai\\\/#primaryimage\",\"url\":\"https:\\\/\\\/funinthesundubai.com\\\/wp-content\\\/uploads\\\/2025\\\/02\\\/5-1.jpg\",\"contentUrl\":\"https:\\\/\\\/funinthesundubai.com\\\/wp-content\\\/uploads\\\/2025\\\/02\\\/5-1.jpg\",\"width\":1500,\"height\":1000},{\"@type\":\"BreadcrumbList\",\"@id\":\"https:\\\/\\\/funinthesundubai.com\\\/fr\\\/shop\\\/loisirs\\\/jardin-des-miracles-de-dubai\\\/#breadcrumb\",\"itemListElement\":[{\"@type\":\"ListItem\",\"position\":1,\"name\":\"Home\",\"item\":\"https:\\\/\\\/funinthesundubai.com\\\/fr\\\/\"},{\"@type\":\"ListItem\",\"position\":2,\"name\":\"Boutique\",\"item\":\"https:\\\/\\\/funinthesundubai.com\\\/fr\\\/boutique\\\/\"},{\"@type\":\"ListItem\",\"position\":3,\"name\":\"Jardin des miracles de Duba\u00ef\"}]},{\"@type\":\"WebSite\",\"@id\":\"https:\\\/\\\/funinthesundubai.com\\\/fr\\\/#website\",\"url\":\"https:\\\/\\\/funinthesundubai.com\\\/fr\\\/\",\"name\":\"Fun in the Sun Dubai\",\"description\":\"Dubai Activity and Dubai Excursion provider\",\"publisher\":{\"@id\":\"https:\\\/\\\/funinthesundubai.com\\\/fr\\\/#organization\"},\"potentialAction\":[{\"@type\":\"SearchAction\",\"target\":{\"@type\":\"EntryPoint\",\"urlTemplate\":\"https:\\\/\\\/funinthesundubai.com\\\/fr\\\/?s={search_term_string}\"},\"query-input\":{\"@type\":\"PropertyValueSpecification\",\"valueRequired\":true,\"valueName\":\"search_term_string\"}}],\"inLanguage\":\"fr-FR\"},{\"@type\":\"Organization\",\"@id\":\"https:\\\/\\\/funinthesundubai.com\\\/fr\\\/#organization\",\"name\":\"Fun in the Sun Dubai\",\"url\":\"https:\\\/\\\/funinthesundubai.com\\\/fr\\\/\",\"logo\":{\"@type\":\"ImageObject\",\"inLanguage\":\"fr-FR\",\"@id\":\"https:\\\/\\\/funinthesundubai.com\\\/fr\\\/#\\\/schema\\\/logo\\\/image\\\/\",\"url\":\"https:\\\/\\\/funinthesundubai.com\\\/wp-content\\\/uploads\\\/2024\\\/11\\\/logo-final-white-dubai.png\",\"contentUrl\":\"https:\\\/\\\/funinthesundubai.com\\\/wp-content\\\/uploads\\\/2024\\\/11\\\/logo-final-white-dubai.png\",\"width\":745,\"height\":366,\"caption\":\"Fun in the Sun Dubai\"},\"image\":{\"@id\":\"https:\\\/\\\/funinthesundubai.com\\\/fr\\\/#\\\/schema\\\/logo\\\/image\\\/\"}}]}<\/script>\n<!-- \/ Yoast SEO plugin. -->","yoast_head_json":{"title":"Jardin des miracles de Duba\u00ef - Fun in the Sun Dubai","robots":{"index":"index","follow":"follow","max-snippet":"max-snippet:-1","max-image-preview":"max-image-preview:large","max-video-preview":"max-video-preview:-1"},"canonical":"https:\/\/funinthesundubai.com\/fr\/shop\/loisirs\/jardin-des-miracles-de-dubai\/","og_locale":"fr_FR","og_type":"article","og_title":"Jardin des miracles de Duba\u00ef - Fun in the Sun Dubai","og_description":"La plus grande attraction florale du monde.  Plus de 150 millions de fleurs sont pr\u00e9sent\u00e9es.  Jardin saisonnier ouvert de novembre \u00e0 avril.  Des sculptures et des pr\u00e9sentations florales \u00e9tonnantes.  Il abrite un jardin de papillons tr\u00e8s vivant.  Un paradis pour les photographes.","og_url":"https:\/\/funinthesundubai.com\/fr\/shop\/loisirs\/jardin-des-miracles-de-dubai\/","og_site_name":"Fun in the Sun Dubai","article_modified_time":"2026-03-27T09:52:59+00:00","og_image":[{"width":1500,"height":1000,"url":"https:\/\/funinthesundubai.com\/wp-content\/uploads\/2025\/02\/5-1.jpg","type":"image\/jpeg"}],"twitter_card":"summary_large_image","twitter_misc":{"Dur\u00e9e de lecture estim\u00e9e":"2 minutes"},"schema":{"@context":"https:\/\/schema.org","@graph":[{"@type":"WebPage","@id":"https:\/\/funinthesundubai.com\/fr\/shop\/loisirs\/jardin-des-miracles-de-dubai\/","url":"https:\/\/funinthesundubai.com\/fr\/shop\/loisirs\/jardin-des-miracles-de-dubai\/","name":"Jardin des miracles de Duba\u00ef - Fun in the Sun Dubai","isPartOf":{"@id":"https:\/\/funinthesundubai.com\/fr\/#website"},"primaryImageOfPage":{"@id":"https:\/\/funinthesundubai.com\/fr\/shop\/loisirs\/jardin-des-miracles-de-dubai\/#primaryimage"},"image":{"@id":"https:\/\/funinthesundubai.com\/fr\/shop\/loisirs\/jardin-des-miracles-de-dubai\/#primaryimage"},"thumbnailUrl":"https:\/\/funinthesundubai.com\/wp-content\/uploads\/2025\/02\/5-1.jpg","datePublished":"2025-02-05T10:29:01+00:00","dateModified":"2026-03-27T09:52:59+00:00","breadcrumb":{"@id":"https:\/\/funinthesundubai.com\/fr\/shop\/loisirs\/jardin-des-miracles-de-dubai\/#breadcrumb"},"inLanguage":"fr-FR","potentialAction":[{"@type":"ReadAction","target":["https:\/\/funinthesundubai.com\/fr\/shop\/loisirs\/jardin-des-miracles-de-dubai\/"]}]},{"@type":"ImageObject","inLanguage":"fr-FR","@id":"https:\/\/funinthesundubai.com\/fr\/shop\/loisirs\/jardin-des-miracles-de-dubai\/#primaryimage","url":"https:\/\/funinthesundubai.com\/wp-content\/uploads\/2025\/02\/5-1.jpg","contentUrl":"https:\/\/funinthesundubai.com\/wp-content\/uploads\/2025\/02\/5-1.jpg","width":1500,"height":1000},{"@type":"BreadcrumbList","@id":"https:\/\/funinthesundubai.com\/fr\/shop\/loisirs\/jardin-des-miracles-de-dubai\/#breadcrumb","itemListElement":[{"@type":"ListItem","position":1,"name":"Home","item":"https:\/\/funinthesundubai.com\/fr\/"},{"@type":"ListItem","position":2,"name":"Boutique","item":"https:\/\/funinthesundubai.com\/fr\/boutique\/"},{"@type":"ListItem","position":3,"name":"Jardin des miracles de Duba\u00ef"}]},{"@type":"WebSite","@id":"https:\/\/funinthesundubai.com\/fr\/#website","url":"https:\/\/funinthesundubai.com\/fr\/","name":"Fun in the Sun Dubai","description":"Dubai Activity and Dubai Excursion provider","publisher":{"@id":"https:\/\/funinthesundubai.com\/fr\/#organization"},"potentialAction":[{"@type":"SearchAction","target":{"@type":"EntryPoint","urlTemplate":"https:\/\/funinthesundubai.com\/fr\/?s={search_term_string}"},"query-input":{"@type":"PropertyValueSpecification","valueRequired":true,"valueName":"search_term_string"}}],"inLanguage":"fr-FR"},{"@type":"Organization","@id":"https:\/\/funinthesundubai.com\/fr\/#organization","name":"Fun in the Sun Dubai","url":"https:\/\/funinthesundubai.com\/fr\/","logo":{"@type":"ImageObject","inLanguage":"fr-FR","@id":"https:\/\/funinthesundubai.com\/fr\/#\/schema\/logo\/image\/","url":"https:\/\/funinthesundubai.com\/wp-content\/uploads\/2024\/11\/logo-final-white-dubai.png","contentUrl":"https:\/\/funinthesundubai.com\/wp-content\/uploads\/2024\/11\/logo-final-white-dubai.png","width":745,"height":366,"caption":"Fun in the Sun Dubai"},"image":{"@id":"https:\/\/funinthesundubai.com\/fr\/#\/schema\/logo\/image\/"}}]}},"_links":{"self":[{"href":"https:\/\/funinthesundubai.com\/fr\/wp-json\/wp\/v2\/product\/7904","targetHints":{"allow":["GET"]}}],"collection":[{"href":"https:\/\/funinthesundubai.com\/fr\/wp-json\/wp\/v2\/product"}],"about":[{"href":"https:\/\/funinthesundubai.com\/fr\/wp-json\/wp\/v2\/types\/product"}],"replies":[{"embeddable":true,"href":"https:\/\/funinthesundubai.com\/fr\/wp-json\/wp\/v2\/comments?post=7904"}],"wp:featuredmedia":[{"embeddable":true,"href":"https:\/\/funinthesundubai.com\/fr\/wp-json\/wp\/v2\/media\/9854"}],"wp:attachment":[{"href":"https:\/\/funinthesundubai.com\/fr\/wp-json\/wp\/v2\/media?parent=7904"}],"wp:term":[{"taxonomy":"product_brand","embeddable":true,"href":"https:\/\/funinthesundubai.com\/fr\/wp-json\/wp\/v2\/product_brand?post=7904"},{"taxonomy":"product_cat","embeddable":true,"href":"https:\/\/funinthesundubai.com\/fr\/wp-json\/wp\/v2\/product_cat?post=7904"},{"taxonomy":"product_tag","embeddable":true,"href":"https:\/\/funinthesundubai.com\/fr\/wp-json\/wp\/v2\/product_tag?post=7904"}],"curies":[{"name":"wp","href":"https:\/\/api.w.org\/{rel}","templated":true}]}}