{"id":7939,"date":"2024-11-21T10:01:27","date_gmt":"2025-02-05T10:31:44","guid":{"rendered":"https:\/\/funinthesundubai.com\/shop\/non%20class\u00e9\/safari-nocturne-vip-experience-en-quad-partage\/"},"modified":"2026-03-27T09:53:02","modified_gmt":"2026-03-27T09:53:02","slug":"safari-nocturne-vip-experience-en-quad-partage","status":"publish","type":"product","link":"https:\/\/funinthesundubai.com\/fr\/shop\/safari-fr\/safari-nocturne-vip-experience-en-quad-partage\/","title":{"rendered":"Safari nocturne VIP + exp\u00e9rience en quad (partag\u00e9)"},"content":{"rendered":"<div class=\"gdlr-core-pbf-element\">\n<div class=\"gdlr-core-title-item gdlr-core-item-pdb clearfix gdlr-core-left-align gdlr-core-title-item-caption-bottom gdlr-core-item-pdlr\">\n<p class=\"p1\">Offrez-vous un extraordinaire safari nocturne VIP dans le d\u00e9sert, o\u00f9 le luxe rencontre l&rsquo;aventure lors d&rsquo;une excursion partag\u00e9e inoubliable. Votre exp\u00e9rience commence vers 13h00, avec une prise en charge en douceur dans un opulent SUV priv\u00e9 \u00e0 quatre roues motrices, choisi \u00e0 l&rsquo;endroit de votre choix. Profitez d&rsquo;un trajet serein et \u00e9l\u00e9gant pour vous rendre au c\u0153ur du d\u00e9sert, et arrivez \u00e0 un campement exclusif dans le d\u00e9sert, o\u00f9 vous serez accueilli chaleureusement par des VIP.  <\/p>\n<p class=\"p1\">Laissez-vous tenter par un<span class=\"Apple-converted-space\">  <\/span>Nous quitterons le confort du camp du d\u00e9sert pour une aventure exaltante de 30 minutes en buggy. Apr\u00e8s un briefing sur la s\u00e9curit\u00e9 et l&rsquo;installation de tout l&rsquo;\u00e9quipement n\u00e9cessaire, vous vous embarquerez pour une promenade pleine d&rsquo;adr\u00e9naline \u00e0 travers les dunes dor\u00e9es. Que vous soyez novice ou exp\u00e9riment\u00e9, ces quads faciles \u00e0 manier vous promettent des sensations fortes lors de votre course sur le terrain mouvant du d\u00e9sert. Sous la conduite de nos guides professionnels, vous appr\u00e9cierez le souffle du vent sur votre visage et le frisson de la navigation dans les dunes, tout en veillant \u00e0 votre s\u00e9curit\u00e9 et en am\u00e9liorant vos comp\u00e9tences de pilote. Cette combinaison d&rsquo;aventure \u00e9nergique et de tranquillit\u00e9 dans le d\u00e9sert vous garantit une soir\u00e9e inoubliable, alliant le luxe \u00e0 l&rsquo;esprit du d\u00e9sert sauvage.    <\/p>\n<p class=\"p1\">De retour au camp, la soir\u00e9e se d\u00e9roule selon la tradition de l&rsquo;hospitalit\u00e9 arabe, o\u00f9 du caf\u00e9 arabe aromatique et des dattes sucr\u00e9es vous sont offerts alors que vous vous installez dans votre salon priv\u00e9, con\u00e7u pour le confort et la d\u00e9tente. Tout au long de la soir\u00e9e, un service personnalis\u00e9 veille \u00e0 ce que vos moindres besoins soient satisfaits, pour que vous vous sentiez comme des rois. <\/p>\n<p class=\"p1\">Au cours de la nuit, plongez dans les saveurs exquises du d\u00e9sert, tandis qu&rsquo;un d\u00eener gastronomique est servi \u00e0 votre table priv\u00e9e, avec une fusion parfaite de d\u00e9lices arabes et internationaux. Pendant que vous d\u00eenez, des divertissements en direct enchantent vos sens, avec des spectacles de danse du ventre envo\u00fbtants, les rythmes captivants des danseuses de Tanoura et un spectacle de feu palpitant, le tout sur fond de musique arabe traditionnelle. Le paysage d\u00e9sertique se transforme au coucher du soleil, jetant une lueur dor\u00e9e sur les vastes dunes, cr\u00e9ant une ambiance magique qui offre le cadre id\u00e9al pour de superbes photos. Pour agr\u00e9menter votre soir\u00e9e, demandez \u00e0 une artiste qualifi\u00e9e d&rsquo;orner vos mains de motifs complexes au henn\u00e9, ce qui ajoutera une touche personnelle \u00e0 votre exp\u00e9rience luxueuse dans le d\u00e9sert.   <\/p>\n<p>Cette excursion dure environ 7 \u00e0 8 heures<\/p>\n<\/div>\n<\/div>\n<div class=\"gdlr-core-pbf-column gdlr-core-column-30\">\n<div class=\"gdlr-core-pbf-column-content-margin gdlr-core-js \">\n<div class=\"gdlr-core-pbf-column-content clearfix gdlr-core-js \">\n<div class=\"gdlr-core-pbf-element\">\n<div class=\"gdlr-core-icon-list-item gdlr-core-item-pdlr gdlr-core-item-pdb clearfix gdlr-core-left-align gdlr-core-style-1\">\n<div class=\"gdlr-core-pbf-element\">\n<div class=\"gdlr-core-title-item gdlr-core-item-pdb clearfix gdlr-core-left-align gdlr-core-title-item-caption-bottom gdlr-core-item-pdlr\">\n<div class=\"gdlr-core-title-item-title-wrap\"><\/div>\n<\/div>\n<\/div>\n<\/div>\n<\/div>\n<\/div>\n<\/div>\n<\/div>\n","protected":false},"excerpt":{"rendered":"<ul>\n<li>\n<div>Prise en charge et retour \u00e0 l&rsquo;h\u00f4tel<\/div>\n<\/li>\n<li>\n<div>Le \u00ab\u00a0dune bashing\u00a0\u00bb (le \u00ab\u00a0jeu des dunes\u00a0\u00bb)<\/div>\n<\/li>\n<li>\n<div>Embarquement sur le sable<\/div>\n<\/li>\n<li>\n<div>Randonn\u00e9e \u00e0 dos de chameau<\/div>\n<\/li>\n<li>\n<div>Des photos m\u00e9morables<\/div>\n<\/li>\n<li>\n<div>D\u00eener VIP en standard<\/div>\n<\/li>\n<li>\n<div>Salle \u00e0 manger VIP exclusive avec service \u00e0 table<\/div>\n<\/li>\n<li>\n<div>Peinture au henn\u00e9<\/div>\n<\/li>\n<li>\n<div>Danse du ventre<\/div>\n<\/li>\n<li>\n<div>Spectacles d&rsquo;incendie<\/div>\n<\/li>\n<li>\n<div>D\u00e9gustez une shisha ou des bulles.<\/div>\n<\/li>\n<li>\n<div>Rafra\u00eechissements \u00e0 volont\u00e9 tout au long de la soir\u00e9e<\/div>\n<\/li>\n<li>Safari + 30 minutes d&rsquo;exp\u00e9rience en quad<\/li>\n<\/ul>\n","protected":false},"featured_media":10044,"comment_status":"closed","ping_status":"closed","template":"","meta":[],"product_brand":[],"product_cat":[136],"product_tag":[],"class_list":{"0":"post-7939","1":"product","2":"type-product","3":"status-publish","4":"has-post-thumbnail","6":"product_cat-safari-fr","8":"first","9":"instock","10":"virtual","11":"sold-individually","12":"purchasable","13":"product-type-turitop"},"yoast_head":"<!-- This site is optimized with the Yoast SEO plugin v27.4 - https:\/\/yoast.com\/product\/yoast-seo-wordpress\/ -->\n<title>Safari nocturne VIP + exp\u00e9rience en quad (partag\u00e9) - Fun in the Sun Dubai<\/title>\n<meta name=\"robots\" content=\"index, follow, max-snippet:-1, max-image-preview:large, max-video-preview:-1\" \/>\n<link rel=\"canonical\" href=\"https:\/\/funinthesundubai.com\/fr\/shop\/safari-fr\/safari-nocturne-vip-experience-en-quad-partage\/\" \/>\n<meta property=\"og:locale\" content=\"fr_FR\" \/>\n<meta property=\"og:type\" content=\"article\" \/>\n<meta property=\"og:title\" content=\"Safari nocturne VIP + exp\u00e9rience en quad (partag\u00e9) - Fun in the Sun Dubai\" \/>\n<meta property=\"og:description\" content=\"Prise en charge et retour \u00e0 l&#039;h\u00f4tel  Le &quot;dune bashing&quot; (le &quot;jeu des dunes&quot;)  Embarquement sur le sable  Randonn\u00e9e \u00e0 dos de chameau  Des photos m\u00e9morables  D\u00eener VIP en standard  Salle \u00e0 manger VIP exclusive avec service \u00e0 table  Peinture au henn\u00e9  Danse du ventre  Spectacles d&#039;incendie  D\u00e9gustez une shisha ou des bulles.  Rafra\u00eechissements \u00e0 volont\u00e9 tout au long de la soir\u00e9e  Safari + 30 minutes d&#039;exp\u00e9rience en quad\" \/>\n<meta property=\"og:url\" content=\"https:\/\/funinthesundubai.com\/fr\/shop\/safari-fr\/safari-nocturne-vip-experience-en-quad-partage\/\" \/>\n<meta property=\"og:site_name\" content=\"Fun in the Sun Dubai\" \/>\n<meta property=\"article:modified_time\" content=\"2026-03-27T09:53:02+00:00\" \/>\n<meta property=\"og:image\" content=\"https:\/\/funinthesundubai.com\/wp-content\/uploads\/2024\/11\/7.jpg\" \/>\n\t<meta property=\"og:image:width\" content=\"1500\" \/>\n\t<meta property=\"og:image:height\" content=\"1000\" \/>\n\t<meta property=\"og:image:type\" content=\"image\/jpeg\" \/>\n<meta name=\"twitter:card\" content=\"summary_large_image\" \/>\n<meta name=\"twitter:label1\" content=\"Dur\u00e9e de lecture estim\u00e9e\" \/>\n\t<meta name=\"twitter:data1\" content=\"2 minutes\" \/>\n<script type=\"application\/ld+json\" class=\"yoast-schema-graph\">{\"@context\":\"https:\\\/\\\/schema.org\",\"@graph\":[{\"@type\":\"WebPage\",\"@id\":\"https:\\\/\\\/funinthesundubai.com\\\/fr\\\/shop\\\/safari-fr\\\/safari-nocturne-vip-experience-en-quad-partage\\\/\",\"url\":\"https:\\\/\\\/funinthesundubai.com\\\/fr\\\/shop\\\/safari-fr\\\/safari-nocturne-vip-experience-en-quad-partage\\\/\",\"name\":\"Safari nocturne VIP + exp\u00e9rience en quad (partag\u00e9) - Fun in the Sun Dubai\",\"isPartOf\":{\"@id\":\"https:\\\/\\\/funinthesundubai.com\\\/fr\\\/#website\"},\"primaryImageOfPage\":{\"@id\":\"https:\\\/\\\/funinthesundubai.com\\\/fr\\\/shop\\\/safari-fr\\\/safari-nocturne-vip-experience-en-quad-partage\\\/#primaryimage\"},\"image\":{\"@id\":\"https:\\\/\\\/funinthesundubai.com\\\/fr\\\/shop\\\/safari-fr\\\/safari-nocturne-vip-experience-en-quad-partage\\\/#primaryimage\"},\"thumbnailUrl\":\"https:\\\/\\\/funinthesundubai.com\\\/wp-content\\\/uploads\\\/2024\\\/11\\\/7.jpg\",\"datePublished\":\"2025-02-05T10:31:44+00:00\",\"dateModified\":\"2026-03-27T09:53:02+00:00\",\"breadcrumb\":{\"@id\":\"https:\\\/\\\/funinthesundubai.com\\\/fr\\\/shop\\\/safari-fr\\\/safari-nocturne-vip-experience-en-quad-partage\\\/#breadcrumb\"},\"inLanguage\":\"fr-FR\",\"potentialAction\":[{\"@type\":\"ReadAction\",\"target\":[\"https:\\\/\\\/funinthesundubai.com\\\/fr\\\/shop\\\/safari-fr\\\/safari-nocturne-vip-experience-en-quad-partage\\\/\"]}]},{\"@type\":\"ImageObject\",\"inLanguage\":\"fr-FR\",\"@id\":\"https:\\\/\\\/funinthesundubai.com\\\/fr\\\/shop\\\/safari-fr\\\/safari-nocturne-vip-experience-en-quad-partage\\\/#primaryimage\",\"url\":\"https:\\\/\\\/funinthesundubai.com\\\/wp-content\\\/uploads\\\/2024\\\/11\\\/7.jpg\",\"contentUrl\":\"https:\\\/\\\/funinthesundubai.com\\\/wp-content\\\/uploads\\\/2024\\\/11\\\/7.jpg\",\"width\":1500,\"height\":1000},{\"@type\":\"BreadcrumbList\",\"@id\":\"https:\\\/\\\/funinthesundubai.com\\\/fr\\\/shop\\\/safari-fr\\\/safari-nocturne-vip-experience-en-quad-partage\\\/#breadcrumb\",\"itemListElement\":[{\"@type\":\"ListItem\",\"position\":1,\"name\":\"Home\",\"item\":\"https:\\\/\\\/funinthesundubai.com\\\/fr\\\/\"},{\"@type\":\"ListItem\",\"position\":2,\"name\":\"Boutique\",\"item\":\"https:\\\/\\\/funinthesundubai.com\\\/fr\\\/boutique\\\/\"},{\"@type\":\"ListItem\",\"position\":3,\"name\":\"Safari nocturne VIP + exp\u00e9rience en quad (partag\u00e9)\"}]},{\"@type\":\"WebSite\",\"@id\":\"https:\\\/\\\/funinthesundubai.com\\\/fr\\\/#website\",\"url\":\"https:\\\/\\\/funinthesundubai.com\\\/fr\\\/\",\"name\":\"Fun in the Sun Dubai\",\"description\":\"Dubai Activity and Dubai Excursion provider\",\"publisher\":{\"@id\":\"https:\\\/\\\/funinthesundubai.com\\\/fr\\\/#organization\"},\"potentialAction\":[{\"@type\":\"SearchAction\",\"target\":{\"@type\":\"EntryPoint\",\"urlTemplate\":\"https:\\\/\\\/funinthesundubai.com\\\/fr\\\/?s={search_term_string}\"},\"query-input\":{\"@type\":\"PropertyValueSpecification\",\"valueRequired\":true,\"valueName\":\"search_term_string\"}}],\"inLanguage\":\"fr-FR\"},{\"@type\":\"Organization\",\"@id\":\"https:\\\/\\\/funinthesundubai.com\\\/fr\\\/#organization\",\"name\":\"Fun in the Sun Dubai\",\"url\":\"https:\\\/\\\/funinthesundubai.com\\\/fr\\\/\",\"logo\":{\"@type\":\"ImageObject\",\"inLanguage\":\"fr-FR\",\"@id\":\"https:\\\/\\\/funinthesundubai.com\\\/fr\\\/#\\\/schema\\\/logo\\\/image\\\/\",\"url\":\"https:\\\/\\\/funinthesundubai.com\\\/wp-content\\\/uploads\\\/2024\\\/11\\\/logo-final-white-dubai.png\",\"contentUrl\":\"https:\\\/\\\/funinthesundubai.com\\\/wp-content\\\/uploads\\\/2024\\\/11\\\/logo-final-white-dubai.png\",\"width\":745,\"height\":366,\"caption\":\"Fun in the Sun Dubai\"},\"image\":{\"@id\":\"https:\\\/\\\/funinthesundubai.com\\\/fr\\\/#\\\/schema\\\/logo\\\/image\\\/\"}}]}<\/script>\n<!-- \/ Yoast SEO plugin. -->","yoast_head_json":{"title":"Safari nocturne VIP + exp\u00e9rience en quad (partag\u00e9) - Fun in the Sun Dubai","robots":{"index":"index","follow":"follow","max-snippet":"max-snippet:-1","max-image-preview":"max-image-preview:large","max-video-preview":"max-video-preview:-1"},"canonical":"https:\/\/funinthesundubai.com\/fr\/shop\/safari-fr\/safari-nocturne-vip-experience-en-quad-partage\/","og_locale":"fr_FR","og_type":"article","og_title":"Safari nocturne VIP + exp\u00e9rience en quad (partag\u00e9) - Fun in the Sun Dubai","og_description":"Prise en charge et retour \u00e0 l'h\u00f4tel  Le \"dune bashing\" (le \"jeu des dunes\")  Embarquement sur le sable  Randonn\u00e9e \u00e0 dos de chameau  Des photos m\u00e9morables  D\u00eener VIP en standard  Salle \u00e0 manger VIP exclusive avec service \u00e0 table  Peinture au henn\u00e9  Danse du ventre  Spectacles d'incendie  D\u00e9gustez une shisha ou des bulles.  Rafra\u00eechissements \u00e0 volont\u00e9 tout au long de la soir\u00e9e  Safari + 30 minutes d'exp\u00e9rience en quad","og_url":"https:\/\/funinthesundubai.com\/fr\/shop\/safari-fr\/safari-nocturne-vip-experience-en-quad-partage\/","og_site_name":"Fun in the Sun Dubai","article_modified_time":"2026-03-27T09:53:02+00:00","og_image":[{"width":1500,"height":1000,"url":"https:\/\/funinthesundubai.com\/wp-content\/uploads\/2024\/11\/7.jpg","type":"image\/jpeg"}],"twitter_card":"summary_large_image","twitter_misc":{"Dur\u00e9e de lecture estim\u00e9e":"2 minutes"},"schema":{"@context":"https:\/\/schema.org","@graph":[{"@type":"WebPage","@id":"https:\/\/funinthesundubai.com\/fr\/shop\/safari-fr\/safari-nocturne-vip-experience-en-quad-partage\/","url":"https:\/\/funinthesundubai.com\/fr\/shop\/safari-fr\/safari-nocturne-vip-experience-en-quad-partage\/","name":"Safari nocturne VIP + exp\u00e9rience en quad (partag\u00e9) - Fun in the Sun Dubai","isPartOf":{"@id":"https:\/\/funinthesundubai.com\/fr\/#website"},"primaryImageOfPage":{"@id":"https:\/\/funinthesundubai.com\/fr\/shop\/safari-fr\/safari-nocturne-vip-experience-en-quad-partage\/#primaryimage"},"image":{"@id":"https:\/\/funinthesundubai.com\/fr\/shop\/safari-fr\/safari-nocturne-vip-experience-en-quad-partage\/#primaryimage"},"thumbnailUrl":"https:\/\/funinthesundubai.com\/wp-content\/uploads\/2024\/11\/7.jpg","datePublished":"2025-02-05T10:31:44+00:00","dateModified":"2026-03-27T09:53:02+00:00","breadcrumb":{"@id":"https:\/\/funinthesundubai.com\/fr\/shop\/safari-fr\/safari-nocturne-vip-experience-en-quad-partage\/#breadcrumb"},"inLanguage":"fr-FR","potentialAction":[{"@type":"ReadAction","target":["https:\/\/funinthesundubai.com\/fr\/shop\/safari-fr\/safari-nocturne-vip-experience-en-quad-partage\/"]}]},{"@type":"ImageObject","inLanguage":"fr-FR","@id":"https:\/\/funinthesundubai.com\/fr\/shop\/safari-fr\/safari-nocturne-vip-experience-en-quad-partage\/#primaryimage","url":"https:\/\/funinthesundubai.com\/wp-content\/uploads\/2024\/11\/7.jpg","contentUrl":"https:\/\/funinthesundubai.com\/wp-content\/uploads\/2024\/11\/7.jpg","width":1500,"height":1000},{"@type":"BreadcrumbList","@id":"https:\/\/funinthesundubai.com\/fr\/shop\/safari-fr\/safari-nocturne-vip-experience-en-quad-partage\/#breadcrumb","itemListElement":[{"@type":"ListItem","position":1,"name":"Home","item":"https:\/\/funinthesundubai.com\/fr\/"},{"@type":"ListItem","position":2,"name":"Boutique","item":"https:\/\/funinthesundubai.com\/fr\/boutique\/"},{"@type":"ListItem","position":3,"name":"Safari nocturne VIP + exp\u00e9rience en quad (partag\u00e9)"}]},{"@type":"WebSite","@id":"https:\/\/funinthesundubai.com\/fr\/#website","url":"https:\/\/funinthesundubai.com\/fr\/","name":"Fun in the Sun Dubai","description":"Dubai Activity and Dubai Excursion provider","publisher":{"@id":"https:\/\/funinthesundubai.com\/fr\/#organization"},"potentialAction":[{"@type":"SearchAction","target":{"@type":"EntryPoint","urlTemplate":"https:\/\/funinthesundubai.com\/fr\/?s={search_term_string}"},"query-input":{"@type":"PropertyValueSpecification","valueRequired":true,"valueName":"search_term_string"}}],"inLanguage":"fr-FR"},{"@type":"Organization","@id":"https:\/\/funinthesundubai.com\/fr\/#organization","name":"Fun in the Sun Dubai","url":"https:\/\/funinthesundubai.com\/fr\/","logo":{"@type":"ImageObject","inLanguage":"fr-FR","@id":"https:\/\/funinthesundubai.com\/fr\/#\/schema\/logo\/image\/","url":"https:\/\/funinthesundubai.com\/wp-content\/uploads\/2024\/11\/logo-final-white-dubai.png","contentUrl":"https:\/\/funinthesundubai.com\/wp-content\/uploads\/2024\/11\/logo-final-white-dubai.png","width":745,"height":366,"caption":"Fun in the Sun Dubai"},"image":{"@id":"https:\/\/funinthesundubai.com\/fr\/#\/schema\/logo\/image\/"}}]}},"_links":{"self":[{"href":"https:\/\/funinthesundubai.com\/fr\/wp-json\/wp\/v2\/product\/7939","targetHints":{"allow":["GET"]}}],"collection":[{"href":"https:\/\/funinthesundubai.com\/fr\/wp-json\/wp\/v2\/product"}],"about":[{"href":"https:\/\/funinthesundubai.com\/fr\/wp-json\/wp\/v2\/types\/product"}],"replies":[{"embeddable":true,"href":"https:\/\/funinthesundubai.com\/fr\/wp-json\/wp\/v2\/comments?post=7939"}],"wp:featuredmedia":[{"embeddable":true,"href":"https:\/\/funinthesundubai.com\/fr\/wp-json\/wp\/v2\/media\/10044"}],"wp:attachment":[{"href":"https:\/\/funinthesundubai.com\/fr\/wp-json\/wp\/v2\/media?parent=7939"}],"wp:term":[{"taxonomy":"product_brand","embeddable":true,"href":"https:\/\/funinthesundubai.com\/fr\/wp-json\/wp\/v2\/product_brand?post=7939"},{"taxonomy":"product_cat","embeddable":true,"href":"https:\/\/funinthesundubai.com\/fr\/wp-json\/wp\/v2\/product_cat?post=7939"},{"taxonomy":"product_tag","embeddable":true,"href":"https:\/\/funinthesundubai.com\/fr\/wp-json\/wp\/v2\/product_tag?post=7939"}],"curies":[{"name":"wp","href":"https:\/\/api.w.org\/{rel}","templated":true}]}}